{"id":11554,"date":"2022-11-30T19:06:10","date_gmt":"2022-11-30T18:06:10","guid":{"rendered":"http:\/\/sinnup.com\/pie-de-imprenta\/"},"modified":"2024-07-11T11:12:35","modified_gmt":"2024-07-11T09:12:35","slug":"pie-de-imprenta","status":"publish","type":"page","link":"https:\/\/sinnup.com\/es\/pie-de-imprenta\/","title":{"rendered":"Pie de imprenta"},"content":{"rendered":"\t\t<div data-elementor-type=\"wp-page\" data-elementor-id=\"11554\" class=\"elementor elementor-11554 elementor-10913\" data-elementor-post-type=\"page\">\n\t\t\t\t\t\t<section class=\"elementor-section elementor-top-section elementor-element elementor-element-2e409d56 elementor-section-height-min-height elementor-hidden-desktop elementor-hidden-tablet elementor-section-boxed elementor-section-height-default elementor-section-items-middle\" data-id=\"2e409d56\" data-element_type=\"section\" data-e-type=\"section\" data-settings=\"{&quot;background_background&quot;:&quot;gradient&quot;}\">\n\t\t\t\t\t\t<div class=\"elementor-container elementor-column-gap-default\">\n\t\t\t\t\t<div class=\"elementor-column elementor-col-100 elementor-top-column elementor-element elementor-element-1477b271\" data-id=\"1477b271\" data-element_type=\"column\" data-e-type=\"column\">\n\t\t\t<div class=\"elementor-widget-wrap\">\n\t\t\t\t\t\t\t<\/div>\n\t\t<\/div>\n\t\t\t\t\t<\/div>\n\t\t<\/section>\n\t\t\t\t<section class=\"elementor-section elementor-top-section elementor-element elementor-element-8f6c949 elementor-section-height-min-height elementor-section-boxed elementor-section-height-default elementor-section-items-middle\" data-id=\"8f6c949\" data-element_type=\"section\" data-e-type=\"section\" data-settings=\"{&quot;background_background&quot;:&quot;gradient&quot;}\">\n\t\t\t\t\t\t<div class=\"elementor-container elementor-column-gap-default\">\n\t\t\t\t\t<div class=\"elementor-column elementor-col-100 elementor-top-column elementor-element elementor-element-37ca4ab\" data-id=\"37ca4ab\" data-element_type=\"column\" data-e-type=\"column\">\n\t\t\t<div class=\"elementor-widget-wrap elementor-element-populated\">\n\t\t\t\t\t\t<div class=\"elementor-element elementor-element-15a3658 elementor-widget elementor-widget-spacer\" data-id=\"15a3658\" data-element_type=\"widget\" data-e-type=\"widget\" data-widget_type=\"spacer.default\">\n\t\t\t\t<div class=\"elementor-widget-container\">\n\t\t\t\t\t\t\t<div class=\"elementor-spacer\">\n\t\t\t<div class=\"elementor-spacer-inner\"><\/div>\n\t\t<\/div>\n\t\t\t\t\t\t<\/div>\n\t\t\t\t<\/div>\n\t\t\t\t<div class=\"elementor-element elementor-element-ec70421 elementor-widget elementor-widget-heading\" data-id=\"ec70421\" data-element_type=\"widget\" data-e-type=\"widget\" data-widget_type=\"heading.default\">\n\t\t\t\t<div class=\"elementor-widget-container\">\n\t\t\t\t\t<h1 class=\"elementor-heading-title elementor-size-xxl\">Pie de imprenta<\/h1>\t\t\t\t<\/div>\n\t\t\t\t<\/div>\n\t\t\t\t<div class=\"elementor-element elementor-element-1f8d4dc elementor-widget elementor-widget-spacer\" data-id=\"1f8d4dc\" data-element_type=\"widget\" data-e-type=\"widget\" data-widget_type=\"spacer.default\">\n\t\t\t\t<div class=\"elementor-widget-container\">\n\t\t\t\t\t\t\t<div class=\"elementor-spacer\">\n\t\t\t<div class=\"elementor-spacer-inner\"><\/div>\n\t\t<\/div>\n\t\t\t\t\t\t<\/div>\n\t\t\t\t<\/div>\n\t\t\t\t<div class=\"elementor-element elementor-element-d817574 elementor-widget elementor-widget-text-editor\" data-id=\"d817574\" data-element_type=\"widget\" data-e-type=\"widget\" data-widget_type=\"text-editor.default\">\n\t\t\t\t<div class=\"elementor-widget-container\">\n\t\t\t\t\t\t\t\t\t<p>De acuerdo con el \u00a7 5 p\u00e1rr. 1 de la Ley austriaca de comercio electr\u00f3nico (ECG), el operador de este sitio web se da a conocer:<\/p>\n<h2><span style=\"font-size: 24pt;\">Direcci\u00f3n de la empresa<\/span><\/h2>\n<p><strong>ebets GmbH<br \/><\/strong><\/p>\n<p>Schildorf 16<br \/>A &#8211; 4720 Kallham<\/p>\n<p>Tel.: +43 7733 21600<br \/>Correo electr\u00f3nico: <a href=\"mailto:office@sinnup.com\">office@sinnup.com<\/a><\/p>\n<p><em>La gesti\u00f3n: <\/em>J\u00fcrgen Krausgruber, MA, MSc<\/p>\n<p>Correo electr\u00f3nico: <a href=\"mailto:j.krausgruber@sinnup.com\">j.krausgruber@sinnup.com<\/a><\/p>\n\t\t\t\t\t\t\t\t<\/div>\n\t\t\t\t<\/div>\n\t\t\t\t<div class=\"elementor-element elementor-element-c3dad11 elementor-widget elementor-widget-text-editor\" data-id=\"c3dad11\" data-element_type=\"widget\" data-e-type=\"widget\" data-widget_type=\"text-editor.default\">\n\t\t\t\t<div class=\"elementor-widget-container\">\n\t\t\t\t\t\t\t\t\t<p><span style=\"font-style: inherit; font-weight: inherit; background-color: transparent; color: var(--ast-global-color-4); font-family: Heebo, sans-serif; font-size: 24pt;\">Horarios<\/span> <span style=\"font-style: inherit; font-weight: inherit; background-color: transparent; color: var(--ast-global-color-4); font-family: Heebo, sans-serif; font-size: 24pt;\">de apertura<\/span><\/p>\n<p>Lunes &#8211; Jueves: 08:00 &#8211; 17:00<br \/>Viernes: 08:00 &#8211; 12:00<\/p>\n<h3><span style=\"font-size: 24pt;\">Datos bancarios<\/span><\/h3>\n<p><a href=\"https:\/\/www.raiffeisen.at\/ooe\/region-grieskirchen\/de\/firmenkunden.html\" target=\"_blank\" rel=\"noopener\"><a href=\"https:\/\/www.raiffeisen.at\/ooe\/region-grieskirchen\/de\/firmenkunden.html\" target=\"_blank\" rel=\"noopener\">Raiffeisenbank Regi\u00f3n Grieskirchen<\/a><\/a><\/p>\n<p><strong>SWIFT\/BIC: RZOOAT2L736<\/strong><br \/>IBAN: <strong>AT18 3473 6000 0104 6192<\/strong><\/p>\n<p><span style=\"font-size: 24pt; color: var(--ast-global-color-4); font-family: Heebo, sans-serif; font-style: inherit; background-color: transparent;\">Datos generales de la empresa<\/span><\/p>\n<p><a href=\"\/agbs\/\">Condiciones<\/a> <a href=\"\/agbs\/\">Generales de Contrataci\u00f3n (CGC)<\/a><\/p>\n<p>N\u00ba de registro mercantil: FN 434692d<\/p>\n<p>Jurisdicci\u00f3n: <a href=\"http:\/\/www.justiz.gv.at\/web2013\/html\/default\/2c9484853f386e94013f57e79b58156a.de.html\" target=\"_blank\" rel=\"noopener\">Landesgericht Wels<\/a><\/p>\n<p>Autoridad seg\u00fan. ECG: <a href=\"http:\/\/www.land-oberoesterreich.gv.at\/cps\/rde\/xchg\/ooe\/hs.xsl\/bh_grieskirchen_DEU_HTML.htm\" target=\"_blank\" rel=\"noopener\">Bezirkshauptmannschaft Grieskirchen<\/a><\/p>\n<p>Impuesto no. 54-225\/1640 (<a href=\"https:\/\/service.bmf.gv.at\/service\/anwend\/behoerden\/\" target=\"_blank\" rel=\"noopener\">Oficina fiscal Grieskirchen Wels<\/a>)<\/p>\n<p>UID-Nr.: ATU 70329218<\/p>\n<p>Comercio general, servicios de procesamiento autom\u00e1tico de datos y tecnolog\u00eda de la informaci\u00f3n<\/p>\n<p>Por la presente, nos distanciamos expresamente de todos los contenidos de todas las p\u00e1ginas enlazadas en nuestro sitio web. Si hemos infringido inadvertidamente alg\u00fan derecho de autor o de propiedad intelectual, le rogamos que nos lo comunique lo antes posible para que se puedan eliminar los enlaces, textos o im\u00e1genes en cuesti\u00f3n.<\/p>\n<h4><span style=\"font-size: 24pt;\">Redes sociales<\/span><\/h4>\n<p>Tambi\u00e9n encontrar\u00e1 en nuestras p\u00e1ginas un complemento que establece una conexi\u00f3n directa con los servidores de las redes sociales. Esto puede transmitir la informaci\u00f3n de que usted ha visitado nuestras p\u00e1ginas a estas redes sociales.<\/p>\n<h4><span style=\"font-size: 24pt;\">Derecho de autor y de marcas<\/span><\/h4>\n<p>ebets GmbH se esfuerza por respetar los derechos de autor de los gr\u00e1ficos, documentos sonoros, secuencias de v\u00eddeo y textos utilizados en todas las publicaciones, por utilizar gr\u00e1ficos, documentos sonoros, secuencias de v\u00eddeo y textos creados por ella misma o por utilizar gr\u00e1ficos, documentos sonoros, secuencias de v\u00eddeo y textos libres de licencia. Todas las marcas y nombres comerciales mencionados en el sitio web y posiblemente protegidos por terceros est\u00e1n sujetos sin restricciones a las disposiciones del derecho de marcas aplicable y a los derechos de propiedad de los respectivos propietarios registrados. La mera menci\u00f3n de una marca no significa que no est\u00e9 protegida por derechos de terceros. Los derechos de autor de los objetos publicados y creados por la propia ebets GmbH pertenecen exclusivamente al propietario de las p\u00e1ginas. No est\u00e1 permitida la reproducci\u00f3n o utilizaci\u00f3n de dichos gr\u00e1ficos, documentos sonoros, secuencias de v\u00eddeo y textos en otras publicaciones electr\u00f3nicas o impresas sin el consentimiento expreso de ebets GmbH.<\/p>\n<h4><span style=\"font-size: 24pt;\">Contenido de la oferta en l\u00ednea<\/span><\/h4>\n<p>ebets GmbH no asume ninguna responsabilidad por la actualidad, exactitud, integridad o calidad de la informaci\u00f3n proporcionada. Quedan fundamentalmente excluidas las reclamaciones de responsabilidad contra ebets GmbH relativas a da\u00f1os materiales o inmateriales causados por el uso o no uso de la informaci\u00f3n proporcionada o por el uso de informaci\u00f3n incorrecta o incompleta, a menos que existan pruebas de dolo o negligencia grave por parte de ebets GmbH. Todas las ofertas est\u00e1n sujetas a cambios y no son vinculantes. ebets GmbH se reserva expresamente el derecho a modificar, completar o eliminar partes de las p\u00e1ginas o la oferta completa sin previo aviso o a cesar la publicaci\u00f3n temporal o permanentemente.<\/p>\n<h4><span style=\"font-size: 24pt;\">Referencias y enlaces<\/span><\/h4>\n<p>En el caso de referencias directas o indirectas a p\u00e1ginas de Internet externas, los llamados \u00abenlaces\u00bb, que se encuentren fuera del \u00e1mbito de responsabilidad de ebets GmbH, s\u00f3lo entrar\u00eda en vigor una obligaci\u00f3n de responsabilidad en el caso de que ebets GmbH tuviera conocimiento de los contenidos y le fuera t\u00e9cnicamente posible y razonable impedir el uso en el caso de contenidos ilegales. Por la presente, ebets GmbH declara expresamente que las p\u00e1ginas enlazadas estaban libres de contenido ilegal en el momento en que se crearon los enlaces. ebets GmbH no tiene influencia alguna sobre el dise\u00f1o actual y futuro, el contenido o la autor\u00eda de las p\u00e1ginas enlazadas. Por ello, ebets GmbH se distancia expresamente de todos los contenidos de todas las p\u00e1ginas enlazadas que hayan sido modificados despu\u00e9s de la creaci\u00f3n del enlace. Esta declaraci\u00f3n se aplica a todos los enlaces y referencias establecidos dentro del propio sitio web de la empresa, as\u00ed como a las entradas de terceros en los servicios creados por la empresa, como libros de visitas, foros de discusi\u00f3n, listas de correo y similares. De los contenidos ilegales, incorrectos o incompletos y, en particular, de los da\u00f1os y perjuicios derivados de la utilizaci\u00f3n o no utilizaci\u00f3n de dicha informaci\u00f3n, ser\u00e1 responsable \u00fanicamente el proveedor de la p\u00e1gina a la que se hace referencia, y no la parte que se limita a remitir a la respectiva publicaci\u00f3n mediante enlaces.<\/p>\n<h4><span style=\"font-size: 24pt;\">Derechos de autor\/responsabilidad<\/span><\/h4>\n<p>En lo que respecta a las caracter\u00edsticas t\u00e9cnicas de Internet, no se puede garantizar la autenticidad, exactitud e integridad de la informaci\u00f3n proporcionada en Internet. No se garantiza la disponibilidad ni el funcionamiento de la p\u00e1gina web en cuesti\u00f3n ni de sus contenidos. Queda excluida, en la medida en que lo permita la ley, cualquier responsabilidad por da\u00f1os directos, indirectos o de otro tipo, independientemente de sus causas, derivados del uso o de la falta de disponibilidad de los datos y la informaci\u00f3n de esta p\u00e1gina web. El contenido de esta p\u00e1gina web est\u00e1 protegido por derechos de autor. La informaci\u00f3n es s\u00f3lo para uso personal. Se proh\u00edbe cualquier uso posterior, en particular el almacenamiento en bases de datos, la duplicaci\u00f3n y cualquier forma de uso comercial, as\u00ed como la divulgaci\u00f3n a terceros, incluso en parte o en forma revisada, sin el consentimiento de la organizaci\u00f3n respectiva. Se debe evitar la integraci\u00f3n de p\u00e1ginas individuales de nuestra oferta en marcos externos.<\/p>\n<h4><span style=\"font-size: 24pt;\">Otros<\/span><\/h4>\n<p>Si algunas secciones o t\u00e9rminos individuales de esta declaraci\u00f3n no son legales o correctos, el contenido o validez de las otras partes no se ver\u00e1n afectados por este hecho.<\/p>\n\t\t\t\t\t\t\t\t<\/div>\n\t\t\t\t<\/div>\n\t\t\t\t<div class=\"elementor-element elementor-element-73f7256 elementor-widget elementor-widget-spacer\" data-id=\"73f7256\" data-element_type=\"widget\" data-e-type=\"widget\" data-widget_type=\"spacer.default\">\n\t\t\t\t<div class=\"elementor-widget-container\">\n\t\t\t\t\t\t\t<div class=\"elementor-spacer\">\n\t\t\t<div class=\"elementor-spacer-inner\"><\/div>\n\t\t<\/div>\n\t\t\t\t\t\t<\/div>\n\t\t\t\t<\/div>\n\t\t\t\t\t<\/div>\n\t\t<\/div>\n\t\t\t\t\t<\/div>\n\t\t<\/section>\n\t\t\t\t<\/div>\n\t\t","protected":false},"excerpt":{"rendered":"<p>Pie de imprenta De acuerdo con el \u00a7 5 p\u00e1rr. 1 de la Ley austriaca de comercio electr\u00f3nico (ECG), el operador de este sitio web se da a conocer: Direcci\u00f3n de la empresa ebets GmbH [&hellip;]<\/p>\n","protected":false},"author":2,"featured_media":0,"parent":0,"menu_order":0,"comment_status":"closed","ping_status":"closed","template":"","meta":{"site-sidebar-layout":"no-sidebar","site-content-layout":"page-builder","ast-site-content-layout":"default","site-content-style":"default","site-sidebar-style":"default","ast-global-header-display":"","ast-banner-title-visibility":"","ast-main-header-display":"","ast-hfb-above-header-display":"","ast-hfb-below-header-display":"","ast-hfb-mobile-header-display":"","site-post-title":"disabled","ast-breadcrumbs-content":"","ast-featured-img":"disabled","footer-sml-layout":"","ast-disable-related-posts":"","theme-transparent-header-meta":"enabled","adv-header-id-meta":"","stick-header-meta":"default","header-above-stick-meta":"","header-main-stick-meta":"","header-below-stick-meta":"","astra-migrate-meta-layouts":"default","ast-page-background-enabled":"default","ast-page-background-meta":{"desktop":{"background-color":"","background-image":"","background-repeat":"repeat","background-position":"center center","background-size":"auto","background-attachment":"scroll","background-type":"","background-media":"","overlay-type":"","overlay-color":"","overlay-opacity":"","overlay-gradient":""},"tablet":{"background-color":"","background-image":"","background-repeat":"repeat","background-position":"center center","background-size":"auto","background-attachment":"scroll","background-type":"","background-media":"","overlay-type":"","overlay-color":"","overlay-opacity":"","overlay-gradient":""},"mobile":{"background-color":"","background-image":"","background-repeat":"repeat","background-position":"center center","background-size":"auto","background-attachment":"scroll","background-type":"","background-media":"","overlay-type":"","overlay-color":"","overlay-opacity":"","overlay-gradient":""}},"ast-content-background-meta":{"desktop":{"background-color":"var(--ast-global-color-5)","background-image":"","background-repeat":"repeat","background-position":"center center","background-size":"auto","background-attachment":"scroll","background-type":"","background-media":"","overlay-type":"","overlay-color":"","overlay-opacity":"","overlay-gradient":""},"tablet":{"background-color":"var(--ast-global-color-5)","background-image":"","background-repeat":"repeat","background-position":"center center","background-size":"auto","background-attachment":"scroll","background-type":"","background-media":"","overlay-type":"","overlay-color":"","overlay-opacity":"","overlay-gradient":""},"mobile":{"background-color":"var(--ast-global-color-5)","background-image":"","background-repeat":"repeat","background-position":"center center","background-size":"auto","background-attachment":"scroll","background-type":"","background-media":"","overlay-type":"","overlay-color":"","overlay-opacity":"","overlay-gradient":""}},"footnotes":""},"class_list":["post-11554","page","type-page","status-publish","hentry"],"_links":{"self":[{"href":"https:\/\/sinnup.com\/es\/wp-json\/wp\/v2\/pages\/11554","targetHints":{"allow":["GET"]}}],"collection":[{"href":"https:\/\/sinnup.com\/es\/wp-json\/wp\/v2\/pages"}],"about":[{"href":"https:\/\/sinnup.com\/es\/wp-json\/wp\/v2\/types\/page"}],"author":[{"embeddable":true,"href":"https:\/\/sinnup.com\/es\/wp-json\/wp\/v2\/users\/2"}],"replies":[{"embeddable":true,"href":"https:\/\/sinnup.com\/es\/wp-json\/wp\/v2\/comments?post=11554"}],"version-history":[{"count":4,"href":"https:\/\/sinnup.com\/es\/wp-json\/wp\/v2\/pages\/11554\/revisions"}],"predecessor-version":[{"id":31583,"href":"https:\/\/sinnup.com\/es\/wp-json\/wp\/v2\/pages\/11554\/revisions\/31583"}],"wp:attachment":[{"href":"https:\/\/sinnup.com\/es\/wp-json\/wp\/v2\/media?parent=11554"}],"curies":[{"name":"wp","href":"https:\/\/api.w.org\/{rel}","templated":true}]}}