{"id":12570,"date":"2022-12-07T15:31:44","date_gmt":"2022-12-07T14:31:44","guid":{"rendered":"http:\/\/sinnup.com\/politica-de-anulacion\/"},"modified":"2024-07-11T11:14:20","modified_gmt":"2024-07-11T09:14:20","slug":"politica-de-anulacion","status":"publish","type":"page","link":"https:\/\/sinnup.com\/es\/politica-de-anulacion\/","title":{"rendered":"Pol\u00edtica de anulaci\u00f3n"},"content":{"rendered":"\t\t<div data-elementor-type=\"wp-page\" data-elementor-id=\"12570\" class=\"elementor elementor-12570 elementor-12542\" data-elementor-post-type=\"page\">\n\t\t\t\t\t\t<section class=\"elementor-section elementor-top-section elementor-element elementor-element-2d11ca5f elementor-section-height-min-height elementor-hidden-desktop elementor-hidden-tablet elementor-section-boxed elementor-section-height-default elementor-section-items-middle\" data-id=\"2d11ca5f\" data-element_type=\"section\" data-e-type=\"section\" data-settings=\"{&quot;background_background&quot;:&quot;gradient&quot;}\">\n\t\t\t\t\t\t<div class=\"elementor-container elementor-column-gap-default\">\n\t\t\t\t\t<div class=\"elementor-column elementor-col-100 elementor-top-column elementor-element elementor-element-56964695\" data-id=\"56964695\" data-element_type=\"column\" data-e-type=\"column\">\n\t\t\t<div class=\"elementor-widget-wrap\">\n\t\t\t\t\t\t\t<\/div>\n\t\t<\/div>\n\t\t\t\t\t<\/div>\n\t\t<\/section>\n\t\t\t\t<section class=\"elementor-section elementor-top-section elementor-element elementor-element-f0678a0 elementor-section-height-min-height elementor-section-boxed elementor-section-height-default elementor-section-items-middle\" data-id=\"f0678a0\" data-element_type=\"section\" data-e-type=\"section\" data-settings=\"{&quot;background_background&quot;:&quot;gradient&quot;}\">\n\t\t\t\t\t\t<div class=\"elementor-container elementor-column-gap-default\">\n\t\t\t\t\t<div class=\"elementor-column elementor-col-100 elementor-top-column elementor-element elementor-element-29d744c\" data-id=\"29d744c\" data-element_type=\"column\" data-e-type=\"column\">\n\t\t\t<div class=\"elementor-widget-wrap elementor-element-populated\">\n\t\t\t\t\t\t<div class=\"elementor-element elementor-element-25251f5 elementor-widget elementor-widget-spacer\" data-id=\"25251f5\" data-element_type=\"widget\" data-e-type=\"widget\" data-widget_type=\"spacer.default\">\n\t\t\t\t<div class=\"elementor-widget-container\">\n\t\t\t\t\t\t\t<div class=\"elementor-spacer\">\n\t\t\t<div class=\"elementor-spacer-inner\"><\/div>\n\t\t<\/div>\n\t\t\t\t\t\t<\/div>\n\t\t\t\t<\/div>\n\t\t\t\t<div class=\"elementor-element elementor-element-dd39938 elementor-widget elementor-widget-heading\" data-id=\"dd39938\" data-element_type=\"widget\" data-e-type=\"widget\" data-widget_type=\"heading.default\">\n\t\t\t\t<div class=\"elementor-widget-container\">\n\t\t\t\t\t<h1 class=\"elementor-heading-title elementor-size-xxl\">Pol\u00edtica de anulaci\u00f3n<\/h1>\t\t\t\t<\/div>\n\t\t\t\t<\/div>\n\t\t\t\t<div class=\"elementor-element elementor-element-58463d8 elementor-widget elementor-widget-text-editor\" data-id=\"58463d8\" data-element_type=\"widget\" data-e-type=\"widget\" data-widget_type=\"text-editor.default\">\n\t\t\t\t<div class=\"elementor-widget-container\">\n\t\t\t\t\t\t\t\t\t<p>Los consumidores disfrutan del derecho legal de desistimiento establecido en la pol\u00edtica de cancelaci\u00f3n. Si el cliente es un empresario o act\u00faa en nombre de una empresa, no se le concede derecho de desistimiento ni de devoluci\u00f3n. El derecho de desistimiento s\u00f3lo se aplica a los consumidores: \u00abSe considera consumidor a toda persona f\u00edsica que celebre un negocio jur\u00eddico con fines predominantemente ajenos a su actividad comercial, empresarial o profesional.<\/p>\n\t\t\t\t\t\t\t\t<\/div>\n\t\t\t\t<\/div>\n\t\t\t\t<div class=\"elementor-element elementor-element-59242a4 elementor-widget elementor-widget-heading\" data-id=\"59242a4\" data-element_type=\"widget\" data-e-type=\"widget\" data-widget_type=\"heading.default\">\n\t\t\t\t<div class=\"elementor-widget-container\">\n\t\t\t\t\t<h2 class=\"elementor-heading-title elementor-size-xl\">Derecho de retractaci\u00f3n<\/h2>\t\t\t\t<\/div>\n\t\t\t\t<\/div>\n\t\t\t\t<div class=\"elementor-element elementor-element-d0d29c8 elementor-widget elementor-widget-text-editor\" data-id=\"d0d29c8\" data-element_type=\"widget\" data-e-type=\"widget\" data-widget_type=\"text-editor.default\">\n\t\t\t\t<div class=\"elementor-widget-container\">\n\t\t\t\t\t\t\t\t\t<p>Tiene derecho a rescindir este contrato en un plazo de catorce d\u00edas sin necesidad de justificaci\u00f3n. El plazo de desistimiento es de catorce d\u00edas a partir del d\u00eda en que usted o un tercero nombrado por usted, que no sea el transportista, haya tomado o haya tomado posesi\u00f3n de la \u00faltima mercanc\u00eda.<\/p>\n<p>Para ejercer su derecho de desistimiento, debe enviarnos<\/p>\n<p>ebets GmbH<br \/>Schildorf 16<br \/>4720 Kallham<br \/>Austria<br \/>Tel: <a href=\"tel:+43773321600\">+43 7733 21600<\/a><br \/>Fax: +43 7733 7171 15<br \/>Correo electr\u00f3nico: <a href=\"mailto:office@sinnup.com\">office@sinnup.com<\/a><\/p>\n<p><span style=\"font-style: inherit; font-weight: inherit; background-color: transparent; color: var(--ast-global-color-4);\">mediante una declaraci\u00f3n clara (por ejemplo, una carta enviada por correo postal, fax o correo electr\u00f3nico) de su decisi\u00f3n de revocar el presente contrato. Para ello, puede utilizar el modelo de formulario de cancelaci\u00f3n que figura a continuaci\u00f3n, pero no es obligatorio. Para cumplir el plazo de cancelaci\u00f3n, basta con que env\u00ede la notificaci\u00f3n del ejercicio del derecho de cancelaci\u00f3n antes de que finalice el plazo de cancelaci\u00f3n.<\/span><\/p>\n\t\t\t\t\t\t\t\t<\/div>\n\t\t\t\t<\/div>\n\t\t\t\t<div class=\"elementor-element elementor-element-47c2237 elementor-widget elementor-widget-heading\" data-id=\"47c2237\" data-element_type=\"widget\" data-e-type=\"widget\" data-widget_type=\"heading.default\">\n\t\t\t\t<div class=\"elementor-widget-container\">\n\t\t\t\t\t<h3 class=\"elementor-heading-title elementor-size-default\">Consecuencias de la revocaci\u00f3n<\/h3>\t\t\t\t<\/div>\n\t\t\t\t<\/div>\n\t\t\t\t<div class=\"elementor-element elementor-element-ba0ecaf elementor-widget elementor-widget-text-editor\" data-id=\"ba0ecaf\" data-element_type=\"widget\" data-e-type=\"widget\" data-widget_type=\"text-editor.default\">\n\t\t\t\t<div class=\"elementor-widget-container\">\n\t\t\t\t\t\t\t\t\t<p>Si desiste del presente contrato, deberemos reembolsarle todos los pagos que hayamos recibido de usted, incluidos los gastos de entrega (a excepci\u00f3n de los gastos adicionales resultantes del hecho de que usted haya elegido un tipo de entrega distinto de la entrega est\u00e1ndar m\u00e1s barata ofrecida por nosotros), sin demora y a m\u00e1s tardar en un plazo de catorce d\u00edas a partir del d\u00eda en que hayamos recibido la notificaci\u00f3n de su desistimiento del presente contrato. Para este reembolso, utilizamos el mismo medio de pago que usted utiliz\u00f3 para la transacci\u00f3n original, a menos que se acuerde expresamente otra cosa con usted; en ning\u00fan caso se le cobrar\u00e1 por este reembolso. Podremos denegar el reembolso hasta que hayamos recibido la mercanc\u00eda o hasta que usted haya presentado una prueba de que ha devuelto la mercanc\u00eda, seg\u00fan qu\u00e9 condici\u00f3n se cumpla primero.<\/p>\n<p>Deber\u00e1 devolver o entregar la mercanc\u00eda a ebets GmbH, R\u00fccksendung, Schildorf 16, 4720 Kallham sin demora y, en cualquier caso, a m\u00e1s tardar catorce d\u00edas a partir del d\u00eda en que nos notifique la revocaci\u00f3n del presente contrato. El plazo se cumple si env\u00eda la mercanc\u00eda antes de que expire el plazo de catorce d\u00edas. Usted corre con los gastos directos del env\u00edo de devoluci\u00f3n. Los costes de las mercanc\u00edas que no pueden enviarse por paquete postal se estiman en un m\u00e1ximo de unos 80 EUR.<\/p>\n<p>S\u00f3lo tiene que pagar la p\u00e9rdida de valor de los bienes si dicha p\u00e9rdida de valor se debe a una manipulaci\u00f3n de los bienes que no sea necesaria para comprobar la calidad, las caracter\u00edsticas y el funcionamiento de los bienes.<\/p>\n\t\t\t\t\t\t\t\t<\/div>\n\t\t\t\t<\/div>\n\t\t\t\t<div class=\"elementor-element elementor-element-3a55e08 elementor-widget elementor-widget-heading\" data-id=\"3a55e08\" data-element_type=\"widget\" data-e-type=\"widget\" data-widget_type=\"heading.default\">\n\t\t\t\t<div class=\"elementor-widget-container\">\n\t\t\t\t\t<h3 class=\"elementor-heading-title elementor-size-default\">Exclusi\u00f3n o Motivos de anulaci\u00f3n<\/h3>\t\t\t\t<\/div>\n\t\t\t\t<\/div>\n\t\t\t\t<div class=\"elementor-element elementor-element-30823df elementor-widget elementor-widget-text-editor\" data-id=\"30823df\" data-element_type=\"widget\" data-e-type=\"widget\" data-widget_type=\"text-editor.default\">\n\t\t\t\t<div class=\"elementor-widget-container\">\n\t\t\t\t\t\t\t\t\t<p><strong>El derecho de desistimiento no se aplica a los contratos:<\/strong><\/p>\n<ul>\n<li>para la entrega de bienes que no sean prefabricados y para cuya producci\u00f3n sea decisiva una selecci\u00f3n o determinaci\u00f3n individual por parte del consumidor o que est\u00e9n claramente adaptados a las necesidades personales del consumidor;<\/li>\n<li>para la entrega de mercanc\u00edas que pueden estropearse r\u00e1pidamente o cuya fecha de caducidad se superar\u00eda r\u00e1pidamente;<\/li>\n<li>para la entrega de bebidas alcoh\u00f3licas, cuyo precio se acord\u00f3 en el momento de la celebraci\u00f3n del contrato, pero que pueden entregarse como muy pronto 30 d\u00edas despu\u00e9s de la celebraci\u00f3n del contrato y cuyo valor actual depende de las fluctuaciones del mercado sobre las que el empresario no tiene ninguna influencia;<\/li>\n<li>para la entrega de diarios, publicaciones peri\u00f3dicas o revistas, con excepci\u00f3n de los contratos de suscripci\u00f3n;<\/li>\n<li>para la entrega de mercanc\u00edas precintadas que no sean aptas para ser devueltas por razones de protecci\u00f3n de la salud o de higiene, si su precinto ha sido retirado despu\u00e9s de la entrega;<\/li>\n<li>para la entrega de mercanc\u00edas si \u00e9stas se han mezclado inseparablemente con otras mercanc\u00edas despu\u00e9s de la entrega debido a su naturaleza;<\/li>\n<li>para la entrega de grabaciones sonoras o de v\u00eddeo o de programas inform\u00e1ticos en un paquete precintado si el precinto se ha retirado despu\u00e9s de la entrega;<\/li>\n<\/ul>\n\t\t\t\t\t\t\t\t<\/div>\n\t\t\t\t<\/div>\n\t\t\t\t<div class=\"elementor-element elementor-element-4026590 elementor-widget elementor-widget-heading\" data-id=\"4026590\" data-element_type=\"widget\" data-e-type=\"widget\" data-widget_type=\"heading.default\">\n\t\t\t\t<div class=\"elementor-widget-container\">\n\t\t\t\t\t<h3 class=\"elementor-heading-title elementor-size-default\">Modelo de formulario de cancelaci\u00f3n<\/h3>\t\t\t\t<\/div>\n\t\t\t\t<\/div>\n\t\t\t\t<div class=\"elementor-element elementor-element-3ec191b elementor-widget elementor-widget-text-editor\" data-id=\"3ec191b\" data-element_type=\"widget\" data-e-type=\"widget\" data-widget_type=\"text-editor.default\">\n\t\t\t\t<div class=\"elementor-widget-container\">\n\t\t\t\t\t\t\t\t\t<p>Si desea rescindir el contrato, rellene y env\u00ede este formulario.<\/p>\n<p>En<\/p>\n<p>ebets GmbH<br \/>Schildorf 16<br \/>4720 Kallham<br \/>Austria<br \/>por correo electr\u00f3nico a<br \/><a href=\"mailto:office@sinnup.com\">office@sinnup.com<\/a><\/p>\n<p><span style=\"font-style: inherit; font-weight: inherit; background-color: transparent; color: var(--ast-global-color-4);\">Yo\/nosotros* revoco\/revocamos por la presente el contrato celebrado por m\u00ed\/nosotros* para la compra de los siguientes bienes* \/ la prestaci\u00f3n del siguiente servicio:*<\/span><\/p>\n<hr>\n<p>Nombre de la tienda en l\u00ednea<\/p>\n<hr>\n<p>Pedido el* \/ recibido el*<\/p>\n<hr>\n<p>Nombre del consumidor o consumidores<\/p>\n<hr>\n<p>Direcci\u00f3n del consumidor o consumidores<\/p>\n<hr>\n<p>Firma del consumidor o consumidores (s\u00f3lo para notificaciones en papel)<\/p>\n<hr>\n<p>Fecha<\/p>\n<p>* T\u00e1chese lo que no proceda.<\/p>\n\t\t\t\t\t\t\t\t<\/div>\n\t\t\t\t<\/div>\n\t\t\t\t<div class=\"elementor-element elementor-element-4faef94 elementor-widget elementor-widget-spacer\" data-id=\"4faef94\" data-element_type=\"widget\" data-e-type=\"widget\" data-widget_type=\"spacer.default\">\n\t\t\t\t<div class=\"elementor-widget-container\">\n\t\t\t\t\t\t\t<div class=\"elementor-spacer\">\n\t\t\t<div class=\"elementor-spacer-inner\"><\/div>\n\t\t<\/div>\n\t\t\t\t\t\t<\/div>\n\t\t\t\t<\/div>\n\t\t\t\t\t<\/div>\n\t\t<\/div>\n\t\t\t\t\t<\/div>\n\t\t<\/section>\n\t\t\t\t<\/div>\n\t\t","protected":false},"excerpt":{"rendered":"<p>Pol\u00edtica de anulaci\u00f3n Los consumidores disfrutan del derecho legal de desistimiento establecido en la pol\u00edtica de cancelaci\u00f3n. Si el cliente es un empresario o act\u00faa en nombre de una empresa, no se le concede derecho [&hellip;]<\/p>\n","protected":false},"author":2,"featured_media":0,"parent":0,"menu_order":0,"comment_status":"closed","ping_status":"closed","template":"","meta":{"site-sidebar-layout":"no-sidebar","site-content-layout":"page-builder","ast-site-content-layout":"default","site-content-style":"default","site-sidebar-style":"default","ast-global-header-display":"","ast-banner-title-visibility":"","ast-main-header-display":"","ast-hfb-above-header-display":"","ast-hfb-below-header-display":"","ast-hfb-mobile-header-display":"","site-post-title":"disabled","ast-breadcrumbs-content":"","ast-featured-img":"disabled","footer-sml-layout":"","ast-disable-related-posts":"","theme-transparent-header-meta":"enabled","adv-header-id-meta":"","stick-header-meta":"default","header-above-stick-meta":"","header-main-stick-meta":"","header-below-stick-meta":"","astra-migrate-meta-layouts":"default","ast-page-background-enabled":"default","ast-page-background-meta":{"desktop":{"background-color":"","background-image":"","background-repeat":"repeat","background-position":"center center","background-size":"auto","background-attachment":"scroll","background-type":"","background-media":"","overlay-type":"","overlay-color":"","overlay-opacity":"","overlay-gradient":""},"tablet":{"background-color":"","background-image":"","background-repeat":"repeat","background-position":"center center","background-size":"auto","background-attachment":"scroll","background-type":"","background-media":"","overlay-type":"","overlay-color":"","overlay-opacity":"","overlay-gradient":""},"mobile":{"background-color":"","background-image":"","background-repeat":"repeat","background-position":"center center","background-size":"auto","background-attachment":"scroll","background-type":"","background-media":"","overlay-type":"","overlay-color":"","overlay-opacity":"","overlay-gradient":""}},"ast-content-background-meta":{"desktop":{"background-color":"var(--ast-global-color-5)","background-image":"","background-repeat":"repeat","background-position":"center center","background-size":"auto","background-attachment":"scroll","background-type":"","background-media":"","overlay-type":"","overlay-color":"","overlay-opacity":"","overlay-gradient":""},"tablet":{"background-color":"var(--ast-global-color-5)","background-image":"","background-repeat":"repeat","background-position":"center center","background-size":"auto","background-attachment":"scroll","background-type":"","background-media":"","overlay-type":"","overlay-color":"","overlay-opacity":"","overlay-gradient":""},"mobile":{"background-color":"var(--ast-global-color-5)","background-image":"","background-repeat":"repeat","background-position":"center center","background-size":"auto","background-attachment":"scroll","background-type":"","background-media":"","overlay-type":"","overlay-color":"","overlay-opacity":"","overlay-gradient":""}},"footnotes":""},"class_list":["post-12570","page","type-page","status-publish","hentry"],"_links":{"self":[{"href":"https:\/\/sinnup.com\/es\/wp-json\/wp\/v2\/pages\/12570","targetHints":{"allow":["GET"]}}],"collection":[{"href":"https:\/\/sinnup.com\/es\/wp-json\/wp\/v2\/pages"}],"about":[{"href":"https:\/\/sinnup.com\/es\/wp-json\/wp\/v2\/types\/page"}],"author":[{"embeddable":true,"href":"https:\/\/sinnup.com\/es\/wp-json\/wp\/v2\/users\/2"}],"replies":[{"embeddable":true,"href":"https:\/\/sinnup.com\/es\/wp-json\/wp\/v2\/comments?post=12570"}],"version-history":[{"count":3,"href":"https:\/\/sinnup.com\/es\/wp-json\/wp\/v2\/pages\/12570\/revisions"}],"predecessor-version":[{"id":31592,"href":"https:\/\/sinnup.com\/es\/wp-json\/wp\/v2\/pages\/12570\/revisions\/31592"}],"wp:attachment":[{"href":"https:\/\/sinnup.com\/es\/wp-json\/wp\/v2\/media?parent=12570"}],"curies":[{"name":"wp","href":"https:\/\/api.w.org\/{rel}","templated":true}]}}