{"id":12593,"date":"2022-11-30T19:59:40","date_gmt":"2022-11-30T18:59:40","guid":{"rendered":"http:\/\/sinnup.com\/politica-de-privacidad\/"},"modified":"2024-07-11T11:10:43","modified_gmt":"2024-07-11T09:10:43","slug":"politica-de-privacidad","status":"publish","type":"page","link":"https:\/\/sinnup.com\/es\/politica-de-privacidad\/","title":{"rendered":"Pol\u00edtica de privacidad"},"content":{"rendered":"\t\t<div data-elementor-type=\"wp-page\" data-elementor-id=\"12593\" class=\"elementor elementor-12593 elementor-10970\" data-elementor-post-type=\"page\">\n\t\t\t\t\t\t<section class=\"elementor-section elementor-top-section elementor-element elementor-element-569ac551 elementor-section-height-min-height elementor-hidden-desktop elementor-hidden-tablet elementor-section-boxed elementor-section-height-default elementor-section-items-middle\" data-id=\"569ac551\" data-element_type=\"section\" data-e-type=\"section\" data-settings=\"{&quot;background_background&quot;:&quot;gradient&quot;}\">\n\t\t\t\t\t\t<div class=\"elementor-container elementor-column-gap-default\">\n\t\t\t\t\t<div class=\"elementor-column elementor-col-100 elementor-top-column elementor-element elementor-element-1e18d4cc\" data-id=\"1e18d4cc\" data-element_type=\"column\" data-e-type=\"column\">\n\t\t\t<div class=\"elementor-widget-wrap\">\n\t\t\t\t\t\t\t<\/div>\n\t\t<\/div>\n\t\t\t\t\t<\/div>\n\t\t<\/section>\n\t\t\t\t<section class=\"elementor-section elementor-top-section elementor-element elementor-element-8f6c949 elementor-section-height-min-height elementor-section-boxed elementor-section-height-default elementor-section-items-middle\" data-id=\"8f6c949\" data-element_type=\"section\" data-e-type=\"section\" data-settings=\"{&quot;background_background&quot;:&quot;gradient&quot;}\">\n\t\t\t\t\t\t<div class=\"elementor-container elementor-column-gap-default\">\n\t\t\t\t\t<div class=\"elementor-column elementor-col-100 elementor-top-column elementor-element elementor-element-37ca4ab\" data-id=\"37ca4ab\" data-element_type=\"column\" data-e-type=\"column\">\n\t\t\t<div class=\"elementor-widget-wrap elementor-element-populated\">\n\t\t\t\t\t\t<div class=\"elementor-element elementor-element-15a3658 elementor-widget elementor-widget-spacer\" data-id=\"15a3658\" data-element_type=\"widget\" data-e-type=\"widget\" data-widget_type=\"spacer.default\">\n\t\t\t\t<div class=\"elementor-widget-container\">\n\t\t\t\t\t\t\t<div class=\"elementor-spacer\">\n\t\t\t<div class=\"elementor-spacer-inner\"><\/div>\n\t\t<\/div>\n\t\t\t\t\t\t<\/div>\n\t\t\t\t<\/div>\n\t\t\t\t<div class=\"elementor-element elementor-element-ec70421 elementor-widget elementor-widget-heading\" data-id=\"ec70421\" data-element_type=\"widget\" data-e-type=\"widget\" data-widget_type=\"heading.default\">\n\t\t\t\t<div class=\"elementor-widget-container\">\n\t\t\t\t\t<h1 class=\"elementor-heading-title elementor-size-xxl\">Pol\u00edtica de privacidad<\/h1>\t\t\t\t<\/div>\n\t\t\t\t<\/div>\n\t\t\t\t<div class=\"elementor-element elementor-element-1f8d4dc elementor-widget elementor-widget-spacer\" data-id=\"1f8d4dc\" data-element_type=\"widget\" data-e-type=\"widget\" data-widget_type=\"spacer.default\">\n\t\t\t\t<div class=\"elementor-widget-container\">\n\t\t\t\t\t\t\t<div class=\"elementor-spacer\">\n\t\t\t<div class=\"elementor-spacer-inner\"><\/div>\n\t\t<\/div>\n\t\t\t\t\t\t<\/div>\n\t\t\t\t<\/div>\n\t\t\t\t<div class=\"elementor-element elementor-element-1026495 elementor-widget elementor-widget-text-editor\" data-id=\"1026495\" data-element_type=\"widget\" data-e-type=\"widget\" data-widget_type=\"text-editor.default\">\n\t\t\t\t<div class=\"elementor-widget-container\">\n\t\t\t\t\t\t\t\t\t<p>[ga_optout]<\/p>\n\t\t\t\t\t\t\t\t<\/div>\n\t\t\t\t<\/div>\n\t\t\t\t<div class=\"elementor-element elementor-element-3914f87 elementor-widget elementor-widget-text-editor\" data-id=\"3914f87\" data-element_type=\"widget\" data-e-type=\"widget\" data-widget_type=\"text-editor.default\">\n\t\t\t\t<div class=\"elementor-widget-container\">\n\t\t\t\t\t\t\t\t\t<div>\n<h2><span style=\"font-size: 24pt;\">Alcance<\/span><\/h2>\n<p>Nos preocupa mucho proteger su intimidad y su esfera personal cuando utiliza nuestro sitio web. Esta declaraci\u00f3n de protecci\u00f3n de datos le informa sobre la naturaleza, el alcance y la finalidad de la recogida y el uso de datos personales por parte de este sitio web. La base jur\u00eddica de la protecci\u00f3n de datos se encuentra en la Ley austriaca de Telecomunicaciones (TKG) y en la Ley de Protecci\u00f3n de Datos (DSG).<\/p>\n<h2><span style=\"font-size: 24pt;\">Datos de acceso\/ Archivos de registro del servidor<\/span><\/h2>\n<p>ebets GmbH (o nuestro proveedor de espacio web) recopila datos sobre cada acceso a la oferta online (los llamados archivos de registro del servidor).<\/p>\n<p>Los datos de acceso incluyen:<\/p>\n<ul type=\"disc\">\n<li>Nombre del sitio web consultado, archivo, fecha y hora de acceso, cantidad de datos transferidos, notificaci\u00f3n de acceso correcto, tipo y versi\u00f3n del navegador, sistema operativo del usuario, URL de referencia (la p\u00e1gina visitada anteriormente), direcci\u00f3n IP anonimizada y el proveedor solicitante.<\/li>\n<\/ul>\n<p>S\u00f3lo utilizamos los datos de registro para evaluaciones estad\u00edsticas con fines de funcionamiento, seguridad y optimizaci\u00f3n de la oferta. No obstante, nos reservamos el derecho a comprobar retrospectivamente los datos de registro si existe una sospecha fundada de uso il\u00edcito sobre la base de indicios concretos.<\/p>\n<h2><span style=\"font-size: 24pt;\">Tratamiento de datos personales<\/span><\/h2>\n<p>Los datos personales son informaci\u00f3n que puede utilizarse para identificar a una persona, es decir, informaci\u00f3n que puede rastrearse hasta una persona. Esto incluye el nombre, la direcci\u00f3n de correo electr\u00f3nico o el n\u00famero de tel\u00e9fono. Pero tambi\u00e9n cuentan como datos personales los datos sobre afiliaciones o las p\u00e1ginas web que alguien ha visitado.<\/p>\n<p>ebets GmbH s\u00f3lo recopila, utiliza y transmite datos personales si la ley lo permite o si el usuario consiente la recopilaci\u00f3n de datos, por ejemplo, si el usuario ha dado su consentimiento. poni\u00e9ndose en contacto con nosotros a trav\u00e9s de uno de los formularios de nuestro sitio web o comprando en l\u00ednea. ebets GmbH utiliza datos personales con fines de comunicaci\u00f3n y marketing.<\/p>\n<p>Sus datos se almacenar\u00e1n, procesar\u00e1n y transmitir\u00e1n (PayPal, empresas de log\u00edstica) para la tramitaci\u00f3n de pedidos, la entrega de mercanc\u00edas y la tramitaci\u00f3n de pagos, as\u00ed como para cualquier comprobaci\u00f3n de cr\u00e9dito necesaria.<\/p>\n<p>Otras ocasiones en las que se transmiten sus datos pueden ser encuestas o servicios personalizados (por ejemplo, boletines informativos, s\u00f3lo sobre la base de su inscripci\u00f3n al bolet\u00edn). Adem\u00e1s, utilizamos sus datos personales para mejorar nuestro servicio, la gama de productos o tambi\u00e9n el sitio web con el fin de poder ofrecerle un mejor servicio. Al aceptar esta declaraci\u00f3n, nos autoriza a procesar sus datos con fines publicitarios y de investigaci\u00f3n de mercado, as\u00ed como a utilizarlos para el dise\u00f1o de servicios electr\u00f3nicos basados en las necesidades. Tambi\u00e9n utilizamos su informaci\u00f3n para prevenir o detectar usos indebidos, en particular fraudes, o para permitir que terceros presten servicios t\u00e9cnicos, log\u00edsticos o de otro tipo en nuestro nombre.<\/p>\n<h2><span style=\"font-size: 24pt;\">P\u00f3ngase en contacto con<\/span><\/h2>\n<p>Al contactar con ebets GmbH (por ejemplo, a trav\u00e9s de formularios, CHAT o correo electr\u00f3nico, compras online), los datos del usuario se almacenan con el fin de procesar la consulta y en caso de que surjan preguntas de seguimiento.<\/p>\n<h2><span style=\"font-size: 24pt;\">Bolet\u00edn<\/span><\/h2>\n<p>Con nuestro bolet\u00edn le informamos sobre nuestras ofertas. Si desea recibir nuestro bolet\u00edn, necesitamos que nos facilite una direcci\u00f3n de correo electr\u00f3nico v\u00e1lida, as\u00ed como informaci\u00f3n que nos permita verificar que usted es el propietario de la direcci\u00f3n de correo electr\u00f3nico facilitada o que el propietario acepta recibir el bolet\u00edn. No se recoge ning\u00fan otro dato. Estos datos s\u00f3lo se utilizan para enviar el bolet\u00edn y no se transmiten a terceros.<\/p>\n<p>Cuando se registra para recibir el bolet\u00edn, guardamos su direcci\u00f3n IP anonimizada y la fecha de registro. Este almacenamiento sirve \u00fanicamente como prueba en caso de que un tercero haga un uso indebido de una direcci\u00f3n de correo electr\u00f3nico y se registre para recibir el bolet\u00edn sin el conocimiento de la persona autorizada.<\/p>\n<p>Puede revocar en cualquier momento su consentimiento para el almacenamiento de los datos, la direcci\u00f3n de correo electr\u00f3nico y su uso para el env\u00edo del bolet\u00edn. La revocaci\u00f3n puede realizarse a trav\u00e9s de un enlace en los propios boletines o enviando un mensaje a las opciones de contacto que figuran a continuaci\u00f3n.<\/p>\n<h2><span style=\"font-size: 24pt;\">Integraci\u00f3n de servicios y contenidos de terceros<\/span><\/h2>\n<p>Puede ocurrir que en esta oferta en l\u00ednea se integren contenidos de terceros, como v\u00eddeos de YouTube o mapas de Google Maps. Esto requiere siempre que los proveedores de estos contenidos (en adelante, \u00abterceros proveedores\u00bb) perciban la direcci\u00f3n IP anonimizada de los usuarios. Porque sin la direcci\u00f3n IP, no podr\u00edan enviar el contenido al navegador del usuario correspondiente. Por lo tanto, la direcci\u00f3n IP es necesaria para la visualizaci\u00f3n de este contenido. Nos esforzamos por utilizar \u00fanicamente contenidos cuyos respectivos proveedores s\u00f3lo utilizan la direcci\u00f3n IP para entregar el contenido. Sin embargo, no tenemos ninguna influencia si los proveedores terceros almacenan la direcci\u00f3n IP, por ejemplo, con fines estad\u00edsticos. Que yo sepa, informamos a los usuarios al respecto.<\/p>\n<h2><span style=\"font-size: 24pt;\">Comercio electr\u00f3nico (Online-Kauf)<\/span><\/h2>\n<p>Al comprar productos en l\u00ednea, usted celebra un contrato jur\u00eddicamente vinculante. Encontrar\u00e1 m\u00e1s informaci\u00f3n al respecto en las <a href=\"\/agbs\/\">CGC<\/a>. Sus datos se almacenar\u00e1n, procesar\u00e1n y transmitir\u00e1n (PayPal, empresas de log\u00edstica) para la tramitaci\u00f3n de pedidos, la entrega de mercanc\u00edas y la tramitaci\u00f3n de pagos, as\u00ed como para cualquier comprobaci\u00f3n de cr\u00e9dito necesaria.<\/p>\n<p>Nos reservamos el derecho a obtener informaci\u00f3n sobre su solvencia de terceros para poder ofrecerle determinadas opciones de pago. Para ello, recopilamos informaci\u00f3n sobre su comportamiento de compra y pago, as\u00ed como informes de cr\u00e9dito, que utilizamos para detectar usos indebidos, especialmente fraudes.<\/p>\n<h2><span style=\"font-size: 24pt;\">Google Analytics<\/span><\/h2>\n<p>Este sitio web utiliza <a href=\"https:\/\/marketingplatform.google.com\/about\/\" target=\"_blank\" rel=\"noopener\"><u>Google Analytics<\/u><\/a>, un servicio anal\u00edtico de web prestado por Google, Inc. (\u201eGoogle\u201c). Google Analytics utiliza \u00abcookies\u00bb, que son archivos de texto ubicados en su ordenador, para ayudar al website a analizar el uso que hacen los usuarios del sitio web. La informaci\u00f3n que genera la cookie acerca de su uso de este sitio web (incluyendo su direcci\u00f3n IP) ser\u00e1 directamente transmitida y archivada por Google en los servidores de Estados Unidos. Google usar\u00e1 esta informaci\u00f3n por cuenta nuestra con el prop\u00f3sito de seguir la pista de su uso del website, recopilando informes de la actividad del website y prestando otros servicios relacionados con la actividad del website y el uso de Internet. Google podr\u00e1 transmitir dicha informaci\u00f3n a terceros cuando as\u00ed se lo requiera la legislaci\u00f3n, o cuando dichos terceros procesen la informaci\u00f3n por cuenta de Google. Google no asociar\u00e1 su direcci\u00f3n IP con ning\u00fan otro dato del que disponga Google. Usted puede rechazar el uso de cookies seleccionando la configuraci\u00f3n apropiada en su navegador; no obstante, tenga en cuenta que si lo hace es posible que no pueda utilizar todas las funciones de este sitio web. Al utilizar este website Usted consiente el tratamiento de informaci\u00f3n acerca de Usted por Google en la forma y para los fines arriba indicados.<\/p>\n<p>Si no desea que analicemos su direcci\u00f3n IP, configuraci\u00f3n de idioma, dispositivo terminal, etc., le recomiendo que utilice el complemento del navegador Google Analytics para desactivar Google Analytics. El complemento del navegador para desactivar Google Analytics le ofrece m\u00e1s control sobre qu\u00e9 datos de los sitios web visitados recopila Google Analytics. El complemento indica al JavaScript (ga.js) de Google Analytics que no debe transmitirse a Google Analytics ninguna informaci\u00f3n sobre la visita al sitio web.<br \/>Si desea utilizar esta funci\u00f3n, descargue e instale el complemento para su navegador web actual. El complemento del navegador para desactivar Google Analytics est\u00e1 disponible para Internet Explorer, Google Chrome, Mozilla Firefox Apple Safari y Opera.<\/p>\n<p><a href=\"https:\/\/tools.google.com\/dlpage\/gaoptout?hl=de%20verlinkt%20werden\" target=\"_blank\" rel=\"noopener\"><u>DESCARGAR<\/u><\/a><\/p>\n<h2><span style=\"font-size: 24pt;\">Uso del remarketing<\/span><\/h2>\n<p>Este sitio web utiliza cookies con el fin de dirigirse a los visitantes a trav\u00e9s de campa\u00f1as de remarketing con publicidad en l\u00ednea en un momento posterior en la red de publicidad de Google. Para publicar anuncios de remarketing, proveedores externos como Google utilizan cookies basadas en las visitas a este sitio web. Como usuario, tiene la opci\u00f3n de desactivar el uso de cookies por parte de Google visitando la p\u00e1gina de desactivaci\u00f3n de Google en http:\/\/www.google.com\/ads\/preferences.<\/p>\n<h2><span style=\"font-size: 24pt;\">Uso de plugins sociales de Facebook<\/span><\/h2>\n<p>Este sitio web utiliza plugins sociales (\u00abplugins\u00bb) de la red social facebook.com, operada por Facebook Ireland Ltd, 4 Grand Canal Square, Grand Canal Harbour, Dubl\u00edn 2, Irlanda (\u00abFacebook\u00bb). Los plugins pueden reconocerse por uno de los logotipos de Facebook (una \u00abf\u00bb blanca sobre un azulejo azul, los t\u00e9rminos \u00abMe gusta\u00bb, \u00abGef\u00e4llt mir\u00bb o un signo de \u00abpulgar hacia arriba\u00bb) o est\u00e1n marcados con el a\u00f1adido \u00abPlugin social de Facebook\u00bb. La lista y el aspecto de los plugins sociales de Facebook pueden consultarse aqu\u00ed: <a href=\"https:\/\/developers.facebook.com\/docs\/plugins\/\" target=\"_blank\" rel=\"noopener\"><br \/>\n  <u>https:\/\/developers.facebook.com\/docs\/plugins\/<\/u><br \/>\n<\/a>.<\/p>\n<p>Cuando un usuario accede a un sitio web de esta oferta que contiene un plugin de este tipo, su navegador establece una conexi\u00f3n directa con los servidores de Facebook. Facebook transmite directamente el contenido del plugin a su navegador y lo integra en el sitio web. Por lo tanto, el proveedor no tiene ninguna influencia sobre el alcance de los datos que Facebook recopila con la ayuda de este plugin y, por lo tanto, informa a los usuarios seg\u00fan su nivel de <a href=\"https:\/\/www.facebook.com\/help\/186325668085084\" target=\"_blank\" rel=\"noopener\"><u>conocimiento<\/u><\/a>:<\/p>\n<p>Al integrar los plugins, Facebook recibe la informaci\u00f3n de que un usuario ha llamado a la p\u00e1gina correspondiente de la oferta. Si el usuario ha iniciado sesi\u00f3n en Facebook, Facebook puede asignar la visita a su cuenta de Facebook. Cuando los usuarios interact\u00faan con los plugins, por ejemplo haciendo clic en el bot\u00f3n \u00abMe gusta\u00bb o publicando un comentario, la informaci\u00f3n correspondiente se transmite desde su navegador directamente a Facebook y se almacena all\u00ed. Si un usuario no es miembro de Facebook, sigue siendo posible que Facebook obtenga y almacene su direcci\u00f3n IP. Seg\u00fan Facebook, en los pa\u00edses de la Uni\u00f3n Europea s\u00f3lo se almacena una direcci\u00f3n IP anonimizada.<\/p>\n<p>La finalidad y el alcance de la recopilaci\u00f3n de datos y el posterior procesamiento y uso de los datos por parte de Facebook, as\u00ed como los derechos relacionados y las opciones de configuraci\u00f3n para proteger la privacidad de los usuarios, pueden consultarse en la pol\u00edtica de privacidad de Facebook: <a href=\"https:\/\/www.facebook.com\/about\/privacy\/\" target=\"_blank\" rel=\"noopener\"><br \/>\n  <u>https:\/\/www.facebook.com\/about\/privacy\/<\/u><br \/>\n<\/a>.<\/p>\n<p>Si un usuario es miembro de Facebook y no desea que Facebook recopile datos sobre \u00e9l a trav\u00e9s de esta oferta y los vincule a sus datos de miembro almacenados en Facebook, deber\u00e1 desconectarse de Facebook antes de visitar el sitio web. Es posible realizar m\u00e1s ajustes y objeciones al uso de datos con fines publicitarios en la configuraci\u00f3n del perfil de Facebook: <a href=\"https:\/\/www.facebook.com\/settings?tab=ads.\" target=\"_blank\" rel=\"noopener\"><u>https:\/\/www.facebook.com\/settings?tab=ads.<\/u><\/a><\/p>\n<h2><span style=\"font-size: 24pt;\">Revocaci\u00f3n, modificaciones, correcciones y actualizaciones<\/span><\/h2>\n<p>De acuerdo con el Reglamento General de Protecci\u00f3n de Datos de la UE (<u>GDPR<\/u>) con efecto final a partir del 25.5.2018, los usuarios tienen derecho a recibir, previa solicitud y de forma gratuita, informaci\u00f3n sobre los datos personales que hemos almacenado sobre ellos. Adem\u00e1s, todo usuario tiene derecho a corregir los datos inexactos, bloquear y eliminar sus datos personales, siempre que ello no entre en conflicto con cualquier obligaci\u00f3n legal de conservar dichos datos. Si fuera necesario, p\u00f3ngase en <a href=\"https:\/\/sinnup.com\/es\/contacto\/\">contacto<\/a> con nosotros.<\/p>\n<h2><span style=\"font-size: 24pt;\">Otros<\/span><\/h2>\n<p>Aparte de la informaci\u00f3n anterior, en nuestro sitio web no se procesa ning\u00fan dato personal.<\/p>\n<p>Si algunas secciones o t\u00e9rminos individuales de esta declaraci\u00f3n no son legales o correctos, el contenido o validez de las otras partes no se ver\u00e1n afectados por este hecho.<\/p>\n<h2><span style=\"font-size: 24pt;\">Datos de contacto<\/span><\/h2>\n<p>ebets GmbH<br \/>Schildorf 16<br \/>A &#8211; 4720 Kallham<br \/>Tel.: +43 7733 21600<br \/>Correo electr\u00f3nico: <a href=\"mailto:office@sinnup.com\">office@sinnup.com<\/a><\/p>\n<p><b>Gesti\u00f3n:<\/b><br \/>J\u00fcrgen Krausgruber, MA MSc<br \/>Correo electr\u00f3nico: <a href=\"mailto:j.krausgruber@sinnup.com\">j.krausgruber@sinnup.com<\/a><\/p>\n<p><\/p>\n<p><b>Responsable de protecci\u00f3n de datos:<\/b><br \/>Adolf Tischler<br \/>Correo electr\u00f3nico: <a href=\"mailto:a.tischler@tiscon.at\">a.tischler@tiscon.at<\/a><\/p>\n<h2><span style=\"font-size: 24pt;\">Posibles restricciones funcionales sin cookies<\/span><\/h2>\n<p>Puede visitar nuestro sitio web en cualquier momento, aunque no acepte las cookies. Si en general no nos permite utilizar cookies, no podr\u00e1 acceder a determinadas funciones y p\u00e1ginas. Las cookies se utilizan para mejorar nuestra oferta de servicios y facilitar la introducci\u00f3n de datos en los formularios de nuestro sitio web. Puede eliminar las cookies que ya est\u00e1n en su ordenador en cualquier momento.<\/p>\n<\/div>\n<div>\n<div>\n<div>\n<div>\n<div>\n<div>\n<h3><span style=\"font-size: 24pt;\">Informaci\u00f3n sobre las cookies<\/span><\/h3>\n<p><em>\u00bfQu\u00e9 son las cookies?<\/em><br \/>Una cookie es un archivo que puede utilizarse para almacenar informaci\u00f3n durante un periodo de tiempo determinado.<\/p>\n<p><em>\u00bfCu\u00e1les son los distintos tipos de galletas?<\/em><br \/><b>Se necesitan urgentemente galletas<\/b><br \/>Este tipo de cookies siempre est\u00e1n activadas, ya que son necesarias para las funciones b\u00e1sicas del sitio web. Esto incluye las cookies, que pueden utilizarse para almacenar por d\u00f3nde se mueve usted en el sitio.<\/p>\n<p><b>Funcionalidad y rendimiento<\/b><br \/>Estas cookies anal\u00edticas pueden utilizarse para mejorar la funcionalidad del sitio mediante el seguimiento an\u00f3nimo del comportamiento del usuario. Estas cookies tambi\u00e9n pueden aumentar la velocidad con la que se procesan las solicitudes, por ejemplo. Esto incluye tambi\u00e9n la comunicaci\u00f3n con Facebook, Twitter u otras redes sociales.<\/p>\n<p><em>Por las siguientes razones ebets GmbH utiliza <\/em><em>utiliza los datos recogidos en el sitio web:<\/em><\/p>\n<ul>\n<li>para que podamos ofrecerle la informaci\u00f3n y los servicios que necesita con la mejor calidad<\/li>\n<li>para poder ofrecerle una experiencia personalizada en nuestro sitio web<\/li>\n<li>para que podamos enviarle informaci\u00f3n y anuncios sobre nuestro sitio web<\/li>\n<li>para que podamos comprender mejor sus necesidades e intereses y optimizar as\u00ed nuestro sitio web y nuestras ofertas<\/li>\n<\/ul>\n<\/div>\n<\/div>\n<\/div>\n<\/div>\n<\/div>\n<\/div>\n\t\t\t\t\t\t\t\t<\/div>\n\t\t\t\t<\/div>\n\t\t\t\t<div class=\"elementor-element elementor-element-73f7256 elementor-widget elementor-widget-spacer\" data-id=\"73f7256\" data-element_type=\"widget\" data-e-type=\"widget\" data-widget_type=\"spacer.default\">\n\t\t\t\t<div class=\"elementor-widget-container\">\n\t\t\t\t\t\t\t<div class=\"elementor-spacer\">\n\t\t\t<div class=\"elementor-spacer-inner\"><\/div>\n\t\t<\/div>\n\t\t\t\t\t\t<\/div>\n\t\t\t\t<\/div>\n\t\t\t\t\t<\/div>\n\t\t<\/div>\n\t\t\t\t\t<\/div>\n\t\t<\/section>\n\t\t\t\t<\/div>\n\t\t","protected":false},"excerpt":{"rendered":"<p>Pol\u00edtica de privacidad [ga_optout] Alcance Nos preocupa mucho proteger su intimidad y su esfera personal cuando utiliza nuestro sitio web. Esta declaraci\u00f3n de protecci\u00f3n de datos le informa sobre la naturaleza, el alcance y la [&hellip;]<\/p>\n","protected":false},"author":2,"featured_media":0,"parent":0,"menu_order":0,"comment_status":"closed","ping_status":"closed","template":"","meta":{"site-sidebar-layout":"no-sidebar","site-content-layout":"page-builder","ast-site-content-layout":"default","site-content-style":"default","site-sidebar-style":"default","ast-global-header-display":"","ast-banner-title-visibility":"","ast-main-header-display":"","ast-hfb-above-header-display":"","ast-hfb-below-header-display":"","ast-hfb-mobile-header-display":"","site-post-title":"disabled","ast-breadcrumbs-content":"","ast-featured-img":"disabled","footer-sml-layout":"","ast-disable-related-posts":"","theme-transparent-header-meta":"enabled","adv-header-id-meta":"","stick-header-meta":"default","header-above-stick-meta":"","header-main-stick-meta":"","header-below-stick-meta":"","astra-migrate-meta-layouts":"default","ast-page-background-enabled":"default","ast-page-background-meta":{"desktop":{"background-color":"","background-image":"","background-repeat":"repeat","background-position":"center center","background-size":"auto","background-attachment":"scroll","background-type":"","background-media":"","overlay-type":"","overlay-color":"","overlay-opacity":"","overlay-gradient":""},"tablet":{"background-color":"","background-image":"","background-repeat":"repeat","background-position":"center center","background-size":"auto","background-attachment":"scroll","background-type":"","background-media":"","overlay-type":"","overlay-color":"","overlay-opacity":"","overlay-gradient":""},"mobile":{"background-color":"","background-image":"","background-repeat":"repeat","background-position":"center center","background-size":"auto","background-attachment":"scroll","background-type":"","background-media":"","overlay-type":"","overlay-color":"","overlay-opacity":"","overlay-gradient":""}},"ast-content-background-meta":{"desktop":{"background-color":"var(--ast-global-color-5)","background-image":"","background-repeat":"repeat","background-position":"center center","background-size":"auto","background-attachment":"scroll","background-type":"","background-media":"","overlay-type":"","overlay-color":"","overlay-opacity":"","overlay-gradient":""},"tablet":{"background-color":"var(--ast-global-color-5)","background-image":"","background-repeat":"repeat","background-position":"center center","background-size":"auto","background-attachment":"scroll","background-type":"","background-media":"","overlay-type":"","overlay-color":"","overlay-opacity":"","overlay-gradient":""},"mobile":{"background-color":"var(--ast-global-color-5)","background-image":"","background-repeat":"repeat","background-position":"center center","background-size":"auto","background-attachment":"scroll","background-type":"","background-media":"","overlay-type":"","overlay-color":"","overlay-opacity":"","overlay-gradient":""}},"footnotes":""},"class_list":["post-12593","page","type-page","status-publish","hentry"],"_links":{"self":[{"href":"https:\/\/sinnup.com\/es\/wp-json\/wp\/v2\/pages\/12593","targetHints":{"allow":["GET"]}}],"collection":[{"href":"https:\/\/sinnup.com\/es\/wp-json\/wp\/v2\/pages"}],"about":[{"href":"https:\/\/sinnup.com\/es\/wp-json\/wp\/v2\/types\/page"}],"author":[{"embeddable":true,"href":"https:\/\/sinnup.com\/es\/wp-json\/wp\/v2\/users\/2"}],"replies":[{"embeddable":true,"href":"https:\/\/sinnup.com\/es\/wp-json\/wp\/v2\/comments?post=12593"}],"version-history":[{"count":4,"href":"https:\/\/sinnup.com\/es\/wp-json\/wp\/v2\/pages\/12593\/revisions"}],"predecessor-version":[{"id":31565,"href":"https:\/\/sinnup.com\/es\/wp-json\/wp\/v2\/pages\/12593\/revisions\/31565"}],"wp:attachment":[{"href":"https:\/\/sinnup.com\/es\/wp-json\/wp\/v2\/media?parent=12593"}],"curies":[{"name":"wp","href":"https:\/\/api.w.org\/{rel}","templated":true}]}}