{"id":12672,"date":"2022-11-24T13:05:40","date_gmt":"2022-11-24T12:05:40","guid":{"rendered":"http:\/\/sinnup.com\/blog-sinnup\/"},"modified":"2024-07-10T14:21:32","modified_gmt":"2024-07-10T12:21:32","slug":"blog-sinnup","status":"publish","type":"page","link":"https:\/\/sinnup.com\/es\/blog-sinnup\/","title":{"rendered":"Blog"},"content":{"rendered":"\t\t<div data-elementor-type=\"wp-page\" data-elementor-id=\"12672\" class=\"elementor elementor-12672 elementor-6947\" data-elementor-post-type=\"page\">\n\t\t\t\t\t\t<section class=\"elementor-section elementor-top-section elementor-element elementor-element-6154137 elementor-section-height-min-height elementor-hidden-desktop elementor-hidden-tablet elementor-section-boxed elementor-section-height-default elementor-section-items-middle\" data-id=\"6154137\" data-element_type=\"section\" data-e-type=\"section\" data-settings=\"{&quot;background_background&quot;:&quot;gradient&quot;}\">\n\t\t\t\t\t\t<div class=\"elementor-container elementor-column-gap-default\">\n\t\t\t\t\t<div class=\"elementor-column elementor-col-100 elementor-top-column elementor-element elementor-element-db45f6f\" data-id=\"db45f6f\" data-element_type=\"column\" data-e-type=\"column\">\n\t\t\t<div class=\"elementor-widget-wrap\">\n\t\t\t\t\t\t\t<\/div>\n\t\t<\/div>\n\t\t\t\t\t<\/div>\n\t\t<\/section>\n\t\t\t\t<section class=\"elementor-section elementor-top-section elementor-element elementor-element-2f28c46 elementor-section-full_width elementor-section-height-default elementor-section-height-default\" data-id=\"2f28c46\" data-element_type=\"section\" data-e-type=\"section\" data-settings=\"{&quot;background_background&quot;:&quot;gradient&quot;}\">\n\t\t\t\t\t\t<div class=\"elementor-container elementor-column-gap-default\">\n\t\t\t\t\t<div class=\"elementor-column elementor-col-100 elementor-top-column elementor-element elementor-element-7ef82fa\" data-id=\"7ef82fa\" data-element_type=\"column\" data-e-type=\"column\">\n\t\t\t<div class=\"elementor-widget-wrap elementor-element-populated\">\n\t\t\t\t\t\t<section class=\"elementor-section elementor-inner-section elementor-element elementor-element-b959e6e elementor-section-full_width elementor-section-height-min-height elementor-section-height-default\" data-id=\"b959e6e\" data-element_type=\"section\" data-e-type=\"section\" data-settings=\"{&quot;background_background&quot;:&quot;classic&quot;}\">\n\t\t\t\t\t\t<div class=\"elementor-container elementor-column-gap-default\">\n\t\t\t\t\t<div class=\"elementor-column elementor-col-100 elementor-inner-column elementor-element elementor-element-4d33713\" data-id=\"4d33713\" data-element_type=\"column\" data-e-type=\"column\">\n\t\t\t<div class=\"elementor-widget-wrap\">\n\t\t\t\t\t\t\t<\/div>\n\t\t<\/div>\n\t\t\t\t\t<\/div>\n\t\t<\/section>\n\t\t\t\t<section class=\"elementor-section elementor-inner-section elementor-element elementor-element-2de49ff elementor-section-boxed elementor-section-height-default elementor-section-height-default\" data-id=\"2de49ff\" data-element_type=\"section\" data-e-type=\"section\">\n\t\t\t\t\t\t<div class=\"elementor-container elementor-column-gap-default\">\n\t\t\t\t\t<div class=\"elementor-column elementor-col-100 elementor-inner-column elementor-element elementor-element-6886a9f\" data-id=\"6886a9f\" data-element_type=\"column\" data-e-type=\"column\">\n\t\t\t<div class=\"elementor-widget-wrap elementor-element-populated\">\n\t\t\t\t\t\t<div class=\"elementor-element elementor-element-9ec8c80 elementor-hidden-desktop elementor-hidden-tablet elementor-widget elementor-widget-spacer\" data-id=\"9ec8c80\" data-element_type=\"widget\" data-e-type=\"widget\" data-widget_type=\"spacer.default\">\n\t\t\t\t<div class=\"elementor-widget-container\">\n\t\t\t\t\t\t\t<div class=\"elementor-spacer\">\n\t\t\t<div class=\"elementor-spacer-inner\"><\/div>\n\t\t<\/div>\n\t\t\t\t\t\t<\/div>\n\t\t\t\t<\/div>\n\t\t\t\t<div class=\"elementor-element elementor-element-e86facf elementor-widget elementor-widget-heading\" data-id=\"e86facf\" data-element_type=\"widget\" data-e-type=\"widget\" data-widget_type=\"heading.default\">\n\t\t\t\t<div class=\"elementor-widget-container\">\n\t\t\t\t\t<h1 class=\"elementor-heading-title elementor-size-xl\">Blog sobre WEB, SEO y NFC.<\/h1>\t\t\t\t<\/div>\n\t\t\t\t<\/div>\n\t\t\t\t<div class=\"elementor-element elementor-element-2eac676 elementor-widget elementor-widget-text-editor\" data-id=\"2eac676\" data-element_type=\"widget\" data-e-type=\"widget\" data-widget_type=\"text-editor.default\">\n\t\t\t\t<div class=\"elementor-widget-container\">\n\t\t\t\t\t\t\t\t\t<h2 style=\"text-align: center;\"><span style=\"font-size: 18pt;\">En este blog publicamos art\u00edculos interesantes sobre temas de actualidad para usted.<\/span><\/h2>\n\t\t\t\t\t\t\t\t<\/div>\n\t\t\t\t<\/div>\n\t\t\t\t<div class=\"elementor-element elementor-element-f37d76e elementor-widget elementor-widget-spacer\" data-id=\"f37d76e\" data-element_type=\"widget\" data-e-type=\"widget\" data-widget_type=\"spacer.default\">\n\t\t\t\t<div class=\"elementor-widget-container\">\n\t\t\t\t\t\t\t<div class=\"elementor-spacer\">\n\t\t\t<div class=\"elementor-spacer-inner\"><\/div>\n\t\t<\/div>\n\t\t\t\t\t\t<\/div>\n\t\t\t\t<\/div>\n\t\t\t\t<div class=\"elementor-element elementor-element-e0680a2 elementor-widget elementor-widget-heading\" data-id=\"e0680a2\" data-element_type=\"widget\" data-e-type=\"widget\" data-widget_type=\"heading.default\">\n\t\t\t\t<div class=\"elementor-widget-container\">\n\t\t\t\t\t<h2 class=\"elementor-heading-title elementor-size-large\">Nuestras \u00faltimas publicaciones:<\/h2>\t\t\t\t<\/div>\n\t\t\t\t<\/div>\n\t\t\t\t<div class=\"elementor-element elementor-element-710b2b4 elementor-widget elementor-widget-spacer\" data-id=\"710b2b4\" data-element_type=\"widget\" data-e-type=\"widget\" data-widget_type=\"spacer.default\">\n\t\t\t\t<div class=\"elementor-widget-container\">\n\t\t\t\t\t\t\t<div class=\"elementor-spacer\">\n\t\t\t<div class=\"elementor-spacer-inner\"><\/div>\n\t\t<\/div>\n\t\t\t\t\t\t<\/div>\n\t\t\t\t<\/div>\n\t\t\t\t<div class=\"elementor-element elementor-element-9b48736 elementor-grid-2 elementor-grid-tablet-2 elementor-grid-mobile-1 elementor-posts--thumbnail-top elementor-widget elementor-widget-posts\" data-id=\"9b48736\" data-element_type=\"widget\" data-e-type=\"widget\" data-settings=\"{&quot;classic_columns&quot;:&quot;2&quot;,&quot;pagination_type&quot;:&quot;numbers&quot;,&quot;classic_columns_tablet&quot;:&quot;2&quot;,&quot;classic_columns_mobile&quot;:&quot;1&quot;,&quot;classic_row_gap&quot;:{&quot;unit&quot;:&quot;px&quot;,&quot;size&quot;:35,&quot;sizes&quot;:[]},&quot;classic_row_gap_tablet&quot;:{&quot;unit&quot;:&quot;px&quot;,&quot;size&quot;:&quot;&quot;,&quot;sizes&quot;:[]},&quot;classic_row_gap_mobile&quot;:{&quot;unit&quot;:&quot;px&quot;,&quot;size&quot;:&quot;&quot;,&quot;sizes&quot;:[]}}\" data-widget_type=\"posts.classic\">\n\t\t\t\t<div class=\"elementor-widget-container\">\n\t\t\t\t\t\t\t<div class=\"elementor-posts-container elementor-posts elementor-posts--skin-classic elementor-grid\" role=\"list\">\n\t\t\t\t<article class=\"elementor-post elementor-grid-item post-29723 post type-post status-publish format-standard has-post-thumbnail hentry category-marketing-es\" role=\"listitem\">\n\t\t\t\t<a class=\"elementor-post__thumbnail__link\" href=\"https:\/\/sinnup.com\/es\/sitio-web-profesional-comparado-con-el-sistema-modular\/\" tabindex=\"-1\" >\n\t\t\t<div class=\"elementor-post__thumbnail\"><img fetchpriority=\"high\" decoding=\"async\" width=\"512\" height=\"512\" src=\"https:\/\/sinnup.com\/wp-content\/uploads\/2023\/08\/Vorteile-einer-professionellen-Website-im-Vergleich-zu-einer-Website-aus-einem-Baukastensystem_Sinnup-Blog.jpg\" class=\"attachment-full size-full wp-image-29573\" alt=\"Vorteile einer professionellen Website im Vergleich zu einer Website aus einem Baukastensystem - Sinnup Blog\" srcset=\"https:\/\/sinnup.com\/wp-content\/uploads\/2023\/08\/Vorteile-einer-professionellen-Website-im-Vergleich-zu-einer-Website-aus-einem-Baukastensystem_Sinnup-Blog.jpg 512w, https:\/\/sinnup.com\/wp-content\/uploads\/2023\/08\/Vorteile-einer-professionellen-Website-im-Vergleich-zu-einer-Website-aus-einem-Baukastensystem_Sinnup-Blog-300x300.jpg 300w, https:\/\/sinnup.com\/wp-content\/uploads\/2023\/08\/Vorteile-einer-professionellen-Website-im-Vergleich-zu-einer-Website-aus-einem-Baukastensystem_Sinnup-Blog-150x150.jpg 150w\" sizes=\"(max-width: 512px) 100vw, 512px\" \/><\/div>\n\t\t<\/a>\n\t\t\t\t<div class=\"elementor-post__text\">\n\t\t\t\t<h3 class=\"elementor-post__title\">\n\t\t\t<a href=\"https:\/\/sinnup.com\/es\/sitio-web-profesional-comparado-con-el-sistema-modular\/\" >\n\t\t\t\tPor qu\u00e9 un sitio profesional en WordPress es mejor que un sitio web modular\t\t\t<\/a>\n\t\t<\/h3>\n\t\t\t\t<div class=\"elementor-post__meta-data\">\n\t\t\t\t\t<span class=\"elementor-post-author\">\n\t\t\tJ. Krausgruber\t\t<\/span>\n\t\t\t\t<span class=\"elementor-post-date\">\n\t\t\t30 de agosto de 2023\t\t<\/span>\n\t\t\t\t<\/div>\n\t\t\t\t<div class=\"elementor-post__excerpt\">\n\t\t\t<p>Si desea crear un sitio web para su negocio, afici\u00f3n o marca personal, tiene muchas opciones entre las que elegir. Una de ellas es utilizar un sitio web modular que le ofrezca plantillas ya preparadas<\/p>\n\t\t<\/div>\n\t\t\n\t\t<a class=\"elementor-post__read-more\" href=\"https:\/\/sinnup.com\/es\/sitio-web-profesional-comparado-con-el-sistema-modular\/\" aria-label=\"M\u00e1s informaci\u00f3n sobre Por qu\u00e9 un sitio profesional en WordPress es mejor que un sitio web modular\" tabindex=\"-1\" >\n\t\t\tLeer m\u00e1s \"\t\t<\/a>\n\n\t\t\t\t<\/div>\n\t\t\t\t<\/article>\n\t\t\t\t<article class=\"elementor-post elementor-grid-item post-29633 post type-post status-publish format-standard has-post-thumbnail hentry category-marketing-es\" role=\"listitem\">\n\t\t\t\t<a class=\"elementor-post__thumbnail__link\" href=\"https:\/\/sinnup.com\/es\/las-tendencias-seo-mas-importantes-para-2023\/\" tabindex=\"-1\" >\n\t\t\t<div class=\"elementor-post__thumbnail\"><img decoding=\"async\" width=\"512\" height=\"512\" src=\"https:\/\/sinnup.com\/wp-content\/uploads\/2023\/08\/Die-wichtigsten-Seo-Trends-fuer-2023_Sinnup-Blog.jpg\" class=\"attachment-full size-full wp-image-29566\" alt=\"Die wichtigsten Seo-Trends f\u00fcr 2023 - Sinnup Blog\" srcset=\"https:\/\/sinnup.com\/wp-content\/uploads\/2023\/08\/Die-wichtigsten-Seo-Trends-fuer-2023_Sinnup-Blog.jpg 512w, https:\/\/sinnup.com\/wp-content\/uploads\/2023\/08\/Die-wichtigsten-Seo-Trends-fuer-2023_Sinnup-Blog-300x300.jpg 300w, https:\/\/sinnup.com\/wp-content\/uploads\/2023\/08\/Die-wichtigsten-Seo-Trends-fuer-2023_Sinnup-Blog-150x150.jpg 150w\" sizes=\"(max-width: 512px) 100vw, 512px\" \/><\/div>\n\t\t<\/a>\n\t\t\t\t<div class=\"elementor-post__text\">\n\t\t\t\t<h3 class=\"elementor-post__title\">\n\t\t\t<a href=\"https:\/\/sinnup.com\/es\/las-tendencias-seo-mas-importantes-para-2023\/\" >\n\t\t\t\tLas tendencias SEO m\u00e1s importantes para 2023\t\t\t<\/a>\n\t\t<\/h3>\n\t\t\t\t<div class=\"elementor-post__meta-data\">\n\t\t\t\t\t<span class=\"elementor-post-author\">\n\t\t\tJ. Krausgruber\t\t<\/span>\n\t\t\t\t<span class=\"elementor-post-date\">\n\t\t\t16 de agosto de 2023\t\t<\/span>\n\t\t\t\t<\/div>\n\t\t\t\t<div class=\"elementor-post__excerpt\">\n\t\t\t<p>Google est\u00e1 en constante evoluci\u00f3n y los factores de clasificaci\u00f3n SEO tambi\u00e9n cambian constantemente. Estas son algunas de las tendencias SEO m\u00e1s importantes para 2023: Optimizaci\u00f3n m\u00f3vil Cada vez m\u00e1s personas utilizan Internet a trav\u00e9s<\/p>\n\t\t<\/div>\n\t\t\n\t\t<a class=\"elementor-post__read-more\" href=\"https:\/\/sinnup.com\/es\/las-tendencias-seo-mas-importantes-para-2023\/\" aria-label=\"M\u00e1s informaci\u00f3n sobre Las tendencias SEO m\u00e1s importantes para 2023\" tabindex=\"-1\" >\n\t\t\tLeer m\u00e1s \"\t\t<\/a>\n\n\t\t\t\t<\/div>\n\t\t\t\t<\/article>\n\t\t\t\t<article class=\"elementor-post elementor-grid-item post-29584 post type-post status-publish format-standard has-post-thumbnail hentry category-marketing-es\" role=\"listitem\">\n\t\t\t\t<a class=\"elementor-post__thumbnail__link\" href=\"https:\/\/sinnup.com\/es\/10-puntos-para-el-exito-del-lanzamiento-en-linea-de-un-sitio-web\/\" tabindex=\"-1\" >\n\t\t\t<div class=\"elementor-post__thumbnail\"><img decoding=\"async\" width=\"512\" height=\"512\" src=\"https:\/\/sinnup.com\/wp-content\/uploads\/2023\/08\/10-Punkte-fuer-einen-erfolgreichen-Onlinegang-einer-Website_Sinnup-Blog.jpg\" class=\"attachment-full size-full wp-image-29559\" alt=\"10 Punkte f\u00fcr einen erfolgreichen Onlinegang einer Website - Sinnup Blog\" srcset=\"https:\/\/sinnup.com\/wp-content\/uploads\/2023\/08\/10-Punkte-fuer-einen-erfolgreichen-Onlinegang-einer-Website_Sinnup-Blog.jpg 512w, https:\/\/sinnup.com\/wp-content\/uploads\/2023\/08\/10-Punkte-fuer-einen-erfolgreichen-Onlinegang-einer-Website_Sinnup-Blog-300x300.jpg 300w, https:\/\/sinnup.com\/wp-content\/uploads\/2023\/08\/10-Punkte-fuer-einen-erfolgreichen-Onlinegang-einer-Website_Sinnup-Blog-150x150.jpg 150w\" sizes=\"(max-width: 512px) 100vw, 512px\" \/><\/div>\n\t\t<\/a>\n\t\t\t\t<div class=\"elementor-post__text\">\n\t\t\t\t<h3 class=\"elementor-post__title\">\n\t\t\t<a href=\"https:\/\/sinnup.com\/es\/10-puntos-para-el-exito-del-lanzamiento-en-linea-de-un-sitio-web\/\" >\n\t\t\t\t10 puntos para el \u00e9xito del lanzamiento en l\u00ednea de un sitio web\t\t\t<\/a>\n\t\t<\/h3>\n\t\t\t\t<div class=\"elementor-post__meta-data\">\n\t\t\t\t\t<span class=\"elementor-post-author\">\n\t\t\tJ. Krausgruber\t\t<\/span>\n\t\t\t\t<span class=\"elementor-post-date\">\n\t\t\t2 de agosto de 2023\t\t<\/span>\n\t\t\t\t<\/div>\n\t\t\t\t<div class=\"elementor-post__excerpt\">\n\t\t\t<p>1. Defina sus objetivos \u00bfQu\u00e9 quiere conseguir con su sitio web? \u00bfQuiere atraer a m\u00e1s clientes, promocionar su marca o simplemente presentar sus productos o servicios? Una vez que conozca sus objetivos, podr\u00e1 alinear su<\/p>\n\t\t<\/div>\n\t\t\n\t\t<a class=\"elementor-post__read-more\" href=\"https:\/\/sinnup.com\/es\/10-puntos-para-el-exito-del-lanzamiento-en-linea-de-un-sitio-web\/\" aria-label=\"M\u00e1s informaci\u00f3n sobre 10 puntos para el \u00e9xito del lanzamiento en l\u00ednea de un sitio web\" tabindex=\"-1\" >\n\t\t\tLeer m\u00e1s \"\t\t<\/a>\n\n\t\t\t\t<\/div>\n\t\t\t\t<\/article>\n\t\t\t\t<article class=\"elementor-post elementor-grid-item post-24644 post type-post status-publish format-standard has-post-thumbnail hentry category-marketing-es category-tecnologia-es\" role=\"listitem\">\n\t\t\t\t<a class=\"elementor-post__thumbnail__link\" href=\"https:\/\/sinnup.com\/es\/gpt3-inteligencia-artificial-en-alza\/\" tabindex=\"-1\" >\n\t\t\t<div class=\"elementor-post__thumbnail\"><img loading=\"lazy\" decoding=\"async\" width=\"512\" height=\"512\" src=\"https:\/\/sinnup.com\/wp-content\/uploads\/2023\/01\/GPT3-Kuenstliche-Intelligenz-auf-dem-Vormarsch.-Sinnup-wir-machen-digitales-greifbar.png\" class=\"attachment-full size-full wp-image-23380\" alt=\"GPT3 K\u00fcnstliche Intelligenz auf dem Vormarsch. Sinnup-wir machen digitales greifbar\" srcset=\"https:\/\/sinnup.com\/wp-content\/uploads\/2023\/01\/GPT3-Kuenstliche-Intelligenz-auf-dem-Vormarsch.-Sinnup-wir-machen-digitales-greifbar.png 512w, https:\/\/sinnup.com\/wp-content\/uploads\/2023\/01\/GPT3-Kuenstliche-Intelligenz-auf-dem-Vormarsch.-Sinnup-wir-machen-digitales-greifbar-300x300.png 300w, https:\/\/sinnup.com\/wp-content\/uploads\/2023\/01\/GPT3-Kuenstliche-Intelligenz-auf-dem-Vormarsch.-Sinnup-wir-machen-digitales-greifbar-150x150.png 150w, https:\/\/sinnup.com\/wp-content\/uploads\/2023\/01\/GPT3-Kuenstliche-Intelligenz-auf-dem-Vormarsch.-Sinnup-wir-machen-digitales-greifbar-400x400.png 400w, https:\/\/sinnup.com\/wp-content\/uploads\/2023\/01\/GPT3-Kuenstliche-Intelligenz-auf-dem-Vormarsch.-Sinnup-wir-machen-digitales-greifbar-100x100.png 100w\" sizes=\"(max-width: 512px) 100vw, 512px\" \/><\/div>\n\t\t<\/a>\n\t\t\t\t<div class=\"elementor-post__text\">\n\t\t\t\t<h3 class=\"elementor-post__title\">\n\t\t\t<a href=\"https:\/\/sinnup.com\/es\/gpt3-inteligencia-artificial-en-alza\/\" >\n\t\t\t\tGPT3: Inteligencia artificial en alza.\t\t\t<\/a>\n\t\t<\/h3>\n\t\t\t\t<div class=\"elementor-post__meta-data\">\n\t\t\t\t\t<span class=\"elementor-post-author\">\n\t\t\tJ. Krausgruber\t\t<\/span>\n\t\t\t\t<span class=\"elementor-post-date\">\n\t\t\t16 de enero de 2023\t\t<\/span>\n\t\t\t\t<\/div>\n\t\t\t\t<div class=\"elementor-post__excerpt\">\n\t\t\t<p>\u00bfQu\u00e9 es la Inteligencia Artificial (IA)? La inteligencia artificial (IA) es una tecnolog\u00eda que permite a ordenadores y m\u00e1quinas imitar las capacidades humanas. La IA se utiliza para resolver problemas complejos y tomar decisiones dif\u00edciles<\/p>\n\t\t<\/div>\n\t\t\n\t\t<a class=\"elementor-post__read-more\" href=\"https:\/\/sinnup.com\/es\/gpt3-inteligencia-artificial-en-alza\/\" aria-label=\"M\u00e1s informaci\u00f3n sobre GPT3: Inteligencia artificial en alza.\" tabindex=\"-1\" >\n\t\t\tLeer m\u00e1s \"\t\t<\/a>\n\n\t\t\t\t<\/div>\n\t\t\t\t<\/article>\n\t\t\t\t<article class=\"elementor-post elementor-grid-item post-12939 post type-post status-publish format-standard has-post-thumbnail hentry category-marketing-es\" role=\"listitem\">\n\t\t\t\t<a class=\"elementor-post__thumbnail__link\" href=\"https:\/\/sinnup.com\/es\/crossmedia-campanas-digitales-con-valor-anadido-tactil-a-traves-de-nfc\/\" tabindex=\"-1\" >\n\t\t\t<div class=\"elementor-post__thumbnail\"><img loading=\"lazy\" decoding=\"async\" width=\"1600\" height=\"954\" src=\"https:\/\/sinnup.com\/wp-content\/uploads\/2022\/11\/Crossmedia-digitale-Kampagnen-mit-haptischem-Mehrwert-durch-NFC.jpg\" class=\"attachment-full size-full wp-image-8561\" alt=\"Crossmedia - digitale Kampagnen mit haptischem Mehrwert durch NFC\" srcset=\"https:\/\/sinnup.com\/wp-content\/uploads\/2022\/11\/Crossmedia-digitale-Kampagnen-mit-haptischem-Mehrwert-durch-NFC.jpg 1600w, https:\/\/sinnup.com\/wp-content\/uploads\/2022\/11\/Crossmedia-digitale-Kampagnen-mit-haptischem-Mehrwert-durch-NFC-300x179.jpg 300w, https:\/\/sinnup.com\/wp-content\/uploads\/2022\/11\/Crossmedia-digitale-Kampagnen-mit-haptischem-Mehrwert-durch-NFC-1024x611.jpg 1024w, https:\/\/sinnup.com\/wp-content\/uploads\/2022\/11\/Crossmedia-digitale-Kampagnen-mit-haptischem-Mehrwert-durch-NFC-768x458.jpg 768w, https:\/\/sinnup.com\/wp-content\/uploads\/2022\/11\/Crossmedia-digitale-Kampagnen-mit-haptischem-Mehrwert-durch-NFC-1536x916.jpg 1536w, https:\/\/sinnup.com\/wp-content\/uploads\/2022\/11\/Crossmedia-digitale-Kampagnen-mit-haptischem-Mehrwert-durch-NFC-600x358.jpg 600w\" sizes=\"(max-width: 1600px) 100vw, 1600px\" \/><\/div>\n\t\t<\/a>\n\t\t\t\t<div class=\"elementor-post__text\">\n\t\t\t\t<h3 class=\"elementor-post__title\">\n\t\t\t<a href=\"https:\/\/sinnup.com\/es\/crossmedia-campanas-digitales-con-valor-anadido-tactil-a-traves-de-nfc\/\" >\n\t\t\t\tCrossmedia: campa\u00f1as digitales con valor a\u00f1adido t\u00e1ctil a trav\u00e9s de NFC\t\t\t<\/a>\n\t\t<\/h3>\n\t\t\t\t<div class=\"elementor-post__meta-data\">\n\t\t\t\t\t<span class=\"elementor-post-author\">\n\t\t\tJ. Krausgruber\t\t<\/span>\n\t\t\t\t<span class=\"elementor-post-date\">\n\t\t\t27 de noviembre de 2022\t\t<\/span>\n\t\t\t\t<\/div>\n\t\t\t\t<div class=\"elementor-post__excerpt\">\n\t\t\t<p>La industria publicitaria, como muchas otras, est\u00e1 sometida a cambios constantes. Aunque los anuncios en peri\u00f3dicos o revistas sol\u00edan ser uno de los principales canales de comunicaci\u00f3n empresarial, primero se a\u00f1adieron medios como el cine,<\/p>\n\t\t<\/div>\n\t\t\n\t\t<a class=\"elementor-post__read-more\" href=\"https:\/\/sinnup.com\/es\/crossmedia-campanas-digitales-con-valor-anadido-tactil-a-traves-de-nfc\/\" aria-label=\"M\u00e1s informaci\u00f3n sobre Crossmedia: campa\u00f1as digitales con valor a\u00f1adido t\u00e1ctil a trav\u00e9s de NFC\" tabindex=\"-1\" >\n\t\t\tLeer m\u00e1s \"\t\t<\/a>\n\n\t\t\t\t<\/div>\n\t\t\t\t<\/article>\n\t\t\t\t<article class=\"elementor-post elementor-grid-item post-13259 post type-post status-publish format-standard has-post-thumbnail hentry category-tecnologia-es\" role=\"listitem\">\n\t\t\t\t<a class=\"elementor-post__thumbnail__link\" href=\"https:\/\/sinnup.com\/es\/la-web-3-0-explicada-mediante-la-tecnologia-blockchain\/\" tabindex=\"-1\" >\n\t\t\t<div class=\"elementor-post__thumbnail\"><img loading=\"lazy\" decoding=\"async\" width=\"605\" height=\"379\" src=\"https:\/\/sinnup.com\/wp-content\/uploads\/2022\/11\/Das-Web-3.0-anhand-der-Blockchain-Technologie-erklaert.jpg\" class=\"attachment-full size-full wp-image-8602\" alt=\"Das Web 3.0 anhand der Blockchain-Technologie erkl\u00e4rt\" srcset=\"https:\/\/sinnup.com\/wp-content\/uploads\/2022\/11\/Das-Web-3.0-anhand-der-Blockchain-Technologie-erklaert.jpg 605w, https:\/\/sinnup.com\/wp-content\/uploads\/2022\/11\/Das-Web-3.0-anhand-der-Blockchain-Technologie-erklaert-300x188.jpg 300w, https:\/\/sinnup.com\/wp-content\/uploads\/2022\/11\/Das-Web-3.0-anhand-der-Blockchain-Technologie-erklaert-600x376.jpg 600w\" sizes=\"(max-width: 605px) 100vw, 605px\" \/><\/div>\n\t\t<\/a>\n\t\t\t\t<div class=\"elementor-post__text\">\n\t\t\t\t<h3 class=\"elementor-post__title\">\n\t\t\t<a href=\"https:\/\/sinnup.com\/es\/la-web-3-0-explicada-mediante-la-tecnologia-blockchain\/\" >\n\t\t\t\tLa Web 3.0 explicada mediante la tecnolog\u00eda blockchain\t\t\t<\/a>\n\t\t<\/h3>\n\t\t\t\t<div class=\"elementor-post__meta-data\">\n\t\t\t\t\t<span class=\"elementor-post-author\">\n\t\t\tJ. Krausgruber\t\t<\/span>\n\t\t\t\t<span class=\"elementor-post-date\">\n\t\t\t5 de julio de 2022\t\t<\/span>\n\t\t\t\t<\/div>\n\t\t\t\t<div class=\"elementor-post__excerpt\">\n\t\t\t<p>Web 3.0 es el t\u00e9rmino utilizado para describir la tercera generaci\u00f3n de servicios de Internet. Se trata de crear sitios web inteligentes y conectados en red. Para ello, los servicios de Internet se centran en<\/p>\n\t\t<\/div>\n\t\t\n\t\t<a class=\"elementor-post__read-more\" href=\"https:\/\/sinnup.com\/es\/la-web-3-0-explicada-mediante-la-tecnologia-blockchain\/\" aria-label=\"M\u00e1s informaci\u00f3n sobre La Web 3.0 explicada mediante la tecnolog\u00eda blockchain\" tabindex=\"-1\" >\n\t\t\tLeer m\u00e1s \"\t\t<\/a>\n\n\t\t\t\t<\/div>\n\t\t\t\t<\/article>\n\t\t\t\t<\/div>\n\t\t\n\t\t\t\t<div class=\"e-load-more-anchor\" data-page=\"1\" data-max-page=\"7\" data-next-page=\"https:\/\/sinnup.com\/es\/wp-json\/wp\/v2\/pages\/12672\/page\/2\/\"><\/div>\n\t\t\t\t<nav class=\"elementor-pagination\" aria-label=\"Paginaci\u00f3n\">\n\t\t\t<span aria-current=\"page\" class=\"page-numbers current\"><span class=\"elementor-screen-only\">P\u00e1gina<\/span>1<\/span>\n<a class=\"page-numbers\" href=\"https:\/\/sinnup.com\/es\/wp-json\/wp\/v2\/pages\/12672\/page\/2\/\"><span class=\"elementor-screen-only\">P\u00e1gina<\/span>2<\/a>\n<a class=\"page-numbers\" href=\"https:\/\/sinnup.com\/es\/wp-json\/wp\/v2\/pages\/12672\/page\/3\/\"><span class=\"elementor-screen-only\">P\u00e1gina<\/span>3<\/a>\n<a class=\"page-numbers\" href=\"https:\/\/sinnup.com\/es\/wp-json\/wp\/v2\/pages\/12672\/page\/4\/\"><span class=\"elementor-screen-only\">P\u00e1gina<\/span>4<\/a>\n<a class=\"page-numbers\" href=\"https:\/\/sinnup.com\/es\/wp-json\/wp\/v2\/pages\/12672\/page\/5\/\"><span class=\"elementor-screen-only\">P\u00e1gina<\/span>5<\/a>\t\t<\/nav>\n\t\t\t\t\t\t<\/div>\n\t\t\t\t<\/div>\n\t\t\t\t\t<\/div>\n\t\t<\/div>\n\t\t\t\t\t<\/div>\n\t\t<\/section>\n\t\t\t\t\t<\/div>\n\t\t<\/div>\n\t\t\t\t\t<\/div>\n\t\t<\/section>\n\t\t\t\t<\/div>\n\t\t","protected":false},"excerpt":{"rendered":"<p>Blog sobre WEB, SEO y NFC. En este blog publicamos art\u00edculos interesantes sobre temas de actualidad para usted. Nuestras \u00faltimas publicaciones:<\/p>\n","protected":false},"author":2,"featured_media":0,"parent":0,"menu_order":0,"comment_status":"closed","ping_status":"closed","template":"","meta":{"site-sidebar-layout":"right-sidebar","site-content-layout":"page-builder","ast-site-content-layout":"default","site-content-style":"default","site-sidebar-style":"default","ast-global-header-display":"","ast-banner-title-visibility":"","ast-main-header-display":"","ast-hfb-above-header-display":"","ast-hfb-below-header-display":"","ast-hfb-mobile-header-display":"","site-post-title":"disabled","ast-breadcrumbs-content":"","ast-featured-img":"disabled","footer-sml-layout":"","ast-disable-related-posts":"","theme-transparent-header-meta":"enabled","adv-header-id-meta":"","stick-header-meta":"default","header-above-stick-meta":"","header-main-stick-meta":"","header-below-stick-meta":"","astra-migrate-meta-layouts":"default","ast-page-background-enabled":"default","ast-page-background-meta":{"desktop":{"background-color":"","background-image":"","background-repeat":"repeat","background-position":"center center","background-size":"auto","background-attachment":"scroll","background-type":"","background-media":"","overlay-type":"","overlay-color":"","overlay-opacity":"","overlay-gradient":""},"tablet":{"background-color":"","background-image":"","background-repeat":"repeat","background-position":"center center","background-size":"auto","background-attachment":"scroll","background-type":"","background-media":"","overlay-type":"","overlay-color":"","overlay-opacity":"","overlay-gradient":""},"mobile":{"background-color":"","background-image":"","background-repeat":"repeat","background-position":"center center","background-size":"auto","background-attachment":"scroll","background-type":"","background-media":"","overlay-type":"","overlay-color":"","overlay-opacity":"","overlay-gradient":""}},"ast-content-background-meta":{"desktop":{"background-color":"var(--ast-global-color-5)","background-image":"","background-repeat":"repeat","background-position":"center center","background-size":"auto","background-attachment":"scroll","background-type":"","background-media":"","overlay-type":"","overlay-color":"","overlay-opacity":"","overlay-gradient":""},"tablet":{"background-color":"var(--ast-global-color-5)","background-image":"","background-repeat":"repeat","background-position":"center center","background-size":"auto","background-attachment":"scroll","background-type":"","background-media":"","overlay-type":"","overlay-color":"","overlay-opacity":"","overlay-gradient":""},"mobile":{"background-color":"var(--ast-global-color-5)","background-image":"","background-repeat":"repeat","background-position":"center center","background-size":"auto","background-attachment":"scroll","background-type":"","background-media":"","overlay-type":"","overlay-color":"","overlay-opacity":"","overlay-gradient":""}},"footnotes":""},"class_list":["post-12672","page","type-page","status-publish","hentry"],"_links":{"self":[{"href":"https:\/\/sinnup.com\/es\/wp-json\/wp\/v2\/pages\/12672","targetHints":{"allow":["GET"]}}],"collection":[{"href":"https:\/\/sinnup.com\/es\/wp-json\/wp\/v2\/pages"}],"about":[{"href":"https:\/\/sinnup.com\/es\/wp-json\/wp\/v2\/types\/page"}],"author":[{"embeddable":true,"href":"https:\/\/sinnup.com\/es\/wp-json\/wp\/v2\/users\/2"}],"replies":[{"embeddable":true,"href":"https:\/\/sinnup.com\/es\/wp-json\/wp\/v2\/comments?post=12672"}],"version-history":[{"count":2,"href":"https:\/\/sinnup.com\/es\/wp-json\/wp\/v2\/pages\/12672\/revisions"}],"predecessor-version":[{"id":31385,"href":"https:\/\/sinnup.com\/es\/wp-json\/wp\/v2\/pages\/12672\/revisions\/31385"}],"wp:attachment":[{"href":"https:\/\/sinnup.com\/es\/wp-json\/wp\/v2\/media?parent=12672"}],"curies":[{"name":"wp","href":"https:\/\/api.w.org\/{rel}","templated":true}]}}