{"id":13357,"date":"2022-11-15T21:26:53","date_gmt":"2022-11-15T20:26:53","guid":{"rendered":"http:\/\/sinnup.com\/seo\/"},"modified":"2024-07-10T15:23:50","modified_gmt":"2024-07-10T13:23:50","slug":"seo","status":"publish","type":"page","link":"https:\/\/sinnup.com\/es\/seo\/","title":{"rendered":"SEO"},"content":{"rendered":"\t\t<div data-elementor-type=\"wp-page\" data-elementor-id=\"13357\" class=\"elementor elementor-13357 elementor-5099\" data-elementor-post-type=\"page\">\n\t\t\t\t\t\t<section class=\"elementor-section elementor-top-section elementor-element elementor-element-6de40d3 elementor-section-height-min-height elementor-section-full_width elementor-section-stretched elementor-hidden-mobile elementor-section-height-default elementor-section-items-middle\" data-id=\"6de40d3\" data-element_type=\"section\" data-e-type=\"section\" data-settings=\"{&quot;background_background&quot;:&quot;gradient&quot;,&quot;stretch_section&quot;:&quot;section-stretched&quot;}\">\n\t\t\t\t\t\t<div class=\"elementor-container elementor-column-gap-no\">\n\t\t\t\t\t<div class=\"elementor-column elementor-col-100 elementor-top-column elementor-element elementor-element-c02dfd4\" data-id=\"c02dfd4\" data-element_type=\"column\" data-e-type=\"column\">\n\t\t\t<div class=\"elementor-widget-wrap elementor-element-populated\">\n\t\t\t\t\t\t<div class=\"elementor-element elementor-element-6aa2a6e elementor-widget elementor-widget-image\" data-id=\"6aa2a6e\" data-element_type=\"widget\" data-e-type=\"widget\" data-widget_type=\"image.default\">\n\t\t\t\t<div class=\"elementor-widget-container\">\n\t\t\t\t\t\t\t\t\t\t\t\t\t\t\t<img fetchpriority=\"high\" decoding=\"async\" width=\"2048\" height=\"1277\" src=\"https:\/\/sinnup.com\/wp-content\/uploads\/2023\/01\/SEO-von-Sinnup-damit-machen-wir-digitales-greifbar-das-Sinnup-Team-unterstuetzt-Sie-dabei-gerne-eine-Idee-weiter-gedacht-2048x1277.png\" class=\"attachment-2048x2048 size-2048x2048 wp-image-26742\" alt=\"SEO von Sinnup - damit machen wir digitales greifbar - das Sinnup Team unterst\u00fctzt Sie dabei gerne-eine Idee weiter gedacht\" srcset=\"https:\/\/sinnup.com\/wp-content\/uploads\/2023\/01\/SEO-von-Sinnup-damit-machen-wir-digitales-greifbar-das-Sinnup-Team-unterstuetzt-Sie-dabei-gerne-eine-Idee-weiter-gedacht.png 2048w, https:\/\/sinnup.com\/wp-content\/uploads\/2023\/01\/SEO-von-Sinnup-damit-machen-wir-digitales-greifbar-das-Sinnup-Team-unterstuetzt-Sie-dabei-gerne-eine-Idee-weiter-gedacht-300x187.png 300w, https:\/\/sinnup.com\/wp-content\/uploads\/2023\/01\/SEO-von-Sinnup-damit-machen-wir-digitales-greifbar-das-Sinnup-Team-unterstuetzt-Sie-dabei-gerne-eine-Idee-weiter-gedacht-1024x639.png 1024w, https:\/\/sinnup.com\/wp-content\/uploads\/2023\/01\/SEO-von-Sinnup-damit-machen-wir-digitales-greifbar-das-Sinnup-Team-unterstuetzt-Sie-dabei-gerne-eine-Idee-weiter-gedacht-768x479.png 768w, https:\/\/sinnup.com\/wp-content\/uploads\/2023\/01\/SEO-von-Sinnup-damit-machen-wir-digitales-greifbar-das-Sinnup-Team-unterstuetzt-Sie-dabei-gerne-eine-Idee-weiter-gedacht-1536x958.png 1536w, https:\/\/sinnup.com\/wp-content\/uploads\/2023\/01\/SEO-von-Sinnup-damit-machen-wir-digitales-greifbar-das-Sinnup-Team-unterstuetzt-Sie-dabei-gerne-eine-Idee-weiter-gedacht-600x374.png 600w\" sizes=\"(max-width: 2048px) 100vw, 2048px\" \/>\t\t\t\t\t\t\t\t\t\t\t\t\t\t\t<\/div>\n\t\t\t\t<\/div>\n\t\t\t\t<div class=\"elementor-element elementor-element-b1f8845 elementor-hidden-mobile elementor-widget elementor-widget-heading\" data-id=\"b1f8845\" data-element_type=\"widget\" data-e-type=\"widget\" data-widget_type=\"heading.default\">\n\t\t\t\t<div class=\"elementor-widget-container\">\n\t\t\t\t\t<h1 class=\"elementor-heading-title elementor-size-xl\">SEO - su perfecta optimizaci\u00f3n onpage.<\/h1>\t\t\t\t<\/div>\n\t\t\t\t<\/div>\n\t\t\t\t\t<\/div>\n\t\t<\/div>\n\t\t\t\t\t<\/div>\n\t\t<\/section>\n\t\t\t\t<section class=\"elementor-section elementor-top-section elementor-element elementor-element-c753f48 elementor-section-height-min-height elementor-hidden-desktop elementor-hidden-tablet elementor-section-boxed elementor-section-height-default elementor-section-items-middle\" data-id=\"c753f48\" data-element_type=\"section\" data-e-type=\"section\" data-settings=\"{&quot;background_background&quot;:&quot;gradient&quot;}\">\n\t\t\t\t\t\t<div class=\"elementor-container elementor-column-gap-default\">\n\t\t\t\t\t<div class=\"elementor-column elementor-col-100 elementor-top-column elementor-element elementor-element-f66e9ed\" data-id=\"f66e9ed\" data-element_type=\"column\" data-e-type=\"column\">\n\t\t\t<div class=\"elementor-widget-wrap\">\n\t\t\t\t\t\t\t<\/div>\n\t\t<\/div>\n\t\t\t\t\t<\/div>\n\t\t<\/section>\n\t\t\t\t<section class=\"elementor-section elementor-top-section elementor-element elementor-element-5edeb13 elementor-section-full_width elementor-section-height-min-height elementor-section-items-top elementor-hidden-desktop elementor-hidden-tablet elementor-section-stretched elementor-section-height-default\" data-id=\"5edeb13\" data-element_type=\"section\" data-e-type=\"section\" data-settings=\"{&quot;background_background&quot;:&quot;classic&quot;,&quot;stretch_section&quot;:&quot;section-stretched&quot;}\">\n\t\t\t\t\t\t<div class=\"elementor-container elementor-column-gap-no\">\n\t\t\t\t\t<div class=\"elementor-column elementor-col-100 elementor-top-column elementor-element elementor-element-e6a6e76\" data-id=\"e6a6e76\" data-element_type=\"column\" data-e-type=\"column\">\n\t\t\t<div class=\"elementor-widget-wrap\">\n\t\t\t\t\t\t\t<\/div>\n\t\t<\/div>\n\t\t\t\t\t<\/div>\n\t\t<\/section>\n\t\t\t\t<section class=\"elementor-section elementor-top-section elementor-element elementor-element-2e02333 elementor-section-boxed elementor-section-height-default elementor-section-height-default\" data-id=\"2e02333\" data-element_type=\"section\" data-e-type=\"section\" data-settings=\"{&quot;background_background&quot;:&quot;classic&quot;}\">\n\t\t\t\t\t\t<div class=\"elementor-container elementor-column-gap-default\">\n\t\t\t\t\t<div class=\"elementor-column elementor-col-100 elementor-top-column elementor-element elementor-element-12b5a82\" data-id=\"12b5a82\" data-element_type=\"column\" data-e-type=\"column\">\n\t\t\t<div class=\"elementor-widget-wrap elementor-element-populated\">\n\t\t\t\t\t\t<div class=\"elementor-element elementor-element-7dab1fb elementor-hidden-desktop elementor-hidden-tablet elementor-widget elementor-widget-heading\" data-id=\"7dab1fb\" data-element_type=\"widget\" data-e-type=\"widget\" data-widget_type=\"heading.default\">\n\t\t\t\t<div class=\"elementor-widget-container\">\n\t\t\t\t\t<p class=\"elementor-heading-title elementor-size-xl\">SEO - su perfecta optimizaci\u00f3n onpage.<\/p>\t\t\t\t<\/div>\n\t\t\t\t<\/div>\n\t\t\t\t\t<\/div>\n\t\t<\/div>\n\t\t\t\t\t<\/div>\n\t\t<\/section>\n\t\t\t\t<section class=\"elementor-section elementor-top-section elementor-element elementor-element-a24b7e6 elementor-section-boxed elementor-section-height-default elementor-section-height-default\" data-id=\"a24b7e6\" data-element_type=\"section\" data-e-type=\"section\" data-settings=\"{&quot;background_background&quot;:&quot;classic&quot;}\">\n\t\t\t\t\t\t<div class=\"elementor-container elementor-column-gap-default\">\n\t\t\t\t\t<div class=\"elementor-column elementor-col-100 elementor-top-column elementor-element elementor-element-8f8a5e3\" data-id=\"8f8a5e3\" data-element_type=\"column\" data-e-type=\"column\">\n\t\t\t<div class=\"elementor-widget-wrap elementor-element-populated\">\n\t\t\t\t\t\t<div class=\"elementor-element elementor-element-e8d6e87 elementor-widget elementor-widget-heading\" data-id=\"e8d6e87\" data-element_type=\"widget\" data-e-type=\"widget\" data-widget_type=\"heading.default\">\n\t\t\t\t<div class=\"elementor-widget-container\">\n\t\t\t\t\t<h2 class=\"elementor-heading-title elementor-size-xl\">La mejor estrategia SEO para su empresa<\/h2>\t\t\t\t<\/div>\n\t\t\t\t<\/div>\n\t\t\t\t<div class=\"elementor-element elementor-element-6cfdf0b elementor-widget elementor-widget-spacer\" data-id=\"6cfdf0b\" data-element_type=\"widget\" data-e-type=\"widget\" data-widget_type=\"spacer.default\">\n\t\t\t\t<div class=\"elementor-widget-container\">\n\t\t\t\t\t\t\t<div class=\"elementor-spacer\">\n\t\t\t<div class=\"elementor-spacer-inner\"><\/div>\n\t\t<\/div>\n\t\t\t\t\t\t<\/div>\n\t\t\t\t<\/div>\n\t\t\t\t<div class=\"elementor-element elementor-element-3ae7d1f elementor-widget elementor-widget-heading\" data-id=\"3ae7d1f\" data-element_type=\"widget\" data-e-type=\"widget\" data-widget_type=\"heading.default\">\n\t\t\t\t<div class=\"elementor-widget-container\">\n\t\t\t\t\t<h3 class=\"elementor-heading-title elementor-size-large\">1. optimizaci\u00f3n de motores de b\u00fasqueda<\/h3>\t\t\t\t<\/div>\n\t\t\t\t<\/div>\n\t\t\t\t<div class=\"elementor-element elementor-element-4254dd1 elementor-widget elementor-widget-text-editor\" data-id=\"4254dd1\" data-element_type=\"widget\" data-e-type=\"widget\" data-widget_type=\"text-editor.default\">\n\t\t\t\t<div class=\"elementor-widget-container\">\n\t\t\t\t\t\t\t\t\t<p>La optimizaci\u00f3n en la p\u00e1gina es una parte importante de la optimizaci\u00f3n para buscadores (SEO). Optimizar su propio sitio web puede aumentar sus posibilidades de aparecer en las primeras posiciones de los resultados de b\u00fasqueda de motores de b\u00fasqueda como Google.<\/p>\n\t\t\t\t\t\t\t\t<\/div>\n\t\t\t\t<\/div>\n\t\t\t\t<div class=\"elementor-element elementor-element-f074187 elementor-widget elementor-widget-heading\" data-id=\"f074187\" data-element_type=\"widget\" data-e-type=\"widget\" data-widget_type=\"heading.default\">\n\t\t\t\t<div class=\"elementor-widget-container\">\n\t\t\t\t\t<h3 class=\"elementor-heading-title elementor-size-large\">2. mejor experiencia de usuario<\/h3>\t\t\t\t<\/div>\n\t\t\t\t<\/div>\n\t\t\t\t<div class=\"elementor-element elementor-element-dff0f31 elementor-widget elementor-widget-text-editor\" data-id=\"dff0f31\" data-element_type=\"widget\" data-e-type=\"widget\" data-widget_type=\"text-editor.default\">\n\t\t\t\t<div class=\"elementor-widget-container\">\n\t\t\t\t\t\t\t\t\t<p>Un sitio web bien optimizado, con elementos de navegaci\u00f3n claros, tiempos de carga r\u00e1pidos y dise\u00f1o de texto legible, tiene un efecto positivo en la experiencia del usuario. Los usuarios permanecen m\u00e1s tiempo en el sitio web y suelen visitar varias p\u00e1ginas.<\/p>\n\t\t\t\t\t\t\t\t<\/div>\n\t\t\t\t<\/div>\n\t\t\t\t<div class=\"elementor-element elementor-element-8d53b6d elementor-widget elementor-widget-heading\" data-id=\"8d53b6d\" data-element_type=\"widget\" data-e-type=\"widget\" data-widget_type=\"heading.default\">\n\t\t\t\t<div class=\"elementor-widget-container\">\n\t\t\t\t\t<h3 class=\"elementor-heading-title elementor-size-large\">3. el contenido es m\u00e1s f\u00e1cil de encontrar<\/h3>\t\t\t\t<\/div>\n\t\t\t\t<\/div>\n\t\t\t\t<div class=\"elementor-element elementor-element-433f1e2 elementor-widget elementor-widget-text-editor\" data-id=\"433f1e2\" data-element_type=\"widget\" data-e-type=\"widget\" data-widget_type=\"text-editor.default\">\n\t\t\t\t<div class=\"elementor-widget-container\">\n\t\t\t\t\t\t\t\t\t<p>Una estructura de p\u00e1gina limpia, unos encabezamientos optimizados y unas URL con sentido facilitan a los motores de b\u00fasqueda y a los usuarios encontrar contenido relevante en el sitio web.<\/p>\n\t\t\t\t\t\t\t\t<\/div>\n\t\t\t\t<\/div>\n\t\t\t\t<div class=\"elementor-element elementor-element-8b548dd elementor-widget elementor-widget-heading\" data-id=\"8b548dd\" data-element_type=\"widget\" data-e-type=\"widget\" data-widget_type=\"heading.default\">\n\t\t\t\t<div class=\"elementor-widget-container\">\n\t\t\t\t\t<h3 class=\"elementor-heading-title elementor-size-large\">4. reducci\u00f3n de la tasa de rebote<\/h3>\t\t\t\t<\/div>\n\t\t\t\t<\/div>\n\t\t\t\t<div class=\"elementor-element elementor-element-81b2b2c elementor-widget elementor-widget-text-editor\" data-id=\"81b2b2c\" data-element_type=\"widget\" data-e-type=\"widget\" data-widget_type=\"text-editor.default\">\n\t\t\t\t<div class=\"elementor-widget-container\">\n\t\t\t\t\t\t\t\t\t<p>Una mala optimizaci\u00f3n en la p\u00e1gina puede provocar una alta tasa de rebote, lo que puede afectar a tus posibilidades de clasificaci\u00f3n en los motores de b\u00fasqueda. Una buena optimizaci\u00f3n onpage garantiza una mejor usabilidad y una menor tasa de rebote.<\/p>\n\t\t\t\t\t\t\t\t<\/div>\n\t\t\t\t<\/div>\n\t\t\t\t<div class=\"elementor-element elementor-element-f8ed557 elementor-widget elementor-widget-heading\" data-id=\"f8ed557\" data-element_type=\"widget\" data-e-type=\"widget\" data-widget_type=\"heading.default\">\n\t\t\t\t<div class=\"elementor-widget-container\">\n\t\t\t\t\t<h3 class=\"elementor-heading-title elementor-size-large\">5. competitividad<\/h3>\t\t\t\t<\/div>\n\t\t\t\t<\/div>\n\t\t\t\t<div class=\"elementor-element elementor-element-10b4a32 elementor-widget elementor-widget-text-editor\" data-id=\"10b4a32\" data-element_type=\"widget\" data-e-type=\"widget\" data-widget_type=\"text-editor.default\">\n\t\t\t\t<div class=\"elementor-widget-container\">\n\t\t\t\t\t\t\t\t\t<p>Si tu propio sitio web est\u00e1 bien optimizado, puede imponerse mejor a la competencia. Una mayor visibilidad en los motores de b\u00fasqueda puede aumentar la confianza de los usuarios y, en \u00faltima instancia, generar m\u00e1s conversiones.<\/p>\n\t\t\t\t\t\t\t\t<\/div>\n\t\t\t\t<\/div>\n\t\t\t\t<div class=\"elementor-element elementor-element-ffae4e1 elementor-widget elementor-widget-spacer\" data-id=\"ffae4e1\" data-element_type=\"widget\" data-e-type=\"widget\" data-widget_type=\"spacer.default\">\n\t\t\t\t<div class=\"elementor-widget-container\">\n\t\t\t\t\t\t\t<div class=\"elementor-spacer\">\n\t\t\t<div class=\"elementor-spacer-inner\"><\/div>\n\t\t<\/div>\n\t\t\t\t\t\t<\/div>\n\t\t\t\t<\/div>\n\t\t\t\t<div class=\"elementor-element elementor-element-1a2e669 elementor-widget elementor-widget-text-editor\" data-id=\"1a2e669\" data-element_type=\"widget\" data-e-type=\"widget\" data-widget_type=\"text-editor.default\">\n\t\t\t\t<div class=\"elementor-widget-container\">\n\t\t\t\t\t\t\t\t\t<p><span style=\"font-size: 12pt;\">\u00bfDesea que su sitio web alcance una cifra r\u00e9cord de tr\u00e1fico? \u00bfQuiere que su tr\u00e1fico visite su sitio permanentemente y con facilidad? Entonces, con nosotros est\u00e1 en las mejores manos. Estamos especializados en SEO-Onpage y ya prestamos atenci\u00f3n a una estructura de p\u00e1gina optimizada para SEO al crear su p\u00e1gina.<\/span><\/p>\n\t\t\t\t\t\t\t\t<\/div>\n\t\t\t\t<\/div>\n\t\t\t\t<div class=\"elementor-element elementor-element-7871db8 elementor-widget elementor-widget-text-editor\" data-id=\"7871db8\" data-element_type=\"widget\" data-e-type=\"widget\" data-widget_type=\"text-editor.default\">\n\t\t\t\t<div class=\"elementor-widget-container\">\n\t\t\t\t\t\t\t\t\t<p>Como seguramente sabe, una buena estrategia SEO significa mucho m\u00e1s que utilizar las palabras clave deseadas aqu\u00ed y all\u00e1. Por ello, nuestra estrategia para su sitio web est\u00e1 siempre hecha a medida y adaptada a las necesidades individuales de sus clientes. Para poder ayudarle de la mejor manera posible, primero analizamos su sitio y encontramos la mejor soluci\u00f3n para la optimizaci\u00f3n OnSite y Onpage.<\/p>\n\t\t\t\t\t\t\t\t<\/div>\n\t\t\t\t<\/div>\n\t\t\t\t<div class=\"elementor-element elementor-element-a97cdbb elementor-widget elementor-widget-spacer\" data-id=\"a97cdbb\" data-element_type=\"widget\" data-e-type=\"widget\" data-widget_type=\"spacer.default\">\n\t\t\t\t<div class=\"elementor-widget-container\">\n\t\t\t\t\t\t\t<div class=\"elementor-spacer\">\n\t\t\t<div class=\"elementor-spacer-inner\"><\/div>\n\t\t<\/div>\n\t\t\t\t\t\t<\/div>\n\t\t\t\t<\/div>\n\t\t\t\t<div class=\"elementor-element elementor-element-8d062e4 elementor-widget elementor-widget-heading\" data-id=\"8d062e4\" data-element_type=\"widget\" data-e-type=\"widget\" data-widget_type=\"heading.default\">\n\t\t\t\t<div class=\"elementor-widget-container\">\n\t\t\t\t\t<h2 class=\"elementor-heading-title elementor-size-xl\">La mejor estrategia SEO para su empresa<\/h2>\t\t\t\t<\/div>\n\t\t\t\t<\/div>\n\t\t\t\t<div class=\"elementor-element elementor-element-458a1bb elementor-widget elementor-widget-text-editor\" data-id=\"458a1bb\" data-element_type=\"widget\" data-e-type=\"widget\" data-widget_type=\"text-editor.default\">\n\t\t\t\t<div class=\"elementor-widget-container\">\n\t\t\t\t\t\t\t\t\t<p>La optimizaci\u00f3n OnSite se centra en la estrategia SEO general de su sitio web, mientras que las soluciones Onpage seleccionan URL individuales, es decir, p\u00e1ginas, y las mejoran. Pero siempre se aplica lo siguiente: el concepto general debe ser coherente y adaptarse a usted y a sus clientes.<\/p>\n<p>El principio m\u00e1s importante es: si su contenido es de alta calidad y realmente beneficioso para los clientes, ya ha ganado una gran ventaja.<\/p>\n<p>Posteriormente, se hacen efectivas las estrategias que dirigen permanentemente el tr\u00e1fico a trav\u00e9s del motor de b\u00fasqueda a su sitio y tambi\u00e9n lo mantienen all\u00ed el mayor tiempo posible. Esto incluye, entre otras cosas, la colocaci\u00f3n correcta de la palabra clave principal y la secundaria, que deben determinar la clasificaci\u00f3n en Google. La regla es: mucho no siempre ayuda mucho. Lo que tambi\u00e9n importa aqu\u00ed es la integraci\u00f3n sensata en los lugares estrat\u00e9gicamente mejores, por ejemplo en H1 y H2. La integraci\u00f3n en las URL tambi\u00e9n aporta ventajas.<\/p>\n\t\t\t\t\t\t\t\t<\/div>\n\t\t\t\t<\/div>\n\t\t\t\t<div class=\"elementor-element elementor-element-f4f56ba elementor-widget elementor-widget-text-editor\" data-id=\"f4f56ba\" data-element_type=\"widget\" data-e-type=\"widget\" data-widget_type=\"text-editor.default\">\n\t\t\t\t<div class=\"elementor-widget-container\">\n\t\t\t\t\t\t\t\t\t<p>Un vistazo a la clasificaci\u00f3n anterior de sus palabras clave en el motor de b\u00fasqueda tambi\u00e9n le muestra qu\u00e9 expectativas asocian sus clientes potenciales a determinadas palabras clave. Puede utilizarlo como gu\u00eda para conocer mejor a sus nuevos clientes potenciales. Adem\u00e1s de la calidad del contenido, el Google Snippet, es decir, la secci\u00f3n que los clientes encuentran sobre el sitio web a trav\u00e9s de Google, tambi\u00e9n desempe\u00f1a un papel importante. Si la meta descripci\u00f3n que aparece aqu\u00ed est\u00e1 excelentemente formulada en cuanto a tono y forma, act\u00faa como un atractivo anuncio para su sitio web.<\/p>\n\n<p>Lo que nos lleva al siguiente tema: fotos y v\u00eddeos. Tambi\u00e9n en este caso, tanto la calidad como la ubicaci\u00f3n son de vital importancia para lograr la mejor optimizaci\u00f3n SEO onpage. Con el fin de lograr el mejor resultado posible para su sitio web, estamos a su lado para perfeccionar su contenido con respecto a los requisitos de SEO.<\/p>\t\t\t\t\t\t\t\t<\/div>\n\t\t\t\t<\/div>\n\t\t\t\t<div class=\"elementor-element elementor-element-f192164 elementor-widget elementor-widget-spacer\" data-id=\"f192164\" data-element_type=\"widget\" data-e-type=\"widget\" data-widget_type=\"spacer.default\">\n\t\t\t\t<div class=\"elementor-widget-container\">\n\t\t\t\t\t\t\t<div class=\"elementor-spacer\">\n\t\t\t<div class=\"elementor-spacer-inner\"><\/div>\n\t\t<\/div>\n\t\t\t\t\t\t<\/div>\n\t\t\t\t<\/div>\n\t\t\t\t<div class=\"elementor-element elementor-element-c8267a3 elementor-widget elementor-widget-button\" data-id=\"c8267a3\" data-element_type=\"widget\" data-e-type=\"widget\" data-widget_type=\"button.default\">\n\t\t\t\t<div class=\"elementor-widget-container\">\n\t\t\t\t\t\t\t\t\t<div class=\"elementor-button-wrapper\">\n\t\t\t\t\t<a class=\"elementor-button elementor-button-link elementor-size-sm\" href=\"https:\/\/sinnup.com\/es\/precios-seo\/\">\n\t\t\t\t\t\t<span class=\"elementor-button-content-wrapper\">\n\t\t\t\t\t\t\t\t\t<span class=\"elementor-button-text\">Precios SEO<\/span>\n\t\t\t\t\t<\/span>\n\t\t\t\t\t<\/a>\n\t\t\t\t<\/div>\n\t\t\t\t\t\t\t\t<\/div>\n\t\t\t\t<\/div>\n\t\t\t\t<div class=\"elementor-element elementor-element-9efbfd1 elementor-widget elementor-widget-spacer\" data-id=\"9efbfd1\" data-element_type=\"widget\" data-e-type=\"widget\" data-widget_type=\"spacer.default\">\n\t\t\t\t<div class=\"elementor-widget-container\">\n\t\t\t\t\t\t\t<div class=\"elementor-spacer\">\n\t\t\t<div class=\"elementor-spacer-inner\"><\/div>\n\t\t<\/div>\n\t\t\t\t\t\t<\/div>\n\t\t\t\t<\/div>\n\t\t\t\t\t<\/div>\n\t\t<\/div>\n\t\t\t\t\t<\/div>\n\t\t<\/section>\n\t\t\t\t<\/div>\n\t\t","protected":false},"excerpt":{"rendered":"<p>SEO &#8211; su perfecta optimizaci\u00f3n onpage. SEO &#8211; su perfecta optimizaci\u00f3n onpage. La mejor estrategia SEO para su empresa 1. optimizaci\u00f3n de motores de b\u00fasqueda La optimizaci\u00f3n en la p\u00e1gina es una parte importante de [&hellip;]<\/p>\n","protected":false},"author":2,"featured_media":19482,"parent":0,"menu_order":0,"comment_status":"closed","ping_status":"closed","template":"","meta":{"site-sidebar-layout":"no-sidebar","site-content-layout":"page-builder","ast-site-content-layout":"default","site-content-style":"default","site-sidebar-style":"default","ast-global-header-display":"","ast-banner-title-visibility":"","ast-main-header-display":"","ast-hfb-above-header-display":"","ast-hfb-below-header-display":"","ast-hfb-mobile-header-display":"","site-post-title":"disabled","ast-breadcrumbs-content":"","ast-featured-img":"disabled","footer-sml-layout":"","ast-disable-related-posts":"","theme-transparent-header-meta":"enabled","adv-header-id-meta":"","stick-header-meta":"default","header-above-stick-meta":"","header-main-stick-meta":"","header-below-stick-meta":"","astra-migrate-meta-layouts":"default","ast-page-background-enabled":"default","ast-page-background-meta":{"desktop":{"background-color":"","background-image":"","background-repeat":"repeat","background-position":"center center","background-size":"auto","background-attachment":"scroll","background-type":"","background-media":"","overlay-type":"","overlay-color":"","overlay-opacity":"","overlay-gradient":""},"tablet":{"background-color":"","background-image":"","background-repeat":"repeat","background-position":"center center","background-size":"auto","background-attachment":"scroll","background-type":"","background-media":"","overlay-type":"","overlay-color":"","overlay-opacity":"","overlay-gradient":""},"mobile":{"background-color":"","background-image":"","background-repeat":"repeat","background-position":"center center","background-size":"auto","background-attachment":"scroll","background-type":"","background-media":"","overlay-type":"","overlay-color":"","overlay-opacity":"","overlay-gradient":""}},"ast-content-background-meta":{"desktop":{"background-color":"var(--ast-global-color-5)","background-image":"","background-repeat":"repeat","background-position":"center center","background-size":"auto","background-attachment":"scroll","background-type":"","background-media":"","overlay-type":"","overlay-color":"","overlay-opacity":"","overlay-gradient":""},"tablet":{"background-color":"var(--ast-global-color-5)","background-image":"","background-repeat":"repeat","background-position":"center center","background-size":"auto","background-attachment":"scroll","background-type":"","background-media":"","overlay-type":"","overlay-color":"","overlay-opacity":"","overlay-gradient":""},"mobile":{"background-color":"var(--ast-global-color-5)","background-image":"","background-repeat":"repeat","background-position":"center center","background-size":"auto","background-attachment":"scroll","background-type":"","background-media":"","overlay-type":"","overlay-color":"","overlay-opacity":"","overlay-gradient":""}},"footnotes":""},"class_list":["post-13357","page","type-page","status-publish","has-post-thumbnail","hentry"],"_links":{"self":[{"href":"https:\/\/sinnup.com\/es\/wp-json\/wp\/v2\/pages\/13357","targetHints":{"allow":["GET"]}}],"collection":[{"href":"https:\/\/sinnup.com\/es\/wp-json\/wp\/v2\/pages"}],"about":[{"href":"https:\/\/sinnup.com\/es\/wp-json\/wp\/v2\/types\/page"}],"author":[{"embeddable":true,"href":"https:\/\/sinnup.com\/es\/wp-json\/wp\/v2\/users\/2"}],"replies":[{"embeddable":true,"href":"https:\/\/sinnup.com\/es\/wp-json\/wp\/v2\/comments?post=13357"}],"version-history":[{"count":3,"href":"https:\/\/sinnup.com\/es\/wp-json\/wp\/v2\/pages\/13357\/revisions"}],"predecessor-version":[{"id":31463,"href":"https:\/\/sinnup.com\/es\/wp-json\/wp\/v2\/pages\/13357\/revisions\/31463"}],"wp:featuredmedia":[{"embeddable":true,"href":"https:\/\/sinnup.com\/es\/wp-json\/wp\/v2\/media\/19482"}],"wp:attachment":[{"href":"https:\/\/sinnup.com\/es\/wp-json\/wp\/v2\/media?parent=13357"}],"curies":[{"name":"wp","href":"https:\/\/api.w.org\/{rel}","templated":true}]}}