{"id":13628,"date":"2022-11-30T15:25:16","date_gmt":"2022-11-30T14:25:16","guid":{"rendered":"http:\/\/sinnup.com\/empresa\/"},"modified":"2023-02-17T12:52:44","modified_gmt":"2023-02-17T11:52:44","slug":"empresa","status":"publish","type":"page","link":"https:\/\/sinnup.com\/es\/empresa\/","title":{"rendered":"Empresa"},"content":{"rendered":"\t\t<div data-elementor-type=\"wp-page\" data-elementor-id=\"13628\" class=\"elementor elementor-13628 elementor-10675\" data-elementor-post-type=\"page\">\n\t\t\t\t\t\t<section class=\"elementor-section elementor-top-section elementor-element elementor-element-35579090 elementor-section-height-min-height elementor-hidden-desktop elementor-hidden-tablet elementor-section-boxed elementor-section-height-default elementor-section-items-middle\" data-id=\"35579090\" data-element_type=\"section\" data-e-type=\"section\" data-settings=\"{&quot;background_background&quot;:&quot;gradient&quot;}\">\n\t\t\t\t\t\t<div class=\"elementor-container elementor-column-gap-default\">\n\t\t\t\t\t<div class=\"elementor-column elementor-col-100 elementor-top-column elementor-element elementor-element-33df41a8\" data-id=\"33df41a8\" data-element_type=\"column\" data-e-type=\"column\">\n\t\t\t<div class=\"elementor-widget-wrap\">\n\t\t\t\t\t\t\t<\/div>\n\t\t<\/div>\n\t\t\t\t\t<\/div>\n\t\t<\/section>\n\t\t\t\t<section class=\"elementor-section elementor-top-section elementor-element elementor-element-8f6c949 elementor-section-height-min-height elementor-section-boxed elementor-section-height-default elementor-section-items-middle\" data-id=\"8f6c949\" data-element_type=\"section\" data-e-type=\"section\" data-settings=\"{&quot;background_background&quot;:&quot;gradient&quot;}\">\n\t\t\t\t\t\t<div class=\"elementor-container elementor-column-gap-default\">\n\t\t\t\t\t<div class=\"elementor-column elementor-col-100 elementor-top-column elementor-element elementor-element-37ca4ab\" data-id=\"37ca4ab\" data-element_type=\"column\" data-e-type=\"column\">\n\t\t\t<div class=\"elementor-widget-wrap elementor-element-populated\">\n\t\t\t\t\t\t<div class=\"elementor-element elementor-element-15a3658 elementor-widget elementor-widget-spacer\" data-id=\"15a3658\" data-element_type=\"widget\" data-e-type=\"widget\" data-widget_type=\"spacer.default\">\n\t\t\t\t<div class=\"elementor-widget-container\">\n\t\t\t\t\t\t\t<div class=\"elementor-spacer\">\n\t\t\t<div class=\"elementor-spacer-inner\"><\/div>\n\t\t<\/div>\n\t\t\t\t\t\t<\/div>\n\t\t\t\t<\/div>\n\t\t\t\t<div class=\"elementor-element elementor-element-ec70421 elementor-widget elementor-widget-heading\" data-id=\"ec70421\" data-element_type=\"widget\" data-e-type=\"widget\" data-widget_type=\"heading.default\">\n\t\t\t\t<div class=\"elementor-widget-container\">\n\t\t\t\t\t<h1 class=\"elementor-heading-title elementor-size-xxl\">La empresa - SINNUP GmbH<\/h1>\t\t\t\t<\/div>\n\t\t\t\t<\/div>\n\t\t\t\t<div class=\"elementor-element elementor-element-64b295d elementor-widget elementor-widget-text-editor\" data-id=\"64b295d\" data-element_type=\"widget\" data-e-type=\"widget\" data-widget_type=\"text-editor.default\">\n\t\t\t\t<div class=\"elementor-widget-container\">\n\t\t\t\t\t\t\t\t\t<h2 style=\"text-align: center;\"><span style=\"font-size: 14pt;\">SINNUP<sup>\u00ae<\/sup> desarrolla <span style=\"font-weight: bold;\">f\u00e1cil<\/span>, <span style=\"font-weight: bold;\">individual<\/span>, <span style=\"font-weight: bold;\">soluciones inteligentes<\/span>.<\/span><\/h2>\n\t\t\t\t\t\t\t\t<\/div>\n\t\t\t\t<\/div>\n\t\t\t\t<section class=\"elementor-section elementor-inner-section elementor-element elementor-element-8c4cfe4 elementor-section-boxed elementor-section-height-default elementor-section-height-default\" data-id=\"8c4cfe4\" data-element_type=\"section\" data-e-type=\"section\">\n\t\t\t\t\t\t<div class=\"elementor-container elementor-column-gap-default\">\n\t\t\t\t\t<div class=\"elementor-column elementor-col-50 elementor-inner-column elementor-element elementor-element-ec925fb\" data-id=\"ec925fb\" data-element_type=\"column\" data-e-type=\"column\">\n\t\t\t<div class=\"elementor-widget-wrap elementor-element-populated\">\n\t\t\t\t\t\t<div class=\"elementor-element elementor-element-a26f351 elementor-widget elementor-widget-image\" data-id=\"a26f351\" data-element_type=\"widget\" data-e-type=\"widget\" data-widget_type=\"image.default\">\n\t\t\t\t<div class=\"elementor-widget-container\">\n\t\t\t\t\t\t\t\t\t\t\t\t\t\t\t<img fetchpriority=\"high\" decoding=\"async\" width=\"1024\" height=\"683\" src=\"https:\/\/sinnup.com\/wp-content\/uploads\/2022\/12\/Sinnup-das-Unternehmen-in-Kallham-wir-machen-digitales-greifbar-NFC-WEB-SEO-APP-DIGI-WIKI-1024x683.jpg\" class=\"attachment-large size-large wp-image-13523\" alt=\"Sinnup - das Unternehmen in Kallham - wir machen digitales greifbar - NFC - WEB - SEO - APP - DIGI WIKI\" srcset=\"https:\/\/sinnup.com\/wp-content\/uploads\/2022\/12\/Sinnup-das-Unternehmen-in-Kallham-wir-machen-digitales-greifbar-NFC-WEB-SEO-APP-DIGI-WIKI-1024x683.jpg 1024w, https:\/\/sinnup.com\/wp-content\/uploads\/2022\/12\/Sinnup-das-Unternehmen-in-Kallham-wir-machen-digitales-greifbar-NFC-WEB-SEO-APP-DIGI-WIKI-300x200.jpg 300w, https:\/\/sinnup.com\/wp-content\/uploads\/2022\/12\/Sinnup-das-Unternehmen-in-Kallham-wir-machen-digitales-greifbar-NFC-WEB-SEO-APP-DIGI-WIKI-768x512.jpg 768w, https:\/\/sinnup.com\/wp-content\/uploads\/2022\/12\/Sinnup-das-Unternehmen-in-Kallham-wir-machen-digitales-greifbar-NFC-WEB-SEO-APP-DIGI-WIKI-1536x1025.jpg 1536w, https:\/\/sinnup.com\/wp-content\/uploads\/2022\/12\/Sinnup-das-Unternehmen-in-Kallham-wir-machen-digitales-greifbar-NFC-WEB-SEO-APP-DIGI-WIKI-600x400.jpg 600w, https:\/\/sinnup.com\/wp-content\/uploads\/2022\/12\/Sinnup-das-Unternehmen-in-Kallham-wir-machen-digitales-greifbar-NFC-WEB-SEO-APP-DIGI-WIKI.jpg 1575w\" sizes=\"(max-width: 1024px) 100vw, 1024px\" \/>\t\t\t\t\t\t\t\t\t\t\t\t\t\t\t<\/div>\n\t\t\t\t<\/div>\n\t\t\t\t\t<\/div>\n\t\t<\/div>\n\t\t\t\t<div class=\"elementor-column elementor-col-50 elementor-inner-column elementor-element elementor-element-16e2e77\" data-id=\"16e2e77\" data-element_type=\"column\" data-e-type=\"column\">\n\t\t\t<div class=\"elementor-widget-wrap elementor-element-populated\">\n\t\t\t\t\t\t<div class=\"elementor-element elementor-element-0aa89ef elementor-widget elementor-widget-text-editor\" data-id=\"0aa89ef\" data-element_type=\"widget\" data-e-type=\"widget\" data-widget_type=\"text-editor.default\">\n\t\t\t\t<div class=\"elementor-widget-container\">\n\t\t\t\t\t\t\t\t\t<\/p>\n<p>La empresa se fund\u00f3 en 2016 e inicialmente se centr\u00f3 exclusivamente en soluciones NFC y proyectos NFC. Entretanto, SINNUP se ha convertido en un proveedor digital de servicios completos. <\/p>\n<p>Los clientes tambi\u00e9n piden cada vez m\u00e1s soluciones web y sitios web con los que enlazar los productos NFC. A partir de esta necesidad, se empezaron a crear micrositios y sitios web. Mientras tanto, nuestros clientes reciben toda la gama digital, desde dise\u00f1o web, SEO, correo y alojamiento hasta la tienda web. <span style=\"font-style: inherit; font-weight: inherit; background-color: transparent;\">Esto significa que las posibilidades de NFC en el marketing ya pueden tenerse en cuenta y utilizarse de forma \u00f3ptima al crear la p\u00e1gina o la tienda. <\/span><\/p>\n<p>Desde 2021, somos una empresa hermana de ebets GmbH y, por lo tanto, podemos aplicar a\u00fan mejor el know-how en la producci\u00f3n de pegatinas NFC y productos NFC en la sede de Kallham.<\/p>\n\t\t\t\t\t\t\t\t<\/div>\n\t\t\t\t<\/div>\n\t\t\t\t\t<\/div>\n\t\t<\/div>\n\t\t\t\t\t<\/div>\n\t\t<\/section>\n\t\t\t\t<div class=\"elementor-element elementor-element-1f8d4dc elementor-widget elementor-widget-spacer\" data-id=\"1f8d4dc\" data-element_type=\"widget\" data-e-type=\"widget\" data-widget_type=\"spacer.default\">\n\t\t\t\t<div class=\"elementor-widget-container\">\n\t\t\t\t\t\t\t<div class=\"elementor-spacer\">\n\t\t\t<div class=\"elementor-spacer-inner\"><\/div>\n\t\t<\/div>\n\t\t\t\t\t\t<\/div>\n\t\t\t\t<\/div>\n\t\t\t\t<div class=\"elementor-element elementor-element-abe489e elementor-widget elementor-widget-heading\" data-id=\"abe489e\" data-element_type=\"widget\" data-e-type=\"widget\" data-widget_type=\"heading.default\">\n\t\t\t\t<div class=\"elementor-widget-container\">\n\t\t\t\t\t<h2 class=\"elementor-heading-title elementor-size-xl\">Experimente NFC en directo<\/h2>\t\t\t\t<\/div>\n\t\t\t\t<\/div>\n\t\t\t\t<div class=\"elementor-element elementor-element-c9f46e5 elementor-widget elementor-widget-heading\" data-id=\"c9f46e5\" data-element_type=\"widget\" data-e-type=\"widget\" data-widget_type=\"heading.default\">\n\t\t\t\t<div class=\"elementor-widget-container\">\n\t\t\t\t\t<h3 class=\"elementor-heading-title elementor-size-large\">El Mundo SINNUP lo hace posible<\/h3>\t\t\t\t<\/div>\n\t\t\t\t<\/div>\n\t\t\t\t<div class=\"elementor-element elementor-element-01d69e8 elementor-widget elementor-widget-text-editor\" data-id=\"01d69e8\" data-element_type=\"widget\" data-e-type=\"widget\" data-widget_type=\"text-editor.default\">\n\t\t\t\t<div class=\"elementor-widget-container\">\n\t\t\t\t\t\t\t\t\t<h3 style=\"margin-bottom: 0px; line-height: unset; text-align: left;\"><span style=\"font-size: 12pt; line-height: 1.85714285714286rem;\">Puede experimentar NFC en directo con nosotros y obtener ideas para su propia empresa con proyectos que ya se han puesto en pr\u00e1ctica.<\/span><\/h3>\n<h3 style=\"margin-bottom: 0px; line-height: unset; text-align: left;\"><span style=\"font-size: 12pt; line-height: 1.85714285714286rem;\">Adem\u00e1s de nuestros productos NFC de la <a href=\"https:\/\/nfc-produkte.com\/shop\/\" target=\"_blank\" rel=\"noopener\">tienda<\/a>, tambi\u00e9n se exponen nuevas ideas y proyectos ya realizados. <\/span><\/h3>\n<h4 style=\"margin-bottom: 0px; line-height: unset; text-align: left;\"><span style=\"font-size: 12pt; line-height: 1.85714285714286rem;\">Concierte una cita <a href=\"https:\/\/sinnup.com\/es\/contacto\/\" target=\"_blank\" rel=\"noopener\">para visitarnos<\/a>: le esperamos.<\/span><\/h4>\n\t\t\t\t\t\t\t\t<\/div>\n\t\t\t\t<\/div>\n\t\t\t\t<div class=\"elementor-element elementor-element-34df835 elementor-widget elementor-widget-image\" data-id=\"34df835\" data-element_type=\"widget\" data-e-type=\"widget\" data-widget_type=\"image.default\">\n\t\t\t\t<div class=\"elementor-widget-container\">\n\t\t\t\t\t\t\t\t\t\t\t\t\t\t\t<img decoding=\"async\" width=\"735\" height=\"276\" src=\"https:\/\/sinnup.com\/wp-content\/uploads\/2022\/11\/NFC-live-erleben-mit-SINNUP.jpg\" class=\"attachment-large size-large wp-image-10693\" alt=\"NFC live erleben mit SINNUP\" srcset=\"https:\/\/sinnup.com\/wp-content\/uploads\/2022\/11\/NFC-live-erleben-mit-SINNUP.jpg 735w, https:\/\/sinnup.com\/wp-content\/uploads\/2022\/11\/NFC-live-erleben-mit-SINNUP-300x113.jpg 300w, https:\/\/sinnup.com\/wp-content\/uploads\/2022\/11\/NFC-live-erleben-mit-SINNUP-600x225.jpg 600w\" sizes=\"(max-width: 735px) 100vw, 735px\" \/>\t\t\t\t\t\t\t\t\t\t\t\t\t\t\t<\/div>\n\t\t\t\t<\/div>\n\t\t\t\t<div class=\"elementor-element elementor-element-73f7256 elementor-widget elementor-widget-spacer\" data-id=\"73f7256\" data-element_type=\"widget\" data-e-type=\"widget\" data-widget_type=\"spacer.default\">\n\t\t\t\t<div class=\"elementor-widget-container\">\n\t\t\t\t\t\t\t<div class=\"elementor-spacer\">\n\t\t\t<div class=\"elementor-spacer-inner\"><\/div>\n\t\t<\/div>\n\t\t\t\t\t\t<\/div>\n\t\t\t\t<\/div>\n\t\t\t\t\t<\/div>\n\t\t<\/div>\n\t\t\t\t\t<\/div>\n\t\t<\/section>\n\t\t\t\t<\/div>\n\t\t","protected":false},"excerpt":{"rendered":"<p>La empresa &#8211; SINNUP GmbH SINNUP\u00ae desarrolla f\u00e1cil, individual, soluciones inteligentes. La empresa se fund\u00f3 en 2016 e inicialmente se centr\u00f3 exclusivamente en soluciones NFC y proyectos NFC. Entretanto, SINNUP se ha convertido en un [&hellip;]<\/p>\n","protected":false},"author":2,"featured_media":21589,"parent":0,"menu_order":0,"comment_status":"closed","ping_status":"closed","template":"","meta":{"site-sidebar-layout":"no-sidebar","site-content-layout":"page-builder","ast-site-content-layout":"default","site-content-style":"default","site-sidebar-style":"default","ast-global-header-display":"","ast-banner-title-visibility":"","ast-main-header-display":"","ast-hfb-above-header-display":"","ast-hfb-below-header-display":"","ast-hfb-mobile-header-display":"","site-post-title":"disabled","ast-breadcrumbs-content":"","ast-featured-img":"disabled","footer-sml-layout":"","ast-disable-related-posts":"","theme-transparent-header-meta":"enabled","adv-header-id-meta":"","stick-header-meta":"default","header-above-stick-meta":"","header-main-stick-meta":"","header-below-stick-meta":"","astra-migrate-meta-layouts":"default","ast-page-background-enabled":"default","ast-page-background-meta":{"desktop":{"background-color":"","background-image":"","background-repeat":"repeat","background-position":"center center","background-size":"auto","background-attachment":"scroll","background-type":"","background-media":"","overlay-type":"","overlay-color":"","overlay-opacity":"","overlay-gradient":""},"tablet":{"background-color":"","background-image":"","background-repeat":"repeat","background-position":"center center","background-size":"auto","background-attachment":"scroll","background-type":"","background-media":"","overlay-type":"","overlay-color":"","overlay-opacity":"","overlay-gradient":""},"mobile":{"background-color":"","background-image":"","background-repeat":"repeat","background-position":"center center","background-size":"auto","background-attachment":"scroll","background-type":"","background-media":"","overlay-type":"","overlay-color":"","overlay-opacity":"","overlay-gradient":""}},"ast-content-background-meta":{"desktop":{"background-color":"var(--ast-global-color-5)","background-image":"","background-repeat":"repeat","background-position":"center center","background-size":"auto","background-attachment":"scroll","background-type":"","background-media":"","overlay-type":"","overlay-color":"","overlay-opacity":"","overlay-gradient":""},"tablet":{"background-color":"var(--ast-global-color-5)","background-image":"","background-repeat":"repeat","background-position":"center center","background-size":"auto","background-attachment":"scroll","background-type":"","background-media":"","overlay-type":"","overlay-color":"","overlay-opacity":"","overlay-gradient":""},"mobile":{"background-color":"var(--ast-global-color-5)","background-image":"","background-repeat":"repeat","background-position":"center center","background-size":"auto","background-attachment":"scroll","background-type":"","background-media":"","overlay-type":"","overlay-color":"","overlay-opacity":"","overlay-gradient":""}},"footnotes":""},"class_list":["post-13628","page","type-page","status-publish","has-post-thumbnail","hentry"],"_links":{"self":[{"href":"https:\/\/sinnup.com\/es\/wp-json\/wp\/v2\/pages\/13628","targetHints":{"allow":["GET"]}}],"collection":[{"href":"https:\/\/sinnup.com\/es\/wp-json\/wp\/v2\/pages"}],"about":[{"href":"https:\/\/sinnup.com\/es\/wp-json\/wp\/v2\/types\/page"}],"author":[{"embeddable":true,"href":"https:\/\/sinnup.com\/es\/wp-json\/wp\/v2\/users\/2"}],"replies":[{"embeddable":true,"href":"https:\/\/sinnup.com\/es\/wp-json\/wp\/v2\/comments?post=13628"}],"version-history":[{"count":0,"href":"https:\/\/sinnup.com\/es\/wp-json\/wp\/v2\/pages\/13628\/revisions"}],"wp:featuredmedia":[{"embeddable":true,"href":"https:\/\/sinnup.com\/es\/wp-json\/wp\/v2\/media\/21589"}],"wp:attachment":[{"href":"https:\/\/sinnup.com\/es\/wp-json\/wp\/v2\/media?parent=13628"}],"curies":[{"name":"wp","href":"https:\/\/api.w.org\/{rel}","templated":true}]}}