{"id":13828,"date":"2022-11-16T15:12:24","date_gmt":"2022-11-16T14:12:24","guid":{"rendered":"http:\/\/sinnup.com\/web\/"},"modified":"2024-07-10T15:39:56","modified_gmt":"2024-07-10T13:39:56","slug":"web","status":"publish","type":"page","link":"https:\/\/sinnup.com\/es\/web\/","title":{"rendered":"WEB"},"content":{"rendered":"\t\t<div data-elementor-type=\"wp-page\" data-elementor-id=\"13828\" class=\"elementor elementor-13828 elementor-5123\" data-elementor-post-type=\"page\">\n\t\t\t\t\t\t<section class=\"elementor-section elementor-top-section elementor-element elementor-element-110582b elementor-section-height-min-height elementor-hidden-desktop elementor-hidden-tablet elementor-section-boxed elementor-section-height-default elementor-section-items-middle\" data-id=\"110582b\" data-element_type=\"section\" data-e-type=\"section\" data-settings=\"{&quot;background_background&quot;:&quot;gradient&quot;}\">\n\t\t\t\t\t\t<div class=\"elementor-container elementor-column-gap-default\">\n\t\t\t\t\t<div class=\"elementor-column elementor-col-100 elementor-top-column elementor-element elementor-element-859c4b9\" data-id=\"859c4b9\" data-element_type=\"column\" data-e-type=\"column\">\n\t\t\t<div class=\"elementor-widget-wrap\">\n\t\t\t\t\t\t\t<\/div>\n\t\t<\/div>\n\t\t\t\t\t<\/div>\n\t\t<\/section>\n\t\t\t\t<section class=\"elementor-section elementor-top-section elementor-element elementor-element-6de40d3 elementor-section-height-min-height elementor-section-full_width elementor-section-items-bottom elementor-section-content-bottom elementor-hidden-mobile elementor-section-height-default\" data-id=\"6de40d3\" data-element_type=\"section\" data-e-type=\"section\" data-settings=\"{&quot;background_background&quot;:&quot;gradient&quot;}\">\n\t\t\t\t\t\t<div class=\"elementor-container elementor-column-gap-default\">\n\t\t\t\t\t<div class=\"elementor-column elementor-col-100 elementor-top-column elementor-element elementor-element-c02dfd4\" data-id=\"c02dfd4\" data-element_type=\"column\" data-e-type=\"column\" data-settings=\"{&quot;background_background&quot;:&quot;gradient&quot;}\">\n\t\t\t<div class=\"elementor-widget-wrap elementor-element-populated\">\n\t\t\t\t\t\t<section class=\"elementor-section elementor-inner-section elementor-element elementor-element-75faf3e elementor-section-height-min-height elementor-section-boxed elementor-section-height-default\" data-id=\"75faf3e\" data-element_type=\"section\" data-e-type=\"section\" data-settings=\"{&quot;background_background&quot;:&quot;classic&quot;}\">\n\t\t\t\t\t\t<div class=\"elementor-container elementor-column-gap-default\">\n\t\t\t\t\t<div class=\"elementor-column elementor-col-100 elementor-inner-column elementor-element elementor-element-cf85fb0\" data-id=\"cf85fb0\" data-element_type=\"column\" data-e-type=\"column\">\n\t\t\t<div class=\"elementor-widget-wrap\">\n\t\t\t\t\t\t\t<\/div>\n\t\t<\/div>\n\t\t\t\t\t<\/div>\n\t\t<\/section>\n\t\t\t\t\t<\/div>\n\t\t<\/div>\n\t\t\t\t\t<\/div>\n\t\t<\/section>\n\t\t\t\t<section class=\"elementor-section elementor-top-section elementor-element elementor-element-1854c31 elementor-section-full_width elementor-section-height-min-height elementor-section-items-bottom elementor-hidden-desktop elementor-hidden-tablet elementor-section-content-bottom elementor-section-height-default\" data-id=\"1854c31\" data-element_type=\"section\" data-e-type=\"section\" data-settings=\"{&quot;background_background&quot;:&quot;classic&quot;}\">\n\t\t\t\t\t\t<div class=\"elementor-container elementor-column-gap-default\">\n\t\t\t\t\t<div class=\"elementor-column elementor-col-100 elementor-top-column elementor-element elementor-element-70404f1\" data-id=\"70404f1\" data-element_type=\"column\" data-e-type=\"column\">\n\t\t\t<div class=\"elementor-widget-wrap\">\n\t\t\t\t\t\t\t<\/div>\n\t\t<\/div>\n\t\t\t\t\t<\/div>\n\t\t<\/section>\n\t\t\t\t<section class=\"elementor-section elementor-top-section elementor-element elementor-element-b3e002f elementor-hidden-tablet elementor-hidden-desktop elementor-section-boxed elementor-section-height-default elementor-section-height-default\" data-id=\"b3e002f\" data-element_type=\"section\" data-e-type=\"section\">\n\t\t\t\t\t\t<div class=\"elementor-container elementor-column-gap-default\">\n\t\t\t\t\t<div class=\"elementor-column elementor-col-100 elementor-top-column elementor-element elementor-element-a2c582e\" data-id=\"a2c582e\" data-element_type=\"column\" data-e-type=\"column\">\n\t\t\t<div class=\"elementor-widget-wrap elementor-element-populated\">\n\t\t\t\t\t\t<div class=\"elementor-element elementor-element-bfd3549 elementor-widget elementor-widget-heading\" data-id=\"bfd3549\" data-element_type=\"widget\" data-e-type=\"widget\" data-widget_type=\"heading.default\">\n\t\t\t\t<div class=\"elementor-widget-container\">\n\t\t\t\t\t<p class=\"elementor-heading-title elementor-size-xl\">Dise\u00f1o web visual, funcional y estructurado.<\/p>\t\t\t\t<\/div>\n\t\t\t\t<\/div>\n\t\t\t\t<div class=\"elementor-element elementor-element-a1e48b9 elementor-widget elementor-widget-spacer\" data-id=\"a1e48b9\" data-element_type=\"widget\" data-e-type=\"widget\" data-widget_type=\"spacer.default\">\n\t\t\t\t<div class=\"elementor-widget-container\">\n\t\t\t\t\t\t\t<div class=\"elementor-spacer\">\n\t\t\t<div class=\"elementor-spacer-inner\"><\/div>\n\t\t<\/div>\n\t\t\t\t\t\t<\/div>\n\t\t\t\t<\/div>\n\t\t\t\t\t<\/div>\n\t\t<\/div>\n\t\t\t\t\t<\/div>\n\t\t<\/section>\n\t\t\t\t<section class=\"elementor-section elementor-top-section elementor-element elementor-element-dfb6c7e elementor-section-boxed elementor-section-height-default elementor-section-height-default\" data-id=\"dfb6c7e\" data-element_type=\"section\" data-e-type=\"section\" data-settings=\"{&quot;background_background&quot;:&quot;classic&quot;}\">\n\t\t\t\t\t\t<div class=\"elementor-container elementor-column-gap-default\">\n\t\t\t\t\t<div class=\"elementor-column elementor-col-100 elementor-top-column elementor-element elementor-element-b985c60\" data-id=\"b985c60\" data-element_type=\"column\" data-e-type=\"column\">\n\t\t\t<div class=\"elementor-widget-wrap elementor-element-populated\">\n\t\t\t\t\t\t<div class=\"elementor-element elementor-element-f940ef8 elementor-hidden-mobile elementor-widget elementor-widget-heading\" data-id=\"f940ef8\" data-element_type=\"widget\" data-e-type=\"widget\" data-widget_type=\"heading.default\">\n\t\t\t\t<div class=\"elementor-widget-container\">\n\t\t\t\t\t<h1 class=\"elementor-heading-title elementor-size-xl\">Dise\u00f1o web visual, funcional y estructurado.<\/h1>\t\t\t\t<\/div>\n\t\t\t\t<\/div>\n\t\t\t\t<div class=\"elementor-element elementor-element-c6c756b elementor-hidden-mobile elementor-widget elementor-widget-spacer\" data-id=\"c6c756b\" data-element_type=\"widget\" data-e-type=\"widget\" data-widget_type=\"spacer.default\">\n\t\t\t\t<div class=\"elementor-widget-container\">\n\t\t\t\t\t\t\t<div class=\"elementor-spacer\">\n\t\t\t<div class=\"elementor-spacer-inner\"><\/div>\n\t\t<\/div>\n\t\t\t\t\t\t<\/div>\n\t\t\t\t<\/div>\n\t\t\t\t<div class=\"elementor-element elementor-element-e92333a elementor-widget elementor-widget-heading\" data-id=\"e92333a\" data-element_type=\"widget\" data-e-type=\"widget\" data-widget_type=\"heading.default\">\n\t\t\t\t<div class=\"elementor-widget-container\">\n\t\t\t\t\t<h2 class=\"elementor-heading-title elementor-size-xl\"><span style=\"font-size: 39px;text-align: center\">Sitio web profesional para su \u00e9xito en la red.<\/span><\/h2>\t\t\t\t<\/div>\n\t\t\t\t<\/div>\n\t\t\t\t<div class=\"elementor-element elementor-element-29bbc77 elementor-widget elementor-widget-text-editor\" data-id=\"29bbc77\" data-element_type=\"widget\" data-e-type=\"widget\" data-widget_type=\"text-editor.default\">\n\t\t\t\t<div class=\"elementor-widget-container\">\n\t\t\t\t\t\t\t\t\t<ul>\n<li>\u00bfDesea un sitio web con un dise\u00f1o excelente, hecho a su medida y a la de sus clientes?<\/li>\n<li>En t\u00e9rminos de dise\u00f1o y contenido, as\u00ed como de SEO, \u00bfpuede su sitio jugar en la primera liga?<\/li>\n<li>\u00bfQuiere un sitio que cumpla las \u00faltimas normas de seguridad?<\/li>\n<li>\u00bfPero no quiere pagar grandes sumas, sino un precio justo?<\/li>\n<\/ul>\n<p>Entonces, con nosotros est\u00e1 en las mejores manos. Nuestra estrategia para su nuevo sitio web se basa en cuatro pilares. <span style=\"font-style: inherit; font-weight: inherit;\">Esto incluye el debate inicial, el borrador del dise\u00f1o, el contenido y, por \u00faltimo, el \u00e9xito del lanzamiento. Cada uno de estos cuatro pilares contribuye a lograr el mejor resultado posible para usted. <\/span><span style=\"font-style: inherit; font-weight: inherit;\">Al final, tendr\u00e1 su propia soluci\u00f3n personal para su sitio web, con un alto valor de reconocimiento y adaptada de forma \u00f3ptima a su grupo objetivo. <\/span><\/p>\n<p><span style=\"font-style: inherit; font-weight: inherit;\">Durante la consulta inicial, discutiremos qu\u00e9 deseos espec\u00edficos tiene para la p\u00e1gina de inicio en su estructura general, qu\u00e9 est\u00e1ndares debe cumplir y a qu\u00e9 clientes potenciales le gustar\u00eda dirigirse. Porque lo m\u00e1s importante es tener unos cimientos sanos sobre los que construir los siguientes pasos. Bas\u00e1ndonos en nuestra conversaci\u00f3n y en el an\u00e1lisis resultante para su sitio web, recibir\u00e1 de nosotros una oferta que se adapte a usted y a sus deseos. El c\u00e1lculo de los precios y los ajustes correspondientes se realiza de forma transparente y, si es necesario, puede llevarse a cabo r\u00e1pidamente y sin complicaciones en caso de solicitudes de cambio. <\/span><\/p>\n<p><span style=\"font-style: inherit; font-weight: inherit;\">Gracias a nuestra experiencia como dise\u00f1adores web y especialistas en SEO, hemos desarrollado varias plantillas como base para la creaci\u00f3n de p\u00e1ginas, que no obstante pueden personalizarse. De este modo, garantizamos una implementaci\u00f3n r\u00e1pida y eficaz de su sitio web. Sin embargo, el aspecto de su p\u00e1gina es realmente \u00fanico y de ninguna manera un modelo est\u00e1ndar. Incluso antes de firmar el contrato, discutimos con usted todos los datos y fechas clave necesarios. As\u00ed no tendr\u00e1 que esperar textos y podr\u00e1 planificar el lanzamiento del sitio web de forma firme y vinculante.<\/span><\/p>\n\t\t\t\t\t\t\t\t<\/div>\n\t\t\t\t<\/div>\n\t\t\t\t<div class=\"elementor-element elementor-element-3455601 elementor-widget elementor-widget-heading\" data-id=\"3455601\" data-element_type=\"widget\" data-e-type=\"widget\" data-widget_type=\"heading.default\">\n\t\t\t\t<div class=\"elementor-widget-container\">\n\t\t\t\t\t<h2 class=\"elementor-heading-title elementor-size-xl\">Su \u00e9xito es nuestro objetivo<\/h2>\t\t\t\t<\/div>\n\t\t\t\t<\/div>\n\t\t\t\t<div class=\"elementor-element elementor-element-a50e673 elementor-widget elementor-widget-text-editor\" data-id=\"a50e673\" data-element_type=\"widget\" data-e-type=\"widget\" data-widget_type=\"text-editor.default\">\n\t\t\t\t<div class=\"elementor-widget-container\">\n\t\t\t\t\t\t\t\t\t<p>Por lo general, en unos d\u00edas recibir\u00e1 el primer borrador del dise\u00f1o de su p\u00e1gina de inicio. Wij kunnen u deze ook in digitale vorm toesturen, zodat u het effect op alle eindapparaten zoals computerschermen, smartphones en tablets kunt controleren. En este punto tambi\u00e9n puede probar las herramientas interactivas como los \u00abbotones de llamada a la acci\u00f3n\u00bb en los dispositivos finales. De este modo, podemos utilizar sus comentarios para desarrollar la mejor soluci\u00f3n para usted y ajustarla de nuevo si es necesario.<\/p>\n\t\t\t\t\t\t\t\t<\/div>\n\t\t\t\t<\/div>\n\t\t\t\t<div class=\"elementor-element elementor-element-40b28ef elementor-widget elementor-widget-heading\" data-id=\"40b28ef\" data-element_type=\"widget\" data-e-type=\"widget\" data-widget_type=\"heading.default\">\n\t\t\t\t<div class=\"elementor-widget-container\">\n\t\t\t\t\t<h3 class=\"elementor-heading-title elementor-size-xl\">Juridisch relevante pagina's<\/h3>\t\t\t\t<\/div>\n\t\t\t\t<\/div>\n\t\t\t\t<div class=\"elementor-element elementor-element-8bd171b elementor-widget elementor-widget-text-editor\" data-id=\"8bd171b\" data-element_type=\"widget\" data-e-type=\"widget\" data-widget_type=\"text-editor.default\">\n\t\t\t\t<div class=\"elementor-widget-container\">\n\t\t\t\t\t\t\t\t\t<p><span style=\"font-style: inherit; font-weight: inherit;\">Voor een professionele website zijn er veel trucs en kleine dingen om rekening mee te houden, die wij natuurlijk voor u in gedachten houden en op verzoek uitvoeren. Esto incluye, por ejemplo, la inclusi\u00f3n del pie de imprenta de forma legalmente correcta y, dependiendo del tipo de contenido, las directrices de protecci\u00f3n de datos. Las p\u00e1ginas de informaci\u00f3n general tambi\u00e9n pueden ser una opci\u00f3n importante. Adem\u00e1s del pie de imprenta, incluyen condiciones generales, preguntas frecuentes o p\u00e1ginas de la DSGVO. Estas \u00faltimas incluyen contenidos como una declaraci\u00f3n general de protecci\u00f3n de datos, referencias a las cookies y el correspondiente banner de cookies, as\u00ed como informaci\u00f3n sobre los derechos de los interesados.<\/span><\/p>\n\t\t\t\t\t\t\t\t<\/div>\n\t\t\t\t<\/div>\n\t\t\t\t<div class=\"elementor-element elementor-element-f0d0808 elementor-widget elementor-widget-heading\" data-id=\"f0d0808\" data-element_type=\"widget\" data-e-type=\"widget\" data-widget_type=\"heading.default\">\n\t\t\t\t<div class=\"elementor-widget-container\">\n\t\t\t\t\t<h3 class=\"elementor-heading-title elementor-size-xl\">Redes sociales, servicios externos y alojamiento<\/h3>\t\t\t\t<\/div>\n\t\t\t\t<\/div>\n\t\t\t\t<div class=\"elementor-element elementor-element-4ea8df6 elementor-widget elementor-widget-text-editor\" data-id=\"4ea8df6\" data-element_type=\"widget\" data-e-type=\"widget\" data-widget_type=\"text-editor.default\">\n\t\t\t\t<div class=\"elementor-widget-container\">\n\t\t\t\t\t\t\t\t\t<p><span style=\"font-style: inherit; font-weight: inherit;\">En funci\u00f3n de sus necesidades, tambi\u00e9n integramos servicios externos como Google Maps u otros enlaces a p\u00e1ginas de servicios para sus clientes potenciales. La integraci\u00f3n de canales de medios sociales o la creaci\u00f3n de un bolet\u00edn de noticias tambi\u00e9n pueden ser de su inter\u00e9s. D\u00edganos cu\u00e1les son sus ideas y deseos: en cualquier caso, las posibilidades de aplicaci\u00f3n son muy amplias y se beneficiar\u00e1 de nuestra experiencia en este campo. <\/span><\/p>\n<p>Por supuesto, nos encargamos del alojamiento profesional de su sitio desde el principio, incluidos todos los pasos relacionados, como encontrar y registrar un nombre de dominio adecuado y configurar direcciones de correo electr\u00f3nico para el sitio, si lo desea. El cifrado SSL, es decir, una conexi\u00f3n segura entre el visitante del sitio y el servidor web, tambi\u00e9n desempe\u00f1a un papel importante y nos lo tomamos muy en serio. De forma permanente y sin complicaciones, el espacio de almacenamiento necesario est\u00e1 disponible en el servidor web para que las herramientas de su sitio funcionen sin problemas, incluso cuando el n\u00famero de visitantes es muy elevado.<\/p>\n<p>Nos tomaremos el tiempo necesario para discutir el contenido con usted. Un beneficio individual e incomparable para sus clientes se basa siempre en contenidos de la mayor calidad posible. La optimizaci\u00f3n OnSite y OnPage con respecto al SEO es tan importante para nosotros como la firma visual individual de su sitio, ya que s\u00f3lo ambas en combinaci\u00f3n dirigir\u00e1n el tr\u00e1fico deseado a su sitio.<\/p>\n\t\t\t\t\t\t\t\t<\/div>\n\t\t\t\t<\/div>\n\t\t\t\t<div class=\"elementor-element elementor-element-bce09c5 elementor-widget elementor-widget-heading\" data-id=\"bce09c5\" data-element_type=\"widget\" data-e-type=\"widget\" data-widget_type=\"heading.default\">\n\t\t\t\t<div class=\"elementor-widget-container\">\n\t\t\t\t\t<h3 class=\"elementor-heading-title elementor-size-xl\">SEO como piedra angular de su sitio web<\/h3>\t\t\t\t<\/div>\n\t\t\t\t<\/div>\n\t\t\t\t<div class=\"elementor-element elementor-element-858438f elementor-widget elementor-widget-text-editor\" data-id=\"858438f\" data-element_type=\"widget\" data-e-type=\"widget\" data-widget_type=\"text-editor.default\">\n\t\t\t\t<div class=\"elementor-widget-container\">\n\t\t\t\t\t\t\t\t\t<p style=\"font-size: 16px; font-style: normal; font-weight: 400;\">Nuestros especialistas est\u00e1n muy familiarizados con todas las herramientas SEO y le asesorar\u00e1n en consecuencia durante la consulta. Seg\u00fan la coordinaci\u00f3n posterior y la incorporaci\u00f3n del contenido, necesitamos unas dos o tres semanas para el dise\u00f1o de toda la p\u00e1gina y podemos hacer cambios en cualquier momento si se desea. <\/p>\n<p style=\"font-size: 16px; font-style: normal; font-weight: 400;\">El contenido de las distintas p\u00e1ginas web lo suministra usted o bien recibe de nosotros un presupuesto en el c\u00e1lculo previo para la redacci\u00f3n de los textos y la edici\u00f3n de las im\u00e1genes. La integraci\u00f3n de v\u00eddeos tambi\u00e9n puede ser un tema importante. Todos nuestros especialistas en contenidos SEO son redactores experimentados. <\/p>\n<p style=\"font-size: 16px; font-style: normal; font-weight: 400;\">Adem\u00e1s de la integraci\u00f3n de las palabras clave principales y secundarias, la colocaci\u00f3n de las palabras clave y otras t\u00e9cnicas diversas para la optimizaci\u00f3n SEO, tambi\u00e9n nos encargamos de los motivos de imagen adecuados si a\u00fan no se dispone de ellos. <span style=\"font-style: inherit; font-weight: inherit;\">Posteriormente, se adaptan las estrategias SEO necesarias para el contenido espec\u00edfico. Una meta descripci\u00f3n para el Google Snippet es otro punto importante dentro de los textos para el contenido de su p\u00e1gina. La meta descripci\u00f3n, provista de las palabras clave adecuadas, act\u00faa como un im\u00e1n y atrae a los clientes espec\u00edficamente a su sitio web. Estamos a su disposici\u00f3n tanto para detalles como para una visi\u00f3n de conjunto. <\/span><\/p>\n\t\t\t\t\t\t\t\t<\/div>\n\t\t\t\t<\/div>\n\t\t\t\t<div class=\"elementor-element elementor-element-3a8d39f elementor-widget elementor-widget-heading\" data-id=\"3a8d39f\" data-element_type=\"widget\" data-e-type=\"widget\" data-widget_type=\"heading.default\">\n\t\t\t\t<div class=\"elementor-widget-container\">\n\t\t\t\t\t<h4 class=\"elementor-heading-title elementor-size-xl\">Paquete completo para su sitio web<\/h4>\t\t\t\t<\/div>\n\t\t\t\t<\/div>\n\t\t\t\t<div class=\"elementor-element elementor-element-33adfec elementor-widget elementor-widget-text-editor\" data-id=\"33adfec\" data-element_type=\"widget\" data-e-type=\"widget\" data-widget_type=\"text-editor.default\">\n\t\t\t\t<div class=\"elementor-widget-container\">\n\t\t\t\t\t\t\t\t\t<p style=\"font-size: 16px; font-style: normal; font-weight: 400;\"><span style=\"font-style: inherit; font-weight: inherit;\">Cuando todo est\u00e1 listo tras la creaci\u00f3n de todas las p\u00e1ginas, incluida la incorporaci\u00f3n de contenidos y elementos interactivos, lanzamos su sitio. Con nuestro servicio interno de alojamiento y gesti\u00f3n de dominios, nos encargamos de todas las tareas relacionadas con el sitio web, para que pueda seguir dedic\u00e1ndose a su actividad principal con toda tranquilidad. Por lo tanto, no es necesario que mantenga el sitio web. Si ya tiene una p\u00e1gina, no hay ning\u00fan problema. Para garantizar que no se produzcan retrocesos en la clasificaci\u00f3n SEO, redirigimos los sitios web afectados al nuevo sitio web.<\/span><\/p>\n<p style=\"font-size: 16px; font-style: normal; font-weight: 400;\">Usted decide cu\u00e1les son sus ideas y objetivos de contenido para su p\u00e1gina de inicio, teniendo en cuenta su sector y su clientela objetivo. Le apoyamos desde la primera reuni\u00f3n hasta el lanzamiento final con asesoramiento y acci\u00f3n, ponemos en pr\u00e1ctica sus ideas y las complementamos con los conocimientos t\u00e9cnicos adecuados si es necesario. Y si a lo largo del tiempo tiene alguna petici\u00f3n de cambio, no hay problema, siempre estamos a su disposici\u00f3n para ayudarle. Su \u00e9xito y satisfacci\u00f3n son nuestros objetivos.<\/p>\n\t\t\t\t\t\t\t\t<\/div>\n\t\t\t\t<\/div>\n\t\t\t\t<div class=\"elementor-element elementor-element-c84a765 elementor-widget elementor-widget-button\" data-id=\"c84a765\" data-element_type=\"widget\" data-e-type=\"widget\" data-settings=\"{&quot;_animation&quot;:&quot;none&quot;}\" data-widget_type=\"button.default\">\n\t\t\t\t<div class=\"elementor-widget-container\">\n\t\t\t\t\t\t\t\t\t<div class=\"elementor-button-wrapper\">\n\t\t\t\t\t<a class=\"elementor-button elementor-button-link elementor-size-sm\" href=\"https:\/\/sinnup.com\/es\/precios-web\/\">\n\t\t\t\t\t\t<span class=\"elementor-button-content-wrapper\">\n\t\t\t\t\t\t\t\t\t<span class=\"elementor-button-text\">Precios WEB<\/span>\n\t\t\t\t\t<\/span>\n\t\t\t\t\t<\/a>\n\t\t\t\t<\/div>\n\t\t\t\t\t\t\t\t<\/div>\n\t\t\t\t<\/div>\n\t\t\t\t\t<\/div>\n\t\t<\/div>\n\t\t\t\t\t<\/div>\n\t\t<\/section>\n\t\t\t\t<\/div>\n\t\t","protected":false},"excerpt":{"rendered":"<p>Dise\u00f1o web visual, funcional y estructurado. Dise\u00f1o web visual, funcional y estructurado. Sitio web profesional para su \u00e9xito en la red. \u00bfDesea un sitio web con un dise\u00f1o excelente, hecho a su medida y a [&hellip;]<\/p>\n","protected":false},"author":2,"featured_media":19585,"parent":0,"menu_order":0,"comment_status":"closed","ping_status":"closed","template":"","meta":{"site-sidebar-layout":"no-sidebar","site-content-layout":"page-builder","ast-site-content-layout":"default","site-content-style":"default","site-sidebar-style":"default","ast-global-header-display":"","ast-banner-title-visibility":"","ast-main-header-display":"","ast-hfb-above-header-display":"","ast-hfb-below-header-display":"","ast-hfb-mobile-header-display":"","site-post-title":"disabled","ast-breadcrumbs-content":"","ast-featured-img":"disabled","footer-sml-layout":"","ast-disable-related-posts":"","theme-transparent-header-meta":"enabled","adv-header-id-meta":"","stick-header-meta":"default","header-above-stick-meta":"","header-main-stick-meta":"","header-below-stick-meta":"","astra-migrate-meta-layouts":"default","ast-page-background-enabled":"default","ast-page-background-meta":{"desktop":{"background-color":"","background-image":"","background-repeat":"repeat","background-position":"center center","background-size":"auto","background-attachment":"scroll","background-type":"","background-media":"","overlay-type":"","overlay-color":"","overlay-opacity":"","overlay-gradient":""},"tablet":{"background-color":"","background-image":"","background-repeat":"repeat","background-position":"center center","background-size":"auto","background-attachment":"scroll","background-type":"","background-media":"","overlay-type":"","overlay-color":"","overlay-opacity":"","overlay-gradient":""},"mobile":{"background-color":"","background-image":"","background-repeat":"repeat","background-position":"center center","background-size":"auto","background-attachment":"scroll","background-type":"","background-media":"","overlay-type":"","overlay-color":"","overlay-opacity":"","overlay-gradient":""}},"ast-content-background-meta":{"desktop":{"background-color":"var(--ast-global-color-5)","background-image":"","background-repeat":"repeat","background-position":"center center","background-size":"auto","background-attachment":"scroll","background-type":"","background-media":"","overlay-type":"","overlay-color":"","overlay-opacity":"","overlay-gradient":""},"tablet":{"background-color":"var(--ast-global-color-5)","background-image":"","background-repeat":"repeat","background-position":"center center","background-size":"auto","background-attachment":"scroll","background-type":"","background-media":"","overlay-type":"","overlay-color":"","overlay-opacity":"","overlay-gradient":""},"mobile":{"background-color":"var(--ast-global-color-5)","background-image":"","background-repeat":"repeat","background-position":"center center","background-size":"auto","background-attachment":"scroll","background-type":"","background-media":"","overlay-type":"","overlay-color":"","overlay-opacity":"","overlay-gradient":""}},"footnotes":""},"class_list":["post-13828","page","type-page","status-publish","has-post-thumbnail","hentry"],"_links":{"self":[{"href":"https:\/\/sinnup.com\/es\/wp-json\/wp\/v2\/pages\/13828","targetHints":{"allow":["GET"]}}],"collection":[{"href":"https:\/\/sinnup.com\/es\/wp-json\/wp\/v2\/pages"}],"about":[{"href":"https:\/\/sinnup.com\/es\/wp-json\/wp\/v2\/types\/page"}],"author":[{"embeddable":true,"href":"https:\/\/sinnup.com\/es\/wp-json\/wp\/v2\/users\/2"}],"replies":[{"embeddable":true,"href":"https:\/\/sinnup.com\/es\/wp-json\/wp\/v2\/comments?post=13828"}],"version-history":[{"count":2,"href":"https:\/\/sinnup.com\/es\/wp-json\/wp\/v2\/pages\/13828\/revisions"}],"predecessor-version":[{"id":31493,"href":"https:\/\/sinnup.com\/es\/wp-json\/wp\/v2\/pages\/13828\/revisions\/31493"}],"wp:featuredmedia":[{"embeddable":true,"href":"https:\/\/sinnup.com\/es\/wp-json\/wp\/v2\/media\/19585"}],"wp:attachment":[{"href":"https:\/\/sinnup.com\/es\/wp-json\/wp\/v2\/media?parent=13828"}],"curies":[{"name":"wp","href":"https:\/\/api.w.org\/{rel}","templated":true}]}}