{"id":29178,"date":"2023-04-11T19:49:52","date_gmt":"2023-04-11T17:49:52","guid":{"rendered":"https:\/\/sinnup.com\/acuerdo-de-licencia-de-la-aplicacion\/"},"modified":"2025-03-19T09:33:43","modified_gmt":"2025-03-19T08:33:43","slug":"acuerdo-de-licencia-de-la-aplicacion","status":"publish","type":"page","link":"https:\/\/sinnup.com\/es\/acuerdo-de-licencia-de-la-aplicacion\/","title":{"rendered":"acuerdo de licencia de la aplicaci\u00f3n"},"content":{"rendered":"\t\t<div data-elementor-type=\"wp-page\" data-elementor-id=\"29178\" class=\"elementor elementor-29178 elementor-28852\" data-elementor-post-type=\"page\">\n\t\t\t\t\t\t<section class=\"elementor-section elementor-top-section elementor-element elementor-element-2d11ca5f elementor-section-height-min-height elementor-hidden-desktop elementor-hidden-tablet elementor-section-boxed elementor-section-height-default elementor-section-items-middle\" data-id=\"2d11ca5f\" data-element_type=\"section\" data-e-type=\"section\" data-settings=\"{&quot;background_background&quot;:&quot;gradient&quot;}\">\n\t\t\t\t\t\t<div class=\"elementor-container elementor-column-gap-default\">\n\t\t\t\t\t<div class=\"elementor-column elementor-col-100 elementor-top-column elementor-element elementor-element-56964695\" data-id=\"56964695\" data-element_type=\"column\" data-e-type=\"column\">\n\t\t\t<div class=\"elementor-widget-wrap\">\n\t\t\t\t\t\t\t<\/div>\n\t\t<\/div>\n\t\t\t\t\t<\/div>\n\t\t<\/section>\n\t\t\t\t<section class=\"elementor-section elementor-top-section elementor-element elementor-element-f0678a0 elementor-section-height-min-height elementor-section-boxed elementor-section-height-default elementor-section-items-middle\" data-id=\"f0678a0\" data-element_type=\"section\" data-e-type=\"section\" data-settings=\"{&quot;background_background&quot;:&quot;gradient&quot;}\">\n\t\t\t\t\t\t<div class=\"elementor-container elementor-column-gap-default\">\n\t\t\t\t\t<div class=\"elementor-column elementor-col-100 elementor-top-column elementor-element elementor-element-29d744c\" data-id=\"29d744c\" data-element_type=\"column\" data-e-type=\"column\">\n\t\t\t<div class=\"elementor-widget-wrap elementor-element-populated\">\n\t\t\t\t\t\t<div class=\"elementor-element elementor-element-dd39938 elementor-widget elementor-widget-heading\" data-id=\"dd39938\" data-element_type=\"widget\" data-e-type=\"widget\" data-widget_type=\"heading.default\">\n\t\t\t\t<div class=\"elementor-widget-container\">\n\t\t\t\t\t<h1 class=\"elementor-heading-title elementor-size-xxl\">Usuario final - Contrato de licencia<\/h1>\t\t\t\t<\/div>\n\t\t\t\t<\/div>\n\t\t\t\t<div class=\"elementor-element elementor-element-d34a645 elementor-widget elementor-widget-spacer\" data-id=\"d34a645\" data-element_type=\"widget\" data-e-type=\"widget\" data-widget_type=\"spacer.default\">\n\t\t\t\t<div class=\"elementor-widget-container\">\n\t\t\t\t\t\t\t<div class=\"elementor-spacer\">\n\t\t\t<div class=\"elementor-spacer-inner\"><\/div>\n\t\t<\/div>\n\t\t\t\t\t\t<\/div>\n\t\t\t\t<\/div>\n\t\t\t\t<div class=\"elementor-element elementor-element-8fbb12d elementor-widget elementor-widget-text-editor\" data-id=\"8fbb12d\" data-element_type=\"widget\" data-e-type=\"widget\" data-widget_type=\"text-editor.default\">\n\t\t\t\t<div class=\"elementor-widget-container\">\n\t\t\t\t\t\t\t\t\t<p>IMPORTANTE: Este Acuerdo de Licencia de Usuario Final de Software es un acuerdo vinculante entre usted, el usuario final, y ebets GmbH en relaci\u00f3n con el uso del software cubierto por este acuerdo, que incluye SINNApp y la documentaci\u00f3n que lo acompa\u00f1a (conjuntamente \u00abSOFTWARE\u00bb). Al instalar, copiar o utilizar el SOFTWARE, usted acepta los t\u00e9rminos de este acuerdo de licencia.<\/p>\n<p><strong>Acuerdo de licencia de usuario final<\/strong><\/p>\n<p>ESTE SOFTWARE ES PROPIEDAD DE ebets GmbH (en adelante \u00abebets GmbH\u00bb), RESERVADOS TODOS LOS DERECHOS.<\/p>\n<p>BAJO NINGUNA CIRCUNSTANCIA ESTE SOFTWARE SER\u00c1 PRESENTADO O SOMETIDO A UNA LICENCIA OPEN-SOURCE DE NING\u00daN TIPO SIN LA AUTORIZACI\u00d3N EXPRESA POR ESCRITO DE ebets GmbH.<\/p>\n<ol>\n<li>El SOFTWARE proporcionado por ebets GmbH est\u00e1 destinado \u00fanicamente a su uso personal, no exclusivo e intransferible. Tienes derecho a:<\/li>\n<\/ol>\n<p>&#8211; instalar todos los componentes del SOFTWARE en un solo dispositivo<\/p>\n<p>&#8211; hacer copias de seguridad del SOFTWARE<\/p>\n<p>&#8211; instalar y utilizar el SOFTWARE<\/p>\n<ol start=\"2\">\n<li>En caso de que ebets GmbH proporcione una actualizaci\u00f3n del SOFTWARE, usted ya no podr\u00e1 utilizar versiones anteriores del software despu\u00e9s de 90 d\u00edas de haber recibido la actualizaci\u00f3n. Sin embargo, esto no obliga a ebets GmbH a proporcionar una actualizaci\u00f3n del SOFTWARE. <\/li>\n<\/ol>\n<ol start=\"3\">\n<li>Al utilizar el SOFTWARE, usted acepta que ebets GmbH no le ha otorgado ninguna garant\u00eda expresa con respecto al SOFTWARE y que \u00e9ste se proporciona \u00abtal cual\u00bb sin garant\u00eda de ning\u00fan tipo.<\/li>\n<\/ol>\n<p>ebets GmbH renuncia expresamente a todas las garant\u00edas expresas o impl\u00edcitas con respecto al software, tales como garant\u00edas de idoneidad para un fin determinado, calidad de satisfacci\u00f3n y no infracci\u00f3n.<\/p>\n<p>Algunos estados\/jurisdicciones no permiten la exclusi\u00f3n de garant\u00edas impl\u00edcitas, por lo que estas limitaciones pueden ser nulas en su caso.<\/p>\n<ol start=\"4\">\n<li>LIMITACI\u00d3N DE RESPONSABILIDAD:<\/li>\n<\/ol>\n<p>ebets GmbH NO ser\u00e1 responsable de ninguna p\u00e9rdida debida a la p\u00e9rdida de uso o da\u00f1os directos, indirectos, especiales, incidentales o consecuentes (incluido el lucro cesante), ya sean contractuales, extracontractuales (por ejemplo, negligencia), responsabilidad objetiva por el producto, etc., incluso si el usuario ha sido advertido de la posibilidad de tales da\u00f1os.<\/p>\n<ol start=\"5\">\n<li>USO:<\/li>\n<\/ol>\n<p>Este software se proporciona exclusivamente para uso del usuario final y queda expresamente prohibida cualquier copia, modificaci\u00f3n, ingenier\u00eda inversa, descompilaci\u00f3n, reproducci\u00f3n o redistribuci\u00f3n de este paquete o de cualquier parte del mismo. El uso comercial s\u00f3lo est\u00e1 permitido con un acuerdo de licencia v\u00e1lido con ebets GmbH. No garantizamos que las funciones contenidas satisfagan sus necesidades ni que el funcionamiento sea ininterrumpido o est\u00e9 libre de errores. No est\u00e1n optimizados en cuanto a velocidad o tama\u00f1o. Usted asume todo el riesgo en relaci\u00f3n con los resultados y el rendimiento del uso.<\/p>\n<ol start=\"6\">\n<li>Uso de cookies y rastreo<\/li>\n<\/ol>\n<p>Este software puede utilizar cookies innovadoras y tecnolog\u00edas de seguimiento de \u00faltima generaci\u00f3n en funci\u00f3n de las funciones ofrecidas. Este tipo de tecnolog\u00eda es \u00fatil para recopilar informaci\u00f3n como el tipo de cliente y el sistema operativo, hacer un seguimiento del n\u00famero de usuarios que utilizan el programa y comprender c\u00f3mo interact\u00faan los usuarios con el programa. Los datos personales no se recogen mediante cookies ni otros tipos de tecnolog\u00edas de rastreo. La informaci\u00f3n agregada sobre cookies y rastreo nunca se transmite a terceros.<\/p>\n\t\t\t\t\t\t\t\t<\/div>\n\t\t\t\t<\/div>\n\t\t\t\t<div class=\"elementor-element elementor-element-bc86d6e elementor-widget-divider--view-line elementor-widget elementor-widget-divider\" data-id=\"bc86d6e\" data-element_type=\"widget\" data-e-type=\"widget\" data-widget_type=\"divider.default\">\n\t\t\t\t<div class=\"elementor-widget-container\">\n\t\t\t\t\t\t\t<div class=\"elementor-divider\">\n\t\t\t<span class=\"elementor-divider-separator\">\n\t\t\t\t\t\t<\/span>\n\t\t<\/div>\n\t\t\t\t\t\t<\/div>\n\t\t\t\t<\/div>\n\t\t\t\t<div class=\"elementor-element elementor-element-4faef94 elementor-widget elementor-widget-spacer\" data-id=\"4faef94\" data-element_type=\"widget\" data-e-type=\"widget\" data-widget_type=\"spacer.default\">\n\t\t\t\t<div class=\"elementor-widget-container\">\n\t\t\t\t\t\t\t<div class=\"elementor-spacer\">\n\t\t\t<div class=\"elementor-spacer-inner\"><\/div>\n\t\t<\/div>\n\t\t\t\t\t\t<\/div>\n\t\t\t\t<\/div>\n\t\t\t\t\t<\/div>\n\t\t<\/div>\n\t\t\t\t\t<\/div>\n\t\t<\/section>\n\t\t\t\t<\/div>\n\t\t","protected":false},"excerpt":{"rendered":"<p>Usuario final &#8211; Contrato de licencia IMPORTANTE: Este Acuerdo de Licencia de Usuario Final de Software es un acuerdo vinculante entre usted, el usuario final, y ebets GmbH en relaci\u00f3n con el uso del software [&hellip;]<\/p>\n","protected":false},"author":2,"featured_media":0,"parent":0,"menu_order":0,"comment_status":"closed","ping_status":"closed","template":"","meta":{"site-sidebar-layout":"no-sidebar","site-content-layout":"page-builder","ast-site-content-layout":"default","site-content-style":"default","site-sidebar-style":"default","ast-global-header-display":"","ast-banner-title-visibility":"","ast-main-header-display":"","ast-hfb-above-header-display":"","ast-hfb-below-header-display":"","ast-hfb-mobile-header-display":"","site-post-title":"disabled","ast-breadcrumbs-content":"","ast-featured-img":"disabled","footer-sml-layout":"","ast-disable-related-posts":"","theme-transparent-header-meta":"enabled","adv-header-id-meta":"","stick-header-meta":"default","header-above-stick-meta":"","header-main-stick-meta":"","header-below-stick-meta":"","astra-migrate-meta-layouts":"default","ast-page-background-enabled":"default","ast-page-background-meta":{"desktop":{"background-color":"","background-image":"","background-repeat":"repeat","background-position":"center center","background-size":"auto","background-attachment":"scroll","background-type":"","background-media":"","overlay-type":"","overlay-color":"","overlay-opacity":"","overlay-gradient":""},"tablet":{"background-color":"","background-image":"","background-repeat":"repeat","background-position":"center center","background-size":"auto","background-attachment":"scroll","background-type":"","background-media":"","overlay-type":"","overlay-color":"","overlay-opacity":"","overlay-gradient":""},"mobile":{"background-color":"","background-image":"","background-repeat":"repeat","background-position":"center center","background-size":"auto","background-attachment":"scroll","background-type":"","background-media":"","overlay-type":"","overlay-color":"","overlay-opacity":"","overlay-gradient":""}},"ast-content-background-meta":{"desktop":{"background-color":"var(--ast-global-color-5)","background-image":"","background-repeat":"repeat","background-position":"center center","background-size":"auto","background-attachment":"scroll","background-type":"","background-media":"","overlay-type":"","overlay-color":"","overlay-opacity":"","overlay-gradient":""},"tablet":{"background-color":"var(--ast-global-color-5)","background-image":"","background-repeat":"repeat","background-position":"center center","background-size":"auto","background-attachment":"scroll","background-type":"","background-media":"","overlay-type":"","overlay-color":"","overlay-opacity":"","overlay-gradient":""},"mobile":{"background-color":"var(--ast-global-color-5)","background-image":"","background-repeat":"repeat","background-position":"center center","background-size":"auto","background-attachment":"scroll","background-type":"","background-media":"","overlay-type":"","overlay-color":"","overlay-opacity":"","overlay-gradient":""}},"footnotes":""},"class_list":["post-29178","page","type-page","status-publish","hentry"],"_links":{"self":[{"href":"https:\/\/sinnup.com\/es\/wp-json\/wp\/v2\/pages\/29178","targetHints":{"allow":["GET"]}}],"collection":[{"href":"https:\/\/sinnup.com\/es\/wp-json\/wp\/v2\/pages"}],"about":[{"href":"https:\/\/sinnup.com\/es\/wp-json\/wp\/v2\/types\/page"}],"author":[{"embeddable":true,"href":"https:\/\/sinnup.com\/es\/wp-json\/wp\/v2\/users\/2"}],"replies":[{"embeddable":true,"href":"https:\/\/sinnup.com\/es\/wp-json\/wp\/v2\/comments?post=29178"}],"version-history":[{"count":2,"href":"https:\/\/sinnup.com\/es\/wp-json\/wp\/v2\/pages\/29178\/revisions"}],"predecessor-version":[{"id":32014,"href":"https:\/\/sinnup.com\/es\/wp-json\/wp\/v2\/pages\/29178\/revisions\/32014"}],"wp:attachment":[{"href":"https:\/\/sinnup.com\/es\/wp-json\/wp\/v2\/media?parent=29178"}],"curies":[{"name":"wp","href":"https:\/\/api.w.org\/{rel}","templated":true}]}}