{"id":31829,"date":"2025-02-05T09:59:07","date_gmt":"2025-02-05T08:59:07","guid":{"rendered":"https:\/\/sinnup.com\/accesibilidad\/"},"modified":"2025-02-05T11:32:08","modified_gmt":"2025-02-05T10:32:08","slug":"accesibilidad","status":"publish","type":"page","link":"https:\/\/sinnup.com\/es\/accesibilidad\/","title":{"rendered":"Accesibilidad"},"content":{"rendered":"\t\t<div data-elementor-type=\"wp-page\" data-elementor-id=\"31829\" class=\"elementor elementor-31829 elementor-31814\" data-elementor-post-type=\"page\">\n\t\t\t\t\t\t<section class=\"elementor-section elementor-top-section elementor-element elementor-element-569ac551 elementor-section-height-min-height elementor-hidden-desktop elementor-hidden-tablet elementor-section-boxed elementor-section-height-default elementor-section-items-middle\" data-id=\"569ac551\" data-element_type=\"section\" data-e-type=\"section\" data-settings=\"{&quot;background_background&quot;:&quot;gradient&quot;}\">\n\t\t\t\t\t\t<div class=\"elementor-container elementor-column-gap-default\">\n\t\t\t\t\t<div class=\"elementor-column elementor-col-100 elementor-top-column elementor-element elementor-element-1e18d4cc\" data-id=\"1e18d4cc\" data-element_type=\"column\" data-e-type=\"column\">\n\t\t\t<div class=\"elementor-widget-wrap\">\n\t\t\t\t\t\t\t<\/div>\n\t\t<\/div>\n\t\t\t\t\t<\/div>\n\t\t<\/section>\n\t\t\t\t<section class=\"elementor-section elementor-top-section elementor-element elementor-element-8f6c949 elementor-section-height-min-height elementor-section-boxed elementor-section-height-default elementor-section-items-middle\" data-id=\"8f6c949\" data-element_type=\"section\" data-e-type=\"section\" data-settings=\"{&quot;background_background&quot;:&quot;gradient&quot;}\">\n\t\t\t\t\t\t<div class=\"elementor-container elementor-column-gap-default\">\n\t\t\t\t\t<div class=\"elementor-column elementor-col-100 elementor-top-column elementor-element elementor-element-37ca4ab\" data-id=\"37ca4ab\" data-element_type=\"column\" data-e-type=\"column\">\n\t\t\t<div class=\"elementor-widget-wrap elementor-element-populated\">\n\t\t\t\t\t\t<div class=\"elementor-element elementor-element-ec70421 elementor-widget elementor-widget-heading\" data-id=\"ec70421\" data-element_type=\"widget\" data-e-type=\"widget\" data-widget_type=\"heading.default\">\n\t\t\t\t<div class=\"elementor-widget-container\">\n\t\t\t\t\t<h1 class=\"elementor-heading-title elementor-size-xxl\">Accesibilidad<\/h1>\t\t\t\t<\/div>\n\t\t\t\t<\/div>\n\t\t\t\t<div class=\"elementor-element elementor-element-1f8d4dc elementor-widget elementor-widget-spacer\" data-id=\"1f8d4dc\" data-element_type=\"widget\" data-e-type=\"widget\" data-widget_type=\"spacer.default\">\n\t\t\t\t<div class=\"elementor-widget-container\">\n\t\t\t\t\t\t\t<div class=\"elementor-spacer\">\n\t\t\t<div class=\"elementor-spacer-inner\"><\/div>\n\t\t<\/div>\n\t\t\t\t\t\t<\/div>\n\t\t\t\t<\/div>\n\t\t\t\t<div class=\"elementor-element elementor-element-3914f87 elementor-widget elementor-widget-text-editor\" data-id=\"3914f87\" data-element_type=\"widget\" data-e-type=\"widget\" data-widget_type=\"text-editor.default\">\n\t\t\t\t<div class=\"elementor-widget-container\">\n\t\t\t\t\t\t\t\t\t<h1><b style=\"font-size: 16px; font-style: inherit;\"><span style=\"vertical-align: inherit;\">Declaraci\u00f3n sobre accesibilidad:<\/span><\/b><\/h1>\n<div id=\"content-modules-8026bd2d9bf3d57bd4d747a98c045edd\" class=\"content-modules\">\n<div id=\"module-cm_rtf_default\" class=\"module module-cm_rtf first-child last-child\">\n<div class=\"rtf\">\n<p align=\"justify\"><span style=\"vertical-align: inherit;\">ebets GmbH se esfuerza por hacer que sus sitios web sean accesibles de acuerdo con la Ley de Accesibilidad a la Web (Gaceta de Leyes Federales I n.\u00ba 59\/2019).<\/span><\/p>\n<p align=\"justify\"><span style=\"vertical-align: inherit;\">Esta declaraci\u00f3n de accesibilidad se aplica a todos los sitios web gestionados por nosotros, a menos que se indique lo contrario.<\/span><\/p>\n<p align=\"justify\"><span style=\"vertical-align: inherit;\"> <\/span><\/p>\n<p align=\"justify\"><b><span style=\"vertical-align: inherit;\">Estado de compatibilidad con los requisitos:<\/span><\/b><\/p>\n<p><span style=\"vertical-align: inherit;\">ebets GmbH se esfuerza por hacer su sitio web lo m\u00e1s accesible posible y se gu\u00eda por las Pautas de Accesibilidad al Contenido en la Web 2.1 (WCAG 2.1) WAI \/ W3C.<\/span><\/p>\n<p align=\"justify\"><span style=\"vertical-align: inherit;\">Nos esforzamos por mejorar continuamente la accesibilidad de los documentos PDF. El acceso sin barreras al contenido de todos los documentos PDF a\u00fan no es totalmente posible con los medios actualmente disponibles. Por favor, inf\u00f3rmanos si tienes alguna dificultad.  <\/span><\/p>\n<p align=\"justify\"><span style=\"vertical-align: inherit;\"> <\/span><\/p>\n<p align=\"justify\"><b><span style=\"vertical-align: inherit;\">Elaboraci\u00f3n de esta declaraci\u00f3n de accesibilidad:<\/span><\/b><\/p>\n<p align=\"justify\"><span style=\"vertical-align: inherit;\">Esta declaraci\u00f3n se cre\u00f3 el 04 de febrero de 2025.<\/span><\/p>\n<p align=\"justify\"><span style=\"vertical-align: inherit;\"> <\/span><\/p>\n<p align=\"justify\"><b><span style=\"vertical-align: inherit;\">Comentarios y datos de contacto:<\/span><\/b><\/p>\n<p align=\"justify\"><span style=\"vertical-align: inherit;\">Las ofertas y servicios de este sitio web se mejoran, intercambian y ampl\u00edan constantemente. La facilidad de uso y la accesibilidad son muy importantes para nosotros. <\/span><\/p>\n<p align=\"justify\"><span style=\"vertical-align: inherit;\">Queremos que nuestro sitio web sea plenamente accesible para todos los usuarios, independientemente de sus limitaciones o capacidades t\u00e9cnicas. Si quieres informar de cualquier deficiencia en materia de accesibilidad, puedes hacerlo en   <\/span><a class=\"wga-urltype-int\" href=\"https:\/\/www.ebets.at\/kontakt\/\" target=\"_blank\" rel=\"noopener\"><span style=\"vertical-align: inherit;\">Formulario de contacto<\/span><\/a><span style=\"vertical-align: inherit;\">  utilizar. Trataremos tu solicitud internamente y tomaremos las medidas necesarias. <\/span><\/p>\n<p align=\"justify\"><span style=\"vertical-align: inherit;\"> <\/span><\/p>\n<p><b><span style=\"vertical-align: inherit;\">Procedimiento de ejecuci\u00f3n \/ oficina de reclamaciones:<\/span><\/b><\/p>\n<p align=\"justify\"><span style=\"vertical-align: inherit;\">Si no recibes una respuesta satisfactoria de la opci\u00f3n de contacto anterior, puedes presentar una queja a la Agencia Austriaca de Fomento de la Investigaci\u00f3n (FFG). La FFG acepta reclamaciones electr\u00f3nicas a trav\u00e9s del formulario de contacto. <\/span><\/p>\n<p><a class=\"wga-urltype-exturl\" href=\"https:\/\/www.ffg.at\/form\/kontaktformular-beschwerdestelle\" target=\"_blank\" rel=\"noopener\" data-wga-urlinfo=\"exturl|https:\/\/www.ffg.at\/form\/kontaktformular-beschwerdestelle\"><span style=\"vertical-align: inherit;\">Formulario de contacto de la oficina de reclamaciones<\/span><\/a><\/p>\n<p><span style=\"vertical-align: inherit;\">Estas quejas son examinadas por el FFG para determinar si se refieren a infracciones de las disposiciones de la Ley de Accesibilidad a la Web, en particular a deficiencias en el cumplimiento de los requisitos de accesibilidad, por parte del gobierno federal o de una organizaci\u00f3n atribuible al mismo.<\/span><\/p>\n<p><span style=\"vertical-align: inherit;\">Si la queja est\u00e1 justificada, el FFG debe hacer recomendaciones de actuaci\u00f3n al gobierno federal o a las personas jur\u00eddicas afectadas y proponer medidas para subsanar las deficiencias existentes.<\/span><\/p>\n<p><a class=\"wga-urltype-exturl\" href=\"https:\/\/www.ffg.at\/barrierefreiheit\/beschwerdestelle\" target=\"_blank\" rel=\"noopener\" data-wga-urlinfo=\"exturl|https:\/\/www.ffg.at\/barrierefreiheit\/beschwerdestelle\"><span style=\"vertical-align: inherit;\">M\u00e1s informaci\u00f3n sobre el procedimiento de reclamaci\u00f3n<\/span><\/a><\/p>\n<\/div>\n<\/div>\n<\/div>\n\t\t\t\t\t\t\t\t<\/div>\n\t\t\t\t<\/div>\n\t\t\t\t<div class=\"elementor-element elementor-element-73f7256 elementor-widget elementor-widget-spacer\" data-id=\"73f7256\" data-element_type=\"widget\" data-e-type=\"widget\" data-widget_type=\"spacer.default\">\n\t\t\t\t<div class=\"elementor-widget-container\">\n\t\t\t\t\t\t\t<div class=\"elementor-spacer\">\n\t\t\t<div class=\"elementor-spacer-inner\"><\/div>\n\t\t<\/div>\n\t\t\t\t\t\t<\/div>\n\t\t\t\t<\/div>\n\t\t\t\t\t<\/div>\n\t\t<\/div>\n\t\t\t\t\t<\/div>\n\t\t<\/section>\n\t\t\t\t<\/div>\n\t\t","protected":false},"excerpt":{"rendered":"<p>Accesibilidad Declaraci\u00f3n sobre accesibilidad: ebets GmbH se esfuerza por hacer que sus sitios web sean accesibles de acuerdo con la Ley de Accesibilidad a la Web (Gaceta de Leyes Federales I n.\u00ba 59\/2019). Esta declaraci\u00f3n [&hellip;]<\/p>\n","protected":false},"author":11,"featured_media":31848,"parent":0,"menu_order":0,"comment_status":"closed","ping_status":"closed","template":"","meta":{"site-sidebar-layout":"no-sidebar","site-content-layout":"page-builder","ast-site-content-layout":"full-width-container","site-content-style":"unboxed","site-sidebar-style":"unboxed","ast-global-header-display":"","ast-banner-title-visibility":"","ast-main-header-display":"","ast-hfb-above-header-display":"","ast-hfb-below-header-display":"","ast-hfb-mobile-header-display":"","site-post-title":"disabled","ast-breadcrumbs-content":"","ast-featured-img":"disabled","footer-sml-layout":"","ast-disable-related-posts":"","theme-transparent-header-meta":"enabled","adv-header-id-meta":"","stick-header-meta":"default","header-above-stick-meta":"","header-main-stick-meta":"","header-below-stick-meta":"","astra-migrate-meta-layouts":"set","ast-page-background-enabled":"default","ast-page-background-meta":{"desktop":{"background-color":"","background-image":"","background-repeat":"repeat","background-position":"center center","background-size":"auto","background-attachment":"scroll","background-type":"","background-media":"","overlay-type":"","overlay-color":"","overlay-opacity":"","overlay-gradient":""},"tablet":{"background-color":"","background-image":"","background-repeat":"repeat","background-position":"center center","background-size":"auto","background-attachment":"scroll","background-type":"","background-media":"","overlay-type":"","overlay-color":"","overlay-opacity":"","overlay-gradient":""},"mobile":{"background-color":"","background-image":"","background-repeat":"repeat","background-position":"center center","background-size":"auto","background-attachment":"scroll","background-type":"","background-media":"","overlay-type":"","overlay-color":"","overlay-opacity":"","overlay-gradient":""}},"ast-content-background-meta":{"desktop":{"background-color":"var(--ast-global-color-5)","background-image":"","background-repeat":"repeat","background-position":"center center","background-size":"auto","background-attachment":"scroll","background-type":"","background-media":"","overlay-type":"","overlay-color":"","overlay-opacity":"","overlay-gradient":""},"tablet":{"background-color":"var(--ast-global-color-5)","background-image":"","background-repeat":"repeat","background-position":"center center","background-size":"auto","background-attachment":"scroll","background-type":"","background-media":"","overlay-type":"","overlay-color":"","overlay-opacity":"","overlay-gradient":""},"mobile":{"background-color":"var(--ast-global-color-5)","background-image":"","background-repeat":"repeat","background-position":"center center","background-size":"auto","background-attachment":"scroll","background-type":"","background-media":"","overlay-type":"","overlay-color":"","overlay-opacity":"","overlay-gradient":""}},"footnotes":""},"class_list":["post-31829","page","type-page","status-publish","has-post-thumbnail","hentry"],"_links":{"self":[{"href":"https:\/\/sinnup.com\/es\/wp-json\/wp\/v2\/pages\/31829","targetHints":{"allow":["GET"]}}],"collection":[{"href":"https:\/\/sinnup.com\/es\/wp-json\/wp\/v2\/pages"}],"about":[{"href":"https:\/\/sinnup.com\/es\/wp-json\/wp\/v2\/types\/page"}],"author":[{"embeddable":true,"href":"https:\/\/sinnup.com\/es\/wp-json\/wp\/v2\/users\/11"}],"replies":[{"embeddable":true,"href":"https:\/\/sinnup.com\/es\/wp-json\/wp\/v2\/comments?post=31829"}],"version-history":[{"count":2,"href":"https:\/\/sinnup.com\/es\/wp-json\/wp\/v2\/pages\/31829\/revisions"}],"predecessor-version":[{"id":31841,"href":"https:\/\/sinnup.com\/es\/wp-json\/wp\/v2\/pages\/31829\/revisions\/31841"}],"wp:featuredmedia":[{"embeddable":true,"href":"https:\/\/sinnup.com\/es\/wp-json\/wp\/v2\/media\/31848"}],"wp:attachment":[{"href":"https:\/\/sinnup.com\/es\/wp-json\/wp\/v2\/media?parent=31829"}],"curies":[{"name":"wp","href":"https:\/\/api.w.org\/{rel}","templated":true}]}}