{"id":11550,"date":"2022-11-30T19:06:10","date_gmt":"2022-11-30T18:06:10","guid":{"rendered":"http:\/\/sinnup.com\/mentions-legales\/"},"modified":"2024-07-11T11:12:34","modified_gmt":"2024-07-11T09:12:34","slug":"mentions-legales","status":"publish","type":"page","link":"https:\/\/sinnup.com\/fr\/mentions-legales\/","title":{"rendered":"Mentions l\u00e9gales"},"content":{"rendered":"\t\t<div data-elementor-type=\"wp-page\" data-elementor-id=\"11550\" class=\"elementor elementor-11550 elementor-10913\" data-elementor-post-type=\"page\">\n\t\t\t\t\t\t<section class=\"elementor-section elementor-top-section elementor-element elementor-element-2e409d56 elementor-section-height-min-height elementor-hidden-desktop elementor-hidden-tablet elementor-section-boxed elementor-section-height-default elementor-section-items-middle\" data-id=\"2e409d56\" data-element_type=\"section\" data-e-type=\"section\" data-settings=\"{&quot;background_background&quot;:&quot;gradient&quot;}\">\n\t\t\t\t\t\t<div class=\"elementor-container elementor-column-gap-default\">\n\t\t\t\t\t<div class=\"elementor-column elementor-col-100 elementor-top-column elementor-element elementor-element-1477b271\" data-id=\"1477b271\" data-element_type=\"column\" data-e-type=\"column\">\n\t\t\t<div class=\"elementor-widget-wrap\">\n\t\t\t\t\t\t\t<\/div>\n\t\t<\/div>\n\t\t\t\t\t<\/div>\n\t\t<\/section>\n\t\t\t\t<section class=\"elementor-section elementor-top-section elementor-element elementor-element-8f6c949 elementor-section-height-min-height elementor-section-boxed elementor-section-height-default elementor-section-items-middle\" data-id=\"8f6c949\" data-element_type=\"section\" data-e-type=\"section\" data-settings=\"{&quot;background_background&quot;:&quot;gradient&quot;}\">\n\t\t\t\t\t\t<div class=\"elementor-container elementor-column-gap-default\">\n\t\t\t\t\t<div class=\"elementor-column elementor-col-100 elementor-top-column elementor-element elementor-element-37ca4ab\" data-id=\"37ca4ab\" data-element_type=\"column\" data-e-type=\"column\">\n\t\t\t<div class=\"elementor-widget-wrap elementor-element-populated\">\n\t\t\t\t\t\t<div class=\"elementor-element elementor-element-15a3658 elementor-widget elementor-widget-spacer\" data-id=\"15a3658\" data-element_type=\"widget\" data-e-type=\"widget\" data-widget_type=\"spacer.default\">\n\t\t\t\t<div class=\"elementor-widget-container\">\n\t\t\t\t\t\t\t<div class=\"elementor-spacer\">\n\t\t\t<div class=\"elementor-spacer-inner\"><\/div>\n\t\t<\/div>\n\t\t\t\t\t\t<\/div>\n\t\t\t\t<\/div>\n\t\t\t\t<div class=\"elementor-element elementor-element-ec70421 elementor-widget elementor-widget-heading\" data-id=\"ec70421\" data-element_type=\"widget\" data-e-type=\"widget\" data-widget_type=\"heading.default\">\n\t\t\t\t<div class=\"elementor-widget-container\">\n\t\t\t\t\t<h1 class=\"elementor-heading-title elementor-size-xxl\">Mentions l\u00e9gales<\/h1>\t\t\t\t<\/div>\n\t\t\t\t<\/div>\n\t\t\t\t<div class=\"elementor-element elementor-element-1f8d4dc elementor-widget elementor-widget-spacer\" data-id=\"1f8d4dc\" data-element_type=\"widget\" data-e-type=\"widget\" data-widget_type=\"spacer.default\">\n\t\t\t\t<div class=\"elementor-widget-container\">\n\t\t\t\t\t\t\t<div class=\"elementor-spacer\">\n\t\t\t<div class=\"elementor-spacer-inner\"><\/div>\n\t\t<\/div>\n\t\t\t\t\t\t<\/div>\n\t\t\t\t<\/div>\n\t\t\t\t<div class=\"elementor-element elementor-element-d817574 elementor-widget elementor-widget-text-editor\" data-id=\"d817574\" data-element_type=\"widget\" data-e-type=\"widget\" data-widget_type=\"text-editor.default\">\n\t\t\t\t<div class=\"elementor-widget-container\">\n\t\t\t\t\t\t\t\t\t<p>Conform\u00e9ment au \u00a7 5 al. 1 de la loi autrichienne sur le commerce \u00e9lectronique (ECG), l&rsquo;exploitant de ce site Internet est annonc\u00e9 par la pr\u00e9sente :<\/p>\n<h2><span style=\"font-size: 24pt;\">Adresse de la soci\u00e9t\u00e9<\/span><\/h2>\n<p><strong>ebets GmbH<br \/><\/strong><\/p>\n<p>Schildorf 16<br \/>A &#8211; 4720 Kallham<\/p>\n<p>Tel.: +43 7733 21600<br \/>Courrier \u00e9lectronique : <a href=\"mailto:office@sinnup.com\">office@sinnup.com<\/a><\/p>\n<p><em>Direction: <\/em>J\u00fcrgen Krausgruber, MA, MSc<\/p>\n<p>Courrier \u00e9lectronique : <a href=\"mailto:j.krausgruber@sinnup.com\">j.krausgruber@sinnup.com<\/a><\/p>\n\t\t\t\t\t\t\t\t<\/div>\n\t\t\t\t<\/div>\n\t\t\t\t<div class=\"elementor-element elementor-element-c3dad11 elementor-widget elementor-widget-text-editor\" data-id=\"c3dad11\" data-element_type=\"widget\" data-e-type=\"widget\" data-widget_type=\"text-editor.default\">\n\t\t\t\t<div class=\"elementor-widget-container\">\n\t\t\t\t\t\t\t\t\t<p><span style=\"font-style: inherit; font-weight: inherit; background-color: transparent; color: var(--ast-global-color-4); font-family: Heebo, sans-serif; font-size: 24pt;\">Heures<\/span> <span style=\"font-style: inherit; font-weight: inherit; background-color: transparent; color: var(--ast-global-color-4); font-family: Heebo, sans-serif; font-size: 24pt;\">d&rsquo;ouverture<\/span><\/p>\n<p>Lundi &#8211; jeudi : 08:00 &#8211; 17:00<br \/>Vendredi : 08:00 &#8211; 12:00<\/p>\n<h3><span style=\"font-size: 24pt;\">Coordonn\u00e9es bancaires<\/span><\/h3>\n<p><a href=\"https:\/\/www.raiffeisen.at\/ooe\/region-grieskirchen\/de\/firmenkunden.html\" target=\"_blank\" rel=\"noopener\"><a href=\"https:\/\/www.raiffeisen.at\/ooe\/region-grieskirchen\/de\/firmenkunden.html\" target=\"_blank\" rel=\"noopener\">Banque Raiffeisen de la r\u00e9gion de Grieskirchen<\/a><\/a><\/p>\n<p><strong>SWIFT\/BIC: RZOOAT2L736<\/strong><br \/>IBAN : <strong>AT18 3473 6000 0104 6192<\/strong><\/p>\n<p><span style=\"font-size: 24pt; color: var(--ast-global-color-4); font-family: Heebo, sans-serif; font-style: inherit; background-color: transparent;\">Donn\u00e9es g\u00e9n\u00e9rales sur l&rsquo;entreprise<\/span><\/p>\n<p><a href=\"\/agbs\/\">Conditions<\/a> <a href=\"\/agbs\/\">g\u00e9n\u00e9rales de vente (CGV)<\/a><\/p>\n<p>N\u00b0 d&rsquo;enregistrement de la soci\u00e9t\u00e9 : FN 434692d<\/p>\n<p>Lieu de juridiction: <a href=\"http:\/\/www.justiz.gv.at\/web2013\/html\/default\/2c9484853f386e94013f57e79b58156a.de.html\" target=\"_blank\" rel=\"noopener\">Landesgericht Wels<\/a><\/p>\n<p>Autorit\u00e9 selon. ECG: <a href=\"http:\/\/www.land-oberoesterreich.gv.at\/cps\/rde\/xchg\/ooe\/hs.xsl\/bh_grieskirchen_DEU_HTML.htm\" target=\"_blank\" rel=\"noopener\">Administration du district Grieskirchen<\/a><\/p>\n<p>N\u00b0 de TVA 54-225\/1640 (<a href=\"https:\/\/service.bmf.gv.at\/service\/anwend\/behoerden\/\" target=\"_blank\" rel=\"noopener\">Service des imp\u00f4ts Grieskirchen Wels<\/a>)<\/p>\n<p>UID-Nr.: ATU 70329218<\/p>\n<p>Commerce g\u00e9n\u00e9ral, services de traitement automatique des donn\u00e9es et technologies de l&rsquo;information<\/p>\n<p>Par la pr\u00e9sente, nous nous distan\u00e7ons express\u00e9ment de tous les contenus de toutes les pages li\u00e9es \u00e0 notre site Internet. Si nous avons involontairement viol\u00e9 des droits d&rsquo;auteur ou de copyright, nous vous prions de nous en informer le plus rapidement possible afin que les liens, textes ou images concern\u00e9s puissent \u00eatre supprim\u00e9s.<\/p>\n<h4><span style=\"font-size: 24pt;\">R\u00e9seaux sociaux<\/span><\/h4>\n<p>Vous trouverez \u00e9galement sur nos pages un plug-in qui \u00e9tablit une connexion directe avec les serveurs des r\u00e9seaux sociaux. Cela permet de transmettre \u00e0 ces r\u00e9seaux sociaux des informations indiquant que vous avez visit\u00e9 nos pages.<\/p>\n<h4><span style=\"font-size: 24pt;\">Droit d&rsquo;auteur et droit des marques<\/span><\/h4>\n<p>ebets GmbH s&rsquo;efforce de respecter dans toutes les publications les droits d&rsquo;auteur des graphiques, documents sonores, s\u00e9quences vid\u00e9o et textes utilis\u00e9s, d&rsquo;utiliser des graphiques, documents sonores, s\u00e9quences vid\u00e9o et textes qu&rsquo;elle a elle-m\u00eame cr\u00e9\u00e9s ou de recourir \u00e0 des graphiques, documents sonores, s\u00e9quences vid\u00e9o et textes libres de droits. Toutes les marques et marques d\u00e9pos\u00e9es mentionn\u00e9es dans l&rsquo;offre Internet et \u00e9ventuellement prot\u00e9g\u00e9es par des tiers sont soumises sans restriction aux dispositions du droit des marques en vigueur et aux droits de propri\u00e9t\u00e9 des propri\u00e9taires enregistr\u00e9s respectifs. La simple mention d&rsquo;une marque ne permet pas de conclure qu&rsquo;elle n&rsquo;est pas prot\u00e9g\u00e9e par des droits de tiers ! Les droits d&rsquo;auteur pour les objets publi\u00e9s et cr\u00e9\u00e9s par ebets GmbH elle-m\u00eame restent la propri\u00e9t\u00e9 exclusive du propri\u00e9taire des pages. Toute reproduction ou utilisation de tels graphiques, documents sonores, s\u00e9quences vid\u00e9o et textes dans d&rsquo;autres publications \u00e9lectroniques ou imprim\u00e9es est interdite sans l&rsquo;autorisation expresse de ebets GmbH.<\/p>\n<h4><span style=\"font-size: 24pt;\">Contenu de l&rsquo;offre en ligne<\/span><\/h4>\n<p>ebets GmbH ne garantit pas l&rsquo;actualit\u00e9, l&rsquo;exactitude, l&rsquo;exhaustivit\u00e9 ou la qualit\u00e9 des informations fournies. La responsabilit\u00e9 d&rsquo;ebets GmbH ne peut \u00eatre engag\u00e9e pour des dommages mat\u00e9riels ou immat\u00e9riels caus\u00e9s par l&rsquo;utilisation ou la non-utilisation des informations pr\u00e9sent\u00e9es ou par l&rsquo;utilisation d&rsquo;informations erron\u00e9es ou incompl\u00e8tes, dans la mesure o\u00f9 il n&rsquo;est pas prouv\u00e9 qu&rsquo;ebets GmbH a commis une faute intentionnelle ou une n\u00e9gligence grave. Toutes les offres sont sans engagement et non contractuelles. ebets GmbH se r\u00e9serve express\u00e9ment le droit de modifier, de compl\u00e9ter ou de supprimer des parties de pages ou l&rsquo;ensemble de l&rsquo;offre sans avis pr\u00e9alable, ou d&rsquo;en suspendre temporairement ou d\u00e9finitivement la publication.<\/p>\n<h4><span style=\"font-size: 24pt;\">R\u00e9f\u00e9rences et liens<\/span><\/h4>\n<p>En cas de renvois directs ou indirects \u00e0 des sites Internet externes, appel\u00e9s \u00ab\u00a0liens\u00a0\u00bb, qui se trouvent en dehors du domaine de responsabilit\u00e9 de ebets GmbH, une obligation de responsabilit\u00e9 entrerait uniquement en vigueur dans le cas o\u00f9 ebets GmbH aurait connaissance des contenus et qu&rsquo;il lui serait techniquement possible et raisonnable d&#8217;emp\u00eacher l&rsquo;utilisation en cas de contenus ill\u00e9gaux. ebets GmbH d\u00e9clare express\u00e9ment par la pr\u00e9sente qu&rsquo;au moment de l&rsquo;\u00e9tablissement des liens, les pages correspondantes \u00e9taient exemptes de tout contenu ill\u00e9gal. ebets GmbH n&rsquo;a aucune influence sur la conception actuelle et future, les contenus ou les droits d&rsquo;auteur des pages li\u00e9es ou r\u00e9f\u00e9renc\u00e9es. C&rsquo;est pourquoi ebets GmbH se distancie express\u00e9ment de tous les contenus de toutes les pages li\u00e9es qui ont \u00e9t\u00e9 modifi\u00e9es apr\u00e8s l&rsquo;\u00e9tablissement des liens. Cette constatation s&rsquo;applique \u00e0 tous les liens et renvois plac\u00e9s au sein de la propre offre Internet ainsi qu&rsquo;aux inscriptions de tiers dans les services mis en place par l&rsquo;entreprise tels que livres d&rsquo;or, forums de discussion, listes de diffusion et autres. Seul le fournisseur de la page \u00e0 laquelle il a \u00e9t\u00e9 renvoy\u00e9 est responsable des contenus ill\u00e9gaux, erron\u00e9s ou incomplets et en particulier des dommages r\u00e9sultant de l&rsquo;utilisation ou de la non-utilisation des informations ainsi pr\u00e9sent\u00e9es, et non celui qui ne fait que renvoyer \u00e0 la publication concern\u00e9e par le biais de liens.<\/p>\n<h4><span style=\"font-size: 24pt;\">Copyright\/Responsabilit\u00e9<\/span><\/h4>\n<p>Compte tenu des caract\u00e9ristiques techniques d&rsquo;Internet, aucune garantie ne peut \u00eatre donn\u00e9e quant \u00e0 l&rsquo;authenticit\u00e9, l&rsquo;exactitude et l&rsquo;exhaustivit\u00e9 des informations mises \u00e0 disposition sur Internet. De m\u00eame, aucune garantie n&rsquo;est donn\u00e9e quant \u00e0 la disponibilit\u00e9 ou au fonctionnement de la page d&rsquo;accueil en question et de son contenu. Toute responsabilit\u00e9 pour des dommages directs, indirects ou autres, ind\u00e9pendamment de leurs causes, r\u00e9sultant de l&rsquo;utilisation ou de la non-disponibilit\u00e9 des donn\u00e9es et informations de ce site Internet, est exclue dans la mesure o\u00f9 la loi le permet. Le contenu de ce site est prot\u00e9g\u00e9 par les droits d&rsquo;auteur. Les informations sont destin\u00e9es \u00e0 un usage personnel uniquement. Toute autre utilisation, en particulier l&rsquo;enregistrement dans des banques de donn\u00e9es, la reproduction et toute forme d&rsquo;utilisation commerciale ainsi que la transmission \u00e0 des tiers, m\u00eame en partie ou sous une forme remani\u00e9e, sans l&rsquo;accord de l&rsquo;organisation concern\u00e9e, est interdite. Toute int\u00e9gration de pages individuelles de notre offre dans des cadres \u00e9trangers est \u00e0 proscrire.<\/p>\n<h4><span style=\"font-size: 24pt;\">Autre<\/span><\/h4>\n<p>Si des parties ou certaines formulations de ce texte ne devaient pas, plus ou pas enti\u00e8rement correspondre \u00e0 la situation juridique en vigueur, les autres parties du document n&rsquo;en seraient pas affect\u00e9es dans leur contenu et leur validit\u00e9.<\/p>\n\t\t\t\t\t\t\t\t<\/div>\n\t\t\t\t<\/div>\n\t\t\t\t<div class=\"elementor-element elementor-element-73f7256 elementor-widget elementor-widget-spacer\" data-id=\"73f7256\" data-element_type=\"widget\" data-e-type=\"widget\" data-widget_type=\"spacer.default\">\n\t\t\t\t<div class=\"elementor-widget-container\">\n\t\t\t\t\t\t\t<div class=\"elementor-spacer\">\n\t\t\t<div class=\"elementor-spacer-inner\"><\/div>\n\t\t<\/div>\n\t\t\t\t\t\t<\/div>\n\t\t\t\t<\/div>\n\t\t\t\t\t<\/div>\n\t\t<\/div>\n\t\t\t\t\t<\/div>\n\t\t<\/section>\n\t\t\t\t<\/div>\n\t\t","protected":false},"excerpt":{"rendered":"<p>Mentions l\u00e9gales Conform\u00e9ment au \u00a7 5 al. 1 de la loi autrichienne sur le commerce \u00e9lectronique (ECG), l&rsquo;exploitant de ce site Internet est annonc\u00e9 par la pr\u00e9sente : Adresse de la soci\u00e9t\u00e9 ebets GmbH Schildorf [&hellip;]<\/p>\n","protected":false},"author":2,"featured_media":0,"parent":0,"menu_order":0,"comment_status":"closed","ping_status":"closed","template":"","meta":{"site-sidebar-layout":"no-sidebar","site-content-layout":"page-builder","ast-site-content-layout":"default","site-content-style":"default","site-sidebar-style":"default","ast-global-header-display":"","ast-banner-title-visibility":"","ast-main-header-display":"","ast-hfb-above-header-display":"","ast-hfb-below-header-display":"","ast-hfb-mobile-header-display":"","site-post-title":"disabled","ast-breadcrumbs-content":"","ast-featured-img":"disabled","footer-sml-layout":"","ast-disable-related-posts":"","theme-transparent-header-meta":"enabled","adv-header-id-meta":"","stick-header-meta":"default","header-above-stick-meta":"","header-main-stick-meta":"","header-below-stick-meta":"","astra-migrate-meta-layouts":"default","ast-page-background-enabled":"default","ast-page-background-meta":{"desktop":{"background-color":"","background-image":"","background-repeat":"repeat","background-position":"center center","background-size":"auto","background-attachment":"scroll","background-type":"","background-media":"","overlay-type":"","overlay-color":"","overlay-opacity":"","overlay-gradient":""},"tablet":{"background-color":"","background-image":"","background-repeat":"repeat","background-position":"center center","background-size":"auto","background-attachment":"scroll","background-type":"","background-media":"","overlay-type":"","overlay-color":"","overlay-opacity":"","overlay-gradient":""},"mobile":{"background-color":"","background-image":"","background-repeat":"repeat","background-position":"center center","background-size":"auto","background-attachment":"scroll","background-type":"","background-media":"","overlay-type":"","overlay-color":"","overlay-opacity":"","overlay-gradient":""}},"ast-content-background-meta":{"desktop":{"background-color":"var(--ast-global-color-5)","background-image":"","background-repeat":"repeat","background-position":"center center","background-size":"auto","background-attachment":"scroll","background-type":"","background-media":"","overlay-type":"","overlay-color":"","overlay-opacity":"","overlay-gradient":""},"tablet":{"background-color":"var(--ast-global-color-5)","background-image":"","background-repeat":"repeat","background-position":"center center","background-size":"auto","background-attachment":"scroll","background-type":"","background-media":"","overlay-type":"","overlay-color":"","overlay-opacity":"","overlay-gradient":""},"mobile":{"background-color":"var(--ast-global-color-5)","background-image":"","background-repeat":"repeat","background-position":"center center","background-size":"auto","background-attachment":"scroll","background-type":"","background-media":"","overlay-type":"","overlay-color":"","overlay-opacity":"","overlay-gradient":""}},"footnotes":""},"class_list":["post-11550","page","type-page","status-publish","hentry"],"_links":{"self":[{"href":"https:\/\/sinnup.com\/fr\/wp-json\/wp\/v2\/pages\/11550","targetHints":{"allow":["GET"]}}],"collection":[{"href":"https:\/\/sinnup.com\/fr\/wp-json\/wp\/v2\/pages"}],"about":[{"href":"https:\/\/sinnup.com\/fr\/wp-json\/wp\/v2\/types\/page"}],"author":[{"embeddable":true,"href":"https:\/\/sinnup.com\/fr\/wp-json\/wp\/v2\/users\/2"}],"replies":[{"embeddable":true,"href":"https:\/\/sinnup.com\/fr\/wp-json\/wp\/v2\/comments?post=11550"}],"version-history":[{"count":4,"href":"https:\/\/sinnup.com\/fr\/wp-json\/wp\/v2\/pages\/11550\/revisions"}],"predecessor-version":[{"id":31581,"href":"https:\/\/sinnup.com\/fr\/wp-json\/wp\/v2\/pages\/11550\/revisions\/31581"}],"wp:attachment":[{"href":"https:\/\/sinnup.com\/fr\/wp-json\/wp\/v2\/media?parent=11550"}],"curies":[{"name":"wp","href":"https:\/\/api.w.org\/{rel}","templated":true}]}}