{"id":12668,"date":"2022-11-24T13:05:40","date_gmt":"2022-11-24T12:05:40","guid":{"rendered":"http:\/\/sinnup.com\/blog-sinnup\/"},"modified":"2024-07-10T14:20:46","modified_gmt":"2024-07-10T12:20:46","slug":"blog-sinnup","status":"publish","type":"page","link":"https:\/\/sinnup.com\/fr\/blog-sinnup\/","title":{"rendered":"Blog"},"content":{"rendered":"\t\t<div data-elementor-type=\"wp-page\" data-elementor-id=\"12668\" class=\"elementor elementor-12668 elementor-6947\" data-elementor-post-type=\"page\">\n\t\t\t\t\t\t<section class=\"elementor-section elementor-top-section elementor-element elementor-element-6154137 elementor-section-height-min-height elementor-hidden-desktop elementor-hidden-tablet elementor-section-boxed elementor-section-height-default elementor-section-items-middle\" data-id=\"6154137\" data-element_type=\"section\" data-e-type=\"section\" data-settings=\"{&quot;background_background&quot;:&quot;gradient&quot;}\">\n\t\t\t\t\t\t<div class=\"elementor-container elementor-column-gap-default\">\n\t\t\t\t\t<div class=\"elementor-column elementor-col-100 elementor-top-column elementor-element elementor-element-db45f6f\" data-id=\"db45f6f\" data-element_type=\"column\" data-e-type=\"column\">\n\t\t\t<div class=\"elementor-widget-wrap\">\n\t\t\t\t\t\t\t<\/div>\n\t\t<\/div>\n\t\t\t\t\t<\/div>\n\t\t<\/section>\n\t\t\t\t<section class=\"elementor-section elementor-top-section elementor-element elementor-element-2f28c46 elementor-section-full_width elementor-section-height-default elementor-section-height-default\" data-id=\"2f28c46\" data-element_type=\"section\" data-e-type=\"section\" data-settings=\"{&quot;background_background&quot;:&quot;gradient&quot;}\">\n\t\t\t\t\t\t<div class=\"elementor-container elementor-column-gap-default\">\n\t\t\t\t\t<div class=\"elementor-column elementor-col-100 elementor-top-column elementor-element elementor-element-7ef82fa\" data-id=\"7ef82fa\" data-element_type=\"column\" data-e-type=\"column\">\n\t\t\t<div class=\"elementor-widget-wrap elementor-element-populated\">\n\t\t\t\t\t\t<section class=\"elementor-section elementor-inner-section elementor-element elementor-element-b959e6e elementor-section-full_width elementor-section-height-min-height elementor-section-height-default\" data-id=\"b959e6e\" data-element_type=\"section\" data-e-type=\"section\" data-settings=\"{&quot;background_background&quot;:&quot;classic&quot;}\">\n\t\t\t\t\t\t<div class=\"elementor-container elementor-column-gap-default\">\n\t\t\t\t\t<div class=\"elementor-column elementor-col-100 elementor-inner-column elementor-element elementor-element-4d33713\" data-id=\"4d33713\" data-element_type=\"column\" data-e-type=\"column\">\n\t\t\t<div class=\"elementor-widget-wrap\">\n\t\t\t\t\t\t\t<\/div>\n\t\t<\/div>\n\t\t\t\t\t<\/div>\n\t\t<\/section>\n\t\t\t\t<section class=\"elementor-section elementor-inner-section elementor-element elementor-element-2de49ff elementor-section-boxed elementor-section-height-default elementor-section-height-default\" data-id=\"2de49ff\" data-element_type=\"section\" data-e-type=\"section\">\n\t\t\t\t\t\t<div class=\"elementor-container elementor-column-gap-default\">\n\t\t\t\t\t<div class=\"elementor-column elementor-col-100 elementor-inner-column elementor-element elementor-element-6886a9f\" data-id=\"6886a9f\" data-element_type=\"column\" data-e-type=\"column\">\n\t\t\t<div class=\"elementor-widget-wrap elementor-element-populated\">\n\t\t\t\t\t\t<div class=\"elementor-element elementor-element-9ec8c80 elementor-hidden-desktop elementor-hidden-tablet elementor-widget elementor-widget-spacer\" data-id=\"9ec8c80\" data-element_type=\"widget\" data-e-type=\"widget\" data-widget_type=\"spacer.default\">\n\t\t\t\t<div class=\"elementor-widget-container\">\n\t\t\t\t\t\t\t<div class=\"elementor-spacer\">\n\t\t\t<div class=\"elementor-spacer-inner\"><\/div>\n\t\t<\/div>\n\t\t\t\t\t\t<\/div>\n\t\t\t\t<\/div>\n\t\t\t\t<div class=\"elementor-element elementor-element-e86facf elementor-widget elementor-widget-heading\" data-id=\"e86facf\" data-element_type=\"widget\" data-e-type=\"widget\" data-widget_type=\"heading.default\">\n\t\t\t\t<div class=\"elementor-widget-container\">\n\t\t\t\t\t<h1 class=\"elementor-heading-title elementor-size-xl\">Blog sur le WEB, le SEO et le NFC.<\/h1>\t\t\t\t<\/div>\n\t\t\t\t<\/div>\n\t\t\t\t<div class=\"elementor-element elementor-element-2eac676 elementor-widget elementor-widget-text-editor\" data-id=\"2eac676\" data-element_type=\"widget\" data-e-type=\"widget\" data-widget_type=\"text-editor.default\">\n\t\t\t\t<div class=\"elementor-widget-container\">\n\t\t\t\t\t\t\t\t\t<h2 style=\"text-align: center;\"><span style=\"font-size: 18pt;\">Dans ce blog, nous publions pour vous des articles int\u00e9ressants sur des sujets d&rsquo;actualit\u00e9.<\/span><\/h2>\n\t\t\t\t\t\t\t\t<\/div>\n\t\t\t\t<\/div>\n\t\t\t\t<div class=\"elementor-element elementor-element-f37d76e elementor-widget elementor-widget-spacer\" data-id=\"f37d76e\" data-element_type=\"widget\" data-e-type=\"widget\" data-widget_type=\"spacer.default\">\n\t\t\t\t<div class=\"elementor-widget-container\">\n\t\t\t\t\t\t\t<div class=\"elementor-spacer\">\n\t\t\t<div class=\"elementor-spacer-inner\"><\/div>\n\t\t<\/div>\n\t\t\t\t\t\t<\/div>\n\t\t\t\t<\/div>\n\t\t\t\t<div class=\"elementor-element elementor-element-e0680a2 elementor-widget elementor-widget-heading\" data-id=\"e0680a2\" data-element_type=\"widget\" data-e-type=\"widget\" data-widget_type=\"heading.default\">\n\t\t\t\t<div class=\"elementor-widget-container\">\n\t\t\t\t\t<h2 class=\"elementor-heading-title elementor-size-large\">Nos derni\u00e8res contributions :<\/h2>\t\t\t\t<\/div>\n\t\t\t\t<\/div>\n\t\t\t\t<div class=\"elementor-element elementor-element-710b2b4 elementor-widget elementor-widget-spacer\" data-id=\"710b2b4\" data-element_type=\"widget\" data-e-type=\"widget\" data-widget_type=\"spacer.default\">\n\t\t\t\t<div class=\"elementor-widget-container\">\n\t\t\t\t\t\t\t<div class=\"elementor-spacer\">\n\t\t\t<div class=\"elementor-spacer-inner\"><\/div>\n\t\t<\/div>\n\t\t\t\t\t\t<\/div>\n\t\t\t\t<\/div>\n\t\t\t\t<div class=\"elementor-element elementor-element-9b48736 elementor-grid-2 elementor-grid-tablet-2 elementor-grid-mobile-1 elementor-posts--thumbnail-top elementor-widget elementor-widget-posts\" data-id=\"9b48736\" data-element_type=\"widget\" data-e-type=\"widget\" data-settings=\"{&quot;classic_columns&quot;:&quot;2&quot;,&quot;pagination_type&quot;:&quot;numbers&quot;,&quot;classic_columns_tablet&quot;:&quot;2&quot;,&quot;classic_columns_mobile&quot;:&quot;1&quot;,&quot;classic_row_gap&quot;:{&quot;unit&quot;:&quot;px&quot;,&quot;size&quot;:35,&quot;sizes&quot;:[]},&quot;classic_row_gap_tablet&quot;:{&quot;unit&quot;:&quot;px&quot;,&quot;size&quot;:&quot;&quot;,&quot;sizes&quot;:[]},&quot;classic_row_gap_mobile&quot;:{&quot;unit&quot;:&quot;px&quot;,&quot;size&quot;:&quot;&quot;,&quot;sizes&quot;:[]}}\" data-widget_type=\"posts.classic\">\n\t\t\t\t<div class=\"elementor-widget-container\">\n\t\t\t\t\t\t\t<div class=\"elementor-posts-container elementor-posts elementor-posts--skin-classic elementor-grid\" role=\"list\">\n\t\t\t\t<article class=\"elementor-post elementor-grid-item post-29719 post type-post status-publish format-standard has-post-thumbnail hentry category-marketing-fr\" role=\"listitem\">\n\t\t\t\t<a class=\"elementor-post__thumbnail__link\" href=\"https:\/\/sinnup.com\/fr\/un-site-web-professionnel-compare-a-un-systeme-modulaire\/\" tabindex=\"-1\" >\n\t\t\t<div class=\"elementor-post__thumbnail\"><img fetchpriority=\"high\" decoding=\"async\" width=\"512\" height=\"512\" src=\"https:\/\/sinnup.com\/wp-content\/uploads\/2023\/08\/Vorteile-einer-professionellen-Website-im-Vergleich-zu-einer-Website-aus-einem-Baukastensystem_Sinnup-Blog.jpg\" class=\"attachment-full size-full wp-image-29571\" alt=\"Vorteile einer professionellen Website im Vergleich zu einer Website aus einem Baukastensystem - Sinnup Blog\" srcset=\"https:\/\/sinnup.com\/wp-content\/uploads\/2023\/08\/Vorteile-einer-professionellen-Website-im-Vergleich-zu-einer-Website-aus-einem-Baukastensystem_Sinnup-Blog.jpg 512w, https:\/\/sinnup.com\/wp-content\/uploads\/2023\/08\/Vorteile-einer-professionellen-Website-im-Vergleich-zu-einer-Website-aus-einem-Baukastensystem_Sinnup-Blog-300x300.jpg 300w, https:\/\/sinnup.com\/wp-content\/uploads\/2023\/08\/Vorteile-einer-professionellen-Website-im-Vergleich-zu-einer-Website-aus-einem-Baukastensystem_Sinnup-Blog-150x150.jpg 150w\" sizes=\"(max-width: 512px) 100vw, 512px\" \/><\/div>\n\t\t<\/a>\n\t\t\t\t<div class=\"elementor-post__text\">\n\t\t\t\t<h3 class=\"elementor-post__title\">\n\t\t\t<a href=\"https:\/\/sinnup.com\/fr\/un-site-web-professionnel-compare-a-un-systeme-modulaire\/\" >\n\t\t\t\tPourquoi un site WordPress professionnel est-il meilleur qu&rsquo;un site en kit ?\t\t\t<\/a>\n\t\t<\/h3>\n\t\t\t\t<div class=\"elementor-post__meta-data\">\n\t\t\t\t\t<span class=\"elementor-post-author\">\n\t\t\tJ. Krausgruber\t\t<\/span>\n\t\t\t\t<span class=\"elementor-post-date\">\n\t\t\t30 ao\u00fbt 2023\t\t<\/span>\n\t\t\t\t<\/div>\n\t\t\t\t<div class=\"elementor-post__excerpt\">\n\t\t\t<p>Si tu souhaites cr\u00e9er un site web pour ton entreprise, ton hobby ou ta marque personnelle, tu as le choix entre de nombreuses options. L&rsquo;une d&rsquo;entre elles consiste \u00e0 utiliser un site web modulaire qui<\/p>\n\t\t<\/div>\n\t\t\n\t\t<a class=\"elementor-post__read-more\" href=\"https:\/\/sinnup.com\/fr\/un-site-web-professionnel-compare-a-un-systeme-modulaire\/\" aria-label=\"En savoir plus sur Pourquoi un site WordPress professionnel est-il meilleur qu&rsquo;un site en kit ?\" tabindex=\"-1\" >\n\t\t\tLire la suite \"\t\t<\/a>\n\n\t\t\t\t<\/div>\n\t\t\t\t<\/article>\n\t\t\t\t<article class=\"elementor-post elementor-grid-item post-29629 post type-post status-publish format-standard has-post-thumbnail hentry category-marketing-fr\" role=\"listitem\">\n\t\t\t\t<a class=\"elementor-post__thumbnail__link\" href=\"https:\/\/sinnup.com\/fr\/les-principales-tendances-seo-pour-2023\/\" tabindex=\"-1\" >\n\t\t\t<div class=\"elementor-post__thumbnail\"><img decoding=\"async\" width=\"512\" height=\"512\" src=\"https:\/\/sinnup.com\/wp-content\/uploads\/2023\/08\/Die-wichtigsten-Seo-Trends-fuer-2023_Sinnup-Blog.jpg\" class=\"attachment-full size-full wp-image-29564\" alt=\"Die wichtigsten Seo-Trends f\u00fcr 2023 - Sinnup Blog\" srcset=\"https:\/\/sinnup.com\/wp-content\/uploads\/2023\/08\/Die-wichtigsten-Seo-Trends-fuer-2023_Sinnup-Blog.jpg 512w, https:\/\/sinnup.com\/wp-content\/uploads\/2023\/08\/Die-wichtigsten-Seo-Trends-fuer-2023_Sinnup-Blog-300x300.jpg 300w, https:\/\/sinnup.com\/wp-content\/uploads\/2023\/08\/Die-wichtigsten-Seo-Trends-fuer-2023_Sinnup-Blog-150x150.jpg 150w\" sizes=\"(max-width: 512px) 100vw, 512px\" \/><\/div>\n\t\t<\/a>\n\t\t\t\t<div class=\"elementor-post__text\">\n\t\t\t\t<h3 class=\"elementor-post__title\">\n\t\t\t<a href=\"https:\/\/sinnup.com\/fr\/les-principales-tendances-seo-pour-2023\/\" >\n\t\t\t\tLes principales tendances SEO pour 2023\t\t\t<\/a>\n\t\t<\/h3>\n\t\t\t\t<div class=\"elementor-post__meta-data\">\n\t\t\t\t\t<span class=\"elementor-post-author\">\n\t\t\tJ. Krausgruber\t\t<\/span>\n\t\t\t\t<span class=\"elementor-post-date\">\n\t\t\t16 ao\u00fbt 2023\t\t<\/span>\n\t\t\t\t<\/div>\n\t\t\t\t<div class=\"elementor-post__excerpt\">\n\t\t\t<p>Google \u00e9volue constamment et les facteurs de classement SEO changent \u00e9galement en permanence. Voici quelques-unes des principales tendances en mati\u00e8re de r\u00e9f\u00e9rencement pour 2023 : Optimisation mobile De plus en plus de personnes utilisent l&rsquo;internet<\/p>\n\t\t<\/div>\n\t\t\n\t\t<a class=\"elementor-post__read-more\" href=\"https:\/\/sinnup.com\/fr\/les-principales-tendances-seo-pour-2023\/\" aria-label=\"En savoir plus sur Les principales tendances SEO pour 2023\" tabindex=\"-1\" >\n\t\t\tLire la suite \"\t\t<\/a>\n\n\t\t\t\t<\/div>\n\t\t\t\t<\/article>\n\t\t\t\t<article class=\"elementor-post elementor-grid-item post-29580 post type-post status-publish format-standard has-post-thumbnail hentry category-marketing-fr\" role=\"listitem\">\n\t\t\t\t<a class=\"elementor-post__thumbnail__link\" href=\"https:\/\/sinnup.com\/fr\/10-points-pour-reussir-la-mise-en-ligne-dun-site-web\/\" tabindex=\"-1\" >\n\t\t\t<div class=\"elementor-post__thumbnail\"><img decoding=\"async\" width=\"512\" height=\"512\" src=\"https:\/\/sinnup.com\/wp-content\/uploads\/2023\/08\/10-Punkte-fuer-einen-erfolgreichen-Onlinegang-einer-Website_Sinnup-Blog.jpg\" class=\"attachment-full size-full wp-image-29557\" alt=\"10 Punkte f\u00fcr einen erfolgreichen Onlinegang einer Website - Sinnup Blog\" srcset=\"https:\/\/sinnup.com\/wp-content\/uploads\/2023\/08\/10-Punkte-fuer-einen-erfolgreichen-Onlinegang-einer-Website_Sinnup-Blog.jpg 512w, https:\/\/sinnup.com\/wp-content\/uploads\/2023\/08\/10-Punkte-fuer-einen-erfolgreichen-Onlinegang-einer-Website_Sinnup-Blog-300x300.jpg 300w, https:\/\/sinnup.com\/wp-content\/uploads\/2023\/08\/10-Punkte-fuer-einen-erfolgreichen-Onlinegang-einer-Website_Sinnup-Blog-150x150.jpg 150w\" sizes=\"(max-width: 512px) 100vw, 512px\" \/><\/div>\n\t\t<\/a>\n\t\t\t\t<div class=\"elementor-post__text\">\n\t\t\t\t<h3 class=\"elementor-post__title\">\n\t\t\t<a href=\"https:\/\/sinnup.com\/fr\/10-points-pour-reussir-la-mise-en-ligne-dun-site-web\/\" >\n\t\t\t\t10 points pour r\u00e9ussir la mise en ligne d&rsquo;un site web\t\t\t<\/a>\n\t\t<\/h3>\n\t\t\t\t<div class=\"elementor-post__meta-data\">\n\t\t\t\t\t<span class=\"elementor-post-author\">\n\t\t\tJ. Krausgruber\t\t<\/span>\n\t\t\t\t<span class=\"elementor-post-date\">\n\t\t\t2 ao\u00fbt 2023\t\t<\/span>\n\t\t\t\t<\/div>\n\t\t\t\t<div class=\"elementor-post__excerpt\">\n\t\t\t<p>1. D\u00e9finir tes objectifs Que veux-tu atteindre avec ton site web ? Tu souhaites attirer plus de clients, faire conna\u00eetre ta marque ou tout simplement pr\u00e9senter tes produits ou services ? Une fois que tu<\/p>\n\t\t<\/div>\n\t\t\n\t\t<a class=\"elementor-post__read-more\" href=\"https:\/\/sinnup.com\/fr\/10-points-pour-reussir-la-mise-en-ligne-dun-site-web\/\" aria-label=\"En savoir plus sur 10 points pour r\u00e9ussir la mise en ligne d&rsquo;un site web\" tabindex=\"-1\" >\n\t\t\tLire la suite \"\t\t<\/a>\n\n\t\t\t\t<\/div>\n\t\t\t\t<\/article>\n\t\t\t\t<article class=\"elementor-post elementor-grid-item post-24665 post type-post status-publish format-standard has-post-thumbnail hentry category-marketing-fr category-technique\" role=\"listitem\">\n\t\t\t\t<a class=\"elementor-post__thumbnail__link\" href=\"https:\/\/sinnup.com\/fr\/gpt3-lintelligence-artificielle-en-marche\/\" tabindex=\"-1\" >\n\t\t\t<div class=\"elementor-post__thumbnail\"><img loading=\"lazy\" decoding=\"async\" width=\"512\" height=\"512\" src=\"https:\/\/sinnup.com\/wp-content\/uploads\/2023\/01\/GPT3-Kuenstliche-Intelligenz-auf-dem-Vormarsch.-Sinnup-wir-machen-digitales-greifbar.png\" class=\"attachment-full size-full wp-image-23378\" alt=\"GPT3 K\u00fcnstliche Intelligenz auf dem Vormarsch. Sinnup-wir machen digitales greifbar\" srcset=\"https:\/\/sinnup.com\/wp-content\/uploads\/2023\/01\/GPT3-Kuenstliche-Intelligenz-auf-dem-Vormarsch.-Sinnup-wir-machen-digitales-greifbar.png 512w, https:\/\/sinnup.com\/wp-content\/uploads\/2023\/01\/GPT3-Kuenstliche-Intelligenz-auf-dem-Vormarsch.-Sinnup-wir-machen-digitales-greifbar-300x300.png 300w, https:\/\/sinnup.com\/wp-content\/uploads\/2023\/01\/GPT3-Kuenstliche-Intelligenz-auf-dem-Vormarsch.-Sinnup-wir-machen-digitales-greifbar-150x150.png 150w, https:\/\/sinnup.com\/wp-content\/uploads\/2023\/01\/GPT3-Kuenstliche-Intelligenz-auf-dem-Vormarsch.-Sinnup-wir-machen-digitales-greifbar-400x400.png 400w, https:\/\/sinnup.com\/wp-content\/uploads\/2023\/01\/GPT3-Kuenstliche-Intelligenz-auf-dem-Vormarsch.-Sinnup-wir-machen-digitales-greifbar-100x100.png 100w\" sizes=\"(max-width: 512px) 100vw, 512px\" \/><\/div>\n\t\t<\/a>\n\t\t\t\t<div class=\"elementor-post__text\">\n\t\t\t\t<h3 class=\"elementor-post__title\">\n\t\t\t<a href=\"https:\/\/sinnup.com\/fr\/gpt3-lintelligence-artificielle-en-marche\/\" >\n\t\t\t\tGPT3 : l&rsquo;intelligence artificielle en marche.\t\t\t<\/a>\n\t\t<\/h3>\n\t\t\t\t<div class=\"elementor-post__meta-data\">\n\t\t\t\t\t<span class=\"elementor-post-author\">\n\t\t\tJ. Krausgruber\t\t<\/span>\n\t\t\t\t<span class=\"elementor-post-date\">\n\t\t\t16 janvier 2023\t\t<\/span>\n\t\t\t\t<\/div>\n\t\t\t\t<div class=\"elementor-post__excerpt\">\n\t\t\t<p>1. qu&rsquo;est-ce que l&rsquo;intelligence artificielle (IA) ? L&rsquo;intelligence artificielle (IA) est une technologie qui permet aux ordinateurs et aux machines d&rsquo;imiter les capacit\u00e9s humaines. L&rsquo;IA est utilis\u00e9e pour r\u00e9soudre des probl\u00e8mes complexes et prendre des<\/p>\n\t\t<\/div>\n\t\t\n\t\t<a class=\"elementor-post__read-more\" href=\"https:\/\/sinnup.com\/fr\/gpt3-lintelligence-artificielle-en-marche\/\" aria-label=\"En savoir plus sur GPT3 : l&rsquo;intelligence artificielle en marche.\" tabindex=\"-1\" >\n\t\t\tLire la suite \"\t\t<\/a>\n\n\t\t\t\t<\/div>\n\t\t\t\t<\/article>\n\t\t\t\t<article class=\"elementor-post elementor-grid-item post-12935 post type-post status-publish format-standard has-post-thumbnail hentry category-marketing-fr\" role=\"listitem\">\n\t\t\t\t<a class=\"elementor-post__thumbnail__link\" href=\"https:\/\/sinnup.com\/fr\/crossmedia-des-campagnes-numeriques-avec-une-valeur-ajoutee-haptique-grace-a-la-nfc\/\" tabindex=\"-1\" >\n\t\t\t<div class=\"elementor-post__thumbnail\"><img loading=\"lazy\" decoding=\"async\" width=\"1600\" height=\"954\" src=\"https:\/\/sinnup.com\/wp-content\/uploads\/2022\/11\/Crossmedia-digitale-Kampagnen-mit-haptischem-Mehrwert-durch-NFC.jpg\" class=\"attachment-full size-full wp-image-8559\" alt=\"Crossmedia - digitale Kampagnen mit haptischem Mehrwert durch NFC\" srcset=\"https:\/\/sinnup.com\/wp-content\/uploads\/2022\/11\/Crossmedia-digitale-Kampagnen-mit-haptischem-Mehrwert-durch-NFC.jpg 1600w, https:\/\/sinnup.com\/wp-content\/uploads\/2022\/11\/Crossmedia-digitale-Kampagnen-mit-haptischem-Mehrwert-durch-NFC-300x179.jpg 300w, https:\/\/sinnup.com\/wp-content\/uploads\/2022\/11\/Crossmedia-digitale-Kampagnen-mit-haptischem-Mehrwert-durch-NFC-1024x611.jpg 1024w, https:\/\/sinnup.com\/wp-content\/uploads\/2022\/11\/Crossmedia-digitale-Kampagnen-mit-haptischem-Mehrwert-durch-NFC-768x458.jpg 768w, https:\/\/sinnup.com\/wp-content\/uploads\/2022\/11\/Crossmedia-digitale-Kampagnen-mit-haptischem-Mehrwert-durch-NFC-1536x916.jpg 1536w, https:\/\/sinnup.com\/wp-content\/uploads\/2022\/11\/Crossmedia-digitale-Kampagnen-mit-haptischem-Mehrwert-durch-NFC-600x358.jpg 600w\" sizes=\"(max-width: 1600px) 100vw, 1600px\" \/><\/div>\n\t\t<\/a>\n\t\t\t\t<div class=\"elementor-post__text\">\n\t\t\t\t<h3 class=\"elementor-post__title\">\n\t\t\t<a href=\"https:\/\/sinnup.com\/fr\/crossmedia-des-campagnes-numeriques-avec-une-valeur-ajoutee-haptique-grace-a-la-nfc\/\" >\n\t\t\t\tCrossmedia &#8211; des campagnes num\u00e9riques avec une valeur ajout\u00e9e haptique gr\u00e2ce \u00e0 la NFC\t\t\t<\/a>\n\t\t<\/h3>\n\t\t\t\t<div class=\"elementor-post__meta-data\">\n\t\t\t\t\t<span class=\"elementor-post-author\">\n\t\t\tJ. Krausgruber\t\t<\/span>\n\t\t\t\t<span class=\"elementor-post-date\">\n\t\t\t27 novembre 2022\t\t<\/span>\n\t\t\t\t<\/div>\n\t\t\t\t<div class=\"elementor-post__excerpt\">\n\t\t\t<p>L&rsquo;industrie de la publicit\u00e9, comme beaucoup d&rsquo;autres secteurs, est en constante \u00e9volution. Si les annonces dans les journaux ou les magazines \u00e9taient autrefois l&rsquo;un des principaux canaux de communication des entreprises, des m\u00e9dias tels que<\/p>\n\t\t<\/div>\n\t\t\n\t\t<a class=\"elementor-post__read-more\" href=\"https:\/\/sinnup.com\/fr\/crossmedia-des-campagnes-numeriques-avec-une-valeur-ajoutee-haptique-grace-a-la-nfc\/\" aria-label=\"En savoir plus sur Crossmedia &#8211; des campagnes num\u00e9riques avec une valeur ajout\u00e9e haptique gr\u00e2ce \u00e0 la NFC\" tabindex=\"-1\" >\n\t\t\tLire la suite \"\t\t<\/a>\n\n\t\t\t\t<\/div>\n\t\t\t\t<\/article>\n\t\t\t\t<article class=\"elementor-post elementor-grid-item post-12957 post type-post status-publish format-standard has-post-thumbnail hentry category-technique\" role=\"listitem\">\n\t\t\t\t<a class=\"elementor-post__thumbnail__link\" href=\"https:\/\/sinnup.com\/fr\/le-web-3-0-explique-a-laide-de-la-technologie-blockchain\/\" tabindex=\"-1\" >\n\t\t\t<div class=\"elementor-post__thumbnail\"><img loading=\"lazy\" decoding=\"async\" width=\"605\" height=\"379\" src=\"https:\/\/sinnup.com\/wp-content\/uploads\/2022\/11\/Das-Web-3.0-anhand-der-Blockchain-Technologie-erklaert.jpg\" class=\"attachment-full size-full wp-image-8600\" alt=\"Das Web 3.0 anhand der Blockchain-Technologie erkl\u00e4rt\" srcset=\"https:\/\/sinnup.com\/wp-content\/uploads\/2022\/11\/Das-Web-3.0-anhand-der-Blockchain-Technologie-erklaert.jpg 605w, https:\/\/sinnup.com\/wp-content\/uploads\/2022\/11\/Das-Web-3.0-anhand-der-Blockchain-Technologie-erklaert-300x188.jpg 300w, https:\/\/sinnup.com\/wp-content\/uploads\/2022\/11\/Das-Web-3.0-anhand-der-Blockchain-Technologie-erklaert-600x376.jpg 600w\" sizes=\"(max-width: 605px) 100vw, 605px\" \/><\/div>\n\t\t<\/a>\n\t\t\t\t<div class=\"elementor-post__text\">\n\t\t\t\t<h3 class=\"elementor-post__title\">\n\t\t\t<a href=\"https:\/\/sinnup.com\/fr\/le-web-3-0-explique-a-laide-de-la-technologie-blockchain\/\" >\n\t\t\t\tLe Web 3.0 expliqu\u00e9 \u00e0 l&rsquo;aide de la technologie blockchain\t\t\t<\/a>\n\t\t<\/h3>\n\t\t\t\t<div class=\"elementor-post__meta-data\">\n\t\t\t\t\t<span class=\"elementor-post-author\">\n\t\t\tJ. Krausgruber\t\t<\/span>\n\t\t\t\t<span class=\"elementor-post-date\">\n\t\t\t5 juillet 2022\t\t<\/span>\n\t\t\t\t<\/div>\n\t\t\t\t<div class=\"elementor-post__excerpt\">\n\t\t\t<p>Le Web 3.0 d\u00e9signe la troisi\u00e8me g\u00e9n\u00e9ration de services Internet. Ceux-ci doivent cr\u00e9er des sites Internet qui sont intelligents et connect\u00e9s. Pour cela, les services Internet se concentrent sur l&rsquo;utilisation de donn\u00e9es bas\u00e9es sur des<\/p>\n\t\t<\/div>\n\t\t\n\t\t<a class=\"elementor-post__read-more\" href=\"https:\/\/sinnup.com\/fr\/le-web-3-0-explique-a-laide-de-la-technologie-blockchain\/\" aria-label=\"En savoir plus sur Le Web 3.0 expliqu\u00e9 \u00e0 l&rsquo;aide de la technologie blockchain\" tabindex=\"-1\" >\n\t\t\tLire la suite \"\t\t<\/a>\n\n\t\t\t\t<\/div>\n\t\t\t\t<\/article>\n\t\t\t\t<\/div>\n\t\t\n\t\t\t\t<div class=\"e-load-more-anchor\" data-page=\"1\" data-max-page=\"7\" data-next-page=\"https:\/\/sinnup.com\/fr\/wp-json\/wp\/v2\/pages\/12668\/page\/2\/\"><\/div>\n\t\t\t\t<nav class=\"elementor-pagination\" aria-label=\"Pagination\">\n\t\t\t<span aria-current=\"page\" class=\"page-numbers current\"><span class=\"elementor-screen-only\">Page<\/span>1<\/span>\n<a class=\"page-numbers\" href=\"https:\/\/sinnup.com\/fr\/wp-json\/wp\/v2\/pages\/12668\/page\/2\/\"><span class=\"elementor-screen-only\">Page<\/span>2<\/a>\n<a class=\"page-numbers\" href=\"https:\/\/sinnup.com\/fr\/wp-json\/wp\/v2\/pages\/12668\/page\/3\/\"><span class=\"elementor-screen-only\">Page<\/span>3<\/a>\n<a class=\"page-numbers\" href=\"https:\/\/sinnup.com\/fr\/wp-json\/wp\/v2\/pages\/12668\/page\/4\/\"><span class=\"elementor-screen-only\">Page<\/span>4<\/a>\n<a class=\"page-numbers\" href=\"https:\/\/sinnup.com\/fr\/wp-json\/wp\/v2\/pages\/12668\/page\/5\/\"><span class=\"elementor-screen-only\">Page<\/span>5<\/a>\t\t<\/nav>\n\t\t\t\t\t\t<\/div>\n\t\t\t\t<\/div>\n\t\t\t\t\t<\/div>\n\t\t<\/div>\n\t\t\t\t\t<\/div>\n\t\t<\/section>\n\t\t\t\t\t<\/div>\n\t\t<\/div>\n\t\t\t\t\t<\/div>\n\t\t<\/section>\n\t\t\t\t<\/div>\n\t\t","protected":false},"excerpt":{"rendered":"<p>Blog sur le WEB, le SEO et le NFC. Dans ce blog, nous publions pour vous des articles int\u00e9ressants sur des sujets d&rsquo;actualit\u00e9. Nos derni\u00e8res contributions :<\/p>\n","protected":false},"author":2,"featured_media":0,"parent":0,"menu_order":0,"comment_status":"closed","ping_status":"closed","template":"","meta":{"site-sidebar-layout":"right-sidebar","site-content-layout":"page-builder","ast-site-content-layout":"default","site-content-style":"default","site-sidebar-style":"default","ast-global-header-display":"","ast-banner-title-visibility":"","ast-main-header-display":"","ast-hfb-above-header-display":"","ast-hfb-below-header-display":"","ast-hfb-mobile-header-display":"","site-post-title":"disabled","ast-breadcrumbs-content":"","ast-featured-img":"disabled","footer-sml-layout":"","ast-disable-related-posts":"","theme-transparent-header-meta":"enabled","adv-header-id-meta":"","stick-header-meta":"default","header-above-stick-meta":"","header-main-stick-meta":"","header-below-stick-meta":"","astra-migrate-meta-layouts":"default","ast-page-background-enabled":"default","ast-page-background-meta":{"desktop":{"background-color":"","background-image":"","background-repeat":"repeat","background-position":"center center","background-size":"auto","background-attachment":"scroll","background-type":"","background-media":"","overlay-type":"","overlay-color":"","overlay-opacity":"","overlay-gradient":""},"tablet":{"background-color":"","background-image":"","background-repeat":"repeat","background-position":"center center","background-size":"auto","background-attachment":"scroll","background-type":"","background-media":"","overlay-type":"","overlay-color":"","overlay-opacity":"","overlay-gradient":""},"mobile":{"background-color":"","background-image":"","background-repeat":"repeat","background-position":"center center","background-size":"auto","background-attachment":"scroll","background-type":"","background-media":"","overlay-type":"","overlay-color":"","overlay-opacity":"","overlay-gradient":""}},"ast-content-background-meta":{"desktop":{"background-color":"var(--ast-global-color-5)","background-image":"","background-repeat":"repeat","background-position":"center center","background-size":"auto","background-attachment":"scroll","background-type":"","background-media":"","overlay-type":"","overlay-color":"","overlay-opacity":"","overlay-gradient":""},"tablet":{"background-color":"var(--ast-global-color-5)","background-image":"","background-repeat":"repeat","background-position":"center center","background-size":"auto","background-attachment":"scroll","background-type":"","background-media":"","overlay-type":"","overlay-color":"","overlay-opacity":"","overlay-gradient":""},"mobile":{"background-color":"var(--ast-global-color-5)","background-image":"","background-repeat":"repeat","background-position":"center center","background-size":"auto","background-attachment":"scroll","background-type":"","background-media":"","overlay-type":"","overlay-color":"","overlay-opacity":"","overlay-gradient":""}},"footnotes":""},"class_list":["post-12668","page","type-page","status-publish","hentry"],"_links":{"self":[{"href":"https:\/\/sinnup.com\/fr\/wp-json\/wp\/v2\/pages\/12668","targetHints":{"allow":["GET"]}}],"collection":[{"href":"https:\/\/sinnup.com\/fr\/wp-json\/wp\/v2\/pages"}],"about":[{"href":"https:\/\/sinnup.com\/fr\/wp-json\/wp\/v2\/types\/page"}],"author":[{"embeddable":true,"href":"https:\/\/sinnup.com\/fr\/wp-json\/wp\/v2\/users\/2"}],"replies":[{"embeddable":true,"href":"https:\/\/sinnup.com\/fr\/wp-json\/wp\/v2\/comments?post=12668"}],"version-history":[{"count":2,"href":"https:\/\/sinnup.com\/fr\/wp-json\/wp\/v2\/pages\/12668\/revisions"}],"predecessor-version":[{"id":31381,"href":"https:\/\/sinnup.com\/fr\/wp-json\/wp\/v2\/pages\/12668\/revisions\/31381"}],"wp:attachment":[{"href":"https:\/\/sinnup.com\/fr\/wp-json\/wp\/v2\/media?parent=12668"}],"curies":[{"name":"wp","href":"https:\/\/api.w.org\/{rel}","templated":true}]}}