{"id":13273,"date":"2022-11-30T11:41:01","date_gmt":"2022-11-30T10:41:01","guid":{"rendered":"http:\/\/sinnup.com\/produits-en-papier-nfc\/"},"modified":"2023-02-17T13:04:32","modified_gmt":"2023-02-17T12:04:32","slug":"produits-en-papier-nfc","status":"publish","type":"page","link":"https:\/\/sinnup.com\/fr\/produits-en-papier-nfc\/","title":{"rendered":"Produits en papier NFC"},"content":{"rendered":"\t\t<div data-elementor-type=\"wp-page\" data-elementor-id=\"13273\" class=\"elementor elementor-13273 elementor-10620\" data-elementor-post-type=\"page\">\n\t\t\t\t\t\t<section class=\"elementor-section elementor-top-section elementor-element elementor-element-46a8ea40 elementor-section-height-min-height elementor-hidden-desktop elementor-hidden-tablet elementor-section-boxed elementor-section-height-default elementor-section-items-middle\" data-id=\"46a8ea40\" data-element_type=\"section\" data-e-type=\"section\" data-settings=\"{&quot;background_background&quot;:&quot;gradient&quot;}\">\n\t\t\t\t\t\t<div class=\"elementor-container elementor-column-gap-default\">\n\t\t\t\t\t<div class=\"elementor-column elementor-col-100 elementor-top-column elementor-element elementor-element-4512bd9e\" data-id=\"4512bd9e\" data-element_type=\"column\" data-e-type=\"column\">\n\t\t\t<div class=\"elementor-widget-wrap\">\n\t\t\t\t\t\t\t<\/div>\n\t\t<\/div>\n\t\t\t\t\t<\/div>\n\t\t<\/section>\n\t\t\t\t<section class=\"elementor-section elementor-top-section elementor-element elementor-element-8f6c949 elementor-section-height-min-height elementor-section-boxed elementor-section-height-default elementor-section-items-middle\" data-id=\"8f6c949\" data-element_type=\"section\" data-e-type=\"section\" data-settings=\"{&quot;background_background&quot;:&quot;gradient&quot;}\">\n\t\t\t\t\t\t<div class=\"elementor-container elementor-column-gap-default\">\n\t\t\t\t\t<div class=\"elementor-column elementor-col-100 elementor-top-column elementor-element elementor-element-37ca4ab\" data-id=\"37ca4ab\" data-element_type=\"column\" data-e-type=\"column\">\n\t\t\t<div class=\"elementor-widget-wrap elementor-element-populated\">\n\t\t\t\t\t\t<div class=\"elementor-element elementor-element-15a3658 elementor-hidden-mobile elementor-widget elementor-widget-spacer\" data-id=\"15a3658\" data-element_type=\"widget\" data-e-type=\"widget\" data-widget_type=\"spacer.default\">\n\t\t\t\t<div class=\"elementor-widget-container\">\n\t\t\t\t\t\t\t<div class=\"elementor-spacer\">\n\t\t\t<div class=\"elementor-spacer-inner\"><\/div>\n\t\t<\/div>\n\t\t\t\t\t\t<\/div>\n\t\t\t\t<\/div>\n\t\t\t\t<div class=\"elementor-element elementor-element-ec70421 elementor-widget elementor-widget-heading\" data-id=\"ec70421\" data-element_type=\"widget\" data-e-type=\"widget\" data-widget_type=\"heading.default\">\n\t\t\t\t<div class=\"elementor-widget-container\">\n\t\t\t\t\t<h1 class=\"elementor-heading-title elementor-size-xl\">NFC et produits en papier<\/h1>\t\t\t\t<\/div>\n\t\t\t\t<\/div>\n\t\t\t\t<div class=\"elementor-element elementor-element-0056de0 elementor-widget elementor-widget-spacer\" data-id=\"0056de0\" data-element_type=\"widget\" data-e-type=\"widget\" data-widget_type=\"spacer.default\">\n\t\t\t\t<div class=\"elementor-widget-container\">\n\t\t\t\t\t\t\t<div class=\"elementor-spacer\">\n\t\t\t<div class=\"elementor-spacer-inner\"><\/div>\n\t\t<\/div>\n\t\t\t\t\t\t<\/div>\n\t\t\t\t<\/div>\n\t\t\t\t<div class=\"elementor-element elementor-element-a7b5227 elementor-widget elementor-widget-text-editor\" data-id=\"a7b5227\" data-element_type=\"widget\" data-e-type=\"widget\" data-widget_type=\"text-editor.default\">\n\t\t\t\t<div class=\"elementor-widget-container\">\n\t\t\t\t\t\t\t\t\t<div class=\"RedxGridThemeContainer RedxThemePaddingTop67px PrintRedxThemePaddingTop67px XSmallRedxThemePaddingTop67px SmallRedxThemePaddingTop67px LargeRedxThemePaddingTop67px XLargeRedxThemePaddingTop67px XLargeSpezialRedxThemePaddingTop67px RedxThemePaddingBottom67px PrintRedxThemePaddingBottom67px XSmallRedxThemePaddingBottom67px SmallRedxThemePaddingBottom67px LargeRedxThemePaddingBottom67px XLargeRedxThemePaddingBottom67px XLargeSpezialRedxThemePaddingBottom67px\">\n<div class=\"RedxGridRowContainer\">\n<div id=\"redx-content-row-1866\" class=\"RedxGridRow XSmallPadding XSmallMargin XSmallRow\">\n<div id=\"redx-content-row-area-3162\" class=\"RedxGridColumn XSmall12 XSmallPush\">\n<p>Le classique parmi les produits imprim\u00e9s NFC est certainement la carte de visite NFC en papier. Elle ressemble \u00e0 une carte normale, mais elle a une valeur ajout\u00e9e num\u00e9rique. Lors des salons, nos Business Cards sont justement un outil utile pour se mettre en r\u00e9seau. Le simple fait de tenir la carte de visite contre le smartphone permet de transf\u00e9rer des donn\u00e9es ou des contacts. Gr\u00e2ce \u00e0 la finition de haute qualit\u00e9, la puce NFC n&rsquo;est pas visible de l&rsquo;ext\u00e9rieur. <\/p>\n<div class=\"redx-text richtext\"> <\/div>\n<div class=\"redx-text richtext\">Les produits en papier NFC peuvent \u00eatre fabriqu\u00e9s dans les versions les plus diverses :<\/p>\n<\/div>\n<div class=\"redx-text richtext\">\n<ul style=\"list-style-type: disc;\">\n<li style=\"font-size: 16px; font-style: normal; font-weight: 400;\">Carte de visite classique au format typique d&rsquo;une carte bancaire<\/li>\n<li style=\"font-size: 16px;\">Carte postale, par ex. avec un code de carte de v\u0153ux T\u00e9l\u00e9charger des photos de vacances<\/li>\n<li style=\"font-size: 16px;\">Calendrier avec diff\u00e9rents contenus num\u00e9riques par mois<\/li>\n<li style=\"font-size: 16px;\">Brochure ou d\u00e9pliant<\/li>\n<li style=\"font-size: 16px;\">Flyers et invitations avec gestion num\u00e9rique des invitations<\/li>\n<\/ul>\n<\/div>\n<\/div>\n<\/div>\n<\/div>\n<\/div>\n\t\t\t\t\t\t\t\t<\/div>\n\t\t\t\t<\/div>\n\t\t\t\t<div class=\"elementor-element elementor-element-8ddbbbf elementor-align-center elementor-invisible elementor-widget elementor-widget-button\" data-id=\"8ddbbbf\" data-element_type=\"widget\" data-e-type=\"widget\" data-settings=\"{&quot;_animation&quot;:&quot;pulse&quot;}\" data-widget_type=\"button.default\">\n\t\t\t\t<div class=\"elementor-widget-container\">\n\t\t\t\t\t\t\t\t\t<div class=\"elementor-button-wrapper\">\n\t\t\t\t\t<a class=\"elementor-button elementor-button-link elementor-size-md\" href=\"https:\/\/nfc-produkte.com\/produkt\/nfc-visitenkarte-papier\/\" target=\"_blank\" rel=\"noopener\">\n\t\t\t\t\t\t<span class=\"elementor-button-content-wrapper\">\n\t\t\t\t\t\t\t\t\t<span class=\"elementor-button-text\">Acheter une carte de visite NFC<\/span>\n\t\t\t\t\t<\/span>\n\t\t\t\t\t<\/a>\n\t\t\t\t<\/div>\n\t\t\t\t\t\t\t\t<\/div>\n\t\t\t\t<\/div>\n\t\t\t\t<div class=\"elementor-element elementor-element-d90eeeb elementor-widget elementor-widget-spacer\" data-id=\"d90eeeb\" data-element_type=\"widget\" data-e-type=\"widget\" data-widget_type=\"spacer.default\">\n\t\t\t\t<div class=\"elementor-widget-container\">\n\t\t\t\t\t\t\t<div class=\"elementor-spacer\">\n\t\t\t<div class=\"elementor-spacer-inner\"><\/div>\n\t\t<\/div>\n\t\t\t\t\t\t<\/div>\n\t\t\t\t<\/div>\n\t\t\t\t<section class=\"elementor-section elementor-inner-section elementor-element elementor-element-35ec615 elementor-section-boxed elementor-section-height-default elementor-section-height-default\" data-id=\"35ec615\" data-element_type=\"section\" data-e-type=\"section\">\n\t\t\t\t\t\t<div class=\"elementor-container elementor-column-gap-default\">\n\t\t\t\t\t<div class=\"elementor-column elementor-col-50 elementor-inner-column elementor-element elementor-element-8a8f76e\" data-id=\"8a8f76e\" data-element_type=\"column\" data-e-type=\"column\">\n\t\t\t<div class=\"elementor-widget-wrap elementor-element-populated\">\n\t\t\t\t\t\t<div class=\"elementor-element elementor-element-7912287 elementor-widget elementor-widget-image\" data-id=\"7912287\" data-element_type=\"widget\" data-e-type=\"widget\" data-widget_type=\"image.default\">\n\t\t\t\t<div class=\"elementor-widget-container\">\n\t\t\t\t\t\t\t\t\t\t\t\t\t\t\t<img fetchpriority=\"high\" decoding=\"async\" width=\"800\" height=\"527\" src=\"https:\/\/sinnup.com\/wp-content\/uploads\/2022\/11\/NFS-Visitenkarte-Sinnup.jpg\" class=\"attachment-large size-large wp-image-10625\" alt=\"NFS Visitenkarte Sinnup\" srcset=\"https:\/\/sinnup.com\/wp-content\/uploads\/2022\/11\/NFS-Visitenkarte-Sinnup.jpg 800w, https:\/\/sinnup.com\/wp-content\/uploads\/2022\/11\/NFS-Visitenkarte-Sinnup-300x198.jpg 300w, https:\/\/sinnup.com\/wp-content\/uploads\/2022\/11\/NFS-Visitenkarte-Sinnup-768x506.jpg 768w, https:\/\/sinnup.com\/wp-content\/uploads\/2022\/11\/NFS-Visitenkarte-Sinnup-600x395.jpg 600w\" sizes=\"(max-width: 800px) 100vw, 800px\" \/>\t\t\t\t\t\t\t\t\t\t\t\t\t\t\t<\/div>\n\t\t\t\t<\/div>\n\t\t\t\t\t<\/div>\n\t\t<\/div>\n\t\t\t\t<div class=\"elementor-column elementor-col-50 elementor-inner-column elementor-element elementor-element-7793935\" data-id=\"7793935\" data-element_type=\"column\" data-e-type=\"column\">\n\t\t\t<div class=\"elementor-widget-wrap elementor-element-populated\">\n\t\t\t\t\t\t<div class=\"elementor-element elementor-element-89476fe elementor-widget elementor-widget-image\" data-id=\"89476fe\" data-element_type=\"widget\" data-e-type=\"widget\" data-widget_type=\"image.default\">\n\t\t\t\t<div class=\"elementor-widget-container\">\n\t\t\t\t\t\t\t\t\t\t\t\t\t\t\t<img decoding=\"async\" width=\"800\" height=\"527\" src=\"https:\/\/sinnup.com\/wp-content\/uploads\/2022\/11\/spielplan.jpg\" class=\"attachment-large size-large wp-image-10632\" alt=\"spielplan\" srcset=\"https:\/\/sinnup.com\/wp-content\/uploads\/2022\/11\/spielplan.jpg 800w, https:\/\/sinnup.com\/wp-content\/uploads\/2022\/11\/spielplan-300x198.jpg 300w, https:\/\/sinnup.com\/wp-content\/uploads\/2022\/11\/spielplan-768x506.jpg 768w, https:\/\/sinnup.com\/wp-content\/uploads\/2022\/11\/spielplan-600x395.jpg 600w\" sizes=\"(max-width: 800px) 100vw, 800px\" \/>\t\t\t\t\t\t\t\t\t\t\t\t\t\t\t<\/div>\n\t\t\t\t<\/div>\n\t\t\t\t\t<\/div>\n\t\t<\/div>\n\t\t\t\t\t<\/div>\n\t\t<\/section>\n\t\t\t\t<div class=\"elementor-element elementor-element-d9c5125 elementor-widget elementor-widget-spacer\" data-id=\"d9c5125\" data-element_type=\"widget\" data-e-type=\"widget\" data-widget_type=\"spacer.default\">\n\t\t\t\t<div class=\"elementor-widget-container\">\n\t\t\t\t\t\t\t<div class=\"elementor-spacer\">\n\t\t\t<div class=\"elementor-spacer-inner\"><\/div>\n\t\t<\/div>\n\t\t\t\t\t\t<\/div>\n\t\t\t\t<\/div>\n\t\t\t\t<section class=\"elementor-section elementor-inner-section elementor-element elementor-element-d660d49 elementor-section-boxed elementor-section-height-default elementor-section-height-default\" data-id=\"d660d49\" data-element_type=\"section\" data-e-type=\"section\">\n\t\t\t\t\t\t<div class=\"elementor-container elementor-column-gap-default\">\n\t\t\t\t\t<div class=\"elementor-column elementor-col-50 elementor-inner-column elementor-element elementor-element-3726a02\" data-id=\"3726a02\" data-element_type=\"column\" data-e-type=\"column\">\n\t\t\t<div class=\"elementor-widget-wrap elementor-element-populated\">\n\t\t\t\t\t\t<div class=\"elementor-element elementor-element-1f3a5c0 elementor-widget elementor-widget-image\" data-id=\"1f3a5c0\" data-element_type=\"widget\" data-e-type=\"widget\" data-widget_type=\"image.default\">\n\t\t\t\t<div class=\"elementor-widget-container\">\n\t\t\t\t\t\t\t\t\t\t\t\t\t\t\t<img decoding=\"async\" width=\"800\" height=\"527\" src=\"https:\/\/sinnup.com\/wp-content\/uploads\/2022\/11\/allergene.jpg\" class=\"attachment-large size-large wp-image-10638\" alt=\"allergene\" srcset=\"https:\/\/sinnup.com\/wp-content\/uploads\/2022\/11\/allergene.jpg 800w, https:\/\/sinnup.com\/wp-content\/uploads\/2022\/11\/allergene-300x198.jpg 300w, https:\/\/sinnup.com\/wp-content\/uploads\/2022\/11\/allergene-768x506.jpg 768w, https:\/\/sinnup.com\/wp-content\/uploads\/2022\/11\/allergene-600x395.jpg 600w\" sizes=\"(max-width: 800px) 100vw, 800px\" \/>\t\t\t\t\t\t\t\t\t\t\t\t\t\t\t<\/div>\n\t\t\t\t<\/div>\n\t\t\t\t\t<\/div>\n\t\t<\/div>\n\t\t\t\t<div class=\"elementor-column elementor-col-50 elementor-inner-column elementor-element elementor-element-b925b41\" data-id=\"b925b41\" data-element_type=\"column\" data-e-type=\"column\">\n\t\t\t<div class=\"elementor-widget-wrap elementor-element-populated\">\n\t\t\t\t\t\t<div class=\"elementor-element elementor-element-fe55adf elementor-widget elementor-widget-image\" data-id=\"fe55adf\" data-element_type=\"widget\" data-e-type=\"widget\" data-widget_type=\"image.default\">\n\t\t\t\t<div class=\"elementor-widget-container\">\n\t\t\t\t\t\t\t\t\t\t\t\t\t\t\t<img loading=\"lazy\" decoding=\"async\" width=\"800\" height=\"527\" src=\"https:\/\/sinnup.com\/wp-content\/uploads\/2022\/11\/einladung.jpg\" class=\"attachment-large size-large wp-image-10644\" alt=\"einladung\" srcset=\"https:\/\/sinnup.com\/wp-content\/uploads\/2022\/11\/einladung.jpg 800w, https:\/\/sinnup.com\/wp-content\/uploads\/2022\/11\/einladung-300x198.jpg 300w, https:\/\/sinnup.com\/wp-content\/uploads\/2022\/11\/einladung-768x506.jpg 768w, https:\/\/sinnup.com\/wp-content\/uploads\/2022\/11\/einladung-600x395.jpg 600w\" sizes=\"(max-width: 800px) 100vw, 800px\" \/>\t\t\t\t\t\t\t\t\t\t\t\t\t\t\t<\/div>\n\t\t\t\t<\/div>\n\t\t\t\t\t<\/div>\n\t\t<\/div>\n\t\t\t\t\t<\/div>\n\t\t<\/section>\n\t\t\t\t<div class=\"elementor-element elementor-element-654c84d elementor-widget elementor-widget-spacer\" data-id=\"654c84d\" data-element_type=\"widget\" data-e-type=\"widget\" data-widget_type=\"spacer.default\">\n\t\t\t\t<div class=\"elementor-widget-container\">\n\t\t\t\t\t\t\t<div class=\"elementor-spacer\">\n\t\t\t<div class=\"elementor-spacer-inner\"><\/div>\n\t\t<\/div>\n\t\t\t\t\t\t<\/div>\n\t\t\t\t<\/div>\n\t\t\t\t<div class=\"elementor-element elementor-element-e6635c5 elementor-widget elementor-widget-heading\" data-id=\"e6635c5\" data-element_type=\"widget\" data-e-type=\"widget\" data-widget_type=\"heading.default\">\n\t\t\t\t<div class=\"elementor-widget-container\">\n\t\t\t\t\t<h2 class=\"elementor-heading-title elementor-size-xl\">Traitement des incrustations NFC dans le papier<\/h2>\t\t\t\t<\/div>\n\t\t\t\t<\/div>\n\t\t\t\t<div class=\"elementor-element elementor-element-78a788b elementor-widget elementor-widget-text-editor\" data-id=\"78a788b\" data-element_type=\"widget\" data-e-type=\"widget\" data-widget_type=\"text-editor.default\">\n\t\t\t\t<div class=\"elementor-widget-container\">\n\t\t\t\t\t\t\t\t\t<p>Nous travaillons avec un partenaire d&rsquo;impression r\u00e9gional dans la production de NFC et de papier. L&rsquo;entreprise familiale est un fournisseur haut de gamme absolu, dot\u00e9 d&rsquo;un parc de machines innovantes et d&rsquo;une \u00e9norme exp\u00e9rience. Ensemble, nous avons d\u00e9velopp\u00e9 une solution pour incorporer les inlays NFC dans le papier de mani\u00e8re propre et automatis\u00e9e. Pour ce faire, nous nous sommes mis d&rsquo;accord sur un certain type de papier, qui est doubl\u00e9 et atteint une \u00e9paisseur de 0,6 mm. La finition est r\u00e9alis\u00e9e par une impression num\u00e9rique professionnelle. &nbsp; Le r\u00e9sultat est absolument &nbsp; visible.<\/p>\n\t\t\t\t\t\t\t\t<\/div>\n\t\t\t\t<\/div>\n\t\t\t\t<div class=\"elementor-element elementor-element-73f7256 elementor-widget elementor-widget-spacer\" data-id=\"73f7256\" data-element_type=\"widget\" data-e-type=\"widget\" data-widget_type=\"spacer.default\">\n\t\t\t\t<div class=\"elementor-widget-container\">\n\t\t\t\t\t\t\t<div class=\"elementor-spacer\">\n\t\t\t<div class=\"elementor-spacer-inner\"><\/div>\n\t\t<\/div>\n\t\t\t\t\t\t<\/div>\n\t\t\t\t<\/div>\n\t\t\t\t\t<\/div>\n\t\t<\/div>\n\t\t\t\t\t<\/div>\n\t\t<\/section>\n\t\t\t\t<\/div>\n\t\t","protected":false},"excerpt":{"rendered":"<p>NFC et produits en papier Le classique parmi les produits imprim\u00e9s NFC est certainement la carte de visite NFC en papier. Elle ressemble \u00e0 une carte normale, mais elle a une valeur ajout\u00e9e num\u00e9rique. Lors [&hellip;]<\/p>\n","protected":false},"author":2,"featured_media":0,"parent":0,"menu_order":0,"comment_status":"closed","ping_status":"closed","template":"","meta":{"site-sidebar-layout":"no-sidebar","site-content-layout":"page-builder","ast-site-content-layout":"default","site-content-style":"default","site-sidebar-style":"default","ast-global-header-display":"","ast-banner-title-visibility":"","ast-main-header-display":"","ast-hfb-above-header-display":"","ast-hfb-below-header-display":"","ast-hfb-mobile-header-display":"","site-post-title":"disabled","ast-breadcrumbs-content":"","ast-featured-img":"disabled","footer-sml-layout":"","ast-disable-related-posts":"","theme-transparent-header-meta":"enabled","adv-header-id-meta":"","stick-header-meta":"default","header-above-stick-meta":"","header-main-stick-meta":"","header-below-stick-meta":"","astra-migrate-meta-layouts":"default","ast-page-background-enabled":"default","ast-page-background-meta":{"desktop":{"background-color":"","background-image":"","background-repeat":"repeat","background-position":"center center","background-size":"auto","background-attachment":"scroll","background-type":"","background-media":"","overlay-type":"","overlay-color":"","overlay-opacity":"","overlay-gradient":""},"tablet":{"background-color":"","background-image":"","background-repeat":"repeat","background-position":"center center","background-size":"auto","background-attachment":"scroll","background-type":"","background-media":"","overlay-type":"","overlay-color":"","overlay-opacity":"","overlay-gradient":""},"mobile":{"background-color":"","background-image":"","background-repeat":"repeat","background-position":"center center","background-size":"auto","background-attachment":"scroll","background-type":"","background-media":"","overlay-type":"","overlay-color":"","overlay-opacity":"","overlay-gradient":""}},"ast-content-background-meta":{"desktop":{"background-color":"var(--ast-global-color-5)","background-image":"","background-repeat":"repeat","background-position":"center center","background-size":"auto","background-attachment":"scroll","background-type":"","background-media":"","overlay-type":"","overlay-color":"","overlay-opacity":"","overlay-gradient":""},"tablet":{"background-color":"var(--ast-global-color-5)","background-image":"","background-repeat":"repeat","background-position":"center center","background-size":"auto","background-attachment":"scroll","background-type":"","background-media":"","overlay-type":"","overlay-color":"","overlay-opacity":"","overlay-gradient":""},"mobile":{"background-color":"var(--ast-global-color-5)","background-image":"","background-repeat":"repeat","background-position":"center center","background-size":"auto","background-attachment":"scroll","background-type":"","background-media":"","overlay-type":"","overlay-color":"","overlay-opacity":"","overlay-gradient":""}},"footnotes":""},"class_list":["post-13273","page","type-page","status-publish","hentry"],"_links":{"self":[{"href":"https:\/\/sinnup.com\/fr\/wp-json\/wp\/v2\/pages\/13273","targetHints":{"allow":["GET"]}}],"collection":[{"href":"https:\/\/sinnup.com\/fr\/wp-json\/wp\/v2\/pages"}],"about":[{"href":"https:\/\/sinnup.com\/fr\/wp-json\/wp\/v2\/types\/page"}],"author":[{"embeddable":true,"href":"https:\/\/sinnup.com\/fr\/wp-json\/wp\/v2\/users\/2"}],"replies":[{"embeddable":true,"href":"https:\/\/sinnup.com\/fr\/wp-json\/wp\/v2\/comments?post=13273"}],"version-history":[{"count":0,"href":"https:\/\/sinnup.com\/fr\/wp-json\/wp\/v2\/pages\/13273\/revisions"}],"wp:attachment":[{"href":"https:\/\/sinnup.com\/fr\/wp-json\/wp\/v2\/media?parent=13273"}],"curies":[{"name":"wp","href":"https:\/\/api.w.org\/{rel}","templated":true}]}}