{"id":13353,"date":"2022-11-15T21:26:53","date_gmt":"2022-11-15T20:26:53","guid":{"rendered":"http:\/\/sinnup.com\/seo\/"},"modified":"2024-07-10T15:23:11","modified_gmt":"2024-07-10T13:23:11","slug":"seo","status":"publish","type":"page","link":"https:\/\/sinnup.com\/fr\/seo\/","title":{"rendered":"SEO"},"content":{"rendered":"\t\t<div data-elementor-type=\"wp-page\" data-elementor-id=\"13353\" class=\"elementor elementor-13353 elementor-5099\" data-elementor-post-type=\"page\">\n\t\t\t\t\t\t<section class=\"elementor-section elementor-top-section elementor-element elementor-element-6de40d3 elementor-section-height-min-height elementor-section-full_width elementor-section-stretched elementor-hidden-mobile elementor-section-height-default elementor-section-items-middle\" data-id=\"6de40d3\" data-element_type=\"section\" data-e-type=\"section\" data-settings=\"{&quot;background_background&quot;:&quot;gradient&quot;,&quot;stretch_section&quot;:&quot;section-stretched&quot;}\">\n\t\t\t\t\t\t<div class=\"elementor-container elementor-column-gap-no\">\n\t\t\t\t\t<div class=\"elementor-column elementor-col-100 elementor-top-column elementor-element elementor-element-c02dfd4\" data-id=\"c02dfd4\" data-element_type=\"column\" data-e-type=\"column\">\n\t\t\t<div class=\"elementor-widget-wrap elementor-element-populated\">\n\t\t\t\t\t\t<div class=\"elementor-element elementor-element-6aa2a6e elementor-widget elementor-widget-image\" data-id=\"6aa2a6e\" data-element_type=\"widget\" data-e-type=\"widget\" data-widget_type=\"image.default\">\n\t\t\t\t<div class=\"elementor-widget-container\">\n\t\t\t\t\t\t\t\t\t\t\t\t\t\t\t<img fetchpriority=\"high\" decoding=\"async\" width=\"2048\" height=\"1277\" src=\"https:\/\/sinnup.com\/wp-content\/uploads\/2023\/01\/SEO-von-Sinnup-damit-machen-wir-digitales-greifbar-das-Sinnup-Team-unterstuetzt-Sie-dabei-gerne-eine-Idee-weiter-gedacht-2048x1277.png\" class=\"attachment-2048x2048 size-2048x2048 wp-image-26740\" alt=\"SEO von Sinnup - damit machen wir digitales greifbar - das Sinnup Team unterst\u00fctzt Sie dabei gerne-eine Idee weiter gedacht\" srcset=\"https:\/\/sinnup.com\/wp-content\/uploads\/2023\/01\/SEO-von-Sinnup-damit-machen-wir-digitales-greifbar-das-Sinnup-Team-unterstuetzt-Sie-dabei-gerne-eine-Idee-weiter-gedacht-2048x1277.png 2048w, https:\/\/sinnup.com\/wp-content\/uploads\/2023\/01\/SEO-von-Sinnup-damit-machen-wir-digitales-greifbar-das-Sinnup-Team-unterstuetzt-Sie-dabei-gerne-eine-Idee-weiter-gedacht-300x187.png 300w, https:\/\/sinnup.com\/wp-content\/uploads\/2023\/01\/SEO-von-Sinnup-damit-machen-wir-digitales-greifbar-das-Sinnup-Team-unterstuetzt-Sie-dabei-gerne-eine-Idee-weiter-gedacht-1024x639.png 1024w, https:\/\/sinnup.com\/wp-content\/uploads\/2023\/01\/SEO-von-Sinnup-damit-machen-wir-digitales-greifbar-das-Sinnup-Team-unterstuetzt-Sie-dabei-gerne-eine-Idee-weiter-gedacht-768x479.png 768w, https:\/\/sinnup.com\/wp-content\/uploads\/2023\/01\/SEO-von-Sinnup-damit-machen-wir-digitales-greifbar-das-Sinnup-Team-unterstuetzt-Sie-dabei-gerne-eine-Idee-weiter-gedacht-1536x958.png 1536w, https:\/\/sinnup.com\/wp-content\/uploads\/2023\/01\/SEO-von-Sinnup-damit-machen-wir-digitales-greifbar-das-Sinnup-Team-unterstuetzt-Sie-dabei-gerne-eine-Idee-weiter-gedacht-600x374.png 600w\" sizes=\"(max-width: 2048px) 100vw, 2048px\" \/>\t\t\t\t\t\t\t\t\t\t\t\t\t\t\t<\/div>\n\t\t\t\t<\/div>\n\t\t\t\t<div class=\"elementor-element elementor-element-b1f8845 elementor-hidden-mobile elementor-widget elementor-widget-heading\" data-id=\"b1f8845\" data-element_type=\"widget\" data-e-type=\"widget\" data-widget_type=\"heading.default\">\n\t\t\t\t<div class=\"elementor-widget-container\">\n\t\t\t\t\t<h1 class=\"elementor-heading-title elementor-size-xl\">SEO - votre optimisation on-page parfaite.<\/h1>\t\t\t\t<\/div>\n\t\t\t\t<\/div>\n\t\t\t\t\t<\/div>\n\t\t<\/div>\n\t\t\t\t\t<\/div>\n\t\t<\/section>\n\t\t\t\t<section class=\"elementor-section elementor-top-section elementor-element elementor-element-c753f48 elementor-section-height-min-height elementor-hidden-desktop elementor-hidden-tablet elementor-section-boxed elementor-section-height-default elementor-section-items-middle\" data-id=\"c753f48\" data-element_type=\"section\" data-e-type=\"section\" data-settings=\"{&quot;background_background&quot;:&quot;gradient&quot;}\">\n\t\t\t\t\t\t<div class=\"elementor-container elementor-column-gap-default\">\n\t\t\t\t\t<div class=\"elementor-column elementor-col-100 elementor-top-column elementor-element elementor-element-f66e9ed\" data-id=\"f66e9ed\" data-element_type=\"column\" data-e-type=\"column\">\n\t\t\t<div class=\"elementor-widget-wrap\">\n\t\t\t\t\t\t\t<\/div>\n\t\t<\/div>\n\t\t\t\t\t<\/div>\n\t\t<\/section>\n\t\t\t\t<section class=\"elementor-section elementor-top-section elementor-element elementor-element-5edeb13 elementor-section-full_width elementor-section-height-min-height elementor-section-items-top elementor-hidden-desktop elementor-hidden-tablet elementor-section-stretched elementor-section-height-default\" data-id=\"5edeb13\" data-element_type=\"section\" data-e-type=\"section\" data-settings=\"{&quot;background_background&quot;:&quot;classic&quot;,&quot;stretch_section&quot;:&quot;section-stretched&quot;}\">\n\t\t\t\t\t\t<div class=\"elementor-container elementor-column-gap-no\">\n\t\t\t\t\t<div class=\"elementor-column elementor-col-100 elementor-top-column elementor-element elementor-element-e6a6e76\" data-id=\"e6a6e76\" data-element_type=\"column\" data-e-type=\"column\">\n\t\t\t<div class=\"elementor-widget-wrap\">\n\t\t\t\t\t\t\t<\/div>\n\t\t<\/div>\n\t\t\t\t\t<\/div>\n\t\t<\/section>\n\t\t\t\t<section class=\"elementor-section elementor-top-section elementor-element elementor-element-2e02333 elementor-section-boxed elementor-section-height-default elementor-section-height-default\" data-id=\"2e02333\" data-element_type=\"section\" data-e-type=\"section\" data-settings=\"{&quot;background_background&quot;:&quot;classic&quot;}\">\n\t\t\t\t\t\t<div class=\"elementor-container elementor-column-gap-default\">\n\t\t\t\t\t<div class=\"elementor-column elementor-col-100 elementor-top-column elementor-element elementor-element-12b5a82\" data-id=\"12b5a82\" data-element_type=\"column\" data-e-type=\"column\">\n\t\t\t<div class=\"elementor-widget-wrap elementor-element-populated\">\n\t\t\t\t\t\t<div class=\"elementor-element elementor-element-7dab1fb elementor-hidden-desktop elementor-hidden-tablet elementor-widget elementor-widget-heading\" data-id=\"7dab1fb\" data-element_type=\"widget\" data-e-type=\"widget\" data-widget_type=\"heading.default\">\n\t\t\t\t<div class=\"elementor-widget-container\">\n\t\t\t\t\t<p class=\"elementor-heading-title elementor-size-xl\">SEO - votre optimisation on-page parfaite.<\/p>\t\t\t\t<\/div>\n\t\t\t\t<\/div>\n\t\t\t\t\t<\/div>\n\t\t<\/div>\n\t\t\t\t\t<\/div>\n\t\t<\/section>\n\t\t\t\t<section class=\"elementor-section elementor-top-section elementor-element elementor-element-a24b7e6 elementor-section-boxed elementor-section-height-default elementor-section-height-default\" data-id=\"a24b7e6\" data-element_type=\"section\" data-e-type=\"section\" data-settings=\"{&quot;background_background&quot;:&quot;classic&quot;}\">\n\t\t\t\t\t\t<div class=\"elementor-container elementor-column-gap-default\">\n\t\t\t\t\t<div class=\"elementor-column elementor-col-100 elementor-top-column elementor-element elementor-element-8f8a5e3\" data-id=\"8f8a5e3\" data-element_type=\"column\" data-e-type=\"column\">\n\t\t\t<div class=\"elementor-widget-wrap elementor-element-populated\">\n\t\t\t\t\t\t<div class=\"elementor-element elementor-element-e8d6e87 elementor-widget elementor-widget-heading\" data-id=\"e8d6e87\" data-element_type=\"widget\" data-e-type=\"widget\" data-widget_type=\"heading.default\">\n\t\t\t\t<div class=\"elementor-widget-container\">\n\t\t\t\t\t<h2 class=\"elementor-heading-title elementor-size-xl\">La meilleure strat\u00e9gie de r\u00e9f\u00e9rencement pour votre entreprise<\/h2>\t\t\t\t<\/div>\n\t\t\t\t<\/div>\n\t\t\t\t<div class=\"elementor-element elementor-element-6cfdf0b elementor-widget elementor-widget-spacer\" data-id=\"6cfdf0b\" data-element_type=\"widget\" data-e-type=\"widget\" data-widget_type=\"spacer.default\">\n\t\t\t\t<div class=\"elementor-widget-container\">\n\t\t\t\t\t\t\t<div class=\"elementor-spacer\">\n\t\t\t<div class=\"elementor-spacer-inner\"><\/div>\n\t\t<\/div>\n\t\t\t\t\t\t<\/div>\n\t\t\t\t<\/div>\n\t\t\t\t<div class=\"elementor-element elementor-element-3ae7d1f elementor-widget elementor-widget-heading\" data-id=\"3ae7d1f\" data-element_type=\"widget\" data-e-type=\"widget\" data-widget_type=\"heading.default\">\n\t\t\t\t<div class=\"elementor-widget-container\">\n\t\t\t\t\t<h3 class=\"elementor-heading-title elementor-size-large\">1. l'optimisation des moteurs de recherche<\/h3>\t\t\t\t<\/div>\n\t\t\t\t<\/div>\n\t\t\t\t<div class=\"elementor-element elementor-element-4254dd1 elementor-widget elementor-widget-text-editor\" data-id=\"4254dd1\" data-element_type=\"widget\" data-e-type=\"widget\" data-widget_type=\"text-editor.default\">\n\t\t\t\t<div class=\"elementor-widget-container\">\n\t\t\t\t\t\t\t\t\t<p>L&rsquo;optimisation on-page est une partie importante de l&rsquo;optimisation pour les moteurs de recherche (SEO). L&rsquo;optimisation de son site web peut augmenter les chances d&rsquo;appara\u00eetre en haut des r\u00e9sultats de recherche des moteurs de recherche comme Google.<\/p>\n\t\t\t\t\t\t\t\t<\/div>\n\t\t\t\t<\/div>\n\t\t\t\t<div class=\"elementor-element elementor-element-f074187 elementor-widget elementor-widget-heading\" data-id=\"f074187\" data-element_type=\"widget\" data-e-type=\"widget\" data-widget_type=\"heading.default\">\n\t\t\t\t<div class=\"elementor-widget-container\">\n\t\t\t\t\t<h3 class=\"elementor-heading-title elementor-size-large\">2. une meilleure exp\u00e9rience utilisateur<\/h3>\t\t\t\t<\/div>\n\t\t\t\t<\/div>\n\t\t\t\t<div class=\"elementor-element elementor-element-dff0f31 elementor-widget elementor-widget-text-editor\" data-id=\"dff0f31\" data-element_type=\"widget\" data-e-type=\"widget\" data-widget_type=\"text-editor.default\">\n\t\t\t\t<div class=\"elementor-widget-container\">\n\t\t\t\t\t\t\t\t\t<p>Un site Web bien optimis\u00e9, avec des \u00e9l\u00e9ments de navigation clairs, un temps de chargement rapide et une pr\u00e9sentation lisible du texte, a un impact positif sur l&rsquo;exp\u00e9rience utilisateur. Les utilisateurs resteront plus longtemps sur le site et visiteront g\u00e9n\u00e9ralement plusieurs pages.<\/p>\n\t\t\t\t\t\t\t\t<\/div>\n\t\t\t\t<\/div>\n\t\t\t\t<div class=\"elementor-element elementor-element-8d53b6d elementor-widget elementor-widget-heading\" data-id=\"8d53b6d\" data-element_type=\"widget\" data-e-type=\"widget\" data-widget_type=\"heading.default\">\n\t\t\t\t<div class=\"elementor-widget-container\">\n\t\t\t\t\t<h3 class=\"elementor-heading-title elementor-size-large\">3. le contenu est mieux trouv\u00e9<\/h3>\t\t\t\t<\/div>\n\t\t\t\t<\/div>\n\t\t\t\t<div class=\"elementor-element elementor-element-433f1e2 elementor-widget elementor-widget-text-editor\" data-id=\"433f1e2\" data-element_type=\"widget\" data-e-type=\"widget\" data-widget_type=\"text-editor.default\">\n\t\t\t\t<div class=\"elementor-widget-container\">\n\t\t\t\t\t\t\t\t\t<p>Une structure de page propre, des titres optimis\u00e9s et des URL pertinentes permettent aux moteurs de recherche et aux utilisateurs de trouver plus facilement un contenu pertinent sur le site.<\/p>\n\t\t\t\t\t\t\t\t<\/div>\n\t\t\t\t<\/div>\n\t\t\t\t<div class=\"elementor-element elementor-element-8b548dd elementor-widget elementor-widget-heading\" data-id=\"8b548dd\" data-element_type=\"widget\" data-e-type=\"widget\" data-widget_type=\"heading.default\">\n\t\t\t\t<div class=\"elementor-widget-container\">\n\t\t\t\t\t<h3 class=\"elementor-heading-title elementor-size-large\">4. taux de rebond r\u00e9duit<\/h3>\t\t\t\t<\/div>\n\t\t\t\t<\/div>\n\t\t\t\t<div class=\"elementor-element elementor-element-81b2b2c elementor-widget elementor-widget-text-editor\" data-id=\"81b2b2c\" data-element_type=\"widget\" data-e-type=\"widget\" data-widget_type=\"text-editor.default\">\n\t\t\t\t<div class=\"elementor-widget-container\">\n\t\t\t\t\t\t\t\t\t<p>Une mauvaise optimisation on-page peut entra\u00eener un taux de rebond \u00e9lev\u00e9, ce qui peut nuire aux chances de classement dans les moteurs de recherche. Une bonne optimisation on-page permet d&rsquo;am\u00e9liorer l&rsquo;utilisabilit\u00e9 et de r\u00e9duire le taux de rebond.<\/p>\n\t\t\t\t\t\t\t\t<\/div>\n\t\t\t\t<\/div>\n\t\t\t\t<div class=\"elementor-element elementor-element-f8ed557 elementor-widget elementor-widget-heading\" data-id=\"f8ed557\" data-element_type=\"widget\" data-e-type=\"widget\" data-widget_type=\"heading.default\">\n\t\t\t\t<div class=\"elementor-widget-container\">\n\t\t\t\t\t<h3 class=\"elementor-heading-title elementor-size-large\">5. comp\u00e9titivit\u00e9<\/h3>\t\t\t\t<\/div>\n\t\t\t\t<\/div>\n\t\t\t\t<div class=\"elementor-element elementor-element-10b4a32 elementor-widget elementor-widget-text-editor\" data-id=\"10b4a32\" data-element_type=\"widget\" data-e-type=\"widget\" data-widget_type=\"text-editor.default\">\n\t\t\t\t<div class=\"elementor-widget-container\">\n\t\t\t\t\t\t\t\t\t<p>Si votre site web est bien optimis\u00e9, il peut mieux se d\u00e9marquer de ses concurrents. Une plus grande visibilit\u00e9 dans les moteurs de recherche peut renforcer la confiance des utilisateurs et, en fin de compte, entra\u00eener davantage de conversions.<\/p>\n\t\t\t\t\t\t\t\t<\/div>\n\t\t\t\t<\/div>\n\t\t\t\t<div class=\"elementor-element elementor-element-ffae4e1 elementor-widget elementor-widget-spacer\" data-id=\"ffae4e1\" data-element_type=\"widget\" data-e-type=\"widget\" data-widget_type=\"spacer.default\">\n\t\t\t\t<div class=\"elementor-widget-container\">\n\t\t\t\t\t\t\t<div class=\"elementor-spacer\">\n\t\t\t<div class=\"elementor-spacer-inner\"><\/div>\n\t\t<\/div>\n\t\t\t\t\t\t<\/div>\n\t\t\t\t<\/div>\n\t\t\t\t<div class=\"elementor-element elementor-element-1a2e669 elementor-widget elementor-widget-text-editor\" data-id=\"1a2e669\" data-element_type=\"widget\" data-e-type=\"widget\" data-widget_type=\"text-editor.default\">\n\t\t\t\t<div class=\"elementor-widget-container\">\n\t\t\t\t\t\t\t\t\t<p><span style=\"font-size: 12pt;\">Vous souhaitez que votre site web atteigne des records de trafic ? Le trafic peut volontiers se diriger durablement et facilement vers votre site ? Alors vous \u00eates entre de bonnes mains. Nous sommes sp\u00e9cialis\u00e9s dans le SEO-Onpage et veillons d\u00e8s la cr\u00e9ation de votre site \u00e0 une structure de page optimis\u00e9e pour le SEO.<\/span><\/p>\n\t\t\t\t\t\t\t\t<\/div>\n\t\t\t\t<\/div>\n\t\t\t\t<div class=\"elementor-element elementor-element-7871db8 elementor-widget elementor-widget-text-editor\" data-id=\"7871db8\" data-element_type=\"widget\" data-e-type=\"widget\" data-widget_type=\"text-editor.default\">\n\t\t\t\t<div class=\"elementor-widget-container\">\n\t\t\t\t\t\t\t\t\t<p>Comme vous le savez certainement, une bonne strat\u00e9gie de r\u00e9f\u00e9rencement implique bien plus que d&rsquo;utiliser ici et l\u00e0 les mots-cl\u00e9s souhait\u00e9s. Notre strat\u00e9gie pour votre site est donc toujours sur mesure et adapt\u00e9e aux besoins individuels de vos clients. Afin de vous aider au mieux, nous analysons d&rsquo;abord votre site et trouvons la meilleure solution pour l&rsquo;optimisation OnSite ainsi que pour l&rsquo;optimisation Onpage.<\/p>\n\t\t\t\t\t\t\t\t<\/div>\n\t\t\t\t<\/div>\n\t\t\t\t<div class=\"elementor-element elementor-element-a97cdbb elementor-widget elementor-widget-spacer\" data-id=\"a97cdbb\" data-element_type=\"widget\" data-e-type=\"widget\" data-widget_type=\"spacer.default\">\n\t\t\t\t<div class=\"elementor-widget-container\">\n\t\t\t\t\t\t\t<div class=\"elementor-spacer\">\n\t\t\t<div class=\"elementor-spacer-inner\"><\/div>\n\t\t<\/div>\n\t\t\t\t\t\t<\/div>\n\t\t\t\t<\/div>\n\t\t\t\t<div class=\"elementor-element elementor-element-8d062e4 elementor-widget elementor-widget-heading\" data-id=\"8d062e4\" data-element_type=\"widget\" data-e-type=\"widget\" data-widget_type=\"heading.default\">\n\t\t\t\t<div class=\"elementor-widget-container\">\n\t\t\t\t\t<h2 class=\"elementor-heading-title elementor-size-xl\">La meilleure strat\u00e9gie de r\u00e9f\u00e9rencement pour votre entreprise<\/h2>\t\t\t\t<\/div>\n\t\t\t\t<\/div>\n\t\t\t\t<div class=\"elementor-element elementor-element-458a1bb elementor-widget elementor-widget-text-editor\" data-id=\"458a1bb\" data-element_type=\"widget\" data-e-type=\"widget\" data-widget_type=\"text-editor.default\">\n\t\t\t\t<div class=\"elementor-widget-container\">\n\t\t\t\t\t\t\t\t\t<p>L&rsquo;optimisation OnSite vise la strat\u00e9gie SEO g\u00e9n\u00e9rale de votre site web, tandis que les solutions Onpage se concentrent sur des URLs individuelles, c&rsquo;est-\u00e0-dire des pages, et les am\u00e9liorent. Mais la r\u00e8gle est toujours la m\u00eame : le concept global doit \u00eatre coh\u00e9rent et correspondre \u00e0 vous et \u00e0 vos clients.<\/p>\n<p>Le principe de base est le suivant : si votre contenu est de qualit\u00e9 et pr\u00e9sente une r\u00e9elle utilit\u00e9 pour les clients, vous avez d\u00e9j\u00e0 gagn\u00e9 un \u00e9norme point.<\/p>\n<p>Ensuite, les strat\u00e9gies qui dirigent durablement le trafic vers votre site via le moteur de recherche et qui l&rsquo;y maintiennent le plus longtemps possible deviennent efficaces. Il s&rsquo;agit notamment de placer correctement le mot-cl\u00e9 principal et le mot-cl\u00e9 secondaire, qui doivent d\u00e9terminer le classement sur Google. La r\u00e8gle est la suivante : beaucoup n&rsquo;aide pas toujours beaucoup. Ce qui compte ici, c&rsquo;est aussi l&rsquo;int\u00e9gration judicieuse aux meilleurs endroits strat\u00e9giques, par exemple en H1 et H2. Une int\u00e9gration dans les URL pr\u00e9sente \u00e9galement des avantages.<\/p>\n\t\t\t\t\t\t\t\t<\/div>\n\t\t\t\t<\/div>\n\t\t\t\t<div class=\"elementor-element elementor-element-f4f56ba elementor-widget elementor-widget-text-editor\" data-id=\"f4f56ba\" data-element_type=\"widget\" data-e-type=\"widget\" data-widget_type=\"text-editor.default\">\n\t\t\t\t<div class=\"elementor-widget-container\">\n\t\t\t\t\t\t\t\t\t<p>Un coup d&rsquo;\u0153il sur le classement actuel de vos mots-cl\u00e9s dans le moteur de recherche vous montre \u00e9galement quelles attentes vos clients potentiels associent \u00e0 certains mots-cl\u00e9s. Vous pouvez vous en inspirer pour en savoir plus sur vos nouveaux clients potentiels. Outre la qualit\u00e9 du contenu, le Google Snippet, c&rsquo;est-\u00e0-dire l&rsquo;extrait que les clients d\u00e9couvrent sur le site via Google, joue \u00e9galement un r\u00f4le important. Si la Meta Description qui appara\u00eet ici est formul\u00e9e de mani\u00e8re excellente en termes de tonalit\u00e9 et de forme, elle agit comme une annonce publicitaire attrayante pour votre site web.<\/p>\n\n<p>Ce qui nous am\u00e8ne au sujet suivant : les images et les vid\u00e9os. Ici aussi, tant la qualit\u00e9 que le positionnement sont de la plus haute importance pour obtenir la meilleure optimisation SEO on-page. Pour que vous obteniez le meilleur r\u00e9sultat possible pour votre site, nous sommes \u00e0 vos c\u00f4t\u00e9s pour perfectionner votre contenu en fonction des exigences SEO.<\/p>\t\t\t\t\t\t\t\t<\/div>\n\t\t\t\t<\/div>\n\t\t\t\t<div class=\"elementor-element elementor-element-f192164 elementor-widget elementor-widget-spacer\" data-id=\"f192164\" data-element_type=\"widget\" data-e-type=\"widget\" data-widget_type=\"spacer.default\">\n\t\t\t\t<div class=\"elementor-widget-container\">\n\t\t\t\t\t\t\t<div class=\"elementor-spacer\">\n\t\t\t<div class=\"elementor-spacer-inner\"><\/div>\n\t\t<\/div>\n\t\t\t\t\t\t<\/div>\n\t\t\t\t<\/div>\n\t\t\t\t<div class=\"elementor-element elementor-element-c8267a3 elementor-widget elementor-widget-button\" data-id=\"c8267a3\" data-element_type=\"widget\" data-e-type=\"widget\" data-widget_type=\"button.default\">\n\t\t\t\t<div class=\"elementor-widget-container\">\n\t\t\t\t\t\t\t\t\t<div class=\"elementor-button-wrapper\">\n\t\t\t\t\t<a class=\"elementor-button elementor-button-link elementor-size-sm\" href=\"https:\/\/sinnup.com\/fr\/prix-seo\/\">\n\t\t\t\t\t\t<span class=\"elementor-button-content-wrapper\">\n\t\t\t\t\t\t\t\t\t<span class=\"elementor-button-text\">Prix SEO<\/span>\n\t\t\t\t\t<\/span>\n\t\t\t\t\t<\/a>\n\t\t\t\t<\/div>\n\t\t\t\t\t\t\t\t<\/div>\n\t\t\t\t<\/div>\n\t\t\t\t<div class=\"elementor-element elementor-element-9efbfd1 elementor-widget elementor-widget-spacer\" data-id=\"9efbfd1\" data-element_type=\"widget\" data-e-type=\"widget\" data-widget_type=\"spacer.default\">\n\t\t\t\t<div class=\"elementor-widget-container\">\n\t\t\t\t\t\t\t<div class=\"elementor-spacer\">\n\t\t\t<div class=\"elementor-spacer-inner\"><\/div>\n\t\t<\/div>\n\t\t\t\t\t\t<\/div>\n\t\t\t\t<\/div>\n\t\t\t\t\t<\/div>\n\t\t<\/div>\n\t\t\t\t\t<\/div>\n\t\t<\/section>\n\t\t\t\t<\/div>\n\t\t","protected":false},"excerpt":{"rendered":"<p>SEO &#8211; votre optimisation on-page parfaite. SEO &#8211; votre optimisation on-page parfaite. La meilleure strat\u00e9gie de r\u00e9f\u00e9rencement pour votre entreprise 1. l&rsquo;optimisation des moteurs de recherche L&rsquo;optimisation on-page est une partie importante de l&rsquo;optimisation pour [&hellip;]<\/p>\n","protected":false},"author":2,"featured_media":19480,"parent":0,"menu_order":0,"comment_status":"closed","ping_status":"closed","template":"","meta":{"site-sidebar-layout":"no-sidebar","site-content-layout":"page-builder","ast-site-content-layout":"default","site-content-style":"default","site-sidebar-style":"default","ast-global-header-display":"","ast-banner-title-visibility":"","ast-main-header-display":"","ast-hfb-above-header-display":"","ast-hfb-below-header-display":"","ast-hfb-mobile-header-display":"","site-post-title":"disabled","ast-breadcrumbs-content":"","ast-featured-img":"disabled","footer-sml-layout":"","ast-disable-related-posts":"","theme-transparent-header-meta":"enabled","adv-header-id-meta":"","stick-header-meta":"default","header-above-stick-meta":"","header-main-stick-meta":"","header-below-stick-meta":"","astra-migrate-meta-layouts":"default","ast-page-background-enabled":"default","ast-page-background-meta":{"desktop":{"background-color":"","background-image":"","background-repeat":"repeat","background-position":"center center","background-size":"auto","background-attachment":"scroll","background-type":"","background-media":"","overlay-type":"","overlay-color":"","overlay-opacity":"","overlay-gradient":""},"tablet":{"background-color":"","background-image":"","background-repeat":"repeat","background-position":"center center","background-size":"auto","background-attachment":"scroll","background-type":"","background-media":"","overlay-type":"","overlay-color":"","overlay-opacity":"","overlay-gradient":""},"mobile":{"background-color":"","background-image":"","background-repeat":"repeat","background-position":"center center","background-size":"auto","background-attachment":"scroll","background-type":"","background-media":"","overlay-type":"","overlay-color":"","overlay-opacity":"","overlay-gradient":""}},"ast-content-background-meta":{"desktop":{"background-color":"var(--ast-global-color-5)","background-image":"","background-repeat":"repeat","background-position":"center center","background-size":"auto","background-attachment":"scroll","background-type":"","background-media":"","overlay-type":"","overlay-color":"","overlay-opacity":"","overlay-gradient":""},"tablet":{"background-color":"var(--ast-global-color-5)","background-image":"","background-repeat":"repeat","background-position":"center center","background-size":"auto","background-attachment":"scroll","background-type":"","background-media":"","overlay-type":"","overlay-color":"","overlay-opacity":"","overlay-gradient":""},"mobile":{"background-color":"var(--ast-global-color-5)","background-image":"","background-repeat":"repeat","background-position":"center center","background-size":"auto","background-attachment":"scroll","background-type":"","background-media":"","overlay-type":"","overlay-color":"","overlay-opacity":"","overlay-gradient":""}},"footnotes":""},"class_list":["post-13353","page","type-page","status-publish","has-post-thumbnail","hentry"],"_links":{"self":[{"href":"https:\/\/sinnup.com\/fr\/wp-json\/wp\/v2\/pages\/13353","targetHints":{"allow":["GET"]}}],"collection":[{"href":"https:\/\/sinnup.com\/fr\/wp-json\/wp\/v2\/pages"}],"about":[{"href":"https:\/\/sinnup.com\/fr\/wp-json\/wp\/v2\/types\/page"}],"author":[{"embeddable":true,"href":"https:\/\/sinnup.com\/fr\/wp-json\/wp\/v2\/users\/2"}],"replies":[{"embeddable":true,"href":"https:\/\/sinnup.com\/fr\/wp-json\/wp\/v2\/comments?post=13353"}],"version-history":[{"count":3,"href":"https:\/\/sinnup.com\/fr\/wp-json\/wp\/v2\/pages\/13353\/revisions"}],"predecessor-version":[{"id":31461,"href":"https:\/\/sinnup.com\/fr\/wp-json\/wp\/v2\/pages\/13353\/revisions\/31461"}],"wp:featuredmedia":[{"embeddable":true,"href":"https:\/\/sinnup.com\/fr\/wp-json\/wp\/v2\/media\/19480"}],"wp:attachment":[{"href":"https:\/\/sinnup.com\/fr\/wp-json\/wp\/v2\/media?parent=13353"}],"curies":[{"name":"wp","href":"https:\/\/api.w.org\/{rel}","templated":true}]}}