{"id":13624,"date":"2022-11-30T15:25:16","date_gmt":"2022-11-30T14:25:16","guid":{"rendered":"http:\/\/sinnup.com\/entreprise\/"},"modified":"2023-02-17T12:52:44","modified_gmt":"2023-02-17T11:52:44","slug":"entreprise","status":"publish","type":"page","link":"https:\/\/sinnup.com\/fr\/entreprise\/","title":{"rendered":"Entreprise"},"content":{"rendered":"\t\t<div data-elementor-type=\"wp-page\" data-elementor-id=\"13624\" class=\"elementor elementor-13624 elementor-10675\" data-elementor-post-type=\"page\">\n\t\t\t\t\t\t<section class=\"elementor-section elementor-top-section elementor-element elementor-element-35579090 elementor-section-height-min-height elementor-hidden-desktop elementor-hidden-tablet elementor-section-boxed elementor-section-height-default elementor-section-items-middle\" data-id=\"35579090\" data-element_type=\"section\" data-e-type=\"section\" data-settings=\"{&quot;background_background&quot;:&quot;gradient&quot;}\">\n\t\t\t\t\t\t<div class=\"elementor-container elementor-column-gap-default\">\n\t\t\t\t\t<div class=\"elementor-column elementor-col-100 elementor-top-column elementor-element elementor-element-33df41a8\" data-id=\"33df41a8\" data-element_type=\"column\" data-e-type=\"column\">\n\t\t\t<div class=\"elementor-widget-wrap\">\n\t\t\t\t\t\t\t<\/div>\n\t\t<\/div>\n\t\t\t\t\t<\/div>\n\t\t<\/section>\n\t\t\t\t<section class=\"elementor-section elementor-top-section elementor-element elementor-element-8f6c949 elementor-section-height-min-height elementor-section-boxed elementor-section-height-default elementor-section-items-middle\" data-id=\"8f6c949\" data-element_type=\"section\" data-e-type=\"section\" data-settings=\"{&quot;background_background&quot;:&quot;gradient&quot;}\">\n\t\t\t\t\t\t<div class=\"elementor-container elementor-column-gap-default\">\n\t\t\t\t\t<div class=\"elementor-column elementor-col-100 elementor-top-column elementor-element elementor-element-37ca4ab\" data-id=\"37ca4ab\" data-element_type=\"column\" data-e-type=\"column\">\n\t\t\t<div class=\"elementor-widget-wrap elementor-element-populated\">\n\t\t\t\t\t\t<div class=\"elementor-element elementor-element-15a3658 elementor-widget elementor-widget-spacer\" data-id=\"15a3658\" data-element_type=\"widget\" data-e-type=\"widget\" data-widget_type=\"spacer.default\">\n\t\t\t\t<div class=\"elementor-widget-container\">\n\t\t\t\t\t\t\t<div class=\"elementor-spacer\">\n\t\t\t<div class=\"elementor-spacer-inner\"><\/div>\n\t\t<\/div>\n\t\t\t\t\t\t<\/div>\n\t\t\t\t<\/div>\n\t\t\t\t<div class=\"elementor-element elementor-element-ec70421 elementor-widget elementor-widget-heading\" data-id=\"ec70421\" data-element_type=\"widget\" data-e-type=\"widget\" data-widget_type=\"heading.default\">\n\t\t\t\t<div class=\"elementor-widget-container\">\n\t\t\t\t\t<h1 class=\"elementor-heading-title elementor-size-xxl\">L'entreprise - SINNUP GmbH<\/h1>\t\t\t\t<\/div>\n\t\t\t\t<\/div>\n\t\t\t\t<div class=\"elementor-element elementor-element-64b295d elementor-widget elementor-widget-text-editor\" data-id=\"64b295d\" data-element_type=\"widget\" data-e-type=\"widget\" data-widget_type=\"text-editor.default\">\n\t\t\t\t<div class=\"elementor-widget-container\">\n\t\t\t\t\t\t\t\t\t<h2 style=\"text-align: center;\"><span style=\"font-size: 14pt;\">SINNUP<sup>\u00ae<\/sup> d\u00e9veloppe <span style=\"font-weight: bold;\">simple<\/span>, <span style=\"font-weight: bold;\">individuel<\/span>, <span style=\"font-weight: bold;\">des solutions intelligentes<\/span>.<\/span><\/h2>\n\t\t\t\t\t\t\t\t<\/div>\n\t\t\t\t<\/div>\n\t\t\t\t<section class=\"elementor-section elementor-inner-section elementor-element elementor-element-8c4cfe4 elementor-section-boxed elementor-section-height-default elementor-section-height-default\" data-id=\"8c4cfe4\" data-element_type=\"section\" data-e-type=\"section\">\n\t\t\t\t\t\t<div class=\"elementor-container elementor-column-gap-default\">\n\t\t\t\t\t<div class=\"elementor-column elementor-col-50 elementor-inner-column elementor-element elementor-element-ec925fb\" data-id=\"ec925fb\" data-element_type=\"column\" data-e-type=\"column\">\n\t\t\t<div class=\"elementor-widget-wrap elementor-element-populated\">\n\t\t\t\t\t\t<div class=\"elementor-element elementor-element-a26f351 elementor-widget elementor-widget-image\" data-id=\"a26f351\" data-element_type=\"widget\" data-e-type=\"widget\" data-widget_type=\"image.default\">\n\t\t\t\t<div class=\"elementor-widget-container\">\n\t\t\t\t\t\t\t\t\t\t\t\t\t\t\t<img fetchpriority=\"high\" decoding=\"async\" width=\"1024\" height=\"683\" src=\"https:\/\/sinnup.com\/wp-content\/uploads\/2022\/12\/Sinnup-das-Unternehmen-in-Kallham-wir-machen-digitales-greifbar-NFC-WEB-SEO-APP-DIGI-WIKI-1024x683.jpg\" class=\"attachment-large size-large wp-image-13521\" alt=\"Sinnup - das Unternehmen in Kallham - wir machen digitales greifbar - NFC - WEB - SEO - APP - DIGI WIKI\" srcset=\"https:\/\/sinnup.com\/wp-content\/uploads\/2022\/12\/Sinnup-das-Unternehmen-in-Kallham-wir-machen-digitales-greifbar-NFC-WEB-SEO-APP-DIGI-WIKI-1024x683.jpg 1024w, https:\/\/sinnup.com\/wp-content\/uploads\/2022\/12\/Sinnup-das-Unternehmen-in-Kallham-wir-machen-digitales-greifbar-NFC-WEB-SEO-APP-DIGI-WIKI-300x200.jpg 300w, https:\/\/sinnup.com\/wp-content\/uploads\/2022\/12\/Sinnup-das-Unternehmen-in-Kallham-wir-machen-digitales-greifbar-NFC-WEB-SEO-APP-DIGI-WIKI-768x512.jpg 768w, https:\/\/sinnup.com\/wp-content\/uploads\/2022\/12\/Sinnup-das-Unternehmen-in-Kallham-wir-machen-digitales-greifbar-NFC-WEB-SEO-APP-DIGI-WIKI-1536x1025.jpg 1536w, https:\/\/sinnup.com\/wp-content\/uploads\/2022\/12\/Sinnup-das-Unternehmen-in-Kallham-wir-machen-digitales-greifbar-NFC-WEB-SEO-APP-DIGI-WIKI-600x400.jpg 600w, https:\/\/sinnup.com\/wp-content\/uploads\/2022\/12\/Sinnup-das-Unternehmen-in-Kallham-wir-machen-digitales-greifbar-NFC-WEB-SEO-APP-DIGI-WIKI.jpg 1575w\" sizes=\"(max-width: 1024px) 100vw, 1024px\" \/>\t\t\t\t\t\t\t\t\t\t\t\t\t\t\t<\/div>\n\t\t\t\t<\/div>\n\t\t\t\t\t<\/div>\n\t\t<\/div>\n\t\t\t\t<div class=\"elementor-column elementor-col-50 elementor-inner-column elementor-element elementor-element-16e2e77\" data-id=\"16e2e77\" data-element_type=\"column\" data-e-type=\"column\">\n\t\t\t<div class=\"elementor-widget-wrap elementor-element-populated\">\n\t\t\t\t\t\t<div class=\"elementor-element elementor-element-0aa89ef elementor-widget elementor-widget-text-editor\" data-id=\"0aa89ef\" data-element_type=\"widget\" data-e-type=\"widget\" data-widget_type=\"text-editor.default\">\n\t\t\t\t<div class=\"elementor-widget-container\">\n\t\t\t\t\t\t\t\t\t<\/p>\n<p>Fond\u00e9e en 2016, l&rsquo;entreprise s&rsquo;est d&rsquo;abord concentr\u00e9e sur les solutions NFC et les projets NFC. Entre-temps, SINNUP est devenu un fournisseur num\u00e9rique complet. <\/p>\n<p>Les clients demandent de plus en plus de solutions web et de sites web vers lesquels les produits NFC doivent \u00eatre reli\u00e9s. C&rsquo;est \u00e0 partir de ce besoin que l&rsquo;on a commenc\u00e9 \u00e0 cr\u00e9er des micro-sites et des pages web. Entre-temps, nos clients re\u00e7oivent toute la palette num\u00e9rique, du webdesign, du SEO, du mail et de l&rsquo;h\u00e9bergement jusqu&rsquo;\u00e0 la boutique en ligne. <span style=\"font-style: inherit; font-weight: inherit; background-color: transparent;\">Cela permet de penser aux possibilit\u00e9s de NFC dans le marketing d\u00e8s la cr\u00e9ation du site ou de la boutique, et de les utiliser de mani\u00e8re optimale. <\/span><\/p>\n<p>Depuis 2021, nous sommes une entreprise s\u0153ur de ebets GmbH et pouvons ainsi encore mieux mettre en \u0153uvre le savoir-faire dans la production de stickers NFC et de produits NFC sur le site de Kallham.<\/p>\n\t\t\t\t\t\t\t\t<\/div>\n\t\t\t\t<\/div>\n\t\t\t\t\t<\/div>\n\t\t<\/div>\n\t\t\t\t\t<\/div>\n\t\t<\/section>\n\t\t\t\t<div class=\"elementor-element elementor-element-1f8d4dc elementor-widget elementor-widget-spacer\" data-id=\"1f8d4dc\" data-element_type=\"widget\" data-e-type=\"widget\" data-widget_type=\"spacer.default\">\n\t\t\t\t<div class=\"elementor-widget-container\">\n\t\t\t\t\t\t\t<div class=\"elementor-spacer\">\n\t\t\t<div class=\"elementor-spacer-inner\"><\/div>\n\t\t<\/div>\n\t\t\t\t\t\t<\/div>\n\t\t\t\t<\/div>\n\t\t\t\t<div class=\"elementor-element elementor-element-abe489e elementor-widget elementor-widget-heading\" data-id=\"abe489e\" data-element_type=\"widget\" data-e-type=\"widget\" data-widget_type=\"heading.default\">\n\t\t\t\t<div class=\"elementor-widget-container\">\n\t\t\t\t\t<h2 class=\"elementor-heading-title elementor-size-xl\">D\u00e9couvrir la NFC en direct<\/h2>\t\t\t\t<\/div>\n\t\t\t\t<\/div>\n\t\t\t\t<div class=\"elementor-element elementor-element-c9f46e5 elementor-widget elementor-widget-heading\" data-id=\"c9f46e5\" data-element_type=\"widget\" data-e-type=\"widget\" data-widget_type=\"heading.default\">\n\t\t\t\t<div class=\"elementor-widget-container\">\n\t\t\t\t\t<h3 class=\"elementor-heading-title elementor-size-large\">Le SINNUP World le rend possible<\/h3>\t\t\t\t<\/div>\n\t\t\t\t<\/div>\n\t\t\t\t<div class=\"elementor-element elementor-element-01d69e8 elementor-widget elementor-widget-text-editor\" data-id=\"01d69e8\" data-element_type=\"widget\" data-e-type=\"widget\" data-widget_type=\"text-editor.default\">\n\t\t\t\t<div class=\"elementor-widget-container\">\n\t\t\t\t\t\t\t\t\t<h3 style=\"margin-bottom: 0px; line-height: unset; text-align: left;\"><span style=\"font-size: 12pt; line-height: 1.85714285714286rem;\">Vous pouvez vivre la NFC en direct chez nous et trouver des id\u00e9es pour votre propre entreprise avec des projets d\u00e9j\u00e0 mis en \u0153uvre.<\/span><\/h3>\n<h3 style=\"margin-bottom: 0px; line-height: unset; text-align: left;\"><span style=\"font-size: 12pt; line-height: 1.85714285714286rem;\">Outre nos produits NFC de la boutique, de nouvelles id\u00e9es et des projets d\u00e9j\u00e0 mis en \u0153uvre sont expos\u00e9s. <\/span><\/h3>\n<h4 style=\"margin-bottom: 0px; line-height: unset; text-align: left;\"><span style=\"font-size: 12pt; line-height: 1.85714285714286rem;\">Prenez rendez-vous pour <a href=\"https:\/\/sinnup.com\/fr\/contact\/\" target=\"_blank\" rel=\"noopener\">une visite<\/a> &#8211; nous nous r\u00e9jouissons de vous accueillir.<\/span><\/h4>\n\t\t\t\t\t\t\t\t<\/div>\n\t\t\t\t<\/div>\n\t\t\t\t<div class=\"elementor-element elementor-element-34df835 elementor-widget elementor-widget-image\" data-id=\"34df835\" data-element_type=\"widget\" data-e-type=\"widget\" data-widget_type=\"image.default\">\n\t\t\t\t<div class=\"elementor-widget-container\">\n\t\t\t\t\t\t\t\t\t\t\t\t\t\t\t<img decoding=\"async\" width=\"735\" height=\"276\" src=\"https:\/\/sinnup.com\/wp-content\/uploads\/2022\/11\/NFC-live-erleben-mit-SINNUP.jpg\" class=\"attachment-large size-large wp-image-10691\" alt=\"NFC live erleben mit SINNUP\" srcset=\"https:\/\/sinnup.com\/wp-content\/uploads\/2022\/11\/NFC-live-erleben-mit-SINNUP.jpg 735w, https:\/\/sinnup.com\/wp-content\/uploads\/2022\/11\/NFC-live-erleben-mit-SINNUP-300x113.jpg 300w, https:\/\/sinnup.com\/wp-content\/uploads\/2022\/11\/NFC-live-erleben-mit-SINNUP-600x225.jpg 600w\" sizes=\"(max-width: 735px) 100vw, 735px\" \/>\t\t\t\t\t\t\t\t\t\t\t\t\t\t\t<\/div>\n\t\t\t\t<\/div>\n\t\t\t\t<div class=\"elementor-element elementor-element-73f7256 elementor-widget elementor-widget-spacer\" data-id=\"73f7256\" data-element_type=\"widget\" data-e-type=\"widget\" data-widget_type=\"spacer.default\">\n\t\t\t\t<div class=\"elementor-widget-container\">\n\t\t\t\t\t\t\t<div class=\"elementor-spacer\">\n\t\t\t<div class=\"elementor-spacer-inner\"><\/div>\n\t\t<\/div>\n\t\t\t\t\t\t<\/div>\n\t\t\t\t<\/div>\n\t\t\t\t\t<\/div>\n\t\t<\/div>\n\t\t\t\t\t<\/div>\n\t\t<\/section>\n\t\t\t\t<\/div>\n\t\t","protected":false},"excerpt":{"rendered":"<p>L&rsquo;entreprise &#8211; SINNUP GmbH SINNUP\u00ae d\u00e9veloppe simple, individuel, des solutions intelligentes. Fond\u00e9e en 2016, l&rsquo;entreprise s&rsquo;est d&rsquo;abord concentr\u00e9e sur les solutions NFC et les projets NFC. Entre-temps, SINNUP est devenu un fournisseur num\u00e9rique complet. Les [&hellip;]<\/p>\n","protected":false},"author":2,"featured_media":21587,"parent":0,"menu_order":0,"comment_status":"closed","ping_status":"closed","template":"","meta":{"site-sidebar-layout":"no-sidebar","site-content-layout":"page-builder","ast-site-content-layout":"default","site-content-style":"default","site-sidebar-style":"default","ast-global-header-display":"","ast-banner-title-visibility":"","ast-main-header-display":"","ast-hfb-above-header-display":"","ast-hfb-below-header-display":"","ast-hfb-mobile-header-display":"","site-post-title":"disabled","ast-breadcrumbs-content":"","ast-featured-img":"disabled","footer-sml-layout":"","ast-disable-related-posts":"","theme-transparent-header-meta":"enabled","adv-header-id-meta":"","stick-header-meta":"default","header-above-stick-meta":"","header-main-stick-meta":"","header-below-stick-meta":"","astra-migrate-meta-layouts":"default","ast-page-background-enabled":"default","ast-page-background-meta":{"desktop":{"background-color":"","background-image":"","background-repeat":"repeat","background-position":"center center","background-size":"auto","background-attachment":"scroll","background-type":"","background-media":"","overlay-type":"","overlay-color":"","overlay-opacity":"","overlay-gradient":""},"tablet":{"background-color":"","background-image":"","background-repeat":"repeat","background-position":"center center","background-size":"auto","background-attachment":"scroll","background-type":"","background-media":"","overlay-type":"","overlay-color":"","overlay-opacity":"","overlay-gradient":""},"mobile":{"background-color":"","background-image":"","background-repeat":"repeat","background-position":"center center","background-size":"auto","background-attachment":"scroll","background-type":"","background-media":"","overlay-type":"","overlay-color":"","overlay-opacity":"","overlay-gradient":""}},"ast-content-background-meta":{"desktop":{"background-color":"var(--ast-global-color-5)","background-image":"","background-repeat":"repeat","background-position":"center center","background-size":"auto","background-attachment":"scroll","background-type":"","background-media":"","overlay-type":"","overlay-color":"","overlay-opacity":"","overlay-gradient":""},"tablet":{"background-color":"var(--ast-global-color-5)","background-image":"","background-repeat":"repeat","background-position":"center center","background-size":"auto","background-attachment":"scroll","background-type":"","background-media":"","overlay-type":"","overlay-color":"","overlay-opacity":"","overlay-gradient":""},"mobile":{"background-color":"var(--ast-global-color-5)","background-image":"","background-repeat":"repeat","background-position":"center center","background-size":"auto","background-attachment":"scroll","background-type":"","background-media":"","overlay-type":"","overlay-color":"","overlay-opacity":"","overlay-gradient":""}},"footnotes":""},"class_list":["post-13624","page","type-page","status-publish","has-post-thumbnail","hentry"],"_links":{"self":[{"href":"https:\/\/sinnup.com\/fr\/wp-json\/wp\/v2\/pages\/13624","targetHints":{"allow":["GET"]}}],"collection":[{"href":"https:\/\/sinnup.com\/fr\/wp-json\/wp\/v2\/pages"}],"about":[{"href":"https:\/\/sinnup.com\/fr\/wp-json\/wp\/v2\/types\/page"}],"author":[{"embeddable":true,"href":"https:\/\/sinnup.com\/fr\/wp-json\/wp\/v2\/users\/2"}],"replies":[{"embeddable":true,"href":"https:\/\/sinnup.com\/fr\/wp-json\/wp\/v2\/comments?post=13624"}],"version-history":[{"count":0,"href":"https:\/\/sinnup.com\/fr\/wp-json\/wp\/v2\/pages\/13624\/revisions"}],"wp:featuredmedia":[{"embeddable":true,"href":"https:\/\/sinnup.com\/fr\/wp-json\/wp\/v2\/media\/21587"}],"wp:attachment":[{"href":"https:\/\/sinnup.com\/fr\/wp-json\/wp\/v2\/media?parent=13624"}],"curies":[{"name":"wp","href":"https:\/\/api.w.org\/{rel}","templated":true}]}}