{"id":13824,"date":"2022-11-16T15:12:24","date_gmt":"2022-11-16T14:12:24","guid":{"rendered":"http:\/\/sinnup.com\/web\/"},"modified":"2024-07-10T15:39:17","modified_gmt":"2024-07-10T13:39:17","slug":"web","status":"publish","type":"page","link":"https:\/\/sinnup.com\/fr\/web\/","title":{"rendered":"WEB"},"content":{"rendered":"\t\t<div data-elementor-type=\"wp-page\" data-elementor-id=\"13824\" class=\"elementor elementor-13824 elementor-5123\" data-elementor-post-type=\"page\">\n\t\t\t\t\t\t<section class=\"elementor-section elementor-top-section elementor-element elementor-element-110582b elementor-section-height-min-height elementor-hidden-desktop elementor-hidden-tablet elementor-section-boxed elementor-section-height-default elementor-section-items-middle\" data-id=\"110582b\" data-element_type=\"section\" data-e-type=\"section\" data-settings=\"{&quot;background_background&quot;:&quot;gradient&quot;}\">\n\t\t\t\t\t\t<div class=\"elementor-container elementor-column-gap-default\">\n\t\t\t\t\t<div class=\"elementor-column elementor-col-100 elementor-top-column elementor-element elementor-element-859c4b9\" data-id=\"859c4b9\" data-element_type=\"column\" data-e-type=\"column\">\n\t\t\t<div class=\"elementor-widget-wrap\">\n\t\t\t\t\t\t\t<\/div>\n\t\t<\/div>\n\t\t\t\t\t<\/div>\n\t\t<\/section>\n\t\t\t\t<section class=\"elementor-section elementor-top-section elementor-element elementor-element-6de40d3 elementor-section-height-min-height elementor-section-full_width elementor-section-items-bottom elementor-section-content-bottom elementor-hidden-mobile elementor-section-height-default\" data-id=\"6de40d3\" data-element_type=\"section\" data-e-type=\"section\" data-settings=\"{&quot;background_background&quot;:&quot;gradient&quot;}\">\n\t\t\t\t\t\t<div class=\"elementor-container elementor-column-gap-default\">\n\t\t\t\t\t<div class=\"elementor-column elementor-col-100 elementor-top-column elementor-element elementor-element-c02dfd4\" data-id=\"c02dfd4\" data-element_type=\"column\" data-e-type=\"column\" data-settings=\"{&quot;background_background&quot;:&quot;gradient&quot;}\">\n\t\t\t<div class=\"elementor-widget-wrap elementor-element-populated\">\n\t\t\t\t\t\t<section class=\"elementor-section elementor-inner-section elementor-element elementor-element-75faf3e elementor-section-height-min-height elementor-section-boxed elementor-section-height-default\" data-id=\"75faf3e\" data-element_type=\"section\" data-e-type=\"section\" data-settings=\"{&quot;background_background&quot;:&quot;classic&quot;}\">\n\t\t\t\t\t\t<div class=\"elementor-container elementor-column-gap-default\">\n\t\t\t\t\t<div class=\"elementor-column elementor-col-100 elementor-inner-column elementor-element elementor-element-cf85fb0\" data-id=\"cf85fb0\" data-element_type=\"column\" data-e-type=\"column\">\n\t\t\t<div class=\"elementor-widget-wrap\">\n\t\t\t\t\t\t\t<\/div>\n\t\t<\/div>\n\t\t\t\t\t<\/div>\n\t\t<\/section>\n\t\t\t\t\t<\/div>\n\t\t<\/div>\n\t\t\t\t\t<\/div>\n\t\t<\/section>\n\t\t\t\t<section class=\"elementor-section elementor-top-section elementor-element elementor-element-1854c31 elementor-section-full_width elementor-section-height-min-height elementor-section-items-bottom elementor-hidden-desktop elementor-hidden-tablet elementor-section-content-bottom elementor-section-height-default\" data-id=\"1854c31\" data-element_type=\"section\" data-e-type=\"section\" data-settings=\"{&quot;background_background&quot;:&quot;classic&quot;}\">\n\t\t\t\t\t\t<div class=\"elementor-container elementor-column-gap-default\">\n\t\t\t\t\t<div class=\"elementor-column elementor-col-100 elementor-top-column elementor-element elementor-element-70404f1\" data-id=\"70404f1\" data-element_type=\"column\" data-e-type=\"column\">\n\t\t\t<div class=\"elementor-widget-wrap\">\n\t\t\t\t\t\t\t<\/div>\n\t\t<\/div>\n\t\t\t\t\t<\/div>\n\t\t<\/section>\n\t\t\t\t<section class=\"elementor-section elementor-top-section elementor-element elementor-element-b3e002f elementor-hidden-tablet elementor-hidden-desktop elementor-section-boxed elementor-section-height-default elementor-section-height-default\" data-id=\"b3e002f\" data-element_type=\"section\" data-e-type=\"section\">\n\t\t\t\t\t\t<div class=\"elementor-container elementor-column-gap-default\">\n\t\t\t\t\t<div class=\"elementor-column elementor-col-100 elementor-top-column elementor-element elementor-element-a2c582e\" data-id=\"a2c582e\" data-element_type=\"column\" data-e-type=\"column\">\n\t\t\t<div class=\"elementor-widget-wrap elementor-element-populated\">\n\t\t\t\t\t\t<div class=\"elementor-element elementor-element-bfd3549 elementor-widget elementor-widget-heading\" data-id=\"bfd3549\" data-element_type=\"widget\" data-e-type=\"widget\" data-widget_type=\"heading.default\">\n\t\t\t\t<div class=\"elementor-widget-container\">\n\t\t\t\t\t<p class=\"elementor-heading-title elementor-size-xl\">Un design web visuel, fonctionnel et structur\u00e9.<\/p>\t\t\t\t<\/div>\n\t\t\t\t<\/div>\n\t\t\t\t<div class=\"elementor-element elementor-element-a1e48b9 elementor-widget elementor-widget-spacer\" data-id=\"a1e48b9\" data-element_type=\"widget\" data-e-type=\"widget\" data-widget_type=\"spacer.default\">\n\t\t\t\t<div class=\"elementor-widget-container\">\n\t\t\t\t\t\t\t<div class=\"elementor-spacer\">\n\t\t\t<div class=\"elementor-spacer-inner\"><\/div>\n\t\t<\/div>\n\t\t\t\t\t\t<\/div>\n\t\t\t\t<\/div>\n\t\t\t\t\t<\/div>\n\t\t<\/div>\n\t\t\t\t\t<\/div>\n\t\t<\/section>\n\t\t\t\t<section class=\"elementor-section elementor-top-section elementor-element elementor-element-dfb6c7e elementor-section-boxed elementor-section-height-default elementor-section-height-default\" data-id=\"dfb6c7e\" data-element_type=\"section\" data-e-type=\"section\" data-settings=\"{&quot;background_background&quot;:&quot;classic&quot;}\">\n\t\t\t\t\t\t<div class=\"elementor-container elementor-column-gap-default\">\n\t\t\t\t\t<div class=\"elementor-column elementor-col-100 elementor-top-column elementor-element elementor-element-b985c60\" data-id=\"b985c60\" data-element_type=\"column\" data-e-type=\"column\">\n\t\t\t<div class=\"elementor-widget-wrap elementor-element-populated\">\n\t\t\t\t\t\t<div class=\"elementor-element elementor-element-f940ef8 elementor-hidden-mobile elementor-widget elementor-widget-heading\" data-id=\"f940ef8\" data-element_type=\"widget\" data-e-type=\"widget\" data-widget_type=\"heading.default\">\n\t\t\t\t<div class=\"elementor-widget-container\">\n\t\t\t\t\t<h1 class=\"elementor-heading-title elementor-size-xl\">Un design web visuel, fonctionnel et structur\u00e9.<\/h1>\t\t\t\t<\/div>\n\t\t\t\t<\/div>\n\t\t\t\t<div class=\"elementor-element elementor-element-c6c756b elementor-hidden-mobile elementor-widget elementor-widget-spacer\" data-id=\"c6c756b\" data-element_type=\"widget\" data-e-type=\"widget\" data-widget_type=\"spacer.default\">\n\t\t\t\t<div class=\"elementor-widget-container\">\n\t\t\t\t\t\t\t<div class=\"elementor-spacer\">\n\t\t\t<div class=\"elementor-spacer-inner\"><\/div>\n\t\t<\/div>\n\t\t\t\t\t\t<\/div>\n\t\t\t\t<\/div>\n\t\t\t\t<div class=\"elementor-element elementor-element-e92333a elementor-widget elementor-widget-heading\" data-id=\"e92333a\" data-element_type=\"widget\" data-e-type=\"widget\" data-widget_type=\"heading.default\">\n\t\t\t\t<div class=\"elementor-widget-container\">\n\t\t\t\t\t<h2 class=\"elementor-heading-title elementor-size-xl\"><span style=\"font-size: 39px;text-align: center\">Un site web professionnel pour votre succ\u00e8s sur le web.<\/span><\/h2>\t\t\t\t<\/div>\n\t\t\t\t<\/div>\n\t\t\t\t<div class=\"elementor-element elementor-element-29bbc77 elementor-widget elementor-widget-text-editor\" data-id=\"29bbc77\" data-element_type=\"widget\" data-e-type=\"widget\" data-widget_type=\"text-editor.default\">\n\t\t\t\t<div class=\"elementor-widget-container\">\n\t\t\t\t\t\t\t\t\t<ul>\n<li>Vous souhaitez un site web d&rsquo;excellente conception, taill\u00e9 sur mesure pour vous et vos clients ?<\/li>\n<li>En termes de design et de contenu, ainsi qu&rsquo;en termes de r\u00e9f\u00e9rencement, votre site peut volontiers jouer dans la cour des grands ?<\/li>\n<li>Vous voulez un site qui r\u00e9ponde aux derni\u00e8res normes de s\u00e9curit\u00e9 ?<\/li>\n<li>Mais vous ne voulez pas payer des sommes folles, vous voulez payer un prix juste ?<\/li>\n<\/ul>\n<p>Alors vous \u00eates entre de bonnes mains. Notre strat\u00e9gie pour votre nouveau site Internet repose sur quatre piliers. <span style=\"font-style: inherit; font-weight: inherit;\">Ceux-ci comprennent le premier entretien, la conception du design, le contenu et enfin le lancement r\u00e9ussi. Chacun de ces quatre piliers permet d&rsquo;obtenir le meilleur r\u00e9sultat possible pour vous. <\/span><span style=\"font-style: inherit; font-weight: inherit;\">Au final, vous obtiendrez une solution personnalis\u00e9e pour votre site web, qui sera tr\u00e8s reconnaissable et parfaitement adapt\u00e9e \u00e0 votre groupe cible. <\/span><\/p>\n<p><span style=\"font-style: inherit; font-weight: inherit;\">Lors du premier entretien, nous nous penchons sur les souhaits que vous avez concr\u00e8tement pour la page d&rsquo;accueil dans votre structure globale, sur les normes auxquelles elle doit r\u00e9pondre et sur les clients potentiels auxquels vous souhaitez vous adresser. Car l&rsquo;essentiel est d&rsquo;avoir une base saine sur laquelle nous pouvons construire les \u00e9tapes suivantes. Sur la base de notre entretien et de l&rsquo;analyse qui en r\u00e9sulte pour votre site web, nous vous soumettons une offre qui vous convient et qui r\u00e9pond \u00e0 vos souhaits. Le calcul des prix et des adaptations correspondantes se fait de mani\u00e8re transparente et peut, le cas \u00e9ch\u00e9ant, \u00eatre effectu\u00e9 rapidement et facilement en cas de souhaits de modification. <\/span><\/p>\n<p><span style=\"font-style: inherit; font-weight: inherit;\">Gr\u00e2ce \u00e0 notre exp\u00e9rience en tant que concepteurs de sites web et sp\u00e9cialistes du r\u00e9f\u00e9rencement, nous avons d\u00e9velopp\u00e9 diff\u00e9rents mod\u00e8les de base pour la cr\u00e9ation de sites, qui peuvent \u00e9galement \u00eatre personnalis\u00e9s. De cette mani\u00e8re, nous vous garantissons une r\u00e9alisation rapide et efficace de votre site web. N\u00e9anmoins, le look de votre site correspond \u00e0 une v\u00e9ritable pi\u00e8ce unique et en aucun cas \u00e0 un mod\u00e8le standard. Avant m\u00eame la signature du contrat, nous discutons avec vous de toutes les donn\u00e9es cl\u00e9s et des d\u00e9lais n\u00e9cessaires. Ainsi, vous ne devez pas attendre les textes et vous pouvez planifier le lancement du site web de mani\u00e8re ferme et contraignante.<\/span><\/p>\n\t\t\t\t\t\t\t\t<\/div>\n\t\t\t\t<\/div>\n\t\t\t\t<div class=\"elementor-element elementor-element-3455601 elementor-widget elementor-widget-heading\" data-id=\"3455601\" data-element_type=\"widget\" data-e-type=\"widget\" data-widget_type=\"heading.default\">\n\t\t\t\t<div class=\"elementor-widget-container\">\n\t\t\t\t\t<h2 class=\"elementor-heading-title elementor-size-xl\">Votre succ\u00e8s est notre objectif<\/h2>\t\t\t\t<\/div>\n\t\t\t\t<\/div>\n\t\t\t\t<div class=\"elementor-element elementor-element-a50e673 elementor-widget elementor-widget-text-editor\" data-id=\"a50e673\" data-element_type=\"widget\" data-e-type=\"widget\" data-widget_type=\"text-editor.default\">\n\t\t\t\t<div class=\"elementor-widget-container\">\n\t\t\t\t\t\t\t\t\t<p>En r\u00e8gle g\u00e9n\u00e9rale, nous vous envoyons la premi\u00e8re \u00e9bauche du design de votre page d&rsquo;accueil en l&rsquo;espace de quelques jours. Nous vous les transmettons volontiers sous forme num\u00e9ris\u00e9e, afin que vous puissiez en v\u00e9rifier l&rsquo;effet sur tous les terminaux, tels que les \u00e9crans d&rsquo;ordinateur, les smartphones et les tablettes. \u00c0 ce stade, vous pouvez \u00e9galement tester les outils interactifs tels que les \u00ab\u00a0boutons d&rsquo;appel \u00e0 l&rsquo;action\u00a0\u00bb sur vos terminaux. De cette mani\u00e8re, nous pouvons d\u00e9velopper la meilleure solution pour vous sur la base de votre feed-back et l&rsquo;adapter \u00e0 nouveau si n\u00e9cessaire.<\/p>\n\t\t\t\t\t\t\t\t<\/div>\n\t\t\t\t<\/div>\n\t\t\t\t<div class=\"elementor-element elementor-element-40b28ef elementor-widget elementor-widget-heading\" data-id=\"40b28ef\" data-element_type=\"widget\" data-e-type=\"widget\" data-widget_type=\"heading.default\">\n\t\t\t\t<div class=\"elementor-widget-container\">\n\t\t\t\t\t<h3 class=\"elementor-heading-title elementor-size-xl\">Pages juridiques pertinentes<\/h3>\t\t\t\t<\/div>\n\t\t\t\t<\/div>\n\t\t\t\t<div class=\"elementor-element elementor-element-8bd171b elementor-widget elementor-widget-text-editor\" data-id=\"8bd171b\" data-element_type=\"widget\" data-e-type=\"widget\" data-widget_type=\"text-editor.default\">\n\t\t\t\t<div class=\"elementor-widget-container\">\n\t\t\t\t\t\t\t\t\t<p><span style=\"font-style: inherit; font-weight: inherit;\">Pour obtenir un site web professionnel, il faut tenir compte de nombreuses astuces et de petits d\u00e9tails que nous gardons bien entendu \u00e0 l&rsquo;esprit et que nous r\u00e9alisons sur demande. Il s&rsquo;agit par exemple d&rsquo;adapter les mentions l\u00e9gales sous une forme juridiquement correcte et, selon le type de contenu, de directives relatives \u00e0 la protection des donn\u00e9es. Les pages d&rsquo;information g\u00e9n\u00e9rale peuvent \u00e9galement constituer une option importante. Outre les mentions l\u00e9gales, il s&rsquo;agit par exemple des conditions g\u00e9n\u00e9rales de vente, des FAQ ou des pages relatives au RGPD. Il s&rsquo;agit de contenus tels qu&rsquo;une d\u00e9claration g\u00e9n\u00e9rale de protection des donn\u00e9es, des indications sur les cookies et une banni\u00e8re de cookies correspondante ainsi que des informations sur les droits des personnes concern\u00e9es.<\/span><\/p>\n\t\t\t\t\t\t\t\t<\/div>\n\t\t\t\t<\/div>\n\t\t\t\t<div class=\"elementor-element elementor-element-f0d0808 elementor-widget elementor-widget-heading\" data-id=\"f0d0808\" data-element_type=\"widget\" data-e-type=\"widget\" data-widget_type=\"heading.default\">\n\t\t\t\t<div class=\"elementor-widget-container\">\n\t\t\t\t\t<h3 class=\"elementor-heading-title elementor-size-xl\">M\u00e9dias sociaux, services externes et h\u00e9bergement<\/h3>\t\t\t\t<\/div>\n\t\t\t\t<\/div>\n\t\t\t\t<div class=\"elementor-element elementor-element-4ea8df6 elementor-widget elementor-widget-text-editor\" data-id=\"4ea8df6\" data-element_type=\"widget\" data-e-type=\"widget\" data-widget_type=\"text-editor.default\">\n\t\t\t\t<div class=\"elementor-widget-container\">\n\t\t\t\t\t\t\t\t\t<p><span style=\"font-style: inherit; font-weight: inherit;\">Selon vos besoins, nous int\u00e9grons \u00e9galement des services externes, comme Google Maps ou d&rsquo;autres liens vers des pages de services pour vos clients potentiels. L&rsquo;int\u00e9gration de canaux de m\u00e9dias sociaux ou la cr\u00e9ation d&rsquo;une newsletter peuvent \u00e9galement vous int\u00e9resser. Faites-nous simplement part de vos id\u00e9es et de vos souhaits &#8211; les possibilit\u00e9s de r\u00e9alisation sont dans tous les cas tr\u00e8s larges et vous profitez de notre expertise dans ce domaine. <\/span><\/p>\n<p>Nous nous occupons bien entendu d\u00e8s le d\u00e9but de l&rsquo;h\u00e9bergement professionnel de votre site, y compris toutes les \u00e9tapes qui y sont li\u00e9es, comme par exemple la recherche et l&rsquo;enregistrement d&rsquo;un nom de domaine appropri\u00e9 et la cr\u00e9ation d&rsquo;adresses e-mail pour le site, si vous le souhaitez. Le cryptage SSL, c&rsquo;est-\u00e0-dire une connexion s\u00e9curis\u00e9e entre le visiteur du site et le serveur web, joue \u00e9galement un r\u00f4le et nous le prenons tr\u00e8s au s\u00e9rieux. L&rsquo;espace disque n\u00e9cessaire est disponible en permanence et facilement sur le serveur web afin que les outils de votre site fonctionnent sans probl\u00e8me, m\u00eame lorsque le nombre de visiteurs est tr\u00e8s \u00e9lev\u00e9.<\/p>\n<p>Nous prenons le temps n\u00e9cessaire pour discuter du contenu avec vous. En effet, un avantage individuel et incomparable pour vos clients se base toujours sur un contenu de la plus haute qualit\u00e9 possible. L&rsquo;optimisation OnSite et OnPage en termes de r\u00e9f\u00e9rencement nous tient autant \u00e0 c\u0153ur que la signature visuelle individuelle de votre site, car ce n&rsquo;est qu&rsquo;en les combinant que vous attirerez le trafic souhait\u00e9 sur votre site.<\/p>\n\t\t\t\t\t\t\t\t<\/div>\n\t\t\t\t<\/div>\n\t\t\t\t<div class=\"elementor-element elementor-element-bce09c5 elementor-widget elementor-widget-heading\" data-id=\"bce09c5\" data-element_type=\"widget\" data-e-type=\"widget\" data-widget_type=\"heading.default\">\n\t\t\t\t<div class=\"elementor-widget-container\">\n\t\t\t\t\t<h3 class=\"elementor-heading-title elementor-size-xl\">Le SEO, pilier de votre site<\/h3>\t\t\t\t<\/div>\n\t\t\t\t<\/div>\n\t\t\t\t<div class=\"elementor-element elementor-element-858438f elementor-widget elementor-widget-text-editor\" data-id=\"858438f\" data-element_type=\"widget\" data-e-type=\"widget\" data-widget_type=\"text-editor.default\">\n\t\t\t\t<div class=\"elementor-widget-container\">\n\t\t\t\t\t\t\t\t\t<p style=\"font-size: 16px; font-style: normal; font-weight: 400;\">Nos sp\u00e9cialistes connaissent parfaitement tous les outils de r\u00e9f\u00e9rencement et vous conseilleront en cons\u00e9quence lors de l&rsquo;entretien. Apr\u00e8s la mise au point et l&rsquo;int\u00e9gration du contenu, il nous faut environ deux \u00e0 trois semaines pour concevoir l&rsquo;ensemble du site et nous pouvons y apporter des modifications \u00e0 tout moment si nous le souhaitons. <\/p>\n<p style=\"font-size: 16px; font-style: normal; font-weight: 400;\">Le contenu des diff\u00e9rentes pages web est soit fourni par vos soins, soit nous vous faisons parvenir une offre pour la r\u00e9daction des textes et la r\u00e9daction des images lors du calcul pr\u00e9alable du prix. L&rsquo;int\u00e9gration de vid\u00e9os peut \u00e9galement \u00eatre un sujet important. Nos sp\u00e9cialistes du contenu bas\u00e9 sur le r\u00e9f\u00e9rencement sont tous des r\u00e9dacteurs exp\u00e9riment\u00e9s. <\/p>\n<p style=\"font-size: 16px; font-style: normal; font-weight: 400;\">En plus de l&rsquo;int\u00e9gration des mots-cl\u00e9s principaux et secondaires, du placement des mots-cl\u00e9s et de diverses autres techniques d&rsquo;optimisation du r\u00e9f\u00e9rencement, nous nous occupons \u00e9galement des visuels ad\u00e9quats s&rsquo;ils n&rsquo;existent pas encore. <span style=\"font-style: inherit; font-weight: inherit;\">Ensuite, les strat\u00e9gies de r\u00e9f\u00e9rencement n\u00e9cessaires pour le contenu sp\u00e9cifique sont adapt\u00e9es en cons\u00e9quence. Une m\u00e9ta-description pour le Google Snippet est \u00e9galement un point important dans le cadre des textes pour le contenu de votre page. La m\u00e9ta-description, munie des bons mots-cl\u00e9s, agit en effet comme un aimant et attire les clients de mani\u00e8re cibl\u00e9e sur votre site web. Nous sommes l\u00e0 pour vous aider \u00e0 r\u00e9gler des d\u00e9tails comme ceux-l\u00e0, mais aussi \u00e0 avoir une vue d&rsquo;ensemble. <\/span><\/p>\n\t\t\t\t\t\t\t\t<\/div>\n\t\t\t\t<\/div>\n\t\t\t\t<div class=\"elementor-element elementor-element-3a8d39f elementor-widget elementor-widget-heading\" data-id=\"3a8d39f\" data-element_type=\"widget\" data-e-type=\"widget\" data-widget_type=\"heading.default\">\n\t\t\t\t<div class=\"elementor-widget-container\">\n\t\t\t\t\t<h4 class=\"elementor-heading-title elementor-size-xl\">Paquet complet pour votre site Internet<\/h4>\t\t\t\t<\/div>\n\t\t\t\t<\/div>\n\t\t\t\t<div class=\"elementor-element elementor-element-33adfec elementor-widget elementor-widget-text-editor\" data-id=\"33adfec\" data-element_type=\"widget\" data-e-type=\"widget\" data-widget_type=\"text-editor.default\">\n\t\t\t\t<div class=\"elementor-widget-container\">\n\t\t\t\t\t\t\t\t\t<p style=\"font-size: 16px; font-style: normal; font-weight: 400;\"><span style=\"font-style: inherit; font-weight: inherit;\">Une fois que toutes les pages ont \u00e9t\u00e9 cr\u00e9\u00e9es et que le contenu et les \u00e9l\u00e9ments interactifs ont \u00e9t\u00e9 int\u00e9gr\u00e9s, nous lan\u00e7ons votre site. Gr\u00e2ce \u00e0 notre h\u00e9bergement interne et \u00e0 la gestion des domaines, nous prenons en charge toutes les t\u00e2ches li\u00e9es au site pour que vous puissiez continuer \u00e0 vous consacrer \u00e0 votre activit\u00e9 principale en toute s\u00e9r\u00e9nit\u00e9. Il n&rsquo;est donc pas n\u00e9cessaire que vous vous occupiez du site. Si vous avez d\u00e9j\u00e0 une page, ce n&rsquo;est pas un probl\u00e8me. Afin qu&rsquo;il n&rsquo;y ait pas de r\u00e9gression dans le classement SEO, nous redirigeons les pages Internet concern\u00e9es vers le nouveau site.<\/span><\/p>\n<p style=\"font-size: 16px; font-style: normal; font-weight: 400;\">C&rsquo;est vous qui d\u00e9cidez de vos id\u00e9es et de vos objectifs en mati\u00e8re de contenu pour votre page d&rsquo;accueil, en tenant compte de votre secteur et de votre client\u00e8le cible. Nous vous soutenons par nos conseils et nos actions, du premier entretien de prise de contact jusqu&rsquo;au lancement final, nous mettons en \u0153uvre vos id\u00e9es et les compl\u00e9tons, le cas \u00e9ch\u00e9ant, par le savoir-faire appropri\u00e9. Et si, au fil du temps, vous souhaitez apporter des modifications, pas de probl\u00e8me, nous sommes l\u00e0 aussi pour vous aider. Votre succ\u00e8s et votre satisfaction sont nos objectifs.<\/p>\n\t\t\t\t\t\t\t\t<\/div>\n\t\t\t\t<\/div>\n\t\t\t\t<div class=\"elementor-element elementor-element-c84a765 elementor-widget elementor-widget-button\" data-id=\"c84a765\" data-element_type=\"widget\" data-e-type=\"widget\" data-settings=\"{&quot;_animation&quot;:&quot;none&quot;}\" data-widget_type=\"button.default\">\n\t\t\t\t<div class=\"elementor-widget-container\">\n\t\t\t\t\t\t\t\t\t<div class=\"elementor-button-wrapper\">\n\t\t\t\t\t<a class=\"elementor-button elementor-button-link elementor-size-sm\" href=\"https:\/\/sinnup.com\/fr\/prix-web\/\">\n\t\t\t\t\t\t<span class=\"elementor-button-content-wrapper\">\n\t\t\t\t\t\t\t\t\t<span class=\"elementor-button-text\">Prix WEB<\/span>\n\t\t\t\t\t<\/span>\n\t\t\t\t\t<\/a>\n\t\t\t\t<\/div>\n\t\t\t\t\t\t\t\t<\/div>\n\t\t\t\t<\/div>\n\t\t\t\t\t<\/div>\n\t\t<\/div>\n\t\t\t\t\t<\/div>\n\t\t<\/section>\n\t\t\t\t<\/div>\n\t\t","protected":false},"excerpt":{"rendered":"<p>Un design web visuel, fonctionnel et structur\u00e9. Un design web visuel, fonctionnel et structur\u00e9. Un site web professionnel pour votre succ\u00e8s sur le web. Vous souhaitez un site web d&rsquo;excellente conception, taill\u00e9 sur mesure pour [&hellip;]<\/p>\n","protected":false},"author":2,"featured_media":19583,"parent":0,"menu_order":0,"comment_status":"closed","ping_status":"closed","template":"","meta":{"site-sidebar-layout":"no-sidebar","site-content-layout":"page-builder","ast-site-content-layout":"default","site-content-style":"default","site-sidebar-style":"default","ast-global-header-display":"","ast-banner-title-visibility":"","ast-main-header-display":"","ast-hfb-above-header-display":"","ast-hfb-below-header-display":"","ast-hfb-mobile-header-display":"","site-post-title":"disabled","ast-breadcrumbs-content":"","ast-featured-img":"disabled","footer-sml-layout":"","ast-disable-related-posts":"","theme-transparent-header-meta":"enabled","adv-header-id-meta":"","stick-header-meta":"default","header-above-stick-meta":"","header-main-stick-meta":"","header-below-stick-meta":"","astra-migrate-meta-layouts":"default","ast-page-background-enabled":"default","ast-page-background-meta":{"desktop":{"background-color":"","background-image":"","background-repeat":"repeat","background-position":"center center","background-size":"auto","background-attachment":"scroll","background-type":"","background-media":"","overlay-type":"","overlay-color":"","overlay-opacity":"","overlay-gradient":""},"tablet":{"background-color":"","background-image":"","background-repeat":"repeat","background-position":"center center","background-size":"auto","background-attachment":"scroll","background-type":"","background-media":"","overlay-type":"","overlay-color":"","overlay-opacity":"","overlay-gradient":""},"mobile":{"background-color":"","background-image":"","background-repeat":"repeat","background-position":"center center","background-size":"auto","background-attachment":"scroll","background-type":"","background-media":"","overlay-type":"","overlay-color":"","overlay-opacity":"","overlay-gradient":""}},"ast-content-background-meta":{"desktop":{"background-color":"var(--ast-global-color-5)","background-image":"","background-repeat":"repeat","background-position":"center center","background-size":"auto","background-attachment":"scroll","background-type":"","background-media":"","overlay-type":"","overlay-color":"","overlay-opacity":"","overlay-gradient":""},"tablet":{"background-color":"var(--ast-global-color-5)","background-image":"","background-repeat":"repeat","background-position":"center center","background-size":"auto","background-attachment":"scroll","background-type":"","background-media":"","overlay-type":"","overlay-color":"","overlay-opacity":"","overlay-gradient":""},"mobile":{"background-color":"var(--ast-global-color-5)","background-image":"","background-repeat":"repeat","background-position":"center center","background-size":"auto","background-attachment":"scroll","background-type":"","background-media":"","overlay-type":"","overlay-color":"","overlay-opacity":"","overlay-gradient":""}},"footnotes":""},"class_list":["post-13824","page","type-page","status-publish","has-post-thumbnail","hentry"],"_links":{"self":[{"href":"https:\/\/sinnup.com\/fr\/wp-json\/wp\/v2\/pages\/13824","targetHints":{"allow":["GET"]}}],"collection":[{"href":"https:\/\/sinnup.com\/fr\/wp-json\/wp\/v2\/pages"}],"about":[{"href":"https:\/\/sinnup.com\/fr\/wp-json\/wp\/v2\/types\/page"}],"author":[{"embeddable":true,"href":"https:\/\/sinnup.com\/fr\/wp-json\/wp\/v2\/users\/2"}],"replies":[{"embeddable":true,"href":"https:\/\/sinnup.com\/fr\/wp-json\/wp\/v2\/comments?post=13824"}],"version-history":[{"count":2,"href":"https:\/\/sinnup.com\/fr\/wp-json\/wp\/v2\/pages\/13824\/revisions"}],"predecessor-version":[{"id":31489,"href":"https:\/\/sinnup.com\/fr\/wp-json\/wp\/v2\/pages\/13824\/revisions\/31489"}],"wp:featuredmedia":[{"embeddable":true,"href":"https:\/\/sinnup.com\/fr\/wp-json\/wp\/v2\/media\/19583"}],"wp:attachment":[{"href":"https:\/\/sinnup.com\/fr\/wp-json\/wp\/v2\/media?parent=13824"}],"curies":[{"name":"wp","href":"https:\/\/api.w.org\/{rel}","templated":true}]}}