{"id":29077,"date":"2023-04-11T19:49:52","date_gmt":"2023-04-11T17:49:52","guid":{"rendered":"https:\/\/sinnup.com\/accord-de-licence-dapplication\/"},"modified":"2025-03-19T09:27:00","modified_gmt":"2025-03-19T08:27:00","slug":"accord-de-licence-dapplication","status":"publish","type":"page","link":"https:\/\/sinnup.com\/fr\/accord-de-licence-dapplication\/","title":{"rendered":"accord de licence d&rsquo;application"},"content":{"rendered":"\t\t<div data-elementor-type=\"wp-page\" data-elementor-id=\"29077\" class=\"elementor elementor-29077 elementor-28852\" data-elementor-post-type=\"page\">\n\t\t\t\t\t\t<section class=\"elementor-section elementor-top-section elementor-element elementor-element-2d11ca5f elementor-section-height-min-height elementor-hidden-desktop elementor-hidden-tablet elementor-section-boxed elementor-section-height-default elementor-section-items-middle\" data-id=\"2d11ca5f\" data-element_type=\"section\" data-e-type=\"section\" data-settings=\"{&quot;background_background&quot;:&quot;gradient&quot;}\">\n\t\t\t\t\t\t<div class=\"elementor-container elementor-column-gap-default\">\n\t\t\t\t\t<div class=\"elementor-column elementor-col-100 elementor-top-column elementor-element elementor-element-56964695\" data-id=\"56964695\" data-element_type=\"column\" data-e-type=\"column\">\n\t\t\t<div class=\"elementor-widget-wrap\">\n\t\t\t\t\t\t\t<\/div>\n\t\t<\/div>\n\t\t\t\t\t<\/div>\n\t\t<\/section>\n\t\t\t\t<section class=\"elementor-section elementor-top-section elementor-element elementor-element-f0678a0 elementor-section-height-min-height elementor-section-boxed elementor-section-height-default elementor-section-items-middle\" data-id=\"f0678a0\" data-element_type=\"section\" data-e-type=\"section\" data-settings=\"{&quot;background_background&quot;:&quot;gradient&quot;}\">\n\t\t\t\t\t\t<div class=\"elementor-container elementor-column-gap-default\">\n\t\t\t\t\t<div class=\"elementor-column elementor-col-100 elementor-top-column elementor-element elementor-element-29d744c\" data-id=\"29d744c\" data-element_type=\"column\" data-e-type=\"column\">\n\t\t\t<div class=\"elementor-widget-wrap elementor-element-populated\">\n\t\t\t\t\t\t<div class=\"elementor-element elementor-element-dd39938 elementor-widget elementor-widget-heading\" data-id=\"dd39938\" data-element_type=\"widget\" data-e-type=\"widget\" data-widget_type=\"heading.default\">\n\t\t\t\t<div class=\"elementor-widget-container\">\n\t\t\t\t\t<h1 class=\"elementor-heading-title elementor-size-xxl\">Utilisateur final - Contrat de licence<\/h1>\t\t\t\t<\/div>\n\t\t\t\t<\/div>\n\t\t\t\t<div class=\"elementor-element elementor-element-d34a645 elementor-widget elementor-widget-spacer\" data-id=\"d34a645\" data-element_type=\"widget\" data-e-type=\"widget\" data-widget_type=\"spacer.default\">\n\t\t\t\t<div class=\"elementor-widget-container\">\n\t\t\t\t\t\t\t<div class=\"elementor-spacer\">\n\t\t\t<div class=\"elementor-spacer-inner\"><\/div>\n\t\t<\/div>\n\t\t\t\t\t\t<\/div>\n\t\t\t\t<\/div>\n\t\t\t\t<div class=\"elementor-element elementor-element-8fbb12d elementor-widget elementor-widget-text-editor\" data-id=\"8fbb12d\" data-element_type=\"widget\" data-e-type=\"widget\" data-widget_type=\"text-editor.default\">\n\t\t\t\t<div class=\"elementor-widget-container\">\n\t\t\t\t\t\t\t\t\t<p>IMPORTANT : Ce contrat de licence d&rsquo;utilisateur final du logiciel est un accord contraignant entre vous, l&rsquo;utilisateur final, et ebets GmbH concernant l&rsquo;utilisation du logiciel faisant partie de ce contrat, qui comprend SINNApp et la documentation qui l&rsquo;accompagne (ensemble \u00ab LOGICIEL \u00bb). En installant, en copiant ou en utilisant de toute autre mani\u00e8re le LOGICIEL, vous acceptez les conditions du pr\u00e9sent contrat de licence.<\/p>\n<p><strong>Contrat de licence pour utilisateur final<\/strong><\/p>\n<p>CE LOGICIEL EST LA PROPRI\u00c9T\u00c9 DE ebets GmbH (ci-apr\u00e8s d\u00e9nomm\u00e9e \u00ab ebets GmbH \u00bb), TOUS DROITS R\u00c9SERV\u00c9S.<\/p>\n<p>EN AUCUN CAS, CE LOGICIEL NE PEUT \u00caTRE SOUMIS \u00c0 UNE LICENCE OPEN-SOURCE DE QUELQUE NATURE QUE CE SOIT SANS AUTORISATION EXPRESSE ET \u00c9CRITE DE LA part d&rsquo;ebets GmbH.<\/p>\n<ol>\n<li>Le LOGICIEL mis \u00e0 disposition par ebets GmbH est uniquement destin\u00e9 \u00e0 votre usage personnel, non exclusif et non transmissible. Vous avez le droit de :<\/li>\n<\/ol>\n<p>&#8211; d&rsquo;installer tous les composants du LOGICIEL sur un seul appareil<\/p>\n<p>&#8211; de faire des copies de sauvegarde du LOGICIEL<\/p>\n<p>&#8211; d&rsquo;installer et d&rsquo;utiliser le LOGICIEL<\/p>\n<ol start=\"2\">\n<li>Dans le cas o\u00f9 ebets GmbH met \u00e0 disposition une mise \u00e0 jour du LOGICIEL, vous ne pouvez plus utiliser les versions pr\u00e9c\u00e9dentes du LOGICIEL apr\u00e8s un d\u00e9lai de 90 jours \u00e0 compter de la r\u00e9ception de la mise \u00e0 jour. Ceci n&rsquo;oblige cependant pas ebets GmbH \u00e0 mettre \u00e0 disposition une mise \u00e0 jour du LOGICIEL. <\/li>\n<\/ol>\n<ol start=\"3\">\n<li>En utilisant le LOGICIEL, vous acceptez que ebets GmbH n&rsquo;ait pas donn\u00e9 de garanties explicites \u00e0 votre \u00e9gard concernant le LOGICIEL et que celui-ci soit fourni \u00ab en l&rsquo;\u00e9tat \u00bb sans aucune garantie.<\/li>\n<\/ol>\n<p>ebets GmbH d\u00e9cline express\u00e9ment toute garantie, expresse ou implicite, relative au logiciel, telle que les garanties d&rsquo;ad\u00e9quation \u00e0 un usage particulier, de qualit\u00e9 de satisfaction et de non-violation des droits de tiers.<\/p>\n<p>Certains \u00c9tats\/juridictions n&rsquo;autorisent pas l&rsquo;exclusion des garanties implicites, de sorte que ces restrictions peuvent \u00eatre nulles dans votre cas.<\/p>\n<ol start=\"4\">\n<li>LIMITATION DE RESPONSABILIT\u00c9 :<\/li>\n<\/ol>\n<p>ebets GmbH n&rsquo;est PAS responsable des pertes dues \u00e0 la privation de jouissance ou des dommages directs, indirects, particuliers, accidentels ou cons\u00e9cutifs (y compris le manque \u00e0 gagner), qu&rsquo;ils r\u00e9sultent d&rsquo;un contrat, d&rsquo;un acte illicite (par ex. n\u00e9gligence), de la responsabilit\u00e9 sans faute du fait des produits, etc. m\u00eame si l&rsquo;utilisateur a \u00e9t\u00e9 inform\u00e9 de la possibilit\u00e9 de tels dommages.<\/p>\n<ol start=\"5\">\n<li>UTILISATION :<\/li>\n<\/ol>\n<p>Ce logiciel est fourni uniquement pour l&rsquo;usage des utilisateurs finaux et toute autre copie, modification, ing\u00e9nierie inverse, d\u00e9compilation, reproduction ou redistribution de tout ou partie de ce package est express\u00e9ment interdite. Une utilisation commerciale n&rsquo;est autoris\u00e9e qu&rsquo;avec un contrat de licence valable avec ebets GmbH. Nous ne garantissons pas que les fonctions contenues r\u00e9pondent \u00e0 vos exigences ou que le fonctionnement soit ininterrompu ou sans erreur. Ils ne sont pas optimis\u00e9s en termes de vitesse ou de taille. Vous assumez tous les risques li\u00e9s aux r\u00e9sultats et aux performances de l&rsquo;utilisation.<\/p>\n<ol start=\"6\">\n<li>Utilisation des cookies et du tracking<\/li>\n<\/ol>\n<p>Ce logiciel peut utiliser des cookies innovants et des technologies de suivi de pointe en fonction des fonctionnalit\u00e9s propos\u00e9es. Ce type de technologie est utile pour collecter des informations telles que le type de client et le syst\u00e8me d&rsquo;exploitation, pour suivre le nombre d&rsquo;utilisateurs qui utilisent ce logiciel et pour comprendre comment les utilisateurs interagissent avec le logiciel. Les donn\u00e9es personnelles ne sont pas collect\u00e9es par les cookies et autres types de technologies de suivi. Les informations agr\u00e9g\u00e9es relatives aux cookies et au suivi ne sont en aucun cas transmises \u00e0 des tiers.<\/p>\n\t\t\t\t\t\t\t\t<\/div>\n\t\t\t\t<\/div>\n\t\t\t\t<div class=\"elementor-element elementor-element-bc86d6e elementor-widget-divider--view-line elementor-widget elementor-widget-divider\" data-id=\"bc86d6e\" data-element_type=\"widget\" data-e-type=\"widget\" data-widget_type=\"divider.default\">\n\t\t\t\t<div class=\"elementor-widget-container\">\n\t\t\t\t\t\t\t<div class=\"elementor-divider\">\n\t\t\t<span class=\"elementor-divider-separator\">\n\t\t\t\t\t\t<\/span>\n\t\t<\/div>\n\t\t\t\t\t\t<\/div>\n\t\t\t\t<\/div>\n\t\t\t\t<div class=\"elementor-element elementor-element-4faef94 elementor-widget elementor-widget-spacer\" data-id=\"4faef94\" data-element_type=\"widget\" data-e-type=\"widget\" data-widget_type=\"spacer.default\">\n\t\t\t\t<div class=\"elementor-widget-container\">\n\t\t\t\t\t\t\t<div class=\"elementor-spacer\">\n\t\t\t<div class=\"elementor-spacer-inner\"><\/div>\n\t\t<\/div>\n\t\t\t\t\t\t<\/div>\n\t\t\t\t<\/div>\n\t\t\t\t\t<\/div>\n\t\t<\/div>\n\t\t\t\t\t<\/div>\n\t\t<\/section>\n\t\t\t\t<\/div>\n\t\t","protected":false},"excerpt":{"rendered":"<p>Utilisateur final &#8211; Contrat de licence IMPORTANT : Ce contrat de licence d&rsquo;utilisateur final du logiciel est un accord contraignant entre vous, l&rsquo;utilisateur final, et ebets GmbH concernant l&rsquo;utilisation du logiciel faisant partie de ce [&hellip;]<\/p>\n","protected":false},"author":2,"featured_media":0,"parent":0,"menu_order":0,"comment_status":"closed","ping_status":"closed","template":"","meta":{"site-sidebar-layout":"no-sidebar","site-content-layout":"page-builder","ast-site-content-layout":"default","site-content-style":"default","site-sidebar-style":"default","ast-global-header-display":"","ast-banner-title-visibility":"","ast-main-header-display":"","ast-hfb-above-header-display":"","ast-hfb-below-header-display":"","ast-hfb-mobile-header-display":"","site-post-title":"disabled","ast-breadcrumbs-content":"","ast-featured-img":"disabled","footer-sml-layout":"","ast-disable-related-posts":"","theme-transparent-header-meta":"enabled","adv-header-id-meta":"","stick-header-meta":"default","header-above-stick-meta":"","header-main-stick-meta":"","header-below-stick-meta":"","astra-migrate-meta-layouts":"default","ast-page-background-enabled":"default","ast-page-background-meta":{"desktop":{"background-color":"","background-image":"","background-repeat":"repeat","background-position":"center center","background-size":"auto","background-attachment":"scroll","background-type":"","background-media":"","overlay-type":"","overlay-color":"","overlay-opacity":"","overlay-gradient":""},"tablet":{"background-color":"","background-image":"","background-repeat":"repeat","background-position":"center center","background-size":"auto","background-attachment":"scroll","background-type":"","background-media":"","overlay-type":"","overlay-color":"","overlay-opacity":"","overlay-gradient":""},"mobile":{"background-color":"","background-image":"","background-repeat":"repeat","background-position":"center center","background-size":"auto","background-attachment":"scroll","background-type":"","background-media":"","overlay-type":"","overlay-color":"","overlay-opacity":"","overlay-gradient":""}},"ast-content-background-meta":{"desktop":{"background-color":"var(--ast-global-color-5)","background-image":"","background-repeat":"repeat","background-position":"center center","background-size":"auto","background-attachment":"scroll","background-type":"","background-media":"","overlay-type":"","overlay-color":"","overlay-opacity":"","overlay-gradient":""},"tablet":{"background-color":"var(--ast-global-color-5)","background-image":"","background-repeat":"repeat","background-position":"center center","background-size":"auto","background-attachment":"scroll","background-type":"","background-media":"","overlay-type":"","overlay-color":"","overlay-opacity":"","overlay-gradient":""},"mobile":{"background-color":"var(--ast-global-color-5)","background-image":"","background-repeat":"repeat","background-position":"center center","background-size":"auto","background-attachment":"scroll","background-type":"","background-media":"","overlay-type":"","overlay-color":"","overlay-opacity":"","overlay-gradient":""}},"footnotes":""},"class_list":["post-29077","page","type-page","status-publish","hentry"],"_links":{"self":[{"href":"https:\/\/sinnup.com\/fr\/wp-json\/wp\/v2\/pages\/29077","targetHints":{"allow":["GET"]}}],"collection":[{"href":"https:\/\/sinnup.com\/fr\/wp-json\/wp\/v2\/pages"}],"about":[{"href":"https:\/\/sinnup.com\/fr\/wp-json\/wp\/v2\/types\/page"}],"author":[{"embeddable":true,"href":"https:\/\/sinnup.com\/fr\/wp-json\/wp\/v2\/users\/2"}],"replies":[{"embeddable":true,"href":"https:\/\/sinnup.com\/fr\/wp-json\/wp\/v2\/comments?post=29077"}],"version-history":[{"count":2,"href":"https:\/\/sinnup.com\/fr\/wp-json\/wp\/v2\/pages\/29077\/revisions"}],"predecessor-version":[{"id":32010,"href":"https:\/\/sinnup.com\/fr\/wp-json\/wp\/v2\/pages\/29077\/revisions\/32010"}],"wp:attachment":[{"href":"https:\/\/sinnup.com\/fr\/wp-json\/wp\/v2\/media?parent=29077"}],"curies":[{"name":"wp","href":"https:\/\/api.w.org\/{rel}","templated":true}]}}