{"id":31825,"date":"2025-02-05T09:59:07","date_gmt":"2025-02-05T08:59:07","guid":{"rendered":"https:\/\/sinnup.com\/accessibilite\/"},"modified":"2025-02-05T11:32:07","modified_gmt":"2025-02-05T10:32:07","slug":"accessibilite","status":"publish","type":"page","link":"https:\/\/sinnup.com\/fr\/accessibilite\/","title":{"rendered":"Accessibilit\u00e9"},"content":{"rendered":"\t\t<div data-elementor-type=\"wp-page\" data-elementor-id=\"31825\" class=\"elementor elementor-31825 elementor-31814\" data-elementor-post-type=\"page\">\n\t\t\t\t\t\t<section class=\"elementor-section elementor-top-section elementor-element elementor-element-569ac551 elementor-section-height-min-height elementor-hidden-desktop elementor-hidden-tablet elementor-section-boxed elementor-section-height-default elementor-section-items-middle\" data-id=\"569ac551\" data-element_type=\"section\" data-e-type=\"section\" data-settings=\"{&quot;background_background&quot;:&quot;gradient&quot;}\">\n\t\t\t\t\t\t<div class=\"elementor-container elementor-column-gap-default\">\n\t\t\t\t\t<div class=\"elementor-column elementor-col-100 elementor-top-column elementor-element elementor-element-1e18d4cc\" data-id=\"1e18d4cc\" data-element_type=\"column\" data-e-type=\"column\">\n\t\t\t<div class=\"elementor-widget-wrap\">\n\t\t\t\t\t\t\t<\/div>\n\t\t<\/div>\n\t\t\t\t\t<\/div>\n\t\t<\/section>\n\t\t\t\t<section class=\"elementor-section elementor-top-section elementor-element elementor-element-8f6c949 elementor-section-height-min-height elementor-section-boxed elementor-section-height-default elementor-section-items-middle\" data-id=\"8f6c949\" data-element_type=\"section\" data-e-type=\"section\" data-settings=\"{&quot;background_background&quot;:&quot;gradient&quot;}\">\n\t\t\t\t\t\t<div class=\"elementor-container elementor-column-gap-default\">\n\t\t\t\t\t<div class=\"elementor-column elementor-col-100 elementor-top-column elementor-element elementor-element-37ca4ab\" data-id=\"37ca4ab\" data-element_type=\"column\" data-e-type=\"column\">\n\t\t\t<div class=\"elementor-widget-wrap elementor-element-populated\">\n\t\t\t\t\t\t<div class=\"elementor-element elementor-element-ec70421 elementor-widget elementor-widget-heading\" data-id=\"ec70421\" data-element_type=\"widget\" data-e-type=\"widget\" data-widget_type=\"heading.default\">\n\t\t\t\t<div class=\"elementor-widget-container\">\n\t\t\t\t\t<h1 class=\"elementor-heading-title elementor-size-xxl\">Accessibilit\u00e9<\/h1>\t\t\t\t<\/div>\n\t\t\t\t<\/div>\n\t\t\t\t<div class=\"elementor-element elementor-element-1f8d4dc elementor-widget elementor-widget-spacer\" data-id=\"1f8d4dc\" data-element_type=\"widget\" data-e-type=\"widget\" data-widget_type=\"spacer.default\">\n\t\t\t\t<div class=\"elementor-widget-container\">\n\t\t\t\t\t\t\t<div class=\"elementor-spacer\">\n\t\t\t<div class=\"elementor-spacer-inner\"><\/div>\n\t\t<\/div>\n\t\t\t\t\t\t<\/div>\n\t\t\t\t<\/div>\n\t\t\t\t<div class=\"elementor-element elementor-element-3914f87 elementor-widget elementor-widget-text-editor\" data-id=\"3914f87\" data-element_type=\"widget\" data-e-type=\"widget\" data-widget_type=\"text-editor.default\">\n\t\t\t\t<div class=\"elementor-widget-container\">\n\t\t\t\t\t\t\t\t\t<h1><b style=\"font-size: 16px; font-style: inherit;\"><span style=\"vertical-align: inherit;\">D\u00e9claration d&rsquo;accessibilit\u00e9 :<\/span><\/b><\/h1>\n<div id=\"content-modules-8026bd2d9bf3d57bd4d747a98c045edd\" class=\"content-modules\">\n<div id=\"module-cm_rtf_default\" class=\"module module-cm_rtf first-child last-child\">\n<div class=\"rtf\">\n<p align=\"justify\"><span style=\"vertical-align: inherit;\">ebets GmbH s&rsquo;efforce de rendre ses sites Web accessibles \u00e0 tous, conform\u00e9ment \u00e0 la loi sur l&rsquo;accessibilit\u00e9 du Web (BGBl.I n\u00b0 59\/2019).<\/span><\/p>\n<p align=\"justify\"><span style=\"vertical-align: inherit;\">Cette d\u00e9claration d&rsquo;accessibilit\u00e9 s&rsquo;applique \u00e0 tous les sites Web que nous g\u00e9rons, sauf si une d\u00e9claration diff\u00e9rente y est indiqu\u00e9e.<\/span><\/p>\n<p align=\"justify\"><span style=\"vertical-align: inherit;\"> <\/span><\/p>\n<p align=\"justify\"><b><span style=\"vertical-align: inherit;\">\u00c9tat de la compatibilit\u00e9 avec les exigences :<\/span><\/b><\/p>\n<p><span style=\"vertical-align: inherit;\">La soci\u00e9t\u00e9 ebets GmbH s&rsquo;efforce de rendre ses offres Internet aussi accessibles que possible et s&rsquo;appuie pour cela sur les directives Web Content Accessibility Guidelines 2.1 (WCAG 2.1) WAI \/ W3C.<\/span><\/p>\n<p align=\"justify\"><span style=\"vertical-align: inherit;\">Nous nous effor\u00e7ons d&rsquo;am\u00e9liorer en permanence l&rsquo;accessibilit\u00e9 des documents PDF. Les moyens actuellement disponibles ne permettent pas encore d&rsquo;assurer un acc\u00e8s sans barri\u00e8re au contenu de tous les documents PDF. N&rsquo;h\u00e9sitez pas \u00e0 nous faire part de toute difficult\u00e9 que vous pourriez rencontrer.  <\/span><\/p>\n<p align=\"justify\"><span style=\"vertical-align: inherit;\"> <\/span><\/p>\n<p align=\"justify\"><b><span style=\"vertical-align: inherit;\">R\u00e9daction de la pr\u00e9sente d\u00e9claration d&rsquo;accessibilit\u00e9 :<\/span><\/b><\/p>\n<p align=\"justify\"><span style=\"vertical-align: inherit;\">Cette d\u00e9claration a \u00e9t\u00e9 \u00e9tablie le 04 f\u00e9vrier 2025.<\/span><\/p>\n<p align=\"justify\"><span style=\"vertical-align: inherit;\"> <\/span><\/p>\n<p align=\"justify\"><b><span style=\"vertical-align: inherit;\">R\u00e9actions et coordonn\u00e9es :<\/span><\/b><\/p>\n<p align=\"justify\"><span style=\"vertical-align: inherit;\">Les offres et les services de ce site web sont constamment am\u00e9lior\u00e9s, remplac\u00e9s et d\u00e9velopp\u00e9s. Nous accordons une grande importance \u00e0 la facilit\u00e9 d&rsquo;utilisation et \u00e0 l&rsquo;accessibilit\u00e9. <\/span><\/p>\n<p align=\"justify\"><span style=\"vertical-align: inherit;\">Nous souhaitons que nos offres Web puissent \u00eatre pleinement utilis\u00e9es par tous les utilisateurs, ind\u00e9pendamment de leurs limitations ou de leurs possibilit\u00e9s techniques. Si vous souhaitez nous signaler des probl\u00e8mes d&rsquo;accessibilit\u00e9, vous pouvez le faire en nous contactant \u00e0 l&rsquo;adresse suivante   <\/span><a class=\"wga-urltype-int\" href=\"https:\/\/www.ebets.at\/kontakt\/\" target=\"_blank\" rel=\"noopener\"><span style=\"vertical-align: inherit;\">Formulaire de contact<\/span><\/a><span style=\"vertical-align: inherit;\">  de votre demande. Nous examinerons votre demande en interne et prendrons les mesures n\u00e9cessaires. <\/span><\/p>\n<p align=\"justify\"><span style=\"vertical-align: inherit;\"> <\/span><\/p>\n<p><b><span style=\"vertical-align: inherit;\">Proc\u00e9dures d&rsquo;application \/ Bureau des plaintes :<\/span><\/b><\/p>\n<p align=\"justify\"><span style=\"vertical-align: inherit;\">Si vous n&rsquo;\u00eates pas satisfait de la r\u00e9ponse donn\u00e9e par l&rsquo;un des moyens de contact mentionn\u00e9s ci-dessus, vous pouvez adresser une plainte \u00e0 la FFG (\u00d6sterreichische Forschungsf\u00f6rderungsgesellschaft mbH). La FFG accepte les plaintes par voie \u00e9lectronique via le formulaire de contact. <\/span><\/p>\n<p><a class=\"wga-urltype-exturl\" href=\"https:\/\/www.ffg.at\/form\/kontaktformular-beschwerdestelle\" target=\"_blank\" rel=\"noopener\" data-wga-urlinfo=\"exturl|https:\/\/www.ffg.at\/form\/kontaktformular-beschwerdestelle\"><span style=\"vertical-align: inherit;\">Formulaire de contact du service des r\u00e9clamations<\/span><\/a><\/p>\n<p><span style=\"vertical-align: inherit;\">Ces plaintes seront examin\u00e9es par la FFG afin de d\u00e9terminer si elles concernent des infractions aux dispositions de la loi sur l&rsquo;accessibilit\u00e9 du Web, notamment des manquements aux exigences d&rsquo;accessibilit\u00e9, commises par l&rsquo;\u00c9tat f\u00e9d\u00e9ral ou par une entit\u00e9 qui lui est attribuable.<\/span><\/p>\n<p><span style=\"vertical-align: inherit;\">Si la plainte est justifi\u00e9e, la FFG doit recommander des actions \u00e0 l&rsquo;\u00c9tat f\u00e9d\u00e9ral ou aux entit\u00e9s juridiques concern\u00e9es et proposer des mesures visant \u00e0 rem\u00e9dier aux lacunes existantes.<\/span><\/p>\n<p><a class=\"wga-urltype-exturl\" href=\"https:\/\/www.ffg.at\/barrierefreiheit\/beschwerdestelle\" target=\"_blank\" rel=\"noopener\" data-wga-urlinfo=\"exturl|https:\/\/www.ffg.at\/barrierefreiheit\/beschwerdestelle\"><span style=\"vertical-align: inherit;\">Plus d&rsquo;informations sur la proc\u00e9dure de r\u00e9clamation<\/span><\/a><\/p>\n<\/div>\n<\/div>\n<\/div>\n\t\t\t\t\t\t\t\t<\/div>\n\t\t\t\t<\/div>\n\t\t\t\t<div class=\"elementor-element elementor-element-73f7256 elementor-widget elementor-widget-spacer\" data-id=\"73f7256\" data-element_type=\"widget\" data-e-type=\"widget\" data-widget_type=\"spacer.default\">\n\t\t\t\t<div class=\"elementor-widget-container\">\n\t\t\t\t\t\t\t<div class=\"elementor-spacer\">\n\t\t\t<div class=\"elementor-spacer-inner\"><\/div>\n\t\t<\/div>\n\t\t\t\t\t\t<\/div>\n\t\t\t\t<\/div>\n\t\t\t\t\t<\/div>\n\t\t<\/div>\n\t\t\t\t\t<\/div>\n\t\t<\/section>\n\t\t\t\t<\/div>\n\t\t","protected":false},"excerpt":{"rendered":"<p>Accessibilit\u00e9 D\u00e9claration d&rsquo;accessibilit\u00e9 : ebets GmbH s&rsquo;efforce de rendre ses sites Web accessibles \u00e0 tous, conform\u00e9ment \u00e0 la loi sur l&rsquo;accessibilit\u00e9 du Web (BGBl.I n\u00b0 59\/2019). Cette d\u00e9claration d&rsquo;accessibilit\u00e9 s&rsquo;applique \u00e0 tous les sites Web [&hellip;]<\/p>\n","protected":false},"author":11,"featured_media":31846,"parent":0,"menu_order":0,"comment_status":"closed","ping_status":"closed","template":"","meta":{"site-sidebar-layout":"no-sidebar","site-content-layout":"page-builder","ast-site-content-layout":"full-width-container","site-content-style":"unboxed","site-sidebar-style":"unboxed","ast-global-header-display":"","ast-banner-title-visibility":"","ast-main-header-display":"","ast-hfb-above-header-display":"","ast-hfb-below-header-display":"","ast-hfb-mobile-header-display":"","site-post-title":"disabled","ast-breadcrumbs-content":"","ast-featured-img":"disabled","footer-sml-layout":"","ast-disable-related-posts":"","theme-transparent-header-meta":"enabled","adv-header-id-meta":"","stick-header-meta":"default","header-above-stick-meta":"","header-main-stick-meta":"","header-below-stick-meta":"","astra-migrate-meta-layouts":"set","ast-page-background-enabled":"default","ast-page-background-meta":{"desktop":{"background-color":"","background-image":"","background-repeat":"repeat","background-position":"center center","background-size":"auto","background-attachment":"scroll","background-type":"","background-media":"","overlay-type":"","overlay-color":"","overlay-opacity":"","overlay-gradient":""},"tablet":{"background-color":"","background-image":"","background-repeat":"repeat","background-position":"center center","background-size":"auto","background-attachment":"scroll","background-type":"","background-media":"","overlay-type":"","overlay-color":"","overlay-opacity":"","overlay-gradient":""},"mobile":{"background-color":"","background-image":"","background-repeat":"repeat","background-position":"center center","background-size":"auto","background-attachment":"scroll","background-type":"","background-media":"","overlay-type":"","overlay-color":"","overlay-opacity":"","overlay-gradient":""}},"ast-content-background-meta":{"desktop":{"background-color":"var(--ast-global-color-5)","background-image":"","background-repeat":"repeat","background-position":"center center","background-size":"auto","background-attachment":"scroll","background-type":"","background-media":"","overlay-type":"","overlay-color":"","overlay-opacity":"","overlay-gradient":""},"tablet":{"background-color":"var(--ast-global-color-5)","background-image":"","background-repeat":"repeat","background-position":"center center","background-size":"auto","background-attachment":"scroll","background-type":"","background-media":"","overlay-type":"","overlay-color":"","overlay-opacity":"","overlay-gradient":""},"mobile":{"background-color":"var(--ast-global-color-5)","background-image":"","background-repeat":"repeat","background-position":"center center","background-size":"auto","background-attachment":"scroll","background-type":"","background-media":"","overlay-type":"","overlay-color":"","overlay-opacity":"","overlay-gradient":""}},"footnotes":""},"class_list":["post-31825","page","type-page","status-publish","has-post-thumbnail","hentry"],"_links":{"self":[{"href":"https:\/\/sinnup.com\/fr\/wp-json\/wp\/v2\/pages\/31825","targetHints":{"allow":["GET"]}}],"collection":[{"href":"https:\/\/sinnup.com\/fr\/wp-json\/wp\/v2\/pages"}],"about":[{"href":"https:\/\/sinnup.com\/fr\/wp-json\/wp\/v2\/types\/page"}],"author":[{"embeddable":true,"href":"https:\/\/sinnup.com\/fr\/wp-json\/wp\/v2\/users\/11"}],"replies":[{"embeddable":true,"href":"https:\/\/sinnup.com\/fr\/wp-json\/wp\/v2\/comments?post=31825"}],"version-history":[{"count":2,"href":"https:\/\/sinnup.com\/fr\/wp-json\/wp\/v2\/pages\/31825\/revisions"}],"predecessor-version":[{"id":31839,"href":"https:\/\/sinnup.com\/fr\/wp-json\/wp\/v2\/pages\/31825\/revisions\/31839"}],"wp:featuredmedia":[{"embeddable":true,"href":"https:\/\/sinnup.com\/fr\/wp-json\/wp\/v2\/media\/31846"}],"wp:attachment":[{"href":"https:\/\/sinnup.com\/fr\/wp-json\/wp\/v2\/media?parent=31825"}],"curies":[{"name":"wp","href":"https:\/\/api.w.org\/{rel}","templated":true}]}}