{"id":11552,"date":"2022-11-30T19:06:10","date_gmt":"2022-11-30T18:06:10","guid":{"rendered":"http:\/\/sinnup.com\/impronta\/"},"modified":"2024-07-11T11:12:34","modified_gmt":"2024-07-11T09:12:34","slug":"impronta","status":"publish","type":"page","link":"https:\/\/sinnup.com\/it\/impronta\/","title":{"rendered":"Impronta"},"content":{"rendered":"\t\t<div data-elementor-type=\"wp-page\" data-elementor-id=\"11552\" class=\"elementor elementor-11552 elementor-10913\" data-elementor-post-type=\"page\">\n\t\t\t\t\t\t<section class=\"elementor-section elementor-top-section elementor-element elementor-element-2e409d56 elementor-section-height-min-height elementor-hidden-desktop elementor-hidden-tablet elementor-section-boxed elementor-section-height-default elementor-section-items-middle\" data-id=\"2e409d56\" data-element_type=\"section\" data-e-type=\"section\" data-settings=\"{&quot;background_background&quot;:&quot;gradient&quot;}\">\n\t\t\t\t\t\t<div class=\"elementor-container elementor-column-gap-default\">\n\t\t\t\t\t<div class=\"elementor-column elementor-col-100 elementor-top-column elementor-element elementor-element-1477b271\" data-id=\"1477b271\" data-element_type=\"column\" data-e-type=\"column\">\n\t\t\t<div class=\"elementor-widget-wrap\">\n\t\t\t\t\t\t\t<\/div>\n\t\t<\/div>\n\t\t\t\t\t<\/div>\n\t\t<\/section>\n\t\t\t\t<section class=\"elementor-section elementor-top-section elementor-element elementor-element-8f6c949 elementor-section-height-min-height elementor-section-boxed elementor-section-height-default elementor-section-items-middle\" data-id=\"8f6c949\" data-element_type=\"section\" data-e-type=\"section\" data-settings=\"{&quot;background_background&quot;:&quot;gradient&quot;}\">\n\t\t\t\t\t\t<div class=\"elementor-container elementor-column-gap-default\">\n\t\t\t\t\t<div class=\"elementor-column elementor-col-100 elementor-top-column elementor-element elementor-element-37ca4ab\" data-id=\"37ca4ab\" data-element_type=\"column\" data-e-type=\"column\">\n\t\t\t<div class=\"elementor-widget-wrap elementor-element-populated\">\n\t\t\t\t\t\t<div class=\"elementor-element elementor-element-15a3658 elementor-widget elementor-widget-spacer\" data-id=\"15a3658\" data-element_type=\"widget\" data-e-type=\"widget\" data-widget_type=\"spacer.default\">\n\t\t\t\t<div class=\"elementor-widget-container\">\n\t\t\t\t\t\t\t<div class=\"elementor-spacer\">\n\t\t\t<div class=\"elementor-spacer-inner\"><\/div>\n\t\t<\/div>\n\t\t\t\t\t\t<\/div>\n\t\t\t\t<\/div>\n\t\t\t\t<div class=\"elementor-element elementor-element-ec70421 elementor-widget elementor-widget-heading\" data-id=\"ec70421\" data-element_type=\"widget\" data-e-type=\"widget\" data-widget_type=\"heading.default\">\n\t\t\t\t<div class=\"elementor-widget-container\">\n\t\t\t\t\t<h1 class=\"elementor-heading-title elementor-size-xxl\">Impronta<\/h1>\t\t\t\t<\/div>\n\t\t\t\t<\/div>\n\t\t\t\t<div class=\"elementor-element elementor-element-1f8d4dc elementor-widget elementor-widget-spacer\" data-id=\"1f8d4dc\" data-element_type=\"widget\" data-e-type=\"widget\" data-widget_type=\"spacer.default\">\n\t\t\t\t<div class=\"elementor-widget-container\">\n\t\t\t\t\t\t\t<div class=\"elementor-spacer\">\n\t\t\t<div class=\"elementor-spacer-inner\"><\/div>\n\t\t<\/div>\n\t\t\t\t\t\t<\/div>\n\t\t\t\t<\/div>\n\t\t\t\t<div class=\"elementor-element elementor-element-d817574 elementor-widget elementor-widget-text-editor\" data-id=\"d817574\" data-element_type=\"widget\" data-e-type=\"widget\" data-widget_type=\"text-editor.default\">\n\t\t\t\t<div class=\"elementor-widget-container\">\n\t\t\t\t\t\t\t\t\t<p>Ai sensi del \u00a7 5 para. 1 della legge austriaca sul commercio elettronico (ECG), il gestore di questo sito web \u00e8 annunciato:<\/p>\n<h2><span style=\"font-size: 24pt;\">Indirizzo dell&#8217;azienda<\/span><\/h2>\n<p><strong>ebets GmbH<br \/><\/strong><\/p>\n<p>Schildorf 16<br \/>A &#8211; 4720 Kallham<\/p>\n<p>Tel.: +43 7733 21600<br \/>Email: <a href=\"mailto:office@sinnup.com\">office@sinnup.com<\/a><\/p>\n<p><em>Gestione: <\/em>J\u00fcrgen Krausgruber, MA, MSc<\/p>\n<p>E-mail: <a href=\"mailto:j.krausgruber@sinnup.com\">j.krausgruber@sinnup.com<\/a><\/p>\n\t\t\t\t\t\t\t\t<\/div>\n\t\t\t\t<\/div>\n\t\t\t\t<div class=\"elementor-element elementor-element-c3dad11 elementor-widget elementor-widget-text-editor\" data-id=\"c3dad11\" data-element_type=\"widget\" data-e-type=\"widget\" data-widget_type=\"text-editor.default\">\n\t\t\t\t<div class=\"elementor-widget-container\">\n\t\t\t\t\t\t\t\t\t<p><span style=\"font-style: inherit; font-weight: inherit; background-color: transparent; color: var(--ast-global-color-4); font-family: Heebo, sans-serif; font-size: 24pt;\">Orari<\/span> <span style=\"font-style: inherit; font-weight: inherit; background-color: transparent; color: var(--ast-global-color-4); font-family: Heebo, sans-serif; font-size: 24pt;\">di apertura<\/span><\/p>\n<p>Luned\u00ec &#8211; Gioved\u00ec: 08:00 &#8211; 17:00<br \/>Venerd\u00ec: 08:00 &#8211; 12:00<\/p>\n<h3><span style=\"font-size: 24pt;\">Coordinate bancarie<\/span><\/h3>\n<p><a href=\"https:\/\/www.raiffeisen.at\/ooe\/region-grieskirchen\/de\/firmenkunden.html\" target=\"_blank\" rel=\"noopener\"><a href=\"https:\/\/www.raiffeisen.at\/ooe\/region-grieskirchen\/de\/firmenkunden.html\" target=\"_blank\" rel=\"noopener\">Raiffeisenbank Regione Grieskirchen<\/a><\/a><\/p>\n<p><strong>SWIFT\/BIC: RZOOAT2L736<\/strong><br \/>IBAN: <strong>AT18 3473 6000 0104 6192<\/strong><\/p>\n<p><span style=\"font-size: 24pt; color: var(--ast-global-color-4); font-family: Heebo, sans-serif; font-style: inherit; background-color: transparent;\">Dati generali dell&#8217;azienda<\/span><\/p>\n<p><a href=\"\/agbs\/\">Termini<\/a> <a href=\"\/agbs\/\">e condizioni generali (GTC)<\/a><\/p>\n<p>Numero di registro della societ\u00e0: FN 434692d<\/p>\n<p>Luogo di giurisdizione: <a href=\"http:\/\/www.justiz.gv.at\/web2013\/html\/default\/2c9484853f386e94013f57e79b58156a.de.html\" target=\"_blank\" rel=\"noopener\">Landesgericht Wels<\/a><\/p>\n<p>Autorit\u00e0 secondo ECG: <a href=\"http:\/\/www.land-oberoesterreich.gv.at\/cps\/rde\/xchg\/ooe\/hs.xsl\/bh_grieskirchen_DEU_HTML.htm\" target=\"_blank\" rel=\"noopener\">Societ\u00e0 di gestione dei beni culturali Grieskirchen<\/a><\/p>\n<p>Imposta n. 54-225\/1640 (<a href=\"https:\/\/service.bmf.gv.at\/service\/anwend\/behoerden\/\" target=\"_blank\" rel=\"noopener\">Ufficio delle imposte Grieskirchen Wels<\/a>)<\/p>\n<p>UID-Nr.: ATU 70329218<\/p>\n<p>Commercio generale, servizi di elaborazione automatica dei dati e tecnologia dell&#8217;informazione<\/p>\n<p>Con la presente prendiamo espressamente le distanze da tutti i contenuti di tutte le pagine collegate del nostro sito web. Se abbiamo inavvertitamente violato un diritto d&#8217;autore o di propriet\u00e0 intellettuale, vi preghiamo di comunicarcelo il prima possibile in modo che i link, i testi o le immagini in questione possano essere rimossi.<\/p>\n<h4><span style=\"font-size: 24pt;\">Reti sociali<\/span><\/h4>\n<p>Sulle nostre pagine troverete anche un plug-in che stabilisce una connessione diretta ai server dei social network. In questo modo \u00e8 possibile trasmettere a questi social network l&#8217;informazione che l&#8217;utente ha visitato le nostre pagine.<\/p>\n<h4><span style=\"font-size: 24pt;\">Diritto d&#8217;autore e dei marchi<\/span><\/h4>\n<p>ebets GmbH si impegna a rispettare i diritti d&#8217;autore dei grafici, dei documenti sonori, delle sequenze video e dei testi utilizzati in tutte le pubblicazioni, a utilizzare grafici, documenti sonori, sequenze video e testi da essa stessa creati o a utilizzare grafici, documenti sonori, sequenze video e testi privi di licenza. Tutti i nomi e i marchi di fabbrica citati sul sito web ed eventualmente protetti da terzi sono soggetti senza limitazioni alle disposizioni della legge sui marchi di fabbrica applicabile e ai diritti di propriet\u00e0 dei rispettivi proprietari registrati. La semplice menzione di un marchio non significa che non sia protetto da diritti di terzi! Il copyright degli oggetti pubblicati creati da ebets GmbH rimane esclusivamente del proprietario delle pagine. La riproduzione o l&#8217;utilizzo di tali grafici, documenti sonori, sequenze video e testi in altre pubblicazioni elettroniche o stampate non \u00e8 consentita senza il consenso esplicito di ebets GmbH.<\/p>\n<h4><span style=\"font-size: 24pt;\">Contenuto dell&#8217;offerta online<\/span><\/h4>\n<p>ebets GmbH non si assume alcuna responsabilit\u00e0 per l&#8217;attualit\u00e0, la correttezza, la completezza o la qualit\u00e0 delle informazioni fornite. Le richieste di responsabilit\u00e0 nei confronti di ebets GmbH relative a danni materiali o immateriali causati dall&#8217;uso o dal mancato uso delle informazioni fornite o dall&#8217;uso di informazioni errate o incomplete sono fondamentalmente escluse, a meno che non vi siano prove di dolo o grave negligenza da parte di ebets GmbH. Tutte le offerte sono soggette a modifiche e non sono vincolanti. ebets GmbH si riserva espressamente il diritto di modificare, integrare o cancellare parti delle pagine o l&#8217;intera offerta senza preavviso o di interrompere temporaneamente o definitivamente la pubblicazione.<\/p>\n<h4><span style=\"font-size: 24pt;\">Riferimenti e link<\/span><\/h4>\n<p>Nel caso di riferimenti diretti o indiretti a pagine Internet esterne, i cosiddetti &#8220;link&#8221;, che esulano dall&#8217;area di responsabilit\u00e0 di ebets GmbH, l&#8217;obbligo di responsabilit\u00e0 entrer\u00e0 in vigore solo nel caso in cui ebets GmbH sia a conoscenza dei contenuti e sia tecnicamente possibile e ragionevole per ebets GmbH impedirne l&#8217;utilizzo in caso di contenuti illegali. ebets GmbH dichiara espressamente che le pagine collegate sono prive di contenuti illegali al momento della creazione dei link. ebets GmbH non ha alcuna influenza sul design attuale e futuro, sul contenuto o sulla paternit\u00e0 delle pagine collegate. Pertanto, ebets GmbH prende espressamente le distanze da tutti i contenuti delle pagine collegate che sono stati modificati dopo la creazione del link. La presente dichiarazione si applica a tutti i link e i riferimenti presenti sul sito web dell&#8217;azienda, nonch\u00e9 alle voci di terzi presenti nei servizi creati dall&#8217;azienda, come libri degli ospiti, forum di discussione, mailing list e simili. Per i contenuti illegali, errati o incompleti e, in particolare, per i danni derivanti dall&#8217;uso o dal mancato uso di tali informazioni, \u00e8 responsabile esclusivamente il fornitore della pagina a cui si fa riferimento e non chi si limita a rimandare alla rispettiva pubblicazione tramite link.<\/p>\n<h4><span style=\"font-size: 24pt;\">Copyright\/La responsabilit\u00e0<\/span><\/h4>\n<p>Per quanto riguarda le caratteristiche tecniche di Internet, non \u00e8 possibile garantire l&#8217;autenticit\u00e0, la correttezza e la completezza delle informazioni fornite su Internet. Non si garantisce la disponibilit\u00e0 o il funzionamento della pagina web in questione e dei suoi contenuti. Qualsiasi responsabilit\u00e0 per danni diretti, indiretti o di altro tipo, indipendentemente dalle cause, derivanti dall&#8217;uso o dalla mancata disponibilit\u00e0 dei dati e delle informazioni presenti su questa homepage \u00e8 esclusa nella misura consentita dalla legge. Il contenuto di questa homepage \u00e8 protetto da copyright. Le informazioni sono solo per uso personale. \u00c8 vietato qualsiasi ulteriore utilizzo, in particolare l&#8217;archiviazione in banche dati, la duplicazione e qualsiasi forma di uso commerciale, nonch\u00e9 la divulgazione a terzi, anche in parte o in forma modificata, senza il consenso della rispettiva organizzazione. \u00c8 vietato integrare singole pagine della nostra offerta in frame esterni.<\/p>\n<h4><span style=\"font-size: 24pt;\">Altro<\/span><\/h4>\n<p>Se sezioni o singoli termini di questa dichiarazione non sono legali o corretti, il contenuto o la validit\u00e0 delle altre parti non sono influenzati da questo fatto.<\/p>\n\t\t\t\t\t\t\t\t<\/div>\n\t\t\t\t<\/div>\n\t\t\t\t<div class=\"elementor-element elementor-element-73f7256 elementor-widget elementor-widget-spacer\" data-id=\"73f7256\" data-element_type=\"widget\" data-e-type=\"widget\" data-widget_type=\"spacer.default\">\n\t\t\t\t<div class=\"elementor-widget-container\">\n\t\t\t\t\t\t\t<div class=\"elementor-spacer\">\n\t\t\t<div class=\"elementor-spacer-inner\"><\/div>\n\t\t<\/div>\n\t\t\t\t\t\t<\/div>\n\t\t\t\t<\/div>\n\t\t\t\t\t<\/div>\n\t\t<\/div>\n\t\t\t\t\t<\/div>\n\t\t<\/section>\n\t\t\t\t<\/div>\n\t\t","protected":false},"excerpt":{"rendered":"<p>Impronta Ai sensi del \u00a7 5 para. 1 della legge austriaca sul commercio elettronico (ECG), il gestore di questo sito web \u00e8 annunciato: Indirizzo dell&#8217;azienda ebets GmbH Schildorf 16A &#8211; 4720 Kallham Tel.: +43 7733 [&hellip;]<\/p>\n","protected":false},"author":2,"featured_media":0,"parent":0,"menu_order":0,"comment_status":"closed","ping_status":"closed","template":"","meta":{"site-sidebar-layout":"no-sidebar","site-content-layout":"page-builder","ast-site-content-layout":"default","site-content-style":"default","site-sidebar-style":"default","ast-global-header-display":"","ast-banner-title-visibility":"","ast-main-header-display":"","ast-hfb-above-header-display":"","ast-hfb-below-header-display":"","ast-hfb-mobile-header-display":"","site-post-title":"disabled","ast-breadcrumbs-content":"","ast-featured-img":"disabled","footer-sml-layout":"","ast-disable-related-posts":"","theme-transparent-header-meta":"enabled","adv-header-id-meta":"","stick-header-meta":"default","header-above-stick-meta":"","header-main-stick-meta":"","header-below-stick-meta":"","astra-migrate-meta-layouts":"default","ast-page-background-enabled":"default","ast-page-background-meta":{"desktop":{"background-color":"","background-image":"","background-repeat":"repeat","background-position":"center center","background-size":"auto","background-attachment":"scroll","background-type":"","background-media":"","overlay-type":"","overlay-color":"","overlay-opacity":"","overlay-gradient":""},"tablet":{"background-color":"","background-image":"","background-repeat":"repeat","background-position":"center center","background-size":"auto","background-attachment":"scroll","background-type":"","background-media":"","overlay-type":"","overlay-color":"","overlay-opacity":"","overlay-gradient":""},"mobile":{"background-color":"","background-image":"","background-repeat":"repeat","background-position":"center center","background-size":"auto","background-attachment":"scroll","background-type":"","background-media":"","overlay-type":"","overlay-color":"","overlay-opacity":"","overlay-gradient":""}},"ast-content-background-meta":{"desktop":{"background-color":"var(--ast-global-color-5)","background-image":"","background-repeat":"repeat","background-position":"center center","background-size":"auto","background-attachment":"scroll","background-type":"","background-media":"","overlay-type":"","overlay-color":"","overlay-opacity":"","overlay-gradient":""},"tablet":{"background-color":"var(--ast-global-color-5)","background-image":"","background-repeat":"repeat","background-position":"center center","background-size":"auto","background-attachment":"scroll","background-type":"","background-media":"","overlay-type":"","overlay-color":"","overlay-opacity":"","overlay-gradient":""},"mobile":{"background-color":"var(--ast-global-color-5)","background-image":"","background-repeat":"repeat","background-position":"center center","background-size":"auto","background-attachment":"scroll","background-type":"","background-media":"","overlay-type":"","overlay-color":"","overlay-opacity":"","overlay-gradient":""}},"footnotes":""},"class_list":["post-11552","page","type-page","status-publish","hentry"],"_links":{"self":[{"href":"https:\/\/sinnup.com\/it\/wp-json\/wp\/v2\/pages\/11552","targetHints":{"allow":["GET"]}}],"collection":[{"href":"https:\/\/sinnup.com\/it\/wp-json\/wp\/v2\/pages"}],"about":[{"href":"https:\/\/sinnup.com\/it\/wp-json\/wp\/v2\/types\/page"}],"author":[{"embeddable":true,"href":"https:\/\/sinnup.com\/it\/wp-json\/wp\/v2\/users\/2"}],"replies":[{"embeddable":true,"href":"https:\/\/sinnup.com\/it\/wp-json\/wp\/v2\/comments?post=11552"}],"version-history":[{"count":4,"href":"https:\/\/sinnup.com\/it\/wp-json\/wp\/v2\/pages\/11552\/revisions"}],"predecessor-version":[{"id":31582,"href":"https:\/\/sinnup.com\/it\/wp-json\/wp\/v2\/pages\/11552\/revisions\/31582"}],"wp:attachment":[{"href":"https:\/\/sinnup.com\/it\/wp-json\/wp\/v2\/media?parent=11552"}],"curies":[{"name":"wp","href":"https:\/\/api.w.org\/{rel}","templated":true}]}}