{"id":12568,"date":"2022-12-07T15:31:44","date_gmt":"2022-12-07T14:31:44","guid":{"rendered":"http:\/\/sinnup.com\/politica-di-cancellazione\/"},"modified":"2024-07-11T11:14:19","modified_gmt":"2024-07-11T09:14:19","slug":"politica-di-cancellazione","status":"publish","type":"page","link":"https:\/\/sinnup.com\/it\/politica-di-cancellazione\/","title":{"rendered":"Politica di cancellazione"},"content":{"rendered":"\t\t<div data-elementor-type=\"wp-page\" data-elementor-id=\"12568\" class=\"elementor elementor-12568 elementor-12542\" data-elementor-post-type=\"page\">\n\t\t\t\t\t\t<section class=\"elementor-section elementor-top-section elementor-element elementor-element-2d11ca5f elementor-section-height-min-height elementor-hidden-desktop elementor-hidden-tablet elementor-section-boxed elementor-section-height-default elementor-section-items-middle\" data-id=\"2d11ca5f\" data-element_type=\"section\" data-e-type=\"section\" data-settings=\"{&quot;background_background&quot;:&quot;gradient&quot;}\">\n\t\t\t\t\t\t<div class=\"elementor-container elementor-column-gap-default\">\n\t\t\t\t\t<div class=\"elementor-column elementor-col-100 elementor-top-column elementor-element elementor-element-56964695\" data-id=\"56964695\" data-element_type=\"column\" data-e-type=\"column\">\n\t\t\t<div class=\"elementor-widget-wrap\">\n\t\t\t\t\t\t\t<\/div>\n\t\t<\/div>\n\t\t\t\t\t<\/div>\n\t\t<\/section>\n\t\t\t\t<section class=\"elementor-section elementor-top-section elementor-element elementor-element-f0678a0 elementor-section-height-min-height elementor-section-boxed elementor-section-height-default elementor-section-items-middle\" data-id=\"f0678a0\" data-element_type=\"section\" data-e-type=\"section\" data-settings=\"{&quot;background_background&quot;:&quot;gradient&quot;}\">\n\t\t\t\t\t\t<div class=\"elementor-container elementor-column-gap-default\">\n\t\t\t\t\t<div class=\"elementor-column elementor-col-100 elementor-top-column elementor-element elementor-element-29d744c\" data-id=\"29d744c\" data-element_type=\"column\" data-e-type=\"column\">\n\t\t\t<div class=\"elementor-widget-wrap elementor-element-populated\">\n\t\t\t\t\t\t<div class=\"elementor-element elementor-element-25251f5 elementor-widget elementor-widget-spacer\" data-id=\"25251f5\" data-element_type=\"widget\" data-e-type=\"widget\" data-widget_type=\"spacer.default\">\n\t\t\t\t<div class=\"elementor-widget-container\">\n\t\t\t\t\t\t\t<div class=\"elementor-spacer\">\n\t\t\t<div class=\"elementor-spacer-inner\"><\/div>\n\t\t<\/div>\n\t\t\t\t\t\t<\/div>\n\t\t\t\t<\/div>\n\t\t\t\t<div class=\"elementor-element elementor-element-dd39938 elementor-widget elementor-widget-heading\" data-id=\"dd39938\" data-element_type=\"widget\" data-e-type=\"widget\" data-widget_type=\"heading.default\">\n\t\t\t\t<div class=\"elementor-widget-container\">\n\t\t\t\t\t<h1 class=\"elementor-heading-title elementor-size-xxl\">Politica di cancellazione<\/h1>\t\t\t\t<\/div>\n\t\t\t\t<\/div>\n\t\t\t\t<div class=\"elementor-element elementor-element-58463d8 elementor-widget elementor-widget-text-editor\" data-id=\"58463d8\" data-element_type=\"widget\" data-e-type=\"widget\" data-widget_type=\"text-editor.default\">\n\t\t\t\t<div class=\"elementor-widget-container\">\n\t\t\t\t\t\t\t\t\t<p>I consumatori godono del diritto di recesso previsto dalla legge, come indicato nella politica di cancellazione. Se il cliente \u00e8 un imprenditore o agisce per conto di un&#8217;azienda, non \u00e8 previsto alcun diritto di recesso o restituzione. Il diritto di recesso si applica solo ai consumatori: &#8220;Per consumatore si intende qualsiasi persona fisica che conclude un negozio giuridico per scopi prevalentemente estranei all&#8217;attivit\u00e0 imprenditoriale o professionale eventualmente svolta.<\/p>\n\t\t\t\t\t\t\t\t<\/div>\n\t\t\t\t<\/div>\n\t\t\t\t<div class=\"elementor-element elementor-element-59242a4 elementor-widget elementor-widget-heading\" data-id=\"59242a4\" data-element_type=\"widget\" data-e-type=\"widget\" data-widget_type=\"heading.default\">\n\t\t\t\t<div class=\"elementor-widget-container\">\n\t\t\t\t\t<h2 class=\"elementor-heading-title elementor-size-xl\">Diritto di recesso<\/h2>\t\t\t\t<\/div>\n\t\t\t\t<\/div>\n\t\t\t\t<div class=\"elementor-element elementor-element-d0d29c8 elementor-widget elementor-widget-text-editor\" data-id=\"d0d29c8\" data-element_type=\"widget\" data-e-type=\"widget\" data-widget_type=\"text-editor.default\">\n\t\t\t\t<div class=\"elementor-widget-container\">\n\t\t\t\t\t\t\t\t\t<p>Il cliente ha il diritto di recedere dal contratto entro quattordici giorni senza fornire alcuna motivazione. Il periodo di recesso \u00e8 di quattordici giorni dal giorno in cui il cliente o un terzo da lui nominato, che non sia il vettore, ha preso o ha preso possesso dell&#8217;ultima merce.<\/p>\n<p>Per esercitare il diritto di recesso, l&#8217;utente deve inviarci<\/p>\n<p>ebets GmbH<br \/>Schildorf 16<br \/>4720 Kallham<br \/>Austria<br \/>Tel: <a href=\"tel:+43773321600\">+43 7733 21600<\/a><br \/>Fax: +43 7733 7171 15<br \/>Email: <a href=\"mailto:office@sinnup.com\">office@sinnup.com<\/a><\/p>\n<p><span style=\"font-style: inherit; font-weight: inherit; background-color: transparent; color: var(--ast-global-color-4);\">mediante una chiara dichiarazione (ad esempio una lettera inviata per posta, fax o e-mail) della vostra decisione di revocare il presente contratto. A tal fine \u00e8 possibile utilizzare il modulo di cancellazione del modello riportato di seguito, ma non \u00e8 obbligatorio. Per rispettare il termine di cancellazione, \u00e8 sufficiente inviare la notifica dell&#8217;esercizio del diritto di cancellazione prima della scadenza del periodo di cancellazione.<\/span><\/p>\n\t\t\t\t\t\t\t\t<\/div>\n\t\t\t\t<\/div>\n\t\t\t\t<div class=\"elementor-element elementor-element-47c2237 elementor-widget elementor-widget-heading\" data-id=\"47c2237\" data-element_type=\"widget\" data-e-type=\"widget\" data-widget_type=\"heading.default\">\n\t\t\t\t<div class=\"elementor-widget-container\">\n\t\t\t\t\t<h3 class=\"elementor-heading-title elementor-size-default\">Conseguenze della revoca<\/h3>\t\t\t\t<\/div>\n\t\t\t\t<\/div>\n\t\t\t\t<div class=\"elementor-element elementor-element-ba0ecaf elementor-widget elementor-widget-text-editor\" data-id=\"ba0ecaf\" data-element_type=\"widget\" data-e-type=\"widget\" data-widget_type=\"text-editor.default\">\n\t\t\t\t<div class=\"elementor-widget-container\">\n\t\t\t\t\t\t\t\t\t<p>Se l&#8217;utente recede dal presente contratto, dobbiamo rimborsare tutti i pagamenti ricevuti dall&#8217;utente, compresi i costi di consegna (ad eccezione dei costi aggiuntivi derivanti dal fatto che l&#8217;utente ha scelto un tipo di consegna diverso dalla consegna standard pi\u00f9 economica da noi offerta), senza indugio e al pi\u00f9 tardi entro quattordici giorni dal giorno in cui abbiamo ricevuto la notifica del recesso dal presente contratto. Per questo rimborso, utilizziamo lo stesso mezzo di pagamento che avete usato per la transazione originale, a meno che non sia stato espressamente concordato diversamente con voi; in nessun caso vi sar\u00e0 addebitato un costo per questo rimborso. Potremmo rifiutare il rimborso finch\u00e9 non avremo ricevuto la merce o finch\u00e9 il cliente non avr\u00e0 fornito la prova di averla restituita, a seconda di quale delle due condizioni si verifichi per prima.<\/p>\n<p>Il cliente deve restituire o consegnare la merce a ebets GmbH, R\u00fccksendung, Schildorf 16, 4720 Kallham senza indugio e in ogni caso non oltre quattordici giorni dal giorno in cui ci ha comunicato la revoca del presente contratto. Il termine \u00e8 rispettato se si spedisce la merce prima della scadenza del periodo di quattordici giorni. I costi diretti della spedizione di ritorno sono a carico del cliente. I costi per le merci che non possono essere inviate tramite pacco postale sono stimati in un massimo di circa 80 euro.<\/p>\n<p>Il cliente \u00e8 tenuto a pagare l&#8217;eventuale perdita di valore della merce solo se tale perdita di valore \u00e8 dovuta a una manipolazione della merce non necessaria per testare la qualit\u00e0, le caratteristiche e il funzionamento della stessa.<\/p>\n\t\t\t\t\t\t\t\t<\/div>\n\t\t\t\t<\/div>\n\t\t\t\t<div class=\"elementor-element elementor-element-3a55e08 elementor-widget elementor-widget-heading\" data-id=\"3a55e08\" data-element_type=\"widget\" data-e-type=\"widget\" data-widget_type=\"heading.default\">\n\t\t\t\t<div class=\"elementor-widget-container\">\n\t\t\t\t\t<h3 class=\"elementor-heading-title elementor-size-default\">Esclusione o Motivi della cancellazione<\/h3>\t\t\t\t<\/div>\n\t\t\t\t<\/div>\n\t\t\t\t<div class=\"elementor-element elementor-element-30823df elementor-widget elementor-widget-text-editor\" data-id=\"30823df\" data-element_type=\"widget\" data-e-type=\"widget\" data-widget_type=\"text-editor.default\">\n\t\t\t\t<div class=\"elementor-widget-container\">\n\t\t\t\t\t\t\t\t\t<p><strong>Il diritto di recesso non si applica ai contratti:<\/strong><\/p>\n<ul>\n<li>per la consegna di beni che non sono prefabbricati e per la cui produzione \u00e8 decisiva una scelta o una determinazione individuale da parte del consumatore o che sono chiaramente adattati alle esigenze personali del consumatore;<\/li>\n<li>per la consegna di merci che possono deteriorarsi rapidamente o la cui data di scadenza verrebbe rapidamente superata;<\/li>\n<li>per la consegna di bevande alcoliche, il cui prezzo \u00e8 stato concordato al momento della stipula del contratto, ma che pu\u00f2 essere consegnato non prima di 30 giorni dalla stipula del contratto e il cui valore attuale dipende dalle fluttuazioni del mercato su cui l&#8217;imprenditore non ha alcuna influenza;<\/li>\n<li>per la consegna di giornali, periodici o riviste, ad eccezione dei contratti di abbonamento;<\/li>\n<li>per la consegna di merci sigillate che non possono essere restituite per motivi di tutela della salute o di igiene, se il sigillo \u00e8 stato rimosso dopo la consegna;<\/li>\n<li>per la consegna di merci se queste sono state mescolate in modo indissolubile con altre merci dopo la consegna a causa della loro natura;<\/li>\n<li>per la consegna di registrazioni audio o video o di software informatici in un pacchetto sigillato se il sigillo \u00e8 stato rimosso dopo la consegna;<\/li>\n<\/ul>\n\t\t\t\t\t\t\t\t<\/div>\n\t\t\t\t<\/div>\n\t\t\t\t<div class=\"elementor-element elementor-element-4026590 elementor-widget elementor-widget-heading\" data-id=\"4026590\" data-element_type=\"widget\" data-e-type=\"widget\" data-widget_type=\"heading.default\">\n\t\t\t\t<div class=\"elementor-widget-container\">\n\t\t\t\t\t<h3 class=\"elementor-heading-title elementor-size-default\">Esempio di modulo di cancellazione<\/h3>\t\t\t\t<\/div>\n\t\t\t\t<\/div>\n\t\t\t\t<div class=\"elementor-element elementor-element-3ec191b elementor-widget elementor-widget-text-editor\" data-id=\"3ec191b\" data-element_type=\"widget\" data-e-type=\"widget\" data-widget_type=\"text-editor.default\">\n\t\t\t\t<div class=\"elementor-widget-container\">\n\t\t\t\t\t\t\t\t\t<p>Se si desidera annullare il contratto, si prega di compilare e restituire il presente modulo.<\/p>\n<p>Un<\/p>\n<p>ebets GmbH<br \/>Schildorf 16<br \/>4720 Kallham<br \/>Austria<br \/>via e-mail a:<br \/><a href=\"mailto:office@sinnup.com\">office@sinnup.com<\/a><\/p>\n<p><span style=\"font-style: inherit; font-weight: inherit; background-color: transparent; color: var(--ast-global-color-4);\">Con la presente revoca il contratto da me\/noi stipulato per l&#8217;acquisto dei seguenti beni* \/ la fornitura del seguente servizio:*<\/span><\/p>\n<hr>\n<p>Nome del negozio online*<\/p>\n<hr>\n<p>Ordinato il* \/ ricevuto il*<\/p>\n<hr>\n<p>Nome del\/i consumatore\/i<\/p>\n<hr>\n<p>Indirizzo del\/i consumatore\/i<\/p>\n<hr>\n<p>Firma del\/i consumatore\/i (solo per la notifica su carta)<\/p>\n<hr>\n<p>Data<\/p>\n<p>* Cancellare le voci non pertinenti.<\/p>\n\t\t\t\t\t\t\t\t<\/div>\n\t\t\t\t<\/div>\n\t\t\t\t<div class=\"elementor-element elementor-element-4faef94 elementor-widget elementor-widget-spacer\" data-id=\"4faef94\" data-element_type=\"widget\" data-e-type=\"widget\" data-widget_type=\"spacer.default\">\n\t\t\t\t<div class=\"elementor-widget-container\">\n\t\t\t\t\t\t\t<div class=\"elementor-spacer\">\n\t\t\t<div class=\"elementor-spacer-inner\"><\/div>\n\t\t<\/div>\n\t\t\t\t\t\t<\/div>\n\t\t\t\t<\/div>\n\t\t\t\t\t<\/div>\n\t\t<\/div>\n\t\t\t\t\t<\/div>\n\t\t<\/section>\n\t\t\t\t<\/div>\n\t\t","protected":false},"excerpt":{"rendered":"<p>Politica di cancellazione I consumatori godono del diritto di recesso previsto dalla legge, come indicato nella politica di cancellazione. Se il cliente \u00e8 un imprenditore o agisce per conto di un&#8217;azienda, non \u00e8 previsto alcun [&hellip;]<\/p>\n","protected":false},"author":2,"featured_media":0,"parent":0,"menu_order":0,"comment_status":"closed","ping_status":"closed","template":"","meta":{"site-sidebar-layout":"no-sidebar","site-content-layout":"page-builder","ast-site-content-layout":"default","site-content-style":"default","site-sidebar-style":"default","ast-global-header-display":"","ast-banner-title-visibility":"","ast-main-header-display":"","ast-hfb-above-header-display":"","ast-hfb-below-header-display":"","ast-hfb-mobile-header-display":"","site-post-title":"disabled","ast-breadcrumbs-content":"","ast-featured-img":"disabled","footer-sml-layout":"","ast-disable-related-posts":"","theme-transparent-header-meta":"enabled","adv-header-id-meta":"","stick-header-meta":"default","header-above-stick-meta":"","header-main-stick-meta":"","header-below-stick-meta":"","astra-migrate-meta-layouts":"default","ast-page-background-enabled":"default","ast-page-background-meta":{"desktop":{"background-color":"","background-image":"","background-repeat":"repeat","background-position":"center center","background-size":"auto","background-attachment":"scroll","background-type":"","background-media":"","overlay-type":"","overlay-color":"","overlay-opacity":"","overlay-gradient":""},"tablet":{"background-color":"","background-image":"","background-repeat":"repeat","background-position":"center center","background-size":"auto","background-attachment":"scroll","background-type":"","background-media":"","overlay-type":"","overlay-color":"","overlay-opacity":"","overlay-gradient":""},"mobile":{"background-color":"","background-image":"","background-repeat":"repeat","background-position":"center center","background-size":"auto","background-attachment":"scroll","background-type":"","background-media":"","overlay-type":"","overlay-color":"","overlay-opacity":"","overlay-gradient":""}},"ast-content-background-meta":{"desktop":{"background-color":"var(--ast-global-color-5)","background-image":"","background-repeat":"repeat","background-position":"center center","background-size":"auto","background-attachment":"scroll","background-type":"","background-media":"","overlay-type":"","overlay-color":"","overlay-opacity":"","overlay-gradient":""},"tablet":{"background-color":"var(--ast-global-color-5)","background-image":"","background-repeat":"repeat","background-position":"center center","background-size":"auto","background-attachment":"scroll","background-type":"","background-media":"","overlay-type":"","overlay-color":"","overlay-opacity":"","overlay-gradient":""},"mobile":{"background-color":"var(--ast-global-color-5)","background-image":"","background-repeat":"repeat","background-position":"center center","background-size":"auto","background-attachment":"scroll","background-type":"","background-media":"","overlay-type":"","overlay-color":"","overlay-opacity":"","overlay-gradient":""}},"footnotes":""},"class_list":["post-12568","page","type-page","status-publish","hentry"],"_links":{"self":[{"href":"https:\/\/sinnup.com\/it\/wp-json\/wp\/v2\/pages\/12568","targetHints":{"allow":["GET"]}}],"collection":[{"href":"https:\/\/sinnup.com\/it\/wp-json\/wp\/v2\/pages"}],"about":[{"href":"https:\/\/sinnup.com\/it\/wp-json\/wp\/v2\/types\/page"}],"author":[{"embeddable":true,"href":"https:\/\/sinnup.com\/it\/wp-json\/wp\/v2\/users\/2"}],"replies":[{"embeddable":true,"href":"https:\/\/sinnup.com\/it\/wp-json\/wp\/v2\/comments?post=12568"}],"version-history":[{"count":3,"href":"https:\/\/sinnup.com\/it\/wp-json\/wp\/v2\/pages\/12568\/revisions"}],"predecessor-version":[{"id":31591,"href":"https:\/\/sinnup.com\/it\/wp-json\/wp\/v2\/pages\/12568\/revisions\/31591"}],"wp:attachment":[{"href":"https:\/\/sinnup.com\/it\/wp-json\/wp\/v2\/media?parent=12568"}],"curies":[{"name":"wp","href":"https:\/\/api.w.org\/{rel}","templated":true}]}}