{"id":12584,"date":"2022-11-30T19:59:40","date_gmt":"2022-11-30T18:59:40","guid":{"rendered":"http:\/\/sinnup.com\/informativa-sulla-privacy\/"},"modified":"2024-07-11T11:10:42","modified_gmt":"2024-07-11T09:10:42","slug":"informativa-sulla-privacy","status":"publish","type":"page","link":"https:\/\/sinnup.com\/it\/informativa-sulla-privacy\/","title":{"rendered":"Informativa sulla privacy"},"content":{"rendered":"\t\t<div data-elementor-type=\"wp-page\" data-elementor-id=\"12584\" class=\"elementor elementor-12584 elementor-10970\" data-elementor-post-type=\"page\">\n\t\t\t\t\t\t<section class=\"elementor-section elementor-top-section elementor-element elementor-element-569ac551 elementor-section-height-min-height elementor-hidden-desktop elementor-hidden-tablet elementor-section-boxed elementor-section-height-default elementor-section-items-middle\" data-id=\"569ac551\" data-element_type=\"section\" data-e-type=\"section\" data-settings=\"{&quot;background_background&quot;:&quot;gradient&quot;}\">\n\t\t\t\t\t\t<div class=\"elementor-container elementor-column-gap-default\">\n\t\t\t\t\t<div class=\"elementor-column elementor-col-100 elementor-top-column elementor-element elementor-element-1e18d4cc\" data-id=\"1e18d4cc\" data-element_type=\"column\" data-e-type=\"column\">\n\t\t\t<div class=\"elementor-widget-wrap\">\n\t\t\t\t\t\t\t<\/div>\n\t\t<\/div>\n\t\t\t\t\t<\/div>\n\t\t<\/section>\n\t\t\t\t<section class=\"elementor-section elementor-top-section elementor-element elementor-element-8f6c949 elementor-section-height-min-height elementor-section-boxed elementor-section-height-default elementor-section-items-middle\" data-id=\"8f6c949\" data-element_type=\"section\" data-e-type=\"section\" data-settings=\"{&quot;background_background&quot;:&quot;gradient&quot;}\">\n\t\t\t\t\t\t<div class=\"elementor-container elementor-column-gap-default\">\n\t\t\t\t\t<div class=\"elementor-column elementor-col-100 elementor-top-column elementor-element elementor-element-37ca4ab\" data-id=\"37ca4ab\" data-element_type=\"column\" data-e-type=\"column\">\n\t\t\t<div class=\"elementor-widget-wrap elementor-element-populated\">\n\t\t\t\t\t\t<div class=\"elementor-element elementor-element-15a3658 elementor-widget elementor-widget-spacer\" data-id=\"15a3658\" data-element_type=\"widget\" data-e-type=\"widget\" data-widget_type=\"spacer.default\">\n\t\t\t\t<div class=\"elementor-widget-container\">\n\t\t\t\t\t\t\t<div class=\"elementor-spacer\">\n\t\t\t<div class=\"elementor-spacer-inner\"><\/div>\n\t\t<\/div>\n\t\t\t\t\t\t<\/div>\n\t\t\t\t<\/div>\n\t\t\t\t<div class=\"elementor-element elementor-element-ec70421 elementor-widget elementor-widget-heading\" data-id=\"ec70421\" data-element_type=\"widget\" data-e-type=\"widget\" data-widget_type=\"heading.default\">\n\t\t\t\t<div class=\"elementor-widget-container\">\n\t\t\t\t\t<h1 class=\"elementor-heading-title elementor-size-xxl\">Informativa sulla privacy<\/h1>\t\t\t\t<\/div>\n\t\t\t\t<\/div>\n\t\t\t\t<div class=\"elementor-element elementor-element-1f8d4dc elementor-widget elementor-widget-spacer\" data-id=\"1f8d4dc\" data-element_type=\"widget\" data-e-type=\"widget\" data-widget_type=\"spacer.default\">\n\t\t\t\t<div class=\"elementor-widget-container\">\n\t\t\t\t\t\t\t<div class=\"elementor-spacer\">\n\t\t\t<div class=\"elementor-spacer-inner\"><\/div>\n\t\t<\/div>\n\t\t\t\t\t\t<\/div>\n\t\t\t\t<\/div>\n\t\t\t\t<div class=\"elementor-element elementor-element-1026495 elementor-widget elementor-widget-text-editor\" data-id=\"1026495\" data-element_type=\"widget\" data-e-type=\"widget\" data-widget_type=\"text-editor.default\">\n\t\t\t\t<div class=\"elementor-widget-container\">\n\t\t\t\t\t\t\t\t\t<p>[ga_optout]<\/p>\n\t\t\t\t\t\t\t\t<\/div>\n\t\t\t\t<\/div>\n\t\t\t\t<div class=\"elementor-element elementor-element-3914f87 elementor-widget elementor-widget-text-editor\" data-id=\"3914f87\" data-element_type=\"widget\" data-e-type=\"widget\" data-widget_type=\"text-editor.default\">\n\t\t\t\t<div class=\"elementor-widget-container\">\n\t\t\t\t\t\t\t\t\t<div>\n<h2><span style=\"font-size: 24pt;\">Ambito di applicazione<\/span><\/h2>\n<p>Ci sta molto a cuore proteggere la vostra privacy e la vostra sfera personale quando utilizzate il nostro sito web. La presente dichiarazione sulla protezione dei dati informa l&#8217;utente sulla natura, l&#8217;ambito e lo scopo della raccolta e dell&#8217;utilizzo dei dati personali da parte di questo sito web. La base giuridica per la protezione dei dati \u00e8 costituita dalla legge austriaca sulle telecomunicazioni (TKG) e dalla legge sulla protezione dei dati (DSG).<\/p>\n<h2><span style=\"font-size: 24pt;\">Dati di accesso\/file di log del server<\/span><\/h2>\n<p>ebets GmbH (o il nostro fornitore di spazio web) raccoglie dati su ogni accesso all&#8217;offerta online (i cosiddetti file di log del server).<\/p>\n<p>I dati di accesso comprendono:<\/p>\n<ul type=\"disc\">\n<li>Nome del sito web visitato, file, data e ora dell&#8217;accesso, quantit\u00e0 di dati trasferiti, notifica di accesso riuscito, tipo e versione del browser, sistema operativo dell&#8217;utente, URL di riferimento (la pagina precedentemente visitata), indirizzo IP anonimizzato e provider richiedente.<\/li>\n<\/ul>\n<p>Utilizziamo i dati di log solo per valutazioni statistiche ai fini del funzionamento, della sicurezza e dell&#8217;ottimizzazione dell&#8217;offerta. Tuttavia, ci riserviamo il diritto di controllare i dati di log a posteriori, qualora vi sia il fondato sospetto di un utilizzo illecito sulla base di indicazioni concrete.<\/p>\n<h2><span style=\"font-size: 24pt;\">Trattamento dei dati personali<\/span><\/h2>\n<p>I dati personali sono informazioni che possono essere utilizzate per identificare una persona, ossia informazioni che possono essere ricondotte a una persona. Questo include il nome, l&#8217;indirizzo e-mail o il numero di telefono. Ma anche i dati relativi alle iscrizioni o a quali siti web sono stati visitati da qualcuno contano come dati personali.<\/p>\n<p>I dati personali vengono raccolti, utilizzati e trasmessi da ebets GmbH solo se ci\u00f2 \u00e8 consentito dalla legge o se l&#8217;utente acconsente alla raccolta dei dati, ad esempio se ha dato il proprio consenso. contattandoci tramite uno dei moduli presenti sul nostro sito web o acquistando online. ebets GmbH utilizza i dati personali per scopi di comunicazione e marketing.<\/p>\n<p>I vostri dati saranno memorizzati, elaborati e trasmessi (PayPal, societ\u00e0 di logistica) per l&#8217;elaborazione degli ordini, la consegna della merce e l&#8217;elaborazione dei pagamenti, nonch\u00e9 per le necessarie verifiche del credito.<\/p>\n<p>Altre occasioni di trasmissione dei vostri dati possono essere sondaggi o servizi personalizzati (ad esempio, newsletter &#8211; solo sulla base della vostra registrazione alla newsletter). Inoltre, utilizziamo i vostri dati personali per migliorare il nostro servizio, la gamma di prodotti o anche il sito web, al fine di potervi offrire un servizio migliore. Accettando la presente dichiarazione, ci autorizzate a trattare i vostri dati per scopi pubblicitari e di ricerca di mercato, nonch\u00e9 a utilizzarli per la progettazione di servizi elettronici basati sulle esigenze. Utilizziamo le vostre informazioni anche per prevenire o individuare abusi, in particolare frodi, o per consentire a terzi di svolgere servizi tecnici, logistici o di altro tipo per nostro conto.<\/p>\n<h2><span style=\"font-size: 24pt;\">Contatto<\/span><\/h2>\n<p>Quando si contatta ebets GmbH (ad esempio tramite moduli, CHAT o e-mail, acquisti online), i dati dell&#8217;utente vengono memorizzati allo scopo di elaborare la richiesta e nel caso in cui sorgano domande successive.<\/p>\n<h2><span style=\"font-size: 24pt;\">Newsletter<\/span><\/h2>\n<p>Con la nostra newsletter vi informiamo sulle nostre offerte. Se desiderate ricevere la nostra newsletter, vi chiediamo un indirizzo e-mail valido e informazioni che ci consentano di verificare che siate il proprietario dell&#8217;indirizzo e-mail fornito o che il proprietario accetti di ricevere la newsletter. Non vengono raccolti altri dati. Questi dati vengono utilizzati solo per l&#8217;invio della newsletter e non vengono trasmessi a terzi.<\/p>\n<p>Quando vi registrate alla newsletter, salviamo il vostro indirizzo IP anonimo e la data di registrazione. Questa memorizzazione serve esclusivamente come prova nel caso in cui una terza persona utilizzi impropriamente un indirizzo e-mail e si registri per ricevere la newsletter all&#8217;insaputa della persona autorizzata.<\/p>\n<p>\u00c8 possibile revocare in qualsiasi momento il consenso alla memorizzazione dei dati, dell&#8217;indirizzo e-mail e del loro utilizzo per l&#8217;invio della newsletter. La revoca pu\u00f2 essere effettuata tramite un link nelle newsletter stesse o inviando un messaggio alle opzioni di contatto riportate di seguito.<\/p>\n<h2><span style=\"font-size: 24pt;\">Integrazione di servizi e contenuti di terze parti<\/span><\/h2>\n<p>Pu\u00f2 accadere che all&#8217;interno di questa offerta online siano integrati contenuti di terzi, come video di YouTube o mappe di Google Maps. Ci\u00f2 richiede sempre che i fornitori di questi contenuti (di seguito denominati &#8220;fornitori terzi&#8221;) percepiscano l&#8217;indirizzo IP anonimo degli utenti. Perch\u00e9 senza l&#8217;indirizzo IP non potrebbero inviare il contenuto al browser del rispettivo utente. L&#8217;indirizzo IP \u00e8 quindi necessario per la visualizzazione di questo contenuto. Ci sforziamo di utilizzare solo contenuti i cui rispettivi fornitori utilizzano l&#8217;indirizzo IP solo per fornire il contenuto. Tuttavia, non abbiamo alcuna influenza se i fornitori terzi memorizzano l&#8217;indirizzo IP, ad esempio a fini statistici. Per quanto ne so, informiamo gli utenti di questo.<\/p>\n<h2><span style=\"font-size: 24pt;\">Commercio elettronico (Acquisto online)<\/span><\/h2>\n<p>Quando si acquistano prodotti online, si stipula un contratto legalmente vincolante. Per ulteriori informazioni al riguardo, consultare le <a href=\"\/agbs\/\">CGC<\/a>. I vostri dati saranno memorizzati, elaborati e trasmessi (PayPal, societ\u00e0 di logistica) per l&#8217;elaborazione degli ordini, la consegna della merce e l&#8217;elaborazione dei pagamenti, nonch\u00e9 per le necessarie verifiche del credito.<\/p>\n<p>Ci riserviamo il diritto di ottenere da terzi informazioni sulla vostra affidabilit\u00e0 creditizia per potervi offrire determinate opzioni di pagamento. A tal fine, raccogliamo informazioni sul vostro comportamento di acquisto e di pagamento, nonch\u00e9 rapporti di credito, che utilizziamo per individuare abusi, in particolare frodi.<\/p>\n<h2><span style=\"font-size: 24pt;\">Google Analytics<\/span><\/h2>\n<p>Questo sito web utilizza <a href=\"https:\/\/marketingplatform.google.com\/about\/\" target=\"_blank\" rel=\"noopener\"><u>Google Analytics<\/u><\/a>, un servizio di analisi web fornito da Google, Inc. (\u201eGoogle\u201c). Google Analytics utilizza i cosiddetti &#8220;cookie&#8221;, file di testo che vengono depositati sul vostro computer per consentire al sito web di analizzare come gli utenti utilizzano il sito. Le informazioni generate dal cookie sull&#8217;utilizzo di questo sito web da parte dell&#8217;utente (compreso il suo indirizzo IP) verranno trasmesse e memorizzate da Google su un server negli Stati Uniti. Google utilizzer\u00e0 queste informazioni per valutare l&#8217;utilizzo del sito web da parte dell&#8217;utente, per compilare report sulle attivit\u00e0 del sito web per gli operatori del sito e per fornire altri servizi relativi alle attivit\u00e0 del sito web e all&#8217;utilizzo di Internet. Google pu\u00f2 anche trasferire queste informazioni a terzi, se ci\u00f2 \u00e8 richiesto dalla legge o se tali terzi elaborano le informazioni per conto di Google. Google non assocer\u00e0 il vostro indirizzo IP a nessun altro dato posseduto da Google. L&#8217;utente pu\u00f2 rifiutare l&#8217;uso dei cookie selezionando l&#8217;impostazione appropriata sul proprio browser, ma si prega di notare che in tal caso potrebbe non essere in grado di utilizzare tutte le funzionalit\u00e0 di questo sito web. Utilizzando il presente sito web, acconsentite al trattamento dei vostri dati da parte di Google per le modalit\u00e0 e i fini sopraindicati.<\/p>\n<p>Se non volete che analizziamo il vostro indirizzo IP, l&#8217;impostazione della lingua, il dispositivo terminale, ecc. vi consiglio di disattivare Google Analytics tramite il componente aggiuntivo del browser Google Analytics. Il componente aggiuntivo del browser per la disattivazione di Google Analytics consente di controllare meglio quali dati sui siti web visitati vengono raccolti da Google Analytics. Il componente aggiuntivo indica al JavaScript (ga.js) di Google Analytics che nessuna informazione sulla visita al sito web deve essere trasmessa a Google Analytics.<br \/>Se si desidera utilizzare questa funzione, scaricare e installare il componente aggiuntivo per il browser Web in uso. Il componente aggiuntivo del browser per disattivare Google Analytics \u00e8 disponibile per Internet Explorer, Google Chrome, Mozilla Firefox, Apple Safari e Opera.<\/p>\n<p><a href=\"https:\/\/tools.google.com\/dlpage\/gaoptout?hl=de%20verlinkt%20werden\" target=\"_blank\" rel=\"noopener\"><u>SCARICA<\/u><\/a><\/p>\n<h2><span style=\"font-size: 24pt;\">Utilizzo del remarketing<\/span><\/h2>\n<p>Questo sito web utilizza i cookie allo scopo di indirizzare i visitatori tramite campagne di remarketing con pubblicit\u00e0 online in un momento successivo nella rete pubblicitaria di Google. Per pubblicare annunci di remarketing, i fornitori di terze parti come Google utilizzano i cookie in base alla visita di questo sito web. L&#8217;utente ha la possibilit\u00e0 di disattivare l&#8217;utilizzo dei cookie da parte di Google visitando la pagina di disattivazione di Google all&#8217;indirizzo http:\/\/www.google.com\/ads\/preferences.<\/p>\n<h2><span style=\"font-size: 24pt;\">Utilizzo dei social plugin di Facebook<\/span><\/h2>\n<p>Questo sito web utilizza i social plugin (&#8220;plugin&#8221;) del social network facebook.com, gestito da Facebook Ireland Ltd, 4 Grand Canal Square, Grand Canal Harbour, Dublino 2, Irlanda (&#8220;Facebook&#8221;). I plugin sono riconoscibili da uno dei loghi di Facebook (la &#8220;f&#8221; bianca su una piastrella blu, i termini &#8220;Mi piace&#8221;, &#8220;Gef\u00e4llt mir&#8221; o il segno del &#8220;pollice in su&#8221;) o sono contrassegnati dall&#8217;aggiunta &#8220;Facebook Social Plugin&#8221;. L&#8217;elenco e l&#8217;aspetto dei social plugin di Facebook possono essere visualizzati qui: <a href=\"https:\/\/developers.facebook.com\/docs\/plugins\/\" target=\"_blank\" rel=\"noopener\"><br \/>\n  <u>https:\/\/developers.facebook.com\/docs\/plugins\/<\/u><br \/>\n<\/a>.<\/p>\n<p>Quando un utente richiama un sito web di questa offerta che contiene tale plugin, il suo browser stabilisce una connessione diretta con i server di Facebook. Il contenuto del plugin viene trasmesso da Facebook direttamente al browser dell&#8217;utente e da questo integrato nel sito web. Il fornitore non ha quindi alcuna influenza sulla portata dei dati che Facebook raccoglie con l&#8217;aiuto di questo plugin e informa quindi gli utenti in base al suo livello di <a href=\"https:\/\/www.facebook.com\/help\/186325668085084\" target=\"_blank\" rel=\"noopener\"><u>conoscenza<\/u><\/a>:<\/p>\n<p>Integrando i plugin, Facebook riceve l&#8217;informazione che un utente ha richiamato la pagina corrispondente all&#8217;offerta. Se l&#8217;utente \u00e8 connesso a Facebook, Facebook pu\u00f2 assegnare la visita al suo account Facebook. Quando gli utenti interagiscono con i plugin, ad esempio cliccando sul pulsante &#8220;Mi piace&#8221; o postando un commento, le informazioni corrispondenti vengono trasmesse dal browser direttamente a Facebook e l\u00ec memorizzate. Se un utente non \u00e8 membro di Facebook, \u00e8 comunque possibile che Facebook ottenga e memorizzi il suo indirizzo IP. Secondo Facebook, nei Paesi dell&#8217;Unione Europea viene memorizzato solo un indirizzo IP anonimo.<\/p>\n<p>Lo scopo e l&#8217;ambito della raccolta dei dati e l&#8217;ulteriore elaborazione e utilizzo dei dati da parte di Facebook, nonch\u00e9 i relativi diritti e le opzioni di impostazione per la protezione della privacy degli utenti, sono riportati nell&#8217;informativa sulla privacy di Facebook: <a href=\"https:\/\/www.facebook.com\/about\/privacy\/\" target=\"_blank\" rel=\"noopener\"><br \/>\n  <u>https:\/\/www.facebook.com\/about\/privacy\/<\/u><br \/>\n<\/a>.<\/p>\n<p>Se un utente \u00e8 iscritto a Facebook e non vuole che Facebook raccolga dati su di lui tramite questa offerta e li colleghi ai suoi dati di iscrizione memorizzati su Facebook, deve disconnettersi da Facebook prima di visitare il sito web. Ulteriori impostazioni e obiezioni all&#8217;utilizzo dei dati a fini pubblicitari sono possibili nelle impostazioni del profilo Facebook: <a href=\"https:\/\/www.facebook.com\/settings?tab=ads.\" target=\"_blank\" rel=\"noopener\"><u>https:\/\/www.facebook.com\/settings?tab=ads.<\/u><\/a><\/p>\n<h2><span style=\"font-size: 24pt;\">Revoca, modifiche, correzioni e aggiornamenti<\/span><\/h2>\n<p>Ai sensi del Regolamento generale sulla protezione dei dati (<u>GDPR<\/u>) dell&#8217;UE con effetto finale dal 25.5.2018, gli utenti hanno il diritto di ricevere, su richiesta e gratuitamente, informazioni sui dati personali che abbiamo memorizzato su di loro. Inoltre, ogni utente ha il diritto di correggere i dati errati, bloccare e cancellare i propri dati personali, nella misura in cui ci\u00f2 non sia in contrasto con eventuali obblighi legali di conservazione di tali dati. Se dovesse essere necessario, vi preghiamo di <a href=\"https:\/\/sinnup.com\/it\/contatto\/\">contattarci<\/a>.<\/p>\n<h2><span style=\"font-size: 24pt;\">Altro<\/span><\/h2>\n<p>Oltre alle informazioni di cui sopra, sul nostro sito web non vengono trattati dati personali.<\/p>\n<p>Se sezioni o singoli termini di questa dichiarazione non sono legali o corretti, il contenuto o la validit\u00e0 delle altre parti non sono influenzati da questo fatto.<\/p>\n<h2><span style=\"font-size: 24pt;\">Dettagli di contatto<\/span><\/h2>\n<p>ebets GmbH<br \/>Schildorf 16<br \/>A &#8211; 4720 Kallham<br \/>Tel.: +43 7733 21600<br \/>Email: <a href=\"mailto:office@sinnup.com\">office@sinnup.com<\/a><\/p>\n<p><b>Gestione:<\/b><br \/>J\u00fcrgen Krausgruber, MA MSc<br \/>E-mail: <a href=\"mailto:j.krausgruber@sinnup.com\">j.krausgruber@sinnup.com<\/a><\/p>\n<p><\/p>\n<p><b>Responsabile della protezione dei dati:<\/b><br \/>Adolf Tischler<br \/>E-mail: <a href=\"mailto:a.tischler@tiscon.at\">a.tischler@tiscon.at<\/a><\/p>\n<h2><span style=\"font-size: 24pt;\">Possibili limitazioni funzionali senza cookie<\/span><\/h2>\n<p>Potete visitare il nostro sito web in qualsiasi momento, anche se non accettate i cookie. Se in generale non ci consentite di utilizzare i cookie, alcune funzioni e pagine non saranno accessibili. I cookie vengono utilizzati per migliorare la nostra offerta di servizi e per facilitare l&#8217;inserimento dei dati nei moduli del nostro sito web. \u00c8 possibile eliminare i cookie gi\u00e0 presenti sul computer in qualsiasi momento.<\/p>\n<\/div>\n<div>\n<div>\n<div>\n<div>\n<div>\n<div>\n<h3><span style=\"font-size: 24pt;\">Informazioni sui cookie<\/span><\/h3>\n<p><em>Cosa sono i biscotti?<\/em><br \/>Un cookie \u00e8 un file che pu\u00f2 essere utilizzato per memorizzare informazioni entro un certo periodo di tempo.<\/p>\n<p><em>Quali sono i diversi tipi di cookie?<\/em><br \/><b>Biscotti urgentemente richiesti<\/b><br \/>Questi tipi di cookie sono sempre abilitati in quanto necessari per le funzioni di base del sito web. Tra questi vi sono i cookie, che possono essere utilizzati per memorizzare la posizione dell&#8217;utente all&#8217;interno del sito.<\/p>\n<p><b>Funzionalit\u00e0 e prestazioni<\/b><br \/>Questi cookie analitici possono essere utilizzati per migliorare la funzionalit\u00e0 del sito tracciando in modo anonimo il comportamento degli utenti. Questi cookie possono anche aumentare la velocit\u00e0 di elaborazione delle richieste, ad esempio. Ci\u00f2 include anche la comunicazione con Facebook, Twitter o altri social network.<\/p>\n<p><em>Per i seguenti motivi ebets GmbH utilizza <\/em><em>utilizza i dati raccolti sul sito web:<\/em><\/p>\n<ul>\n<li>in modo da potervi offrire le informazioni e i servizi di cui avete bisogno con la migliore qualit\u00e0.<\/li>\n<li>in modo da potervi offrire un&#8217;esperienza personalizzata sul nostro sito web<\/li>\n<li>in modo da potervi inviare informazioni e annunci relativi al nostro sito web<\/li>\n<li>in modo da poter comprendere meglio le vostre esigenze e i vostri interessi e ottimizzare cos\u00ec il nostro sito web e le nostre offerte<\/li>\n<\/ul>\n<\/div>\n<\/div>\n<\/div>\n<\/div>\n<\/div>\n<\/div>\n\t\t\t\t\t\t\t\t<\/div>\n\t\t\t\t<\/div>\n\t\t\t\t<div class=\"elementor-element elementor-element-73f7256 elementor-widget elementor-widget-spacer\" data-id=\"73f7256\" data-element_type=\"widget\" data-e-type=\"widget\" data-widget_type=\"spacer.default\">\n\t\t\t\t<div class=\"elementor-widget-container\">\n\t\t\t\t\t\t\t<div class=\"elementor-spacer\">\n\t\t\t<div class=\"elementor-spacer-inner\"><\/div>\n\t\t<\/div>\n\t\t\t\t\t\t<\/div>\n\t\t\t\t<\/div>\n\t\t\t\t\t<\/div>\n\t\t<\/div>\n\t\t\t\t\t<\/div>\n\t\t<\/section>\n\t\t\t\t<\/div>\n\t\t","protected":false},"excerpt":{"rendered":"<p>Informativa sulla privacy [ga_optout] Ambito di applicazione Ci sta molto a cuore proteggere la vostra privacy e la vostra sfera personale quando utilizzate il nostro sito web. La presente dichiarazione sulla protezione dei dati informa [&hellip;]<\/p>\n","protected":false},"author":2,"featured_media":0,"parent":0,"menu_order":0,"comment_status":"closed","ping_status":"closed","template":"","meta":{"site-sidebar-layout":"no-sidebar","site-content-layout":"page-builder","ast-site-content-layout":"default","site-content-style":"default","site-sidebar-style":"default","ast-global-header-display":"","ast-banner-title-visibility":"","ast-main-header-display":"","ast-hfb-above-header-display":"","ast-hfb-below-header-display":"","ast-hfb-mobile-header-display":"","site-post-title":"disabled","ast-breadcrumbs-content":"","ast-featured-img":"disabled","footer-sml-layout":"","ast-disable-related-posts":"","theme-transparent-header-meta":"enabled","adv-header-id-meta":"","stick-header-meta":"default","header-above-stick-meta":"","header-main-stick-meta":"","header-below-stick-meta":"","astra-migrate-meta-layouts":"default","ast-page-background-enabled":"default","ast-page-background-meta":{"desktop":{"background-color":"","background-image":"","background-repeat":"repeat","background-position":"center center","background-size":"auto","background-attachment":"scroll","background-type":"","background-media":"","overlay-type":"","overlay-color":"","overlay-opacity":"","overlay-gradient":""},"tablet":{"background-color":"","background-image":"","background-repeat":"repeat","background-position":"center center","background-size":"auto","background-attachment":"scroll","background-type":"","background-media":"","overlay-type":"","overlay-color":"","overlay-opacity":"","overlay-gradient":""},"mobile":{"background-color":"","background-image":"","background-repeat":"repeat","background-position":"center center","background-size":"auto","background-attachment":"scroll","background-type":"","background-media":"","overlay-type":"","overlay-color":"","overlay-opacity":"","overlay-gradient":""}},"ast-content-background-meta":{"desktop":{"background-color":"var(--ast-global-color-5)","background-image":"","background-repeat":"repeat","background-position":"center center","background-size":"auto","background-attachment":"scroll","background-type":"","background-media":"","overlay-type":"","overlay-color":"","overlay-opacity":"","overlay-gradient":""},"tablet":{"background-color":"var(--ast-global-color-5)","background-image":"","background-repeat":"repeat","background-position":"center center","background-size":"auto","background-attachment":"scroll","background-type":"","background-media":"","overlay-type":"","overlay-color":"","overlay-opacity":"","overlay-gradient":""},"mobile":{"background-color":"var(--ast-global-color-5)","background-image":"","background-repeat":"repeat","background-position":"center center","background-size":"auto","background-attachment":"scroll","background-type":"","background-media":"","overlay-type":"","overlay-color":"","overlay-opacity":"","overlay-gradient":""}},"footnotes":""},"class_list":["post-12584","page","type-page","status-publish","hentry"],"_links":{"self":[{"href":"https:\/\/sinnup.com\/it\/wp-json\/wp\/v2\/pages\/12584","targetHints":{"allow":["GET"]}}],"collection":[{"href":"https:\/\/sinnup.com\/it\/wp-json\/wp\/v2\/pages"}],"about":[{"href":"https:\/\/sinnup.com\/it\/wp-json\/wp\/v2\/types\/page"}],"author":[{"embeddable":true,"href":"https:\/\/sinnup.com\/it\/wp-json\/wp\/v2\/users\/2"}],"replies":[{"embeddable":true,"href":"https:\/\/sinnup.com\/it\/wp-json\/wp\/v2\/comments?post=12584"}],"version-history":[{"count":4,"href":"https:\/\/sinnup.com\/it\/wp-json\/wp\/v2\/pages\/12584\/revisions"}],"predecessor-version":[{"id":31564,"href":"https:\/\/sinnup.com\/it\/wp-json\/wp\/v2\/pages\/12584\/revisions\/31564"}],"wp:attachment":[{"href":"https:\/\/sinnup.com\/it\/wp-json\/wp\/v2\/media?parent=12584"}],"curies":[{"name":"wp","href":"https:\/\/api.w.org\/{rel}","templated":true}]}}