{"id":12670,"date":"2022-11-24T13:05:40","date_gmt":"2022-11-24T12:05:40","guid":{"rendered":"http:\/\/sinnup.com\/blog-sinnup\/"},"modified":"2024-07-10T14:21:08","modified_gmt":"2024-07-10T12:21:08","slug":"blog-sinnup","status":"publish","type":"page","link":"https:\/\/sinnup.com\/it\/blog-sinnup\/","title":{"rendered":"Blog"},"content":{"rendered":"\t\t<div data-elementor-type=\"wp-page\" data-elementor-id=\"12670\" class=\"elementor elementor-12670 elementor-6947\" data-elementor-post-type=\"page\">\n\t\t\t\t\t\t<section class=\"elementor-section elementor-top-section elementor-element elementor-element-6154137 elementor-section-height-min-height elementor-hidden-desktop elementor-hidden-tablet elementor-section-boxed elementor-section-height-default elementor-section-items-middle\" data-id=\"6154137\" data-element_type=\"section\" data-e-type=\"section\" data-settings=\"{&quot;background_background&quot;:&quot;gradient&quot;}\">\n\t\t\t\t\t\t<div class=\"elementor-container elementor-column-gap-default\">\n\t\t\t\t\t<div class=\"elementor-column elementor-col-100 elementor-top-column elementor-element elementor-element-db45f6f\" data-id=\"db45f6f\" data-element_type=\"column\" data-e-type=\"column\">\n\t\t\t<div class=\"elementor-widget-wrap\">\n\t\t\t\t\t\t\t<\/div>\n\t\t<\/div>\n\t\t\t\t\t<\/div>\n\t\t<\/section>\n\t\t\t\t<section class=\"elementor-section elementor-top-section elementor-element elementor-element-2f28c46 elementor-section-full_width elementor-section-height-default elementor-section-height-default\" data-id=\"2f28c46\" data-element_type=\"section\" data-e-type=\"section\" data-settings=\"{&quot;background_background&quot;:&quot;gradient&quot;}\">\n\t\t\t\t\t\t<div class=\"elementor-container elementor-column-gap-default\">\n\t\t\t\t\t<div class=\"elementor-column elementor-col-100 elementor-top-column elementor-element elementor-element-7ef82fa\" data-id=\"7ef82fa\" data-element_type=\"column\" data-e-type=\"column\">\n\t\t\t<div class=\"elementor-widget-wrap elementor-element-populated\">\n\t\t\t\t\t\t<section class=\"elementor-section elementor-inner-section elementor-element elementor-element-b959e6e elementor-section-full_width elementor-section-height-min-height elementor-section-height-default\" data-id=\"b959e6e\" data-element_type=\"section\" data-e-type=\"section\" data-settings=\"{&quot;background_background&quot;:&quot;classic&quot;}\">\n\t\t\t\t\t\t<div class=\"elementor-container elementor-column-gap-default\">\n\t\t\t\t\t<div class=\"elementor-column elementor-col-100 elementor-inner-column elementor-element elementor-element-4d33713\" data-id=\"4d33713\" data-element_type=\"column\" data-e-type=\"column\">\n\t\t\t<div class=\"elementor-widget-wrap\">\n\t\t\t\t\t\t\t<\/div>\n\t\t<\/div>\n\t\t\t\t\t<\/div>\n\t\t<\/section>\n\t\t\t\t<section class=\"elementor-section elementor-inner-section elementor-element elementor-element-2de49ff elementor-section-boxed elementor-section-height-default elementor-section-height-default\" data-id=\"2de49ff\" data-element_type=\"section\" data-e-type=\"section\">\n\t\t\t\t\t\t<div class=\"elementor-container elementor-column-gap-default\">\n\t\t\t\t\t<div class=\"elementor-column elementor-col-100 elementor-inner-column elementor-element elementor-element-6886a9f\" data-id=\"6886a9f\" data-element_type=\"column\" data-e-type=\"column\">\n\t\t\t<div class=\"elementor-widget-wrap elementor-element-populated\">\n\t\t\t\t\t\t<div class=\"elementor-element elementor-element-9ec8c80 elementor-hidden-desktop elementor-hidden-tablet elementor-widget elementor-widget-spacer\" data-id=\"9ec8c80\" data-element_type=\"widget\" data-e-type=\"widget\" data-widget_type=\"spacer.default\">\n\t\t\t\t<div class=\"elementor-widget-container\">\n\t\t\t\t\t\t\t<div class=\"elementor-spacer\">\n\t\t\t<div class=\"elementor-spacer-inner\"><\/div>\n\t\t<\/div>\n\t\t\t\t\t\t<\/div>\n\t\t\t\t<\/div>\n\t\t\t\t<div class=\"elementor-element elementor-element-e86facf elementor-widget elementor-widget-heading\" data-id=\"e86facf\" data-element_type=\"widget\" data-e-type=\"widget\" data-widget_type=\"heading.default\">\n\t\t\t\t<div class=\"elementor-widget-container\">\n\t\t\t\t\t<h1 class=\"elementor-heading-title elementor-size-xl\">Blog su WEB, SEO e NFC.<\/h1>\t\t\t\t<\/div>\n\t\t\t\t<\/div>\n\t\t\t\t<div class=\"elementor-element elementor-element-2eac676 elementor-widget elementor-widget-text-editor\" data-id=\"2eac676\" data-element_type=\"widget\" data-e-type=\"widget\" data-widget_type=\"text-editor.default\">\n\t\t\t\t<div class=\"elementor-widget-container\">\n\t\t\t\t\t\t\t\t\t<h2 style=\"text-align: center;\"><span style=\"font-size: 18pt;\">In questo blog pubblichiamo per voi articoli interessanti su argomenti di attualit\u00e0.<\/span><\/h2>\n\t\t\t\t\t\t\t\t<\/div>\n\t\t\t\t<\/div>\n\t\t\t\t<div class=\"elementor-element elementor-element-f37d76e elementor-widget elementor-widget-spacer\" data-id=\"f37d76e\" data-element_type=\"widget\" data-e-type=\"widget\" data-widget_type=\"spacer.default\">\n\t\t\t\t<div class=\"elementor-widget-container\">\n\t\t\t\t\t\t\t<div class=\"elementor-spacer\">\n\t\t\t<div class=\"elementor-spacer-inner\"><\/div>\n\t\t<\/div>\n\t\t\t\t\t\t<\/div>\n\t\t\t\t<\/div>\n\t\t\t\t<div class=\"elementor-element elementor-element-e0680a2 elementor-widget elementor-widget-heading\" data-id=\"e0680a2\" data-element_type=\"widget\" data-e-type=\"widget\" data-widget_type=\"heading.default\">\n\t\t\t\t<div class=\"elementor-widget-container\">\n\t\t\t\t\t<h2 class=\"elementor-heading-title elementor-size-large\">I nostri ultimi post:<\/h2>\t\t\t\t<\/div>\n\t\t\t\t<\/div>\n\t\t\t\t<div class=\"elementor-element elementor-element-710b2b4 elementor-widget elementor-widget-spacer\" data-id=\"710b2b4\" data-element_type=\"widget\" data-e-type=\"widget\" data-widget_type=\"spacer.default\">\n\t\t\t\t<div class=\"elementor-widget-container\">\n\t\t\t\t\t\t\t<div class=\"elementor-spacer\">\n\t\t\t<div class=\"elementor-spacer-inner\"><\/div>\n\t\t<\/div>\n\t\t\t\t\t\t<\/div>\n\t\t\t\t<\/div>\n\t\t\t\t<div class=\"elementor-element elementor-element-9b48736 elementor-grid-2 elementor-grid-tablet-2 elementor-grid-mobile-1 elementor-posts--thumbnail-top elementor-widget elementor-widget-posts\" data-id=\"9b48736\" data-element_type=\"widget\" data-e-type=\"widget\" data-settings=\"{&quot;classic_columns&quot;:&quot;2&quot;,&quot;pagination_type&quot;:&quot;numbers&quot;,&quot;classic_columns_tablet&quot;:&quot;2&quot;,&quot;classic_columns_mobile&quot;:&quot;1&quot;,&quot;classic_row_gap&quot;:{&quot;unit&quot;:&quot;px&quot;,&quot;size&quot;:35,&quot;sizes&quot;:[]},&quot;classic_row_gap_tablet&quot;:{&quot;unit&quot;:&quot;px&quot;,&quot;size&quot;:&quot;&quot;,&quot;sizes&quot;:[]},&quot;classic_row_gap_mobile&quot;:{&quot;unit&quot;:&quot;px&quot;,&quot;size&quot;:&quot;&quot;,&quot;sizes&quot;:[]}}\" data-widget_type=\"posts.classic\">\n\t\t\t\t<div class=\"elementor-widget-container\">\n\t\t\t\t\t\t\t<div class=\"elementor-posts-container elementor-posts elementor-posts--skin-classic elementor-grid\" role=\"list\">\n\t\t\t\t<article class=\"elementor-post elementor-grid-item post-29721 post type-post status-publish format-standard has-post-thumbnail hentry category-marketing-it\" role=\"listitem\">\n\t\t\t\t<a class=\"elementor-post__thumbnail__link\" href=\"https:\/\/sinnup.com\/it\/sito-web-professionale-rispetto-al-sistema-modulare\/\" tabindex=\"-1\" >\n\t\t\t<div class=\"elementor-post__thumbnail\"><img fetchpriority=\"high\" decoding=\"async\" width=\"512\" height=\"512\" src=\"https:\/\/sinnup.com\/wp-content\/uploads\/2023\/08\/Vorteile-einer-professionellen-Website-im-Vergleich-zu-einer-Website-aus-einem-Baukastensystem_Sinnup-Blog.jpg\" class=\"attachment-full size-full wp-image-29572\" alt=\"Vorteile einer professionellen Website im Vergleich zu einer Website aus einem Baukastensystem - Sinnup Blog\" srcset=\"https:\/\/sinnup.com\/wp-content\/uploads\/2023\/08\/Vorteile-einer-professionellen-Website-im-Vergleich-zu-einer-Website-aus-einem-Baukastensystem_Sinnup-Blog.jpg 512w, https:\/\/sinnup.com\/wp-content\/uploads\/2023\/08\/Vorteile-einer-professionellen-Website-im-Vergleich-zu-einer-Website-aus-einem-Baukastensystem_Sinnup-Blog-300x300.jpg 300w, https:\/\/sinnup.com\/wp-content\/uploads\/2023\/08\/Vorteile-einer-professionellen-Website-im-Vergleich-zu-einer-Website-aus-einem-Baukastensystem_Sinnup-Blog-150x150.jpg 150w\" sizes=\"(max-width: 512px) 100vw, 512px\" \/><\/div>\n\t\t<\/a>\n\t\t\t\t<div class=\"elementor-post__text\">\n\t\t\t\t<h3 class=\"elementor-post__title\">\n\t\t\t<a href=\"https:\/\/sinnup.com\/it\/sito-web-professionale-rispetto-al-sistema-modulare\/\" >\n\t\t\t\tPerch\u00e9 un sito WordPress professionale \u00e8 meglio di un sito modulare\t\t\t<\/a>\n\t\t<\/h3>\n\t\t\t\t<div class=\"elementor-post__meta-data\">\n\t\t\t\t\t<span class=\"elementor-post-author\">\n\t\t\tJ. Krausgruber\t\t<\/span>\n\t\t\t\t<span class=\"elementor-post-date\">\n\t\t\t30 Agosto 2023\t\t<\/span>\n\t\t\t\t<\/div>\n\t\t\t\t<div class=\"elementor-post__excerpt\">\n\t\t\t<p>Se volete creare un sito web per la vostra attivit\u00e0, il vostro hobby o il vostro marchio personale, avete molte opzioni tra cui scegliere. Uno di questi \u00e8 l&#8217;utilizzo di un sito web modulare che<\/p>\n\t\t<\/div>\n\t\t\n\t\t<a class=\"elementor-post__read-more\" href=\"https:\/\/sinnup.com\/it\/sito-web-professionale-rispetto-al-sistema-modulare\/\" aria-label=\"Leggi tutto Perch\u00e9 un sito WordPress professionale \u00e8 meglio di un sito modulare\" tabindex=\"-1\" >\n\t\t\tPer saperne di pi\u00f9 \"\t\t<\/a>\n\n\t\t\t\t<\/div>\n\t\t\t\t<\/article>\n\t\t\t\t<article class=\"elementor-post elementor-grid-item post-29631 post type-post status-publish format-standard has-post-thumbnail hentry category-marketing-it\" role=\"listitem\">\n\t\t\t\t<a class=\"elementor-post__thumbnail__link\" href=\"https:\/\/sinnup.com\/it\/le-tendenze-seo-piu-importanti-per-il-2023\/\" tabindex=\"-1\" >\n\t\t\t<div class=\"elementor-post__thumbnail\"><img decoding=\"async\" width=\"512\" height=\"512\" src=\"https:\/\/sinnup.com\/wp-content\/uploads\/2023\/08\/Die-wichtigsten-Seo-Trends-fuer-2023_Sinnup-Blog.jpg\" class=\"attachment-full size-full wp-image-29565\" alt=\"Die wichtigsten Seo-Trends f\u00fcr 2023 - Sinnup Blog\" srcset=\"https:\/\/sinnup.com\/wp-content\/uploads\/2023\/08\/Die-wichtigsten-Seo-Trends-fuer-2023_Sinnup-Blog.jpg 512w, https:\/\/sinnup.com\/wp-content\/uploads\/2023\/08\/Die-wichtigsten-Seo-Trends-fuer-2023_Sinnup-Blog-300x300.jpg 300w, https:\/\/sinnup.com\/wp-content\/uploads\/2023\/08\/Die-wichtigsten-Seo-Trends-fuer-2023_Sinnup-Blog-150x150.jpg 150w\" sizes=\"(max-width: 512px) 100vw, 512px\" \/><\/div>\n\t\t<\/a>\n\t\t\t\t<div class=\"elementor-post__text\">\n\t\t\t\t<h3 class=\"elementor-post__title\">\n\t\t\t<a href=\"https:\/\/sinnup.com\/it\/le-tendenze-seo-piu-importanti-per-il-2023\/\" >\n\t\t\t\tLe tendenze SEO pi\u00f9 importanti per il 2023\t\t\t<\/a>\n\t\t<\/h3>\n\t\t\t\t<div class=\"elementor-post__meta-data\">\n\t\t\t\t\t<span class=\"elementor-post-author\">\n\t\t\tJ. Krausgruber\t\t<\/span>\n\t\t\t\t<span class=\"elementor-post-date\">\n\t\t\t16 Agosto 2023\t\t<\/span>\n\t\t\t\t<\/div>\n\t\t\t\t<div class=\"elementor-post__excerpt\">\n\t\t\t<p>Google \u00e8 in continua evoluzione e anche i fattori di ranking SEO cambiano costantemente. Ecco alcune delle tendenze SEO pi\u00f9 importanti per il 2023: Ottimizzazione dei dispositivi mobili Sempre pi\u00f9 persone utilizzano Internet tramite dispositivi<\/p>\n\t\t<\/div>\n\t\t\n\t\t<a class=\"elementor-post__read-more\" href=\"https:\/\/sinnup.com\/it\/le-tendenze-seo-piu-importanti-per-il-2023\/\" aria-label=\"Leggi tutto Le tendenze SEO pi\u00f9 importanti per il 2023\" tabindex=\"-1\" >\n\t\t\tPer saperne di pi\u00f9 \"\t\t<\/a>\n\n\t\t\t\t<\/div>\n\t\t\t\t<\/article>\n\t\t\t\t<article class=\"elementor-post elementor-grid-item post-29582 post type-post status-publish format-standard has-post-thumbnail hentry category-marketing-it\" role=\"listitem\">\n\t\t\t\t<a class=\"elementor-post__thumbnail__link\" href=\"https:\/\/sinnup.com\/it\/10-punti-per-un-lancio-online-di-successo-di-un-sito-web\/\" tabindex=\"-1\" >\n\t\t\t<div class=\"elementor-post__thumbnail\"><img decoding=\"async\" width=\"512\" height=\"512\" src=\"https:\/\/sinnup.com\/wp-content\/uploads\/2023\/08\/10-Punkte-fuer-einen-erfolgreichen-Onlinegang-einer-Website_Sinnup-Blog.jpg\" class=\"attachment-full size-full wp-image-29558\" alt=\"10 Punkte f\u00fcr einen erfolgreichen Onlinegang einer Website - Sinnup Blog\" srcset=\"https:\/\/sinnup.com\/wp-content\/uploads\/2023\/08\/10-Punkte-fuer-einen-erfolgreichen-Onlinegang-einer-Website_Sinnup-Blog.jpg 512w, https:\/\/sinnup.com\/wp-content\/uploads\/2023\/08\/10-Punkte-fuer-einen-erfolgreichen-Onlinegang-einer-Website_Sinnup-Blog-300x300.jpg 300w, https:\/\/sinnup.com\/wp-content\/uploads\/2023\/08\/10-Punkte-fuer-einen-erfolgreichen-Onlinegang-einer-Website_Sinnup-Blog-150x150.jpg 150w\" sizes=\"(max-width: 512px) 100vw, 512px\" \/><\/div>\n\t\t<\/a>\n\t\t\t\t<div class=\"elementor-post__text\">\n\t\t\t\t<h3 class=\"elementor-post__title\">\n\t\t\t<a href=\"https:\/\/sinnup.com\/it\/10-punti-per-un-lancio-online-di-successo-di-un-sito-web\/\" >\n\t\t\t\t10 punti per un lancio online di successo di un sito web\t\t\t<\/a>\n\t\t<\/h3>\n\t\t\t\t<div class=\"elementor-post__meta-data\">\n\t\t\t\t\t<span class=\"elementor-post-author\">\n\t\t\tJ. Krausgruber\t\t<\/span>\n\t\t\t\t<span class=\"elementor-post-date\">\n\t\t\t2 Agosto 2023\t\t<\/span>\n\t\t\t\t<\/div>\n\t\t\t\t<div class=\"elementor-post__excerpt\">\n\t\t\t<p>1. Definire gli obiettivi Cosa volete ottenere con il vostro sito web? Volete attirare pi\u00f9 clienti, promuovere il vostro marchio o semplicemente presentare i vostri prodotti o servizi? Una volta conosciuti i vostri obiettivi, potrete<\/p>\n\t\t<\/div>\n\t\t\n\t\t<a class=\"elementor-post__read-more\" href=\"https:\/\/sinnup.com\/it\/10-punti-per-un-lancio-online-di-successo-di-un-sito-web\/\" aria-label=\"Leggi tutto 10 punti per un lancio online di successo di un sito web\" tabindex=\"-1\" >\n\t\t\tPer saperne di pi\u00f9 \"\t\t<\/a>\n\n\t\t\t\t<\/div>\n\t\t\t\t<\/article>\n\t\t\t\t<article class=\"elementor-post elementor-grid-item post-24667 post type-post status-publish format-standard has-post-thumbnail hentry category-marketing-it category-tecnologia\" role=\"listitem\">\n\t\t\t\t<a class=\"elementor-post__thumbnail__link\" href=\"https:\/\/sinnup.com\/it\/gpt3-lintelligenza-artificiale-e-in-crescita\/\" tabindex=\"-1\" >\n\t\t\t<div class=\"elementor-post__thumbnail\"><img loading=\"lazy\" decoding=\"async\" width=\"512\" height=\"512\" src=\"https:\/\/sinnup.com\/wp-content\/uploads\/2023\/01\/GPT3-Kuenstliche-Intelligenz-auf-dem-Vormarsch.-Sinnup-wir-machen-digitales-greifbar.png\" class=\"attachment-full size-full wp-image-23379\" alt=\"GPT3 K\u00fcnstliche Intelligenz auf dem Vormarsch. Sinnup-wir machen digitales greifbar\" srcset=\"https:\/\/sinnup.com\/wp-content\/uploads\/2023\/01\/GPT3-Kuenstliche-Intelligenz-auf-dem-Vormarsch.-Sinnup-wir-machen-digitales-greifbar.png 512w, https:\/\/sinnup.com\/wp-content\/uploads\/2023\/01\/GPT3-Kuenstliche-Intelligenz-auf-dem-Vormarsch.-Sinnup-wir-machen-digitales-greifbar-300x300.png 300w, https:\/\/sinnup.com\/wp-content\/uploads\/2023\/01\/GPT3-Kuenstliche-Intelligenz-auf-dem-Vormarsch.-Sinnup-wir-machen-digitales-greifbar-150x150.png 150w, https:\/\/sinnup.com\/wp-content\/uploads\/2023\/01\/GPT3-Kuenstliche-Intelligenz-auf-dem-Vormarsch.-Sinnup-wir-machen-digitales-greifbar-400x400.png 400w, https:\/\/sinnup.com\/wp-content\/uploads\/2023\/01\/GPT3-Kuenstliche-Intelligenz-auf-dem-Vormarsch.-Sinnup-wir-machen-digitales-greifbar-100x100.png 100w\" sizes=\"(max-width: 512px) 100vw, 512px\" \/><\/div>\n\t\t<\/a>\n\t\t\t\t<div class=\"elementor-post__text\">\n\t\t\t\t<h3 class=\"elementor-post__title\">\n\t\t\t<a href=\"https:\/\/sinnup.com\/it\/gpt3-lintelligenza-artificiale-e-in-crescita\/\" >\n\t\t\t\tGPT3: L&#8217;intelligenza artificiale \u00e8 in crescita.\t\t\t<\/a>\n\t\t<\/h3>\n\t\t\t\t<div class=\"elementor-post__meta-data\">\n\t\t\t\t\t<span class=\"elementor-post-author\">\n\t\t\tJ. Krausgruber\t\t<\/span>\n\t\t\t\t<span class=\"elementor-post-date\">\n\t\t\t16 Gennaio 2023\t\t<\/span>\n\t\t\t\t<\/div>\n\t\t\t\t<div class=\"elementor-post__excerpt\">\n\t\t\t<p>Che cos&#8217;\u00e8 l&#8217;intelligenza artificiale (AI)? L&#8217;intelligenza artificiale (AI) \u00e8 una tecnologia che consente a computer e macchine di imitare le capacit\u00e0 umane. L&#8217;IA viene utilizzata per risolvere problemi complessi e prendere decisioni difficili utilizzando algoritmi<\/p>\n\t\t<\/div>\n\t\t\n\t\t<a class=\"elementor-post__read-more\" href=\"https:\/\/sinnup.com\/it\/gpt3-lintelligenza-artificiale-e-in-crescita\/\" aria-label=\"Leggi tutto GPT3: L&#8217;intelligenza artificiale \u00e8 in crescita.\" tabindex=\"-1\" >\n\t\t\tPer saperne di pi\u00f9 \"\t\t<\/a>\n\n\t\t\t\t<\/div>\n\t\t\t\t<\/article>\n\t\t\t\t<article class=\"elementor-post elementor-grid-item post-12937 post type-post status-publish format-standard has-post-thumbnail hentry category-marketing-it\" role=\"listitem\">\n\t\t\t\t<a class=\"elementor-post__thumbnail__link\" href=\"https:\/\/sinnup.com\/it\/crossmedia-campagne-digitali-con-valore-aggiunto-tattile-grazie-allnfc\/\" tabindex=\"-1\" >\n\t\t\t<div class=\"elementor-post__thumbnail\"><img loading=\"lazy\" decoding=\"async\" width=\"1600\" height=\"954\" src=\"https:\/\/sinnup.com\/wp-content\/uploads\/2022\/11\/Crossmedia-digitale-Kampagnen-mit-haptischem-Mehrwert-durch-NFC.jpg\" class=\"attachment-full size-full wp-image-8560\" alt=\"Crossmedia - digitale Kampagnen mit haptischem Mehrwert durch NFC\" srcset=\"https:\/\/sinnup.com\/wp-content\/uploads\/2022\/11\/Crossmedia-digitale-Kampagnen-mit-haptischem-Mehrwert-durch-NFC.jpg 1600w, https:\/\/sinnup.com\/wp-content\/uploads\/2022\/11\/Crossmedia-digitale-Kampagnen-mit-haptischem-Mehrwert-durch-NFC-300x179.jpg 300w, https:\/\/sinnup.com\/wp-content\/uploads\/2022\/11\/Crossmedia-digitale-Kampagnen-mit-haptischem-Mehrwert-durch-NFC-1024x611.jpg 1024w, https:\/\/sinnup.com\/wp-content\/uploads\/2022\/11\/Crossmedia-digitale-Kampagnen-mit-haptischem-Mehrwert-durch-NFC-768x458.jpg 768w, https:\/\/sinnup.com\/wp-content\/uploads\/2022\/11\/Crossmedia-digitale-Kampagnen-mit-haptischem-Mehrwert-durch-NFC-1536x916.jpg 1536w, https:\/\/sinnup.com\/wp-content\/uploads\/2022\/11\/Crossmedia-digitale-Kampagnen-mit-haptischem-Mehrwert-durch-NFC-600x358.jpg 600w\" sizes=\"(max-width: 1600px) 100vw, 1600px\" \/><\/div>\n\t\t<\/a>\n\t\t\t\t<div class=\"elementor-post__text\">\n\t\t\t\t<h3 class=\"elementor-post__title\">\n\t\t\t<a href=\"https:\/\/sinnup.com\/it\/crossmedia-campagne-digitali-con-valore-aggiunto-tattile-grazie-allnfc\/\" >\n\t\t\t\tCrossmedia &#8211; campagne digitali con valore aggiunto tattile grazie all&#8217;NFC\t\t\t<\/a>\n\t\t<\/h3>\n\t\t\t\t<div class=\"elementor-post__meta-data\">\n\t\t\t\t\t<span class=\"elementor-post-author\">\n\t\t\tJ. Krausgruber\t\t<\/span>\n\t\t\t\t<span class=\"elementor-post-date\">\n\t\t\t27 Novembre 2022\t\t<\/span>\n\t\t\t\t<\/div>\n\t\t\t\t<div class=\"elementor-post__excerpt\">\n\t\t\t<p>L&#8217;industria pubblicitaria, come molti altri settori, \u00e8 in costante mutamento. Se un tempo gli annunci pubblicitari su giornali o riviste erano uno dei principali canali di comunicazione aziendale, in seguito si sono aggiunti media come<\/p>\n\t\t<\/div>\n\t\t\n\t\t<a class=\"elementor-post__read-more\" href=\"https:\/\/sinnup.com\/it\/crossmedia-campagne-digitali-con-valore-aggiunto-tattile-grazie-allnfc\/\" aria-label=\"Leggi tutto Crossmedia &#8211; campagne digitali con valore aggiunto tattile grazie all&#8217;NFC\" tabindex=\"-1\" >\n\t\t\tPer saperne di pi\u00f9 \"\t\t<\/a>\n\n\t\t\t\t<\/div>\n\t\t\t\t<\/article>\n\t\t\t\t<article class=\"elementor-post elementor-grid-item post-13255 post type-post status-publish format-standard has-post-thumbnail hentry category-tecnologia\" role=\"listitem\">\n\t\t\t\t<a class=\"elementor-post__thumbnail__link\" href=\"https:\/\/sinnup.com\/it\/il-web-3-0-spiegato-con-la-tecnologia-blockchain\/\" tabindex=\"-1\" >\n\t\t\t<div class=\"elementor-post__thumbnail\"><img loading=\"lazy\" decoding=\"async\" width=\"605\" height=\"379\" src=\"https:\/\/sinnup.com\/wp-content\/uploads\/2022\/11\/Das-Web-3.0-anhand-der-Blockchain-Technologie-erklaert.jpg\" class=\"attachment-full size-full wp-image-8601\" alt=\"Das Web 3.0 anhand der Blockchain-Technologie erkl\u00e4rt\" srcset=\"https:\/\/sinnup.com\/wp-content\/uploads\/2022\/11\/Das-Web-3.0-anhand-der-Blockchain-Technologie-erklaert.jpg 605w, https:\/\/sinnup.com\/wp-content\/uploads\/2022\/11\/Das-Web-3.0-anhand-der-Blockchain-Technologie-erklaert-300x188.jpg 300w, https:\/\/sinnup.com\/wp-content\/uploads\/2022\/11\/Das-Web-3.0-anhand-der-Blockchain-Technologie-erklaert-600x376.jpg 600w\" sizes=\"(max-width: 605px) 100vw, 605px\" \/><\/div>\n\t\t<\/a>\n\t\t\t\t<div class=\"elementor-post__text\">\n\t\t\t\t<h3 class=\"elementor-post__title\">\n\t\t\t<a href=\"https:\/\/sinnup.com\/it\/il-web-3-0-spiegato-con-la-tecnologia-blockchain\/\" >\n\t\t\t\tIl Web 3.0 spiegato con la tecnologia blockchain\t\t\t<\/a>\n\t\t<\/h3>\n\t\t\t\t<div class=\"elementor-post__meta-data\">\n\t\t\t\t\t<span class=\"elementor-post-author\">\n\t\t\tJ. Krausgruber\t\t<\/span>\n\t\t\t\t<span class=\"elementor-post-date\">\n\t\t\t5 Luglio 2022\t\t<\/span>\n\t\t\t\t<\/div>\n\t\t\t\t<div class=\"elementor-post__excerpt\">\n\t\t\t<p>Web 3.0 \u00e8 il termine utilizzato per descrivere la terza generazione di servizi Internet. Si tratta di creare siti web intelligenti e collegati in rete. Per questo, i servizi Internet si concentrano sull&#8217;utilizzo di dati<\/p>\n\t\t<\/div>\n\t\t\n\t\t<a class=\"elementor-post__read-more\" href=\"https:\/\/sinnup.com\/it\/il-web-3-0-spiegato-con-la-tecnologia-blockchain\/\" aria-label=\"Leggi tutto Il Web 3.0 spiegato con la tecnologia blockchain\" tabindex=\"-1\" >\n\t\t\tPer saperne di pi\u00f9 \"\t\t<\/a>\n\n\t\t\t\t<\/div>\n\t\t\t\t<\/article>\n\t\t\t\t<\/div>\n\t\t\n\t\t\t\t<div class=\"e-load-more-anchor\" data-page=\"1\" data-max-page=\"7\" data-next-page=\"https:\/\/sinnup.com\/it\/wp-json\/wp\/v2\/pages\/12670\/page\/2\/\"><\/div>\n\t\t\t\t<nav class=\"elementor-pagination\" aria-label=\"Paginazione\">\n\t\t\t<span aria-current=\"page\" class=\"page-numbers current\"><span class=\"elementor-screen-only\">Pagina<\/span>1<\/span>\n<a class=\"page-numbers\" href=\"https:\/\/sinnup.com\/it\/wp-json\/wp\/v2\/pages\/12670\/page\/2\/\"><span class=\"elementor-screen-only\">Pagina<\/span>2<\/a>\n<a class=\"page-numbers\" href=\"https:\/\/sinnup.com\/it\/wp-json\/wp\/v2\/pages\/12670\/page\/3\/\"><span class=\"elementor-screen-only\">Pagina<\/span>3<\/a>\n<a class=\"page-numbers\" href=\"https:\/\/sinnup.com\/it\/wp-json\/wp\/v2\/pages\/12670\/page\/4\/\"><span class=\"elementor-screen-only\">Pagina<\/span>4<\/a>\n<a class=\"page-numbers\" href=\"https:\/\/sinnup.com\/it\/wp-json\/wp\/v2\/pages\/12670\/page\/5\/\"><span class=\"elementor-screen-only\">Pagina<\/span>5<\/a>\t\t<\/nav>\n\t\t\t\t\t\t<\/div>\n\t\t\t\t<\/div>\n\t\t\t\t\t<\/div>\n\t\t<\/div>\n\t\t\t\t\t<\/div>\n\t\t<\/section>\n\t\t\t\t\t<\/div>\n\t\t<\/div>\n\t\t\t\t\t<\/div>\n\t\t<\/section>\n\t\t\t\t<\/div>\n\t\t","protected":false},"excerpt":{"rendered":"<p>Blog su WEB, SEO e NFC. In questo blog pubblichiamo per voi articoli interessanti su argomenti di attualit\u00e0. I nostri ultimi post:<\/p>\n","protected":false},"author":2,"featured_media":0,"parent":0,"menu_order":0,"comment_status":"closed","ping_status":"closed","template":"","meta":{"site-sidebar-layout":"right-sidebar","site-content-layout":"page-builder","ast-site-content-layout":"default","site-content-style":"default","site-sidebar-style":"default","ast-global-header-display":"","ast-banner-title-visibility":"","ast-main-header-display":"","ast-hfb-above-header-display":"","ast-hfb-below-header-display":"","ast-hfb-mobile-header-display":"","site-post-title":"disabled","ast-breadcrumbs-content":"","ast-featured-img":"disabled","footer-sml-layout":"","ast-disable-related-posts":"","theme-transparent-header-meta":"enabled","adv-header-id-meta":"","stick-header-meta":"default","header-above-stick-meta":"","header-main-stick-meta":"","header-below-stick-meta":"","astra-migrate-meta-layouts":"default","ast-page-background-enabled":"default","ast-page-background-meta":{"desktop":{"background-color":"","background-image":"","background-repeat":"repeat","background-position":"center center","background-size":"auto","background-attachment":"scroll","background-type":"","background-media":"","overlay-type":"","overlay-color":"","overlay-opacity":"","overlay-gradient":""},"tablet":{"background-color":"","background-image":"","background-repeat":"repeat","background-position":"center center","background-size":"auto","background-attachment":"scroll","background-type":"","background-media":"","overlay-type":"","overlay-color":"","overlay-opacity":"","overlay-gradient":""},"mobile":{"background-color":"","background-image":"","background-repeat":"repeat","background-position":"center center","background-size":"auto","background-attachment":"scroll","background-type":"","background-media":"","overlay-type":"","overlay-color":"","overlay-opacity":"","overlay-gradient":""}},"ast-content-background-meta":{"desktop":{"background-color":"var(--ast-global-color-5)","background-image":"","background-repeat":"repeat","background-position":"center center","background-size":"auto","background-attachment":"scroll","background-type":"","background-media":"","overlay-type":"","overlay-color":"","overlay-opacity":"","overlay-gradient":""},"tablet":{"background-color":"var(--ast-global-color-5)","background-image":"","background-repeat":"repeat","background-position":"center center","background-size":"auto","background-attachment":"scroll","background-type":"","background-media":"","overlay-type":"","overlay-color":"","overlay-opacity":"","overlay-gradient":""},"mobile":{"background-color":"var(--ast-global-color-5)","background-image":"","background-repeat":"repeat","background-position":"center center","background-size":"auto","background-attachment":"scroll","background-type":"","background-media":"","overlay-type":"","overlay-color":"","overlay-opacity":"","overlay-gradient":""}},"footnotes":""},"class_list":["post-12670","page","type-page","status-publish","hentry"],"_links":{"self":[{"href":"https:\/\/sinnup.com\/it\/wp-json\/wp\/v2\/pages\/12670","targetHints":{"allow":["GET"]}}],"collection":[{"href":"https:\/\/sinnup.com\/it\/wp-json\/wp\/v2\/pages"}],"about":[{"href":"https:\/\/sinnup.com\/it\/wp-json\/wp\/v2\/types\/page"}],"author":[{"embeddable":true,"href":"https:\/\/sinnup.com\/it\/wp-json\/wp\/v2\/users\/2"}],"replies":[{"embeddable":true,"href":"https:\/\/sinnup.com\/it\/wp-json\/wp\/v2\/comments?post=12670"}],"version-history":[{"count":2,"href":"https:\/\/sinnup.com\/it\/wp-json\/wp\/v2\/pages\/12670\/revisions"}],"predecessor-version":[{"id":31383,"href":"https:\/\/sinnup.com\/it\/wp-json\/wp\/v2\/pages\/12670\/revisions\/31383"}],"wp:attachment":[{"href":"https:\/\/sinnup.com\/it\/wp-json\/wp\/v2\/media?parent=12670"}],"curies":[{"name":"wp","href":"https:\/\/api.w.org\/{rel}","templated":true}]}}