{"id":13355,"date":"2022-11-15T21:26:53","date_gmt":"2022-11-15T20:26:53","guid":{"rendered":"http:\/\/sinnup.com\/seo\/"},"modified":"2024-07-10T15:23:29","modified_gmt":"2024-07-10T13:23:29","slug":"seo","status":"publish","type":"page","link":"https:\/\/sinnup.com\/it\/seo\/","title":{"rendered":"SEO"},"content":{"rendered":"\t\t<div data-elementor-type=\"wp-page\" data-elementor-id=\"13355\" class=\"elementor elementor-13355 elementor-5099\" data-elementor-post-type=\"page\">\n\t\t\t\t\t\t<section class=\"elementor-section elementor-top-section elementor-element elementor-element-6de40d3 elementor-section-height-min-height elementor-section-full_width elementor-section-stretched elementor-hidden-mobile elementor-section-height-default elementor-section-items-middle\" data-id=\"6de40d3\" data-element_type=\"section\" data-e-type=\"section\" data-settings=\"{&quot;background_background&quot;:&quot;gradient&quot;,&quot;stretch_section&quot;:&quot;section-stretched&quot;}\">\n\t\t\t\t\t\t<div class=\"elementor-container elementor-column-gap-no\">\n\t\t\t\t\t<div class=\"elementor-column elementor-col-100 elementor-top-column elementor-element elementor-element-c02dfd4\" data-id=\"c02dfd4\" data-element_type=\"column\" data-e-type=\"column\">\n\t\t\t<div class=\"elementor-widget-wrap elementor-element-populated\">\n\t\t\t\t\t\t<div class=\"elementor-element elementor-element-6aa2a6e elementor-widget elementor-widget-image\" data-id=\"6aa2a6e\" data-element_type=\"widget\" data-e-type=\"widget\" data-widget_type=\"image.default\">\n\t\t\t\t<div class=\"elementor-widget-container\">\n\t\t\t\t\t\t\t\t\t\t\t\t\t\t\t<img fetchpriority=\"high\" decoding=\"async\" width=\"2048\" height=\"1277\" src=\"https:\/\/sinnup.com\/wp-content\/uploads\/2023\/01\/SEO-von-Sinnup-damit-machen-wir-digitales-greifbar-das-Sinnup-Team-unterstuetzt-Sie-dabei-gerne-eine-Idee-weiter-gedacht-2048x1277.png\" class=\"attachment-2048x2048 size-2048x2048 wp-image-26741\" alt=\"SEO von Sinnup - damit machen wir digitales greifbar - das Sinnup Team unterst\u00fctzt Sie dabei gerne-eine Idee weiter gedacht\" srcset=\"https:\/\/sinnup.com\/wp-content\/uploads\/2023\/01\/SEO-von-Sinnup-damit-machen-wir-digitales-greifbar-das-Sinnup-Team-unterstuetzt-Sie-dabei-gerne-eine-Idee-weiter-gedacht-2048x1277.png 2048w, https:\/\/sinnup.com\/wp-content\/uploads\/2023\/01\/SEO-von-Sinnup-damit-machen-wir-digitales-greifbar-das-Sinnup-Team-unterstuetzt-Sie-dabei-gerne-eine-Idee-weiter-gedacht-300x187.png 300w, https:\/\/sinnup.com\/wp-content\/uploads\/2023\/01\/SEO-von-Sinnup-damit-machen-wir-digitales-greifbar-das-Sinnup-Team-unterstuetzt-Sie-dabei-gerne-eine-Idee-weiter-gedacht-1024x639.png 1024w, https:\/\/sinnup.com\/wp-content\/uploads\/2023\/01\/SEO-von-Sinnup-damit-machen-wir-digitales-greifbar-das-Sinnup-Team-unterstuetzt-Sie-dabei-gerne-eine-Idee-weiter-gedacht-768x479.png 768w, https:\/\/sinnup.com\/wp-content\/uploads\/2023\/01\/SEO-von-Sinnup-damit-machen-wir-digitales-greifbar-das-Sinnup-Team-unterstuetzt-Sie-dabei-gerne-eine-Idee-weiter-gedacht-1536x958.png 1536w, https:\/\/sinnup.com\/wp-content\/uploads\/2023\/01\/SEO-von-Sinnup-damit-machen-wir-digitales-greifbar-das-Sinnup-Team-unterstuetzt-Sie-dabei-gerne-eine-Idee-weiter-gedacht-600x374.png 600w\" sizes=\"(max-width: 2048px) 100vw, 2048px\" \/>\t\t\t\t\t\t\t\t\t\t\t\t\t\t\t<\/div>\n\t\t\t\t<\/div>\n\t\t\t\t<div class=\"elementor-element elementor-element-b1f8845 elementor-hidden-mobile elementor-widget elementor-widget-heading\" data-id=\"b1f8845\" data-element_type=\"widget\" data-e-type=\"widget\" data-widget_type=\"heading.default\">\n\t\t\t\t<div class=\"elementor-widget-container\">\n\t\t\t\t\t<h1 class=\"elementor-heading-title elementor-size-xl\">SEO - la vostra perfetta ottimizzazione onpage.<\/h1>\t\t\t\t<\/div>\n\t\t\t\t<\/div>\n\t\t\t\t\t<\/div>\n\t\t<\/div>\n\t\t\t\t\t<\/div>\n\t\t<\/section>\n\t\t\t\t<section class=\"elementor-section elementor-top-section elementor-element elementor-element-c753f48 elementor-section-height-min-height elementor-hidden-desktop elementor-hidden-tablet elementor-section-boxed elementor-section-height-default elementor-section-items-middle\" data-id=\"c753f48\" data-element_type=\"section\" data-e-type=\"section\" data-settings=\"{&quot;background_background&quot;:&quot;gradient&quot;}\">\n\t\t\t\t\t\t<div class=\"elementor-container elementor-column-gap-default\">\n\t\t\t\t\t<div class=\"elementor-column elementor-col-100 elementor-top-column elementor-element elementor-element-f66e9ed\" data-id=\"f66e9ed\" data-element_type=\"column\" data-e-type=\"column\">\n\t\t\t<div class=\"elementor-widget-wrap\">\n\t\t\t\t\t\t\t<\/div>\n\t\t<\/div>\n\t\t\t\t\t<\/div>\n\t\t<\/section>\n\t\t\t\t<section class=\"elementor-section elementor-top-section elementor-element elementor-element-5edeb13 elementor-section-full_width elementor-section-height-min-height elementor-section-items-top elementor-hidden-desktop elementor-hidden-tablet elementor-section-stretched elementor-section-height-default\" data-id=\"5edeb13\" data-element_type=\"section\" data-e-type=\"section\" data-settings=\"{&quot;background_background&quot;:&quot;classic&quot;,&quot;stretch_section&quot;:&quot;section-stretched&quot;}\">\n\t\t\t\t\t\t<div class=\"elementor-container elementor-column-gap-no\">\n\t\t\t\t\t<div class=\"elementor-column elementor-col-100 elementor-top-column elementor-element elementor-element-e6a6e76\" data-id=\"e6a6e76\" data-element_type=\"column\" data-e-type=\"column\">\n\t\t\t<div class=\"elementor-widget-wrap\">\n\t\t\t\t\t\t\t<\/div>\n\t\t<\/div>\n\t\t\t\t\t<\/div>\n\t\t<\/section>\n\t\t\t\t<section class=\"elementor-section elementor-top-section elementor-element elementor-element-2e02333 elementor-section-boxed elementor-section-height-default elementor-section-height-default\" data-id=\"2e02333\" data-element_type=\"section\" data-e-type=\"section\" data-settings=\"{&quot;background_background&quot;:&quot;classic&quot;}\">\n\t\t\t\t\t\t<div class=\"elementor-container elementor-column-gap-default\">\n\t\t\t\t\t<div class=\"elementor-column elementor-col-100 elementor-top-column elementor-element elementor-element-12b5a82\" data-id=\"12b5a82\" data-element_type=\"column\" data-e-type=\"column\">\n\t\t\t<div class=\"elementor-widget-wrap elementor-element-populated\">\n\t\t\t\t\t\t<div class=\"elementor-element elementor-element-7dab1fb elementor-hidden-desktop elementor-hidden-tablet elementor-widget elementor-widget-heading\" data-id=\"7dab1fb\" data-element_type=\"widget\" data-e-type=\"widget\" data-widget_type=\"heading.default\">\n\t\t\t\t<div class=\"elementor-widget-container\">\n\t\t\t\t\t<p class=\"elementor-heading-title elementor-size-xl\">SEO - la vostra perfetta ottimizzazione onpage.<\/p>\t\t\t\t<\/div>\n\t\t\t\t<\/div>\n\t\t\t\t\t<\/div>\n\t\t<\/div>\n\t\t\t\t\t<\/div>\n\t\t<\/section>\n\t\t\t\t<section class=\"elementor-section elementor-top-section elementor-element elementor-element-a24b7e6 elementor-section-boxed elementor-section-height-default elementor-section-height-default\" data-id=\"a24b7e6\" data-element_type=\"section\" data-e-type=\"section\" data-settings=\"{&quot;background_background&quot;:&quot;classic&quot;}\">\n\t\t\t\t\t\t<div class=\"elementor-container elementor-column-gap-default\">\n\t\t\t\t\t<div class=\"elementor-column elementor-col-100 elementor-top-column elementor-element elementor-element-8f8a5e3\" data-id=\"8f8a5e3\" data-element_type=\"column\" data-e-type=\"column\">\n\t\t\t<div class=\"elementor-widget-wrap elementor-element-populated\">\n\t\t\t\t\t\t<div class=\"elementor-element elementor-element-e8d6e87 elementor-widget elementor-widget-heading\" data-id=\"e8d6e87\" data-element_type=\"widget\" data-e-type=\"widget\" data-widget_type=\"heading.default\">\n\t\t\t\t<div class=\"elementor-widget-container\">\n\t\t\t\t\t<h2 class=\"elementor-heading-title elementor-size-xl\">La migliore strategia SEO per la vostra azienda<\/h2>\t\t\t\t<\/div>\n\t\t\t\t<\/div>\n\t\t\t\t<div class=\"elementor-element elementor-element-6cfdf0b elementor-widget elementor-widget-spacer\" data-id=\"6cfdf0b\" data-element_type=\"widget\" data-e-type=\"widget\" data-widget_type=\"spacer.default\">\n\t\t\t\t<div class=\"elementor-widget-container\">\n\t\t\t\t\t\t\t<div class=\"elementor-spacer\">\n\t\t\t<div class=\"elementor-spacer-inner\"><\/div>\n\t\t<\/div>\n\t\t\t\t\t\t<\/div>\n\t\t\t\t<\/div>\n\t\t\t\t<div class=\"elementor-element elementor-element-3ae7d1f elementor-widget elementor-widget-heading\" data-id=\"3ae7d1f\" data-element_type=\"widget\" data-e-type=\"widget\" data-widget_type=\"heading.default\">\n\t\t\t\t<div class=\"elementor-widget-container\">\n\t\t\t\t\t<h3 class=\"elementor-heading-title elementor-size-large\">1. ottimizzazione dei motori di ricerca<\/h3>\t\t\t\t<\/div>\n\t\t\t\t<\/div>\n\t\t\t\t<div class=\"elementor-element elementor-element-4254dd1 elementor-widget elementor-widget-text-editor\" data-id=\"4254dd1\" data-element_type=\"widget\" data-e-type=\"widget\" data-widget_type=\"text-editor.default\">\n\t\t\t\t<div class=\"elementor-widget-container\">\n\t\t\t\t\t\t\t\t\t<p>L&#8217;ottimizzazione della pagina \u00e8 una parte importante dell&#8217;ottimizzazione dei motori di ricerca (SEO). Ottimizzando il tuo sito web, puoi aumentare le possibilit\u00e0 di apparire in alto nei risultati dei motori di ricerca come Google.<\/p>\n\t\t\t\t\t\t\t\t<\/div>\n\t\t\t\t<\/div>\n\t\t\t\t<div class=\"elementor-element elementor-element-f074187 elementor-widget elementor-widget-heading\" data-id=\"f074187\" data-element_type=\"widget\" data-e-type=\"widget\" data-widget_type=\"heading.default\">\n\t\t\t\t<div class=\"elementor-widget-container\">\n\t\t\t\t\t<h3 class=\"elementor-heading-title elementor-size-large\">2. migliore esperienza dell'utente<\/h3>\t\t\t\t<\/div>\n\t\t\t\t<\/div>\n\t\t\t\t<div class=\"elementor-element elementor-element-dff0f31 elementor-widget elementor-widget-text-editor\" data-id=\"dff0f31\" data-element_type=\"widget\" data-e-type=\"widget\" data-widget_type=\"text-editor.default\">\n\t\t\t\t<div class=\"elementor-widget-container\">\n\t\t\t\t\t\t\t\t\t<p>Un sito web ben ottimizzato con elementi di navigazione chiari, tempi di caricamento rapidi e testi leggibili ha un effetto positivo sull&#8217;esperienza dell&#8217;utente. Gli utenti rimangono pi\u00f9 a lungo sul sito web e di solito visitano pi\u00f9 pagine.<\/p>\n\t\t\t\t\t\t\t\t<\/div>\n\t\t\t\t<\/div>\n\t\t\t\t<div class=\"elementor-element elementor-element-8d53b6d elementor-widget elementor-widget-heading\" data-id=\"8d53b6d\" data-element_type=\"widget\" data-e-type=\"widget\" data-widget_type=\"heading.default\">\n\t\t\t\t<div class=\"elementor-widget-container\">\n\t\t\t\t\t<h3 class=\"elementor-heading-title elementor-size-large\">3. i contenuti sono pi\u00f9 facili da trovare<\/h3>\t\t\t\t<\/div>\n\t\t\t\t<\/div>\n\t\t\t\t<div class=\"elementor-element elementor-element-433f1e2 elementor-widget elementor-widget-text-editor\" data-id=\"433f1e2\" data-element_type=\"widget\" data-e-type=\"widget\" data-widget_type=\"text-editor.default\">\n\t\t\t\t<div class=\"elementor-widget-container\">\n\t\t\t\t\t\t\t\t\t<p>Una struttura pulita delle pagine, titoli ottimizzati e URL significativi rendono pi\u00f9 facile per i motori di ricerca e per gli utenti trovare i contenuti rilevanti del sito.<\/p>\n\t\t\t\t\t\t\t\t<\/div>\n\t\t\t\t<\/div>\n\t\t\t\t<div class=\"elementor-element elementor-element-8b548dd elementor-widget elementor-widget-heading\" data-id=\"8b548dd\" data-element_type=\"widget\" data-e-type=\"widget\" data-widget_type=\"heading.default\">\n\t\t\t\t<div class=\"elementor-widget-container\">\n\t\t\t\t\t<h3 class=\"elementor-heading-title elementor-size-large\">4. riduzione della frequenza di rimbalzo<\/h3>\t\t\t\t<\/div>\n\t\t\t\t<\/div>\n\t\t\t\t<div class=\"elementor-element elementor-element-81b2b2c elementor-widget elementor-widget-text-editor\" data-id=\"81b2b2c\" data-element_type=\"widget\" data-e-type=\"widget\" data-widget_type=\"text-editor.default\">\n\t\t\t\t<div class=\"elementor-widget-container\">\n\t\t\t\t\t\t\t\t\t<p>Una scarsa ottimizzazione on-page pu\u00f2 portare a un&#8217;elevata frequenza di rimbalzo, che pu\u00f2 compromettere le tue possibilit\u00e0 di posizionamento nei motori di ricerca. Una buona ottimizzazione della pagina garantisce una migliore usabilit\u00e0 e una minore frequenza di rimbalzo.<\/p>\n\t\t\t\t\t\t\t\t<\/div>\n\t\t\t\t<\/div>\n\t\t\t\t<div class=\"elementor-element elementor-element-f8ed557 elementor-widget elementor-widget-heading\" data-id=\"f8ed557\" data-element_type=\"widget\" data-e-type=\"widget\" data-widget_type=\"heading.default\">\n\t\t\t\t<div class=\"elementor-widget-container\">\n\t\t\t\t\t<h3 class=\"elementor-heading-title elementor-size-large\">5. competitivit\u00e0<\/h3>\t\t\t\t<\/div>\n\t\t\t\t<\/div>\n\t\t\t\t<div class=\"elementor-element elementor-element-10b4a32 elementor-widget elementor-widget-text-editor\" data-id=\"10b4a32\" data-element_type=\"widget\" data-e-type=\"widget\" data-widget_type=\"text-editor.default\">\n\t\t\t\t<div class=\"elementor-widget-container\">\n\t\t\t\t\t\t\t\t\t<p>Se il tuo sito web \u00e8 ben ottimizzato, pu\u00f2 affermarsi meglio nei confronti della concorrenza. Una maggiore visibilit\u00e0 sui motori di ricerca pu\u00f2 aumentare la fiducia degli utenti e, in ultima analisi, portare a maggiori conversioni.<\/p>\n\t\t\t\t\t\t\t\t<\/div>\n\t\t\t\t<\/div>\n\t\t\t\t<div class=\"elementor-element elementor-element-ffae4e1 elementor-widget elementor-widget-spacer\" data-id=\"ffae4e1\" data-element_type=\"widget\" data-e-type=\"widget\" data-widget_type=\"spacer.default\">\n\t\t\t\t<div class=\"elementor-widget-container\">\n\t\t\t\t\t\t\t<div class=\"elementor-spacer\">\n\t\t\t<div class=\"elementor-spacer-inner\"><\/div>\n\t\t<\/div>\n\t\t\t\t\t\t<\/div>\n\t\t\t\t<\/div>\n\t\t\t\t<div class=\"elementor-element elementor-element-1a2e669 elementor-widget elementor-widget-text-editor\" data-id=\"1a2e669\" data-element_type=\"widget\" data-e-type=\"widget\" data-widget_type=\"text-editor.default\">\n\t\t\t\t<div class=\"elementor-widget-container\">\n\t\t\t\t\t\t\t\t\t<p><span style=\"font-size: 12pt;\">Desiderate portare il vostro sito web a un livello di traffico record? Volete che il vostro traffico visiti il vostro sito in modo permanente e con facilit\u00e0? Allora con noi siete in ottime mani. Siamo specializzati in SEO-Onpage e gi\u00e0 al momento della creazione della vostra pagina prestiamo attenzione a una struttura di pagina ottimizzata per la SEO.<\/span><\/p>\n\t\t\t\t\t\t\t\t<\/div>\n\t\t\t\t<\/div>\n\t\t\t\t<div class=\"elementor-element elementor-element-7871db8 elementor-widget elementor-widget-text-editor\" data-id=\"7871db8\" data-element_type=\"widget\" data-e-type=\"widget\" data-widget_type=\"text-editor.default\">\n\t\t\t\t<div class=\"elementor-widget-container\">\n\t\t\t\t\t\t\t\t\t<p>Come sicuramente saprete, una buona strategia SEO significa molto di pi\u00f9 che utilizzare le parole chiave desiderate qua e l\u00e0. La nostra strategia per il vostro sito \u00e8 quindi sempre su misura e adattata alle esigenze individuali dei vostri clienti. Per aiutarvi nel migliore dei modi, analizziamo innanzitutto il vostro sito e troviamo la soluzione migliore per l&#8217;ottimizzazione OnSite e Onpage.<\/p>\n\t\t\t\t\t\t\t\t<\/div>\n\t\t\t\t<\/div>\n\t\t\t\t<div class=\"elementor-element elementor-element-a97cdbb elementor-widget elementor-widget-spacer\" data-id=\"a97cdbb\" data-element_type=\"widget\" data-e-type=\"widget\" data-widget_type=\"spacer.default\">\n\t\t\t\t<div class=\"elementor-widget-container\">\n\t\t\t\t\t\t\t<div class=\"elementor-spacer\">\n\t\t\t<div class=\"elementor-spacer-inner\"><\/div>\n\t\t<\/div>\n\t\t\t\t\t\t<\/div>\n\t\t\t\t<\/div>\n\t\t\t\t<div class=\"elementor-element elementor-element-8d062e4 elementor-widget elementor-widget-heading\" data-id=\"8d062e4\" data-element_type=\"widget\" data-e-type=\"widget\" data-widget_type=\"heading.default\">\n\t\t\t\t<div class=\"elementor-widget-container\">\n\t\t\t\t\t<h2 class=\"elementor-heading-title elementor-size-xl\">La migliore strategia SEO per la vostra azienda<\/h2>\t\t\t\t<\/div>\n\t\t\t\t<\/div>\n\t\t\t\t<div class=\"elementor-element elementor-element-458a1bb elementor-widget elementor-widget-text-editor\" data-id=\"458a1bb\" data-element_type=\"widget\" data-e-type=\"widget\" data-widget_type=\"text-editor.default\">\n\t\t\t\t<div class=\"elementor-widget-container\">\n\t\t\t\t\t\t\t\t\t<p>L&#8217;ottimizzazione OnSite si rivolge alla strategia SEO generale del vostro sito web, mentre le soluzioni Onpage individuano i singoli URL, cio\u00e8 le pagine, e li migliorano. Ma vale sempre quanto segue: il concetto generale deve essere coerente e adatto a voi e ai vostri clienti.<\/p>\n<p>Il principio pi\u00f9 importante \u00e8: se i vostri contenuti sono di alta qualit\u00e0 e di reale utilit\u00e0 per i clienti, avete gi\u00e0 ottenuto un enorme vantaggio.<\/p>\n<p>In seguito, diventano efficaci le strategie che indirizzano in modo permanente il traffico attraverso il motore di ricerca verso il vostro sito e lo mantengono il pi\u00f9 a lungo possibile. Questo include, tra l&#8217;altro, il corretto posizionamento della parola chiave principale e di quella secondaria, che dovrebbe determinare il posizionamento su Google. La regola \u00e8: molto non sempre aiuta molto. Anche in questo caso \u00e8 importante un&#8217;integrazione sensata nei punti strategicamente migliori, ad esempio in H1 e H2. Anche l&#8217;integrazione negli URL comporta dei vantaggi.<\/p>\n\t\t\t\t\t\t\t\t<\/div>\n\t\t\t\t<\/div>\n\t\t\t\t<div class=\"elementor-element elementor-element-f4f56ba elementor-widget elementor-widget-text-editor\" data-id=\"f4f56ba\" data-element_type=\"widget\" data-e-type=\"widget\" data-widget_type=\"text-editor.default\">\n\t\t\t\t<div class=\"elementor-widget-container\">\n\t\t\t\t\t\t\t\t\t<p>Un&#8217;occhiata al precedente posizionamento in cima alla classifica delle vostre parole chiave nel motore di ricerca vi mostra anche quali aspettative i vostri potenziali clienti associano a determinate parole chiave. Potete usarlo come guida per scoprire di pi\u00f9 sui vostri potenziali nuovi clienti. Oltre alla qualit\u00e0 dei contenuti, anche il Google Snippet, ovvero la sezione che i clienti trovano sul sito web tramite Google, svolge un ruolo importante. Se la meta descrizione che compare \u00e8 formulata in modo eccellente in termini di tono e forma, sembrer\u00e0 una pubblicit\u00e0 accattivante per il vostro sito web.<\/p>\n\n<p>Il che porta al prossimo argomento: immagini e video. Anche in questo caso, sia la qualit\u00e0 che il posizionamento sono di fondamentale importanza per ottenere la migliore ottimizzazione SEO onpage. Per ottenere il miglior risultato possibile per il vostro sito, siamo al vostro fianco per perfezionare i contenuti in base ai requisiti SEO.<\/p>\t\t\t\t\t\t\t\t<\/div>\n\t\t\t\t<\/div>\n\t\t\t\t<div class=\"elementor-element elementor-element-f192164 elementor-widget elementor-widget-spacer\" data-id=\"f192164\" data-element_type=\"widget\" data-e-type=\"widget\" data-widget_type=\"spacer.default\">\n\t\t\t\t<div class=\"elementor-widget-container\">\n\t\t\t\t\t\t\t<div class=\"elementor-spacer\">\n\t\t\t<div class=\"elementor-spacer-inner\"><\/div>\n\t\t<\/div>\n\t\t\t\t\t\t<\/div>\n\t\t\t\t<\/div>\n\t\t\t\t<div class=\"elementor-element elementor-element-c8267a3 elementor-widget elementor-widget-button\" data-id=\"c8267a3\" data-element_type=\"widget\" data-e-type=\"widget\" data-widget_type=\"button.default\">\n\t\t\t\t<div class=\"elementor-widget-container\">\n\t\t\t\t\t\t\t\t\t<div class=\"elementor-button-wrapper\">\n\t\t\t\t\t<a class=\"elementor-button elementor-button-link elementor-size-sm\" href=\"https:\/\/sinnup.com\/it\/prezzi-seo\/\">\n\t\t\t\t\t\t<span class=\"elementor-button-content-wrapper\">\n\t\t\t\t\t\t\t\t\t<span class=\"elementor-button-text\">Prezzi SEO<\/span>\n\t\t\t\t\t<\/span>\n\t\t\t\t\t<\/a>\n\t\t\t\t<\/div>\n\t\t\t\t\t\t\t\t<\/div>\n\t\t\t\t<\/div>\n\t\t\t\t<div class=\"elementor-element elementor-element-9efbfd1 elementor-widget elementor-widget-spacer\" data-id=\"9efbfd1\" data-element_type=\"widget\" data-e-type=\"widget\" data-widget_type=\"spacer.default\">\n\t\t\t\t<div class=\"elementor-widget-container\">\n\t\t\t\t\t\t\t<div class=\"elementor-spacer\">\n\t\t\t<div class=\"elementor-spacer-inner\"><\/div>\n\t\t<\/div>\n\t\t\t\t\t\t<\/div>\n\t\t\t\t<\/div>\n\t\t\t\t\t<\/div>\n\t\t<\/div>\n\t\t\t\t\t<\/div>\n\t\t<\/section>\n\t\t\t\t<\/div>\n\t\t","protected":false},"excerpt":{"rendered":"<p>SEO &#8211; la vostra perfetta ottimizzazione onpage. SEO &#8211; la vostra perfetta ottimizzazione onpage. La migliore strategia SEO per la vostra azienda 1. ottimizzazione dei motori di ricerca L&#8217;ottimizzazione della pagina \u00e8 una parte importante [&hellip;]<\/p>\n","protected":false},"author":2,"featured_media":19481,"parent":0,"menu_order":0,"comment_status":"closed","ping_status":"closed","template":"","meta":{"site-sidebar-layout":"no-sidebar","site-content-layout":"page-builder","ast-site-content-layout":"default","site-content-style":"default","site-sidebar-style":"default","ast-global-header-display":"","ast-banner-title-visibility":"","ast-main-header-display":"","ast-hfb-above-header-display":"","ast-hfb-below-header-display":"","ast-hfb-mobile-header-display":"","site-post-title":"disabled","ast-breadcrumbs-content":"","ast-featured-img":"disabled","footer-sml-layout":"","ast-disable-related-posts":"","theme-transparent-header-meta":"enabled","adv-header-id-meta":"","stick-header-meta":"default","header-above-stick-meta":"","header-main-stick-meta":"","header-below-stick-meta":"","astra-migrate-meta-layouts":"default","ast-page-background-enabled":"default","ast-page-background-meta":{"desktop":{"background-color":"","background-image":"","background-repeat":"repeat","background-position":"center center","background-size":"auto","background-attachment":"scroll","background-type":"","background-media":"","overlay-type":"","overlay-color":"","overlay-opacity":"","overlay-gradient":""},"tablet":{"background-color":"","background-image":"","background-repeat":"repeat","background-position":"center center","background-size":"auto","background-attachment":"scroll","background-type":"","background-media":"","overlay-type":"","overlay-color":"","overlay-opacity":"","overlay-gradient":""},"mobile":{"background-color":"","background-image":"","background-repeat":"repeat","background-position":"center center","background-size":"auto","background-attachment":"scroll","background-type":"","background-media":"","overlay-type":"","overlay-color":"","overlay-opacity":"","overlay-gradient":""}},"ast-content-background-meta":{"desktop":{"background-color":"var(--ast-global-color-5)","background-image":"","background-repeat":"repeat","background-position":"center center","background-size":"auto","background-attachment":"scroll","background-type":"","background-media":"","overlay-type":"","overlay-color":"","overlay-opacity":"","overlay-gradient":""},"tablet":{"background-color":"var(--ast-global-color-5)","background-image":"","background-repeat":"repeat","background-position":"center center","background-size":"auto","background-attachment":"scroll","background-type":"","background-media":"","overlay-type":"","overlay-color":"","overlay-opacity":"","overlay-gradient":""},"mobile":{"background-color":"var(--ast-global-color-5)","background-image":"","background-repeat":"repeat","background-position":"center center","background-size":"auto","background-attachment":"scroll","background-type":"","background-media":"","overlay-type":"","overlay-color":"","overlay-opacity":"","overlay-gradient":""}},"footnotes":""},"class_list":["post-13355","page","type-page","status-publish","has-post-thumbnail","hentry"],"_links":{"self":[{"href":"https:\/\/sinnup.com\/it\/wp-json\/wp\/v2\/pages\/13355","targetHints":{"allow":["GET"]}}],"collection":[{"href":"https:\/\/sinnup.com\/it\/wp-json\/wp\/v2\/pages"}],"about":[{"href":"https:\/\/sinnup.com\/it\/wp-json\/wp\/v2\/types\/page"}],"author":[{"embeddable":true,"href":"https:\/\/sinnup.com\/it\/wp-json\/wp\/v2\/users\/2"}],"replies":[{"embeddable":true,"href":"https:\/\/sinnup.com\/it\/wp-json\/wp\/v2\/comments?post=13355"}],"version-history":[{"count":3,"href":"https:\/\/sinnup.com\/it\/wp-json\/wp\/v2\/pages\/13355\/revisions"}],"predecessor-version":[{"id":31462,"href":"https:\/\/sinnup.com\/it\/wp-json\/wp\/v2\/pages\/13355\/revisions\/31462"}],"wp:featuredmedia":[{"embeddable":true,"href":"https:\/\/sinnup.com\/it\/wp-json\/wp\/v2\/media\/19481"}],"wp:attachment":[{"href":"https:\/\/sinnup.com\/it\/wp-json\/wp\/v2\/media?parent=13355"}],"curies":[{"name":"wp","href":"https:\/\/api.w.org\/{rel}","templated":true}]}}