{"id":13626,"date":"2022-11-30T15:25:16","date_gmt":"2022-11-30T14:25:16","guid":{"rendered":"http:\/\/sinnup.com\/azienda\/"},"modified":"2023-02-17T12:52:46","modified_gmt":"2023-02-17T11:52:46","slug":"azienda","status":"publish","type":"page","link":"https:\/\/sinnup.com\/it\/azienda\/","title":{"rendered":"Azienda"},"content":{"rendered":"\t\t<div data-elementor-type=\"wp-page\" data-elementor-id=\"13626\" class=\"elementor elementor-13626 elementor-10675\" data-elementor-post-type=\"page\">\n\t\t\t\t\t\t<section class=\"elementor-section elementor-top-section elementor-element elementor-element-35579090 elementor-section-height-min-height elementor-hidden-desktop elementor-hidden-tablet elementor-section-boxed elementor-section-height-default elementor-section-items-middle\" data-id=\"35579090\" data-element_type=\"section\" data-e-type=\"section\" data-settings=\"{&quot;background_background&quot;:&quot;gradient&quot;}\">\n\t\t\t\t\t\t<div class=\"elementor-container elementor-column-gap-default\">\n\t\t\t\t\t<div class=\"elementor-column elementor-col-100 elementor-top-column elementor-element elementor-element-33df41a8\" data-id=\"33df41a8\" data-element_type=\"column\" data-e-type=\"column\">\n\t\t\t<div class=\"elementor-widget-wrap\">\n\t\t\t\t\t\t\t<\/div>\n\t\t<\/div>\n\t\t\t\t\t<\/div>\n\t\t<\/section>\n\t\t\t\t<section class=\"elementor-section elementor-top-section elementor-element elementor-element-8f6c949 elementor-section-height-min-height elementor-section-boxed elementor-section-height-default elementor-section-items-middle\" data-id=\"8f6c949\" data-element_type=\"section\" data-e-type=\"section\" data-settings=\"{&quot;background_background&quot;:&quot;gradient&quot;}\">\n\t\t\t\t\t\t<div class=\"elementor-container elementor-column-gap-default\">\n\t\t\t\t\t<div class=\"elementor-column elementor-col-100 elementor-top-column elementor-element elementor-element-37ca4ab\" data-id=\"37ca4ab\" data-element_type=\"column\" data-e-type=\"column\">\n\t\t\t<div class=\"elementor-widget-wrap elementor-element-populated\">\n\t\t\t\t\t\t<div class=\"elementor-element elementor-element-15a3658 elementor-widget elementor-widget-spacer\" data-id=\"15a3658\" data-element_type=\"widget\" data-e-type=\"widget\" data-widget_type=\"spacer.default\">\n\t\t\t\t<div class=\"elementor-widget-container\">\n\t\t\t\t\t\t\t<div class=\"elementor-spacer\">\n\t\t\t<div class=\"elementor-spacer-inner\"><\/div>\n\t\t<\/div>\n\t\t\t\t\t\t<\/div>\n\t\t\t\t<\/div>\n\t\t\t\t<div class=\"elementor-element elementor-element-ec70421 elementor-widget elementor-widget-heading\" data-id=\"ec70421\" data-element_type=\"widget\" data-e-type=\"widget\" data-widget_type=\"heading.default\">\n\t\t\t\t<div class=\"elementor-widget-container\">\n\t\t\t\t\t<h1 class=\"elementor-heading-title elementor-size-xxl\">L'azienda - SINNUP GmbH<\/h1>\t\t\t\t<\/div>\n\t\t\t\t<\/div>\n\t\t\t\t<div class=\"elementor-element elementor-element-64b295d elementor-widget elementor-widget-text-editor\" data-id=\"64b295d\" data-element_type=\"widget\" data-e-type=\"widget\" data-widget_type=\"text-editor.default\">\n\t\t\t\t<div class=\"elementor-widget-container\">\n\t\t\t\t\t\t\t\t\t<h2 style=\"text-align: center;\"><span style=\"font-size: 14pt;\">SINNUP<sup>\u00ae<\/sup> si sviluppa <span style=\"font-weight: bold;\">facile<\/span>, <span style=\"font-weight: bold;\">individuelle<\/span>, <span style=\"font-weight: bold;\">soluzioni intelligenti<\/span>.<\/span><\/h2>\n\t\t\t\t\t\t\t\t<\/div>\n\t\t\t\t<\/div>\n\t\t\t\t<section class=\"elementor-section elementor-inner-section elementor-element elementor-element-8c4cfe4 elementor-section-boxed elementor-section-height-default elementor-section-height-default\" data-id=\"8c4cfe4\" data-element_type=\"section\" data-e-type=\"section\">\n\t\t\t\t\t\t<div class=\"elementor-container elementor-column-gap-default\">\n\t\t\t\t\t<div class=\"elementor-column elementor-col-50 elementor-inner-column elementor-element elementor-element-ec925fb\" data-id=\"ec925fb\" data-element_type=\"column\" data-e-type=\"column\">\n\t\t\t<div class=\"elementor-widget-wrap elementor-element-populated\">\n\t\t\t\t\t\t<div class=\"elementor-element elementor-element-a26f351 elementor-widget elementor-widget-image\" data-id=\"a26f351\" data-element_type=\"widget\" data-e-type=\"widget\" data-widget_type=\"image.default\">\n\t\t\t\t<div class=\"elementor-widget-container\">\n\t\t\t\t\t\t\t\t\t\t\t\t\t\t\t<img fetchpriority=\"high\" decoding=\"async\" width=\"1024\" height=\"683\" src=\"https:\/\/sinnup.com\/wp-content\/uploads\/2022\/12\/Sinnup-das-Unternehmen-in-Kallham-wir-machen-digitales-greifbar-NFC-WEB-SEO-APP-DIGI-WIKI-1024x683.jpg\" class=\"attachment-large size-large wp-image-13522\" alt=\"Sinnup - das Unternehmen in Kallham - wir machen digitales greifbar - NFC - WEB - SEO - APP - DIGI WIKI\" srcset=\"https:\/\/sinnup.com\/wp-content\/uploads\/2022\/12\/Sinnup-das-Unternehmen-in-Kallham-wir-machen-digitales-greifbar-NFC-WEB-SEO-APP-DIGI-WIKI-1024x683.jpg 1024w, https:\/\/sinnup.com\/wp-content\/uploads\/2022\/12\/Sinnup-das-Unternehmen-in-Kallham-wir-machen-digitales-greifbar-NFC-WEB-SEO-APP-DIGI-WIKI-300x200.jpg 300w, https:\/\/sinnup.com\/wp-content\/uploads\/2022\/12\/Sinnup-das-Unternehmen-in-Kallham-wir-machen-digitales-greifbar-NFC-WEB-SEO-APP-DIGI-WIKI-768x512.jpg 768w, https:\/\/sinnup.com\/wp-content\/uploads\/2022\/12\/Sinnup-das-Unternehmen-in-Kallham-wir-machen-digitales-greifbar-NFC-WEB-SEO-APP-DIGI-WIKI-1536x1025.jpg 1536w, https:\/\/sinnup.com\/wp-content\/uploads\/2022\/12\/Sinnup-das-Unternehmen-in-Kallham-wir-machen-digitales-greifbar-NFC-WEB-SEO-APP-DIGI-WIKI-600x400.jpg 600w, https:\/\/sinnup.com\/wp-content\/uploads\/2022\/12\/Sinnup-das-Unternehmen-in-Kallham-wir-machen-digitales-greifbar-NFC-WEB-SEO-APP-DIGI-WIKI.jpg 1575w\" sizes=\"(max-width: 1024px) 100vw, 1024px\" \/>\t\t\t\t\t\t\t\t\t\t\t\t\t\t\t<\/div>\n\t\t\t\t<\/div>\n\t\t\t\t\t<\/div>\n\t\t<\/div>\n\t\t\t\t<div class=\"elementor-column elementor-col-50 elementor-inner-column elementor-element elementor-element-16e2e77\" data-id=\"16e2e77\" data-element_type=\"column\" data-e-type=\"column\">\n\t\t\t<div class=\"elementor-widget-wrap elementor-element-populated\">\n\t\t\t\t\t\t<div class=\"elementor-element elementor-element-0aa89ef elementor-widget elementor-widget-text-editor\" data-id=\"0aa89ef\" data-element_type=\"widget\" data-e-type=\"widget\" data-widget_type=\"text-editor.default\">\n\t\t\t\t<div class=\"elementor-widget-container\">\n\t\t\t\t\t\t\t\t\t<\/p>\n<p>L&#8217;azienda \u00e8 stata fondata nel 2016 e inizialmente si \u00e8 concentrata esclusivamente su soluzioni e progetti NFC. Nel frattempo, SINNUP \u00e8 diventato un fornitore di servizi digitali completi. <\/p>\n<p>I clienti hanno inoltre richiesto sempre pi\u00f9 spesso soluzioni web e siti a cui i prodotti NFC dovrebbero collegarsi. Da questa esigenza \u00e8 nata la creazione di micrositi e siti web. Nel frattempo, i nostri clienti ricevono l&#8217;intera gamma digitale, dal web design, al SEO, alla posta e all&#8217;hosting fino al webshop. <span style=\"font-style: inherit; font-weight: inherit; background-color: transparent;\">Ci\u00f2 significa che le possibilit\u00e0 dell&#8217;NFC nel marketing possono essere prese in considerazione e utilizzate in modo ottimale gi\u00e0 al momento della creazione della pagina o del negozio. <\/span><\/p>\n<p>Dal 2021 siamo una consociata di ebets GmbH e possiamo quindi implementare ancora meglio il know-how nella produzione di adesivi NFC e prodotti NFC nella sede di Kallham.<\/p>\n\t\t\t\t\t\t\t\t<\/div>\n\t\t\t\t<\/div>\n\t\t\t\t\t<\/div>\n\t\t<\/div>\n\t\t\t\t\t<\/div>\n\t\t<\/section>\n\t\t\t\t<div class=\"elementor-element elementor-element-1f8d4dc elementor-widget elementor-widget-spacer\" data-id=\"1f8d4dc\" data-element_type=\"widget\" data-e-type=\"widget\" data-widget_type=\"spacer.default\">\n\t\t\t\t<div class=\"elementor-widget-container\">\n\t\t\t\t\t\t\t<div class=\"elementor-spacer\">\n\t\t\t<div class=\"elementor-spacer-inner\"><\/div>\n\t\t<\/div>\n\t\t\t\t\t\t<\/div>\n\t\t\t\t<\/div>\n\t\t\t\t<div class=\"elementor-element elementor-element-abe489e elementor-widget elementor-widget-heading\" data-id=\"abe489e\" data-element_type=\"widget\" data-e-type=\"widget\" data-widget_type=\"heading.default\">\n\t\t\t\t<div class=\"elementor-widget-container\">\n\t\t\t\t\t<h2 class=\"elementor-heading-title elementor-size-xl\">Provate l'esperienza NFC dal vivo<\/h2>\t\t\t\t<\/div>\n\t\t\t\t<\/div>\n\t\t\t\t<div class=\"elementor-element elementor-element-c9f46e5 elementor-widget elementor-widget-heading\" data-id=\"c9f46e5\" data-element_type=\"widget\" data-e-type=\"widget\" data-widget_type=\"heading.default\">\n\t\t\t\t<div class=\"elementor-widget-container\">\n\t\t\t\t\t<h3 class=\"elementor-heading-title elementor-size-large\">Il mondo SINNUP rende possibile<\/h3>\t\t\t\t<\/div>\n\t\t\t\t<\/div>\n\t\t\t\t<div class=\"elementor-element elementor-element-01d69e8 elementor-widget elementor-widget-text-editor\" data-id=\"01d69e8\" data-element_type=\"widget\" data-e-type=\"widget\" data-widget_type=\"text-editor.default\">\n\t\t\t\t<div class=\"elementor-widget-container\">\n\t\t\t\t\t\t\t\t\t<h3 style=\"margin-bottom: 0px; line-height: unset; text-align: left;\"><span style=\"font-size: 12pt; line-height: 1.85714285714286rem;\">Potrete sperimentare l&#8217;NFC dal vivo con noi e trarre spunti per la vostra azienda grazie a progetti gi\u00e0 realizzati.<\/span><\/h3>\n<h3 style=\"margin-bottom: 0px; line-height: unset; text-align: left;\"><span style=\"font-size: 12pt; line-height: 1.85714285714286rem;\">Oltre ai prodotti NFC del negozio, sono esposte anche nuove idee e progetti gi\u00e0 realizzati. <\/span><\/h3>\n<h4 style=\"margin-bottom: 0px; line-height: unset; text-align: left;\"><span style=\"font-size: 12pt; line-height: 1.85714285714286rem;\">Prendete un <a href=\"https:\/\/sinnup.com\/it\/contatto\/\" target=\"_blank\" rel=\"noopener\">appuntamento per venirci a trovare<\/a>: non vediamo l&#8217;ora di vedervi.<\/span><\/h4>\n\t\t\t\t\t\t\t\t<\/div>\n\t\t\t\t<\/div>\n\t\t\t\t<div class=\"elementor-element elementor-element-34df835 elementor-widget elementor-widget-image\" data-id=\"34df835\" data-element_type=\"widget\" data-e-type=\"widget\" data-widget_type=\"image.default\">\n\t\t\t\t<div class=\"elementor-widget-container\">\n\t\t\t\t\t\t\t\t\t\t\t\t\t\t\t<img decoding=\"async\" width=\"735\" height=\"276\" src=\"https:\/\/sinnup.com\/wp-content\/uploads\/2022\/11\/NFC-live-erleben-mit-SINNUP.jpg\" class=\"attachment-large size-large wp-image-10692\" alt=\"NFC live erleben mit SINNUP\" srcset=\"https:\/\/sinnup.com\/wp-content\/uploads\/2022\/11\/NFC-live-erleben-mit-SINNUP.jpg 735w, https:\/\/sinnup.com\/wp-content\/uploads\/2022\/11\/NFC-live-erleben-mit-SINNUP-300x113.jpg 300w, https:\/\/sinnup.com\/wp-content\/uploads\/2022\/11\/NFC-live-erleben-mit-SINNUP-600x225.jpg 600w\" sizes=\"(max-width: 735px) 100vw, 735px\" \/>\t\t\t\t\t\t\t\t\t\t\t\t\t\t\t<\/div>\n\t\t\t\t<\/div>\n\t\t\t\t<div class=\"elementor-element elementor-element-73f7256 elementor-widget elementor-widget-spacer\" data-id=\"73f7256\" data-element_type=\"widget\" data-e-type=\"widget\" data-widget_type=\"spacer.default\">\n\t\t\t\t<div class=\"elementor-widget-container\">\n\t\t\t\t\t\t\t<div class=\"elementor-spacer\">\n\t\t\t<div class=\"elementor-spacer-inner\"><\/div>\n\t\t<\/div>\n\t\t\t\t\t\t<\/div>\n\t\t\t\t<\/div>\n\t\t\t\t\t<\/div>\n\t\t<\/div>\n\t\t\t\t\t<\/div>\n\t\t<\/section>\n\t\t\t\t<\/div>\n\t\t","protected":false},"excerpt":{"rendered":"<p>L&#8217;azienda &#8211; SINNUP GmbH SINNUP\u00ae si sviluppa facile, individuelle, soluzioni intelligenti. L&#8217;azienda \u00e8 stata fondata nel 2016 e inizialmente si \u00e8 concentrata esclusivamente su soluzioni e progetti NFC. Nel frattempo, SINNUP \u00e8 diventato un fornitore [&hellip;]<\/p>\n","protected":false},"author":2,"featured_media":21588,"parent":0,"menu_order":0,"comment_status":"closed","ping_status":"closed","template":"","meta":{"site-sidebar-layout":"no-sidebar","site-content-layout":"page-builder","ast-site-content-layout":"default","site-content-style":"default","site-sidebar-style":"default","ast-global-header-display":"","ast-banner-title-visibility":"","ast-main-header-display":"","ast-hfb-above-header-display":"","ast-hfb-below-header-display":"","ast-hfb-mobile-header-display":"","site-post-title":"disabled","ast-breadcrumbs-content":"","ast-featured-img":"disabled","footer-sml-layout":"","ast-disable-related-posts":"","theme-transparent-header-meta":"enabled","adv-header-id-meta":"","stick-header-meta":"default","header-above-stick-meta":"","header-main-stick-meta":"","header-below-stick-meta":"","astra-migrate-meta-layouts":"default","ast-page-background-enabled":"default","ast-page-background-meta":{"desktop":{"background-color":"","background-image":"","background-repeat":"repeat","background-position":"center center","background-size":"auto","background-attachment":"scroll","background-type":"","background-media":"","overlay-type":"","overlay-color":"","overlay-opacity":"","overlay-gradient":""},"tablet":{"background-color":"","background-image":"","background-repeat":"repeat","background-position":"center center","background-size":"auto","background-attachment":"scroll","background-type":"","background-media":"","overlay-type":"","overlay-color":"","overlay-opacity":"","overlay-gradient":""},"mobile":{"background-color":"","background-image":"","background-repeat":"repeat","background-position":"center center","background-size":"auto","background-attachment":"scroll","background-type":"","background-media":"","overlay-type":"","overlay-color":"","overlay-opacity":"","overlay-gradient":""}},"ast-content-background-meta":{"desktop":{"background-color":"var(--ast-global-color-5)","background-image":"","background-repeat":"repeat","background-position":"center center","background-size":"auto","background-attachment":"scroll","background-type":"","background-media":"","overlay-type":"","overlay-color":"","overlay-opacity":"","overlay-gradient":""},"tablet":{"background-color":"var(--ast-global-color-5)","background-image":"","background-repeat":"repeat","background-position":"center center","background-size":"auto","background-attachment":"scroll","background-type":"","background-media":"","overlay-type":"","overlay-color":"","overlay-opacity":"","overlay-gradient":""},"mobile":{"background-color":"var(--ast-global-color-5)","background-image":"","background-repeat":"repeat","background-position":"center center","background-size":"auto","background-attachment":"scroll","background-type":"","background-media":"","overlay-type":"","overlay-color":"","overlay-opacity":"","overlay-gradient":""}},"footnotes":""},"class_list":["post-13626","page","type-page","status-publish","has-post-thumbnail","hentry"],"_links":{"self":[{"href":"https:\/\/sinnup.com\/it\/wp-json\/wp\/v2\/pages\/13626","targetHints":{"allow":["GET"]}}],"collection":[{"href":"https:\/\/sinnup.com\/it\/wp-json\/wp\/v2\/pages"}],"about":[{"href":"https:\/\/sinnup.com\/it\/wp-json\/wp\/v2\/types\/page"}],"author":[{"embeddable":true,"href":"https:\/\/sinnup.com\/it\/wp-json\/wp\/v2\/users\/2"}],"replies":[{"embeddable":true,"href":"https:\/\/sinnup.com\/it\/wp-json\/wp\/v2\/comments?post=13626"}],"version-history":[{"count":0,"href":"https:\/\/sinnup.com\/it\/wp-json\/wp\/v2\/pages\/13626\/revisions"}],"wp:featuredmedia":[{"embeddable":true,"href":"https:\/\/sinnup.com\/it\/wp-json\/wp\/v2\/media\/21588"}],"wp:attachment":[{"href":"https:\/\/sinnup.com\/it\/wp-json\/wp\/v2\/media?parent=13626"}],"curies":[{"name":"wp","href":"https:\/\/api.w.org\/{rel}","templated":true}]}}