{"id":13826,"date":"2022-11-16T15:12:24","date_gmt":"2022-11-16T14:12:24","guid":{"rendered":"http:\/\/sinnup.com\/web\/"},"modified":"2024-07-10T15:39:36","modified_gmt":"2024-07-10T13:39:36","slug":"web","status":"publish","type":"page","link":"https:\/\/sinnup.com\/it\/web\/","title":{"rendered":"WEB"},"content":{"rendered":"\t\t<div data-elementor-type=\"wp-page\" data-elementor-id=\"13826\" class=\"elementor elementor-13826 elementor-5123\" data-elementor-post-type=\"page\">\n\t\t\t\t\t\t<section class=\"elementor-section elementor-top-section elementor-element elementor-element-110582b elementor-section-height-min-height elementor-hidden-desktop elementor-hidden-tablet elementor-section-boxed elementor-section-height-default elementor-section-items-middle\" data-id=\"110582b\" data-element_type=\"section\" data-e-type=\"section\" data-settings=\"{&quot;background_background&quot;:&quot;gradient&quot;}\">\n\t\t\t\t\t\t<div class=\"elementor-container elementor-column-gap-default\">\n\t\t\t\t\t<div class=\"elementor-column elementor-col-100 elementor-top-column elementor-element elementor-element-859c4b9\" data-id=\"859c4b9\" data-element_type=\"column\" data-e-type=\"column\">\n\t\t\t<div class=\"elementor-widget-wrap\">\n\t\t\t\t\t\t\t<\/div>\n\t\t<\/div>\n\t\t\t\t\t<\/div>\n\t\t<\/section>\n\t\t\t\t<section class=\"elementor-section elementor-top-section elementor-element elementor-element-6de40d3 elementor-section-height-min-height elementor-section-full_width elementor-section-items-bottom elementor-section-content-bottom elementor-hidden-mobile elementor-section-height-default\" data-id=\"6de40d3\" data-element_type=\"section\" data-e-type=\"section\" data-settings=\"{&quot;background_background&quot;:&quot;gradient&quot;}\">\n\t\t\t\t\t\t<div class=\"elementor-container elementor-column-gap-default\">\n\t\t\t\t\t<div class=\"elementor-column elementor-col-100 elementor-top-column elementor-element elementor-element-c02dfd4\" data-id=\"c02dfd4\" data-element_type=\"column\" data-e-type=\"column\" data-settings=\"{&quot;background_background&quot;:&quot;gradient&quot;}\">\n\t\t\t<div class=\"elementor-widget-wrap elementor-element-populated\">\n\t\t\t\t\t\t<section class=\"elementor-section elementor-inner-section elementor-element elementor-element-75faf3e elementor-section-height-min-height elementor-section-boxed elementor-section-height-default\" data-id=\"75faf3e\" data-element_type=\"section\" data-e-type=\"section\" data-settings=\"{&quot;background_background&quot;:&quot;classic&quot;}\">\n\t\t\t\t\t\t<div class=\"elementor-container elementor-column-gap-default\">\n\t\t\t\t\t<div class=\"elementor-column elementor-col-100 elementor-inner-column elementor-element elementor-element-cf85fb0\" data-id=\"cf85fb0\" data-element_type=\"column\" data-e-type=\"column\">\n\t\t\t<div class=\"elementor-widget-wrap\">\n\t\t\t\t\t\t\t<\/div>\n\t\t<\/div>\n\t\t\t\t\t<\/div>\n\t\t<\/section>\n\t\t\t\t\t<\/div>\n\t\t<\/div>\n\t\t\t\t\t<\/div>\n\t\t<\/section>\n\t\t\t\t<section class=\"elementor-section elementor-top-section elementor-element elementor-element-1854c31 elementor-section-full_width elementor-section-height-min-height elementor-section-items-bottom elementor-hidden-desktop elementor-hidden-tablet elementor-section-content-bottom elementor-section-height-default\" data-id=\"1854c31\" data-element_type=\"section\" data-e-type=\"section\" data-settings=\"{&quot;background_background&quot;:&quot;classic&quot;}\">\n\t\t\t\t\t\t<div class=\"elementor-container elementor-column-gap-default\">\n\t\t\t\t\t<div class=\"elementor-column elementor-col-100 elementor-top-column elementor-element elementor-element-70404f1\" data-id=\"70404f1\" data-element_type=\"column\" data-e-type=\"column\">\n\t\t\t<div class=\"elementor-widget-wrap\">\n\t\t\t\t\t\t\t<\/div>\n\t\t<\/div>\n\t\t\t\t\t<\/div>\n\t\t<\/section>\n\t\t\t\t<section class=\"elementor-section elementor-top-section elementor-element elementor-element-b3e002f elementor-hidden-tablet elementor-hidden-desktop elementor-section-boxed elementor-section-height-default elementor-section-height-default\" data-id=\"b3e002f\" data-element_type=\"section\" data-e-type=\"section\">\n\t\t\t\t\t\t<div class=\"elementor-container elementor-column-gap-default\">\n\t\t\t\t\t<div class=\"elementor-column elementor-col-100 elementor-top-column elementor-element elementor-element-a2c582e\" data-id=\"a2c582e\" data-element_type=\"column\" data-e-type=\"column\">\n\t\t\t<div class=\"elementor-widget-wrap elementor-element-populated\">\n\t\t\t\t\t\t<div class=\"elementor-element elementor-element-bfd3549 elementor-widget elementor-widget-heading\" data-id=\"bfd3549\" data-element_type=\"widget\" data-e-type=\"widget\" data-widget_type=\"heading.default\">\n\t\t\t\t<div class=\"elementor-widget-container\">\n\t\t\t\t\t<p class=\"elementor-heading-title elementor-size-xl\">Web design visivo, funzionale e strutturato.<\/p>\t\t\t\t<\/div>\n\t\t\t\t<\/div>\n\t\t\t\t<div class=\"elementor-element elementor-element-a1e48b9 elementor-widget elementor-widget-spacer\" data-id=\"a1e48b9\" data-element_type=\"widget\" data-e-type=\"widget\" data-widget_type=\"spacer.default\">\n\t\t\t\t<div class=\"elementor-widget-container\">\n\t\t\t\t\t\t\t<div class=\"elementor-spacer\">\n\t\t\t<div class=\"elementor-spacer-inner\"><\/div>\n\t\t<\/div>\n\t\t\t\t\t\t<\/div>\n\t\t\t\t<\/div>\n\t\t\t\t\t<\/div>\n\t\t<\/div>\n\t\t\t\t\t<\/div>\n\t\t<\/section>\n\t\t\t\t<section class=\"elementor-section elementor-top-section elementor-element elementor-element-dfb6c7e elementor-section-boxed elementor-section-height-default elementor-section-height-default\" data-id=\"dfb6c7e\" data-element_type=\"section\" data-e-type=\"section\" data-settings=\"{&quot;background_background&quot;:&quot;classic&quot;}\">\n\t\t\t\t\t\t<div class=\"elementor-container elementor-column-gap-default\">\n\t\t\t\t\t<div class=\"elementor-column elementor-col-100 elementor-top-column elementor-element elementor-element-b985c60\" data-id=\"b985c60\" data-element_type=\"column\" data-e-type=\"column\">\n\t\t\t<div class=\"elementor-widget-wrap elementor-element-populated\">\n\t\t\t\t\t\t<div class=\"elementor-element elementor-element-f940ef8 elementor-hidden-mobile elementor-widget elementor-widget-heading\" data-id=\"f940ef8\" data-element_type=\"widget\" data-e-type=\"widget\" data-widget_type=\"heading.default\">\n\t\t\t\t<div class=\"elementor-widget-container\">\n\t\t\t\t\t<h1 class=\"elementor-heading-title elementor-size-xl\">Web design visivo, funzionale e strutturato.<\/h1>\t\t\t\t<\/div>\n\t\t\t\t<\/div>\n\t\t\t\t<div class=\"elementor-element elementor-element-c6c756b elementor-hidden-mobile elementor-widget elementor-widget-spacer\" data-id=\"c6c756b\" data-element_type=\"widget\" data-e-type=\"widget\" data-widget_type=\"spacer.default\">\n\t\t\t\t<div class=\"elementor-widget-container\">\n\t\t\t\t\t\t\t<div class=\"elementor-spacer\">\n\t\t\t<div class=\"elementor-spacer-inner\"><\/div>\n\t\t<\/div>\n\t\t\t\t\t\t<\/div>\n\t\t\t\t<\/div>\n\t\t\t\t<div class=\"elementor-element elementor-element-e92333a elementor-widget elementor-widget-heading\" data-id=\"e92333a\" data-element_type=\"widget\" data-e-type=\"widget\" data-widget_type=\"heading.default\">\n\t\t\t\t<div class=\"elementor-widget-container\">\n\t\t\t\t\t<h2 class=\"elementor-heading-title elementor-size-xl\"><span style=\"font-size: 39px;text-align: center\">Sito web professionale per il vostro successo in rete.<\/span><\/h2>\t\t\t\t<\/div>\n\t\t\t\t<\/div>\n\t\t\t\t<div class=\"elementor-element elementor-element-29bbc77 elementor-widget elementor-widget-text-editor\" data-id=\"29bbc77\" data-element_type=\"widget\" data-e-type=\"widget\" data-widget_type=\"text-editor.default\">\n\t\t\t\t<div class=\"elementor-widget-container\">\n\t\t\t\t\t\t\t\t\t<ul>\n<li>Volete un sito web dal design eccellente, fatto su misura per voi e per i vostri clienti?<\/li>\n<li>In termini di design, contenuti e SEO, il vostro sito \u00e8 in grado di giocare nella massima serie?<\/li>\n<li>Volete un sito che soddisfi i pi\u00f9 recenti standard di sicurezza?<\/li>\n<li>Ma non volete pagare cifre enormi, bens\u00ec un prezzo equo?<\/li>\n<\/ul>\n<p>Allora con noi siete in ottime mani. La nostra strategia per il vostro nuovo sito web si basa su quattro pilastri. <span style=\"font-style: inherit; font-weight: inherit;\">Questi includono la discussione iniziale, la bozza di design, il contenuto e infine il lancio di successo. Ognuno di questi quattro pilastri contribuisce a ottenere il miglior risultato possibile per il cliente. <\/span><span style=\"font-style: inherit; font-weight: inherit;\">Alla fine avrete la vostra soluzione personale per il vostro sito web, che ha un alto valore di riconoscimento e si adatta in modo ottimale al vostro gruppo target. <\/span><\/p>\n<p><span style=\"font-style: inherit; font-weight: inherit;\">Durante la consultazione iniziale, discuteremo quali desideri specifici avete per la homepage nella vostra struttura complessiva, quali standard deve soddisfare e a quali potenziali clienti volete rivolgervi. Perch\u00e9 la cosa fondamentale \u00e8 una base sana su cui costruire i passi successivi. In base alla nostra conversazione e all&#8217;analisi risultante per il vostro sito web, riceverete da noi un&#8217;offerta adatta a voi e ai vostri desideri. Il calcolo dei prezzi e i relativi adeguamenti vengono effettuati in modo trasparente e, se necessario, possono essere eseguiti tempestivamente e senza complicazioni in caso di richieste di modifica. <\/span><\/p>\n<p><span style=\"font-style: inherit; font-weight: inherit;\">Grazie alla nostra esperienza di web designer e specialisti SEO, abbiamo sviluppato diversi modelli come base per la creazione di pagine, che possono tuttavia essere personalizzate. In questo modo, garantiamo una realizzazione rapida ed efficiente del vostro sito web. Tuttavia, l&#8217;aspetto della vostra pagina \u00e8 davvero unico e non \u00e8 assolutamente un modello standard. Gi\u00e0 prima della firma del contratto, discutiamo con voi tutti i dati chiave e le scadenze necessarie. In questo modo non dovrete aspettare i testi e potrete pianificare il lancio del sito web in modo deciso e vincolante.<\/span><\/p>\n\t\t\t\t\t\t\t\t<\/div>\n\t\t\t\t<\/div>\n\t\t\t\t<div class=\"elementor-element elementor-element-3455601 elementor-widget elementor-widget-heading\" data-id=\"3455601\" data-element_type=\"widget\" data-e-type=\"widget\" data-widget_type=\"heading.default\">\n\t\t\t\t<div class=\"elementor-widget-container\">\n\t\t\t\t\t<h2 class=\"elementor-heading-title elementor-size-xl\">Il vostro successo \u00e8 il nostro obiettivo<\/h2>\t\t\t\t<\/div>\n\t\t\t\t<\/div>\n\t\t\t\t<div class=\"elementor-element elementor-element-a50e673 elementor-widget elementor-widget-text-editor\" data-id=\"a50e673\" data-element_type=\"widget\" data-e-type=\"widget\" data-widget_type=\"text-editor.default\">\n\t\t\t\t<div class=\"elementor-widget-container\">\n\t\t\t\t\t\t\t\t\t<p>Di solito ricevete da noi la prima bozza del design della vostra homepage entro pochi giorni. Possiamo anche inviarveli in forma digitale, in modo che possiate verificare l&#8217;effetto su tutti i dispositivi finali, come schermi di computer, smartphone e tablet. A questo punto potete anche testare gli strumenti interattivi come i &#8220;pulsanti di chiamata all&#8217;azione&#8221; sui vostri dispositivi finali. In questo modo, possiamo utilizzare il vostro feedback per sviluppare la soluzione migliore per voi e modificarla nuovamente se necessario.<\/p>\n\t\t\t\t\t\t\t\t<\/div>\n\t\t\t\t<\/div>\n\t\t\t\t<div class=\"elementor-element elementor-element-40b28ef elementor-widget elementor-widget-heading\" data-id=\"40b28ef\" data-element_type=\"widget\" data-e-type=\"widget\" data-widget_type=\"heading.default\">\n\t\t\t\t<div class=\"elementor-widget-container\">\n\t\t\t\t\t<h3 class=\"elementor-heading-title elementor-size-xl\">Pagine rilevanti dal punto di vista legale<\/h3>\t\t\t\t<\/div>\n\t\t\t\t<\/div>\n\t\t\t\t<div class=\"elementor-element elementor-element-8bd171b elementor-widget elementor-widget-text-editor\" data-id=\"8bd171b\" data-element_type=\"widget\" data-e-type=\"widget\" data-widget_type=\"text-editor.default\">\n\t\t\t\t<div class=\"elementor-widget-container\">\n\t\t\t\t\t\t\t\t\t<p><span style=\"font-style: inherit; font-weight: inherit;\">Per un sito web professionale, ci sono molti accorgimenti e piccole cose da considerare, che naturalmente teniamo presenti per voi e che implementiamo su richiesta. Ci\u00f2 include, ad esempio, l&#8217;inserimento dell&#8217;impronta in una forma legalmente corretta e, a seconda del tipo di contenuto, le linee guida sulla protezione dei dati. Anche le pagine di informazioni generali possono essere un&#8217;opzione importante. Oltre all&#8217;impronta, questi includono termini e condizioni generali, FAQ o pagine DSGVO. Questi ultimi includono contenuti quali una dichiarazione generale sulla protezione dei dati, riferimenti ai cookie e un relativo banner sui cookie, nonch\u00e9 informazioni sui diritti degli interessati.<\/span><\/p>\n\t\t\t\t\t\t\t\t<\/div>\n\t\t\t\t<\/div>\n\t\t\t\t<div class=\"elementor-element elementor-element-f0d0808 elementor-widget elementor-widget-heading\" data-id=\"f0d0808\" data-element_type=\"widget\" data-e-type=\"widget\" data-widget_type=\"heading.default\">\n\t\t\t\t<div class=\"elementor-widget-container\">\n\t\t\t\t\t<h3 class=\"elementor-heading-title elementor-size-xl\">Social media, servizi esterni e hosting<\/h3>\t\t\t\t<\/div>\n\t\t\t\t<\/div>\n\t\t\t\t<div class=\"elementor-element elementor-element-4ea8df6 elementor-widget elementor-widget-text-editor\" data-id=\"4ea8df6\" data-element_type=\"widget\" data-e-type=\"widget\" data-widget_type=\"text-editor.default\">\n\t\t\t\t<div class=\"elementor-widget-container\">\n\t\t\t\t\t\t\t\t\t<p><span style=\"font-style: inherit; font-weight: inherit;\">A seconda delle vostre esigenze, integriamo anche servizi esterni come Google Maps o altri link alle pagine dei servizi per i vostri potenziali clienti. Da integrazione dei canali di social media o la creazione di una newsletter potrebbero essere di vostro interesse. Comunicateci le vostre idee e i vostri desideri: le possibilit\u00e0 di implementazione sono comunque ampie e potrete beneficiare della nostra esperienza in questo settore. <\/span><\/p>\n<p>Naturalmente, ci occupiamo dell&#8217;hosting professionale del vostro sito fin dall&#8217;inizio, comprese tutte le fasi correlate, come la ricerca e la registrazione di un nome di dominio adatto e la creazione di indirizzi e-mail per il sito, se lo desiderate. Anche la crittografia SSL, ossia la connessione sicura tra il visitatore del sito e il server web, svolge un ruolo importante e viene presa molto sul serio da noi. In modo permanente e senza complicazioni, sul server web \u00e8 disponibile lo spazio di archiviazione necessario affinch\u00e9 gli strumenti del vostro sito funzionino senza problemi, anche quando il numero di visitatori \u00e8 molto elevato.<\/p>\n<p>Ci prenderemo il tempo necessario per discutere il contenuto con voi. Un vantaggio individuale e incomparabile per i vostri clienti si basa sempre sulla massima qualit\u00e0 dei contenuti. L&#8217;ottimizzazione OnSite e OnPage per quanto riguarda la SEO \u00e8 importante per noi tanto quanto la firma visiva individuale del vostro sito, poich\u00e9 solo entrambe, in combinazione, indirizzeranno il traffico desiderato al vostro sito.<\/p>\n\t\t\t\t\t\t\t\t<\/div>\n\t\t\t\t<\/div>\n\t\t\t\t<div class=\"elementor-element elementor-element-bce09c5 elementor-widget elementor-widget-heading\" data-id=\"bce09c5\" data-element_type=\"widget\" data-e-type=\"widget\" data-widget_type=\"heading.default\">\n\t\t\t\t<div class=\"elementor-widget-container\">\n\t\t\t\t\t<h3 class=\"elementor-heading-title elementor-size-xl\">Il SEO come elemento fondamentale del vostro sito<\/h3>\t\t\t\t<\/div>\n\t\t\t\t<\/div>\n\t\t\t\t<div class=\"elementor-element elementor-element-858438f elementor-widget elementor-widget-text-editor\" data-id=\"858438f\" data-element_type=\"widget\" data-e-type=\"widget\" data-widget_type=\"text-editor.default\">\n\t\t\t\t<div class=\"elementor-widget-container\">\n\t\t\t\t\t\t\t\t\t<p style=\"font-size: 16px; font-style: normal; font-weight: 400;\">I nostri specialisti conoscono bene tutti gli strumenti SEO e vi consiglieranno di conseguenza durante la consultazione. In base al successivo coordinamento e all&#8217;integrazione dei contenuti, abbiamo bisogno di circa due o tre settimane per la progettazione dell&#8217;intera pagina e possiamo apportare modifiche in qualsiasi momento, se lo desideriamo. <\/p>\n<p style=\"font-size: 16px; font-style: normal; font-weight: 400;\">I contenuti delle varie pagine web sono forniti da voi o ricevete da noi un preventivo per la stesura dei testi e l&#8217;editing delle immagini. Anche l&#8217;integrazione dei video pu\u00f2 essere un tema importante. I nostri specialisti di contenuti SEO sono tutti copywriter esperti. <\/p>\n<p style=\"font-size: 16px; font-style: normal; font-weight: 400;\">Oltre all&#8217;integrazione di parole chiave principali e secondarie, al posizionamento delle parole chiave e a varie altre tecniche di ottimizzazione SEO, ci occupiamo anche dei motivi di immagine appropriati, se non sono ancora disponibili. <span style=\"font-style: inherit; font-weight: inherit;\">Successivamente, vengono adattate le strategie SEO necessarie per il contenuto specifico. La meta descrizione per lo Snippet di Google \u00e8 un altro punto importante all&#8217;interno dei testi del contenuto della pagina. La meta descrizione, se corredata delle giuste parole chiave, agisce come una calamita e attira i clienti in modo mirato verso il vostro sito web. Siamo a vostra disposizione per dettagli come questi e per una visione d&#8217;insieme. <\/span><\/p>\n\t\t\t\t\t\t\t\t<\/div>\n\t\t\t\t<\/div>\n\t\t\t\t<div class=\"elementor-element elementor-element-3a8d39f elementor-widget elementor-widget-heading\" data-id=\"3a8d39f\" data-element_type=\"widget\" data-e-type=\"widget\" data-widget_type=\"heading.default\">\n\t\t\t\t<div class=\"elementor-widget-container\">\n\t\t\t\t\t<h4 class=\"elementor-heading-title elementor-size-xl\">Pacchetto completo per il vostro sito web<\/h4>\t\t\t\t<\/div>\n\t\t\t\t<\/div>\n\t\t\t\t<div class=\"elementor-element elementor-element-33adfec elementor-widget elementor-widget-text-editor\" data-id=\"33adfec\" data-element_type=\"widget\" data-e-type=\"widget\" data-widget_type=\"text-editor.default\">\n\t\t\t\t<div class=\"elementor-widget-container\">\n\t\t\t\t\t\t\t\t\t<p style=\"font-size: 16px; font-style: normal; font-weight: 400;\"><span style=\"font-style: inherit; font-weight: inherit;\">Quando tutto \u00e8 pronto dopo la creazione di tutte le pagine, compresa l&#8217;incorporazione di contenuti ed elementi interattivi, lanciamo il vostro sito. Con l&#8217;hosting e la gestione dei domini interni, ci occupiamo di tutte le attivit\u00e0 relative al sito, in modo che possiate continuare a svolgere la vostra attivit\u00e0 principale in modo rilassato. Non \u00e8 quindi necessario che l&#8217;utente si occupi della manutenzione del sito web. Se avete gi\u00e0 una pagina, non c&#8217;\u00e8 alcun problema. Per garantire che non ci siano battute d&#8217;arresto nel ranking SEO, reindirizziamo i siti web interessati al nuovo sito.<\/span><\/p>\n<p style=\"font-size: 16px; font-style: normal; font-weight: 400;\">Siete voi a decidere quali sono le idee e gli obiettivi di contenuto per la vostra homepage, tenendo conto del vostro settore e della clientela target. Vi sosteniamo dal primo incontro al lancio finale con consigli e azioni, realizziamo le vostre idee e le completiamo con il know-how appropriato, se necessario. E se nel corso del tempo doveste avere delle richieste di modifica, non c&#8217;\u00e8 problema: siamo sempre a disposizione per aiutarvi. Il vostro successo e la vostra soddisfazione sono i nostri obiettivi.<\/p>\n\t\t\t\t\t\t\t\t<\/div>\n\t\t\t\t<\/div>\n\t\t\t\t<div class=\"elementor-element elementor-element-c84a765 elementor-widget elementor-widget-button\" data-id=\"c84a765\" data-element_type=\"widget\" data-e-type=\"widget\" data-settings=\"{&quot;_animation&quot;:&quot;none&quot;}\" data-widget_type=\"button.default\">\n\t\t\t\t<div class=\"elementor-widget-container\">\n\t\t\t\t\t\t\t\t\t<div class=\"elementor-button-wrapper\">\n\t\t\t\t\t<a class=\"elementor-button elementor-button-link elementor-size-sm\" href=\"https:\/\/sinnup.com\/it\/prezzi-web\/\">\n\t\t\t\t\t\t<span class=\"elementor-button-content-wrapper\">\n\t\t\t\t\t\t\t\t\t<span class=\"elementor-button-text\">Prezzi WEB<\/span>\n\t\t\t\t\t<\/span>\n\t\t\t\t\t<\/a>\n\t\t\t\t<\/div>\n\t\t\t\t\t\t\t\t<\/div>\n\t\t\t\t<\/div>\n\t\t\t\t\t<\/div>\n\t\t<\/div>\n\t\t\t\t\t<\/div>\n\t\t<\/section>\n\t\t\t\t<\/div>\n\t\t","protected":false},"excerpt":{"rendered":"<p>Web design visivo, funzionale e strutturato. Web design visivo, funzionale e strutturato. Sito web professionale per il vostro successo in rete. Volete un sito web dal design eccellente, fatto su misura per voi e per [&hellip;]<\/p>\n","protected":false},"author":2,"featured_media":19584,"parent":0,"menu_order":0,"comment_status":"closed","ping_status":"closed","template":"","meta":{"site-sidebar-layout":"no-sidebar","site-content-layout":"page-builder","ast-site-content-layout":"default","site-content-style":"default","site-sidebar-style":"default","ast-global-header-display":"","ast-banner-title-visibility":"","ast-main-header-display":"","ast-hfb-above-header-display":"","ast-hfb-below-header-display":"","ast-hfb-mobile-header-display":"","site-post-title":"disabled","ast-breadcrumbs-content":"","ast-featured-img":"disabled","footer-sml-layout":"","ast-disable-related-posts":"","theme-transparent-header-meta":"enabled","adv-header-id-meta":"","stick-header-meta":"default","header-above-stick-meta":"","header-main-stick-meta":"","header-below-stick-meta":"","astra-migrate-meta-layouts":"default","ast-page-background-enabled":"default","ast-page-background-meta":{"desktop":{"background-color":"","background-image":"","background-repeat":"repeat","background-position":"center center","background-size":"auto","background-attachment":"scroll","background-type":"","background-media":"","overlay-type":"","overlay-color":"","overlay-opacity":"","overlay-gradient":""},"tablet":{"background-color":"","background-image":"","background-repeat":"repeat","background-position":"center center","background-size":"auto","background-attachment":"scroll","background-type":"","background-media":"","overlay-type":"","overlay-color":"","overlay-opacity":"","overlay-gradient":""},"mobile":{"background-color":"","background-image":"","background-repeat":"repeat","background-position":"center center","background-size":"auto","background-attachment":"scroll","background-type":"","background-media":"","overlay-type":"","overlay-color":"","overlay-opacity":"","overlay-gradient":""}},"ast-content-background-meta":{"desktop":{"background-color":"var(--ast-global-color-5)","background-image":"","background-repeat":"repeat","background-position":"center center","background-size":"auto","background-attachment":"scroll","background-type":"","background-media":"","overlay-type":"","overlay-color":"","overlay-opacity":"","overlay-gradient":""},"tablet":{"background-color":"var(--ast-global-color-5)","background-image":"","background-repeat":"repeat","background-position":"center center","background-size":"auto","background-attachment":"scroll","background-type":"","background-media":"","overlay-type":"","overlay-color":"","overlay-opacity":"","overlay-gradient":""},"mobile":{"background-color":"var(--ast-global-color-5)","background-image":"","background-repeat":"repeat","background-position":"center center","background-size":"auto","background-attachment":"scroll","background-type":"","background-media":"","overlay-type":"","overlay-color":"","overlay-opacity":"","overlay-gradient":""}},"footnotes":""},"class_list":["post-13826","page","type-page","status-publish","has-post-thumbnail","hentry"],"_links":{"self":[{"href":"https:\/\/sinnup.com\/it\/wp-json\/wp\/v2\/pages\/13826","targetHints":{"allow":["GET"]}}],"collection":[{"href":"https:\/\/sinnup.com\/it\/wp-json\/wp\/v2\/pages"}],"about":[{"href":"https:\/\/sinnup.com\/it\/wp-json\/wp\/v2\/types\/page"}],"author":[{"embeddable":true,"href":"https:\/\/sinnup.com\/it\/wp-json\/wp\/v2\/users\/2"}],"replies":[{"embeddable":true,"href":"https:\/\/sinnup.com\/it\/wp-json\/wp\/v2\/comments?post=13826"}],"version-history":[{"count":2,"href":"https:\/\/sinnup.com\/it\/wp-json\/wp\/v2\/pages\/13826\/revisions"}],"predecessor-version":[{"id":31491,"href":"https:\/\/sinnup.com\/it\/wp-json\/wp\/v2\/pages\/13826\/revisions\/31491"}],"wp:featuredmedia":[{"embeddable":true,"href":"https:\/\/sinnup.com\/it\/wp-json\/wp\/v2\/media\/19584"}],"wp:attachment":[{"href":"https:\/\/sinnup.com\/it\/wp-json\/wp\/v2\/media?parent=13826"}],"curies":[{"name":"wp","href":"https:\/\/api.w.org\/{rel}","templated":true}]}}