{"id":29079,"date":"2023-04-11T19:49:52","date_gmt":"2023-04-11T17:49:52","guid":{"rendered":"https:\/\/sinnup.com\/contratto-di-licenza-dellapp\/"},"modified":"2025-03-19T09:31:18","modified_gmt":"2025-03-19T08:31:18","slug":"contratto-di-licenza-dellapp","status":"publish","type":"page","link":"https:\/\/sinnup.com\/it\/contratto-di-licenza-dellapp\/","title":{"rendered":"contratto di licenza dell&#8217;app"},"content":{"rendered":"\t\t<div data-elementor-type=\"wp-page\" data-elementor-id=\"29079\" class=\"elementor elementor-29079 elementor-28852\" data-elementor-post-type=\"page\">\n\t\t\t\t\t\t<section class=\"elementor-section elementor-top-section elementor-element elementor-element-2d11ca5f elementor-section-height-min-height elementor-hidden-desktop elementor-hidden-tablet elementor-section-boxed elementor-section-height-default elementor-section-items-middle\" data-id=\"2d11ca5f\" data-element_type=\"section\" data-e-type=\"section\" data-settings=\"{&quot;background_background&quot;:&quot;gradient&quot;}\">\n\t\t\t\t\t\t<div class=\"elementor-container elementor-column-gap-default\">\n\t\t\t\t\t<div class=\"elementor-column elementor-col-100 elementor-top-column elementor-element elementor-element-56964695\" data-id=\"56964695\" data-element_type=\"column\" data-e-type=\"column\">\n\t\t\t<div class=\"elementor-widget-wrap\">\n\t\t\t\t\t\t\t<\/div>\n\t\t<\/div>\n\t\t\t\t\t<\/div>\n\t\t<\/section>\n\t\t\t\t<section class=\"elementor-section elementor-top-section elementor-element elementor-element-f0678a0 elementor-section-height-min-height elementor-section-boxed elementor-section-height-default elementor-section-items-middle\" data-id=\"f0678a0\" data-element_type=\"section\" data-e-type=\"section\" data-settings=\"{&quot;background_background&quot;:&quot;gradient&quot;}\">\n\t\t\t\t\t\t<div class=\"elementor-container elementor-column-gap-default\">\n\t\t\t\t\t<div class=\"elementor-column elementor-col-100 elementor-top-column elementor-element elementor-element-29d744c\" data-id=\"29d744c\" data-element_type=\"column\" data-e-type=\"column\">\n\t\t\t<div class=\"elementor-widget-wrap elementor-element-populated\">\n\t\t\t\t\t\t<div class=\"elementor-element elementor-element-dd39938 elementor-widget elementor-widget-heading\" data-id=\"dd39938\" data-element_type=\"widget\" data-e-type=\"widget\" data-widget_type=\"heading.default\">\n\t\t\t\t<div class=\"elementor-widget-container\">\n\t\t\t\t\t<h1 class=\"elementor-heading-title elementor-size-xxl\">Utente finale - Contratto di licenza<\/h1>\t\t\t\t<\/div>\n\t\t\t\t<\/div>\n\t\t\t\t<div class=\"elementor-element elementor-element-d34a645 elementor-widget elementor-widget-spacer\" data-id=\"d34a645\" data-element_type=\"widget\" data-e-type=\"widget\" data-widget_type=\"spacer.default\">\n\t\t\t\t<div class=\"elementor-widget-container\">\n\t\t\t\t\t\t\t<div class=\"elementor-spacer\">\n\t\t\t<div class=\"elementor-spacer-inner\"><\/div>\n\t\t<\/div>\n\t\t\t\t\t\t<\/div>\n\t\t\t\t<\/div>\n\t\t\t\t<div class=\"elementor-element elementor-element-8fbb12d elementor-widget elementor-widget-text-editor\" data-id=\"8fbb12d\" data-element_type=\"widget\" data-e-type=\"widget\" data-widget_type=\"text-editor.default\">\n\t\t\t\t<div class=\"elementor-widget-container\">\n\t\t\t\t\t\t\t\t\t<p>IMPORTANTE: Il presente Contratto di licenza d&#8217;uso del software \u00e8 un accordo vincolante tra l&#8217;utente finale ed ebets GmbH in merito all&#8217;utilizzo del software oggetto del presente contratto, che comprende SINNApp e la documentazione allegata (insieme \u201cSOFTWARE\u201d). Installando, copiando o utilizzando in altro modo il SOFTWARE, l&#8217;utente accetta di essere vincolato dai termini del presente contratto di licenza.<\/p>\n<p><strong>Contratto di licenza con l&#8217;utente finale<\/strong><\/p>\n<p>IL PRESENTE SOFTWARE \u00c8 DI PROPRIET\u00c0 DI ebets GmbH (di seguito \u201cebets GmbH\u201d), TUTTI I DIRITTI RISERVATI.<\/p>\n<p>IN NESSUN CASO QUESTO SOFTWARE POTRA&#8217; ESSERE SOTTOPOSTO A UNA LICENZA OPEN-SOURCE DI QUALSIASI TIPO SENZA L&#8217;ESPRESSA AUTORIZZAZIONE SCRITTA DI ebets GmbH.<\/p>\n<ol>\n<li>Il SOFTWARE fornito da ebets GmbH \u00e8 destinato esclusivamente a un uso personale, non esclusivo e non trasferibile. Avete il diritto di:<\/li>\n<\/ol>\n<p>&#8211; installare tutti i componenti del SOFTWARE su un unico dispositivo<\/p>\n<p>&#8211; per effettuare copie di backup del SOFTWARE<\/p>\n<p>&#8211; per installare e utilizzare il SOFTWARE<\/p>\n<ol start=\"2\">\n<li>Nel caso in cui ebets GmbH fornisca un aggiornamento del SOFTWARE, l&#8217;utente non potr\u00e0 pi\u00f9 utilizzare versioni precedenti del software dopo 90 giorni dalla ricezione dell&#8217;aggiornamento. Tuttavia, ci\u00f2 non obbliga ebets GmbH a fornire un aggiornamento del SOFTWARE. <\/li>\n<\/ol>\n<ol start=\"3\">\n<li>Utilizzando il SOFTWARE, l&#8217;utente accetta che ebets GmbH non ha fornito alcuna garanzia esplicita all&#8217;utente in merito al SOFTWARE e che esso viene fornito \u201ccos\u00ec com&#8217;\u00e8\u201d senza garanzie di alcun tipo.<\/li>\n<\/ol>\n<p>ebets GmbH declina espressamente tutte le garanzie espresse o implicite relative al software, come ad esempio le garanzie di idoneit\u00e0 per uno scopo particolare, di qualit\u00e0 della soddisfazione e di non violazione.<\/p>\n<p>Alcuni stati\/giurisdizioni non consentono l&#8217;esclusione di garanzie implicite, pertanto queste limitazioni potrebbero essere nulle nel vostro caso.<\/p>\n<ol start=\"4\">\n<li>LIMITAZIONE DI RESPONSABILIT\u00c0:<\/li>\n<\/ol>\n<p>ebets GmbH NON sar\u00e0 responsabile per qualsiasi perdita dovuta a perdita d&#8217;uso o per danni diretti, indiretti, speciali, incidentali o consequenziali (compresi i mancati profitti), sia per contratto, che per torto (ad esempio, negligenza), responsabilit\u00e0 oggettiva del prodotto, ecc, anche se l&#8217;utente \u00e8 stato avvisato della possibilit\u00e0 di tali danni.<\/p>\n<ol start=\"5\">\n<li>UTILIZZO:<\/li>\n<\/ol>\n<p>Questo software viene fornito solo per l&#8217;uso da parte dell&#8217;utente finale e qualsiasi ulteriore copia, modifica, reverse engineering, decompilazione, riproduzione o ridistribuzione di questo pacchetto o di qualsiasi sua parte \u00e8 espressamente vietata. L&#8217;uso commerciale \u00e8 consentito solo con un contratto di licenza valido con ebets GmbH. Non garantiamo che le funzioni contenute soddisfino le vostre esigenze o che il funzionamento sia ininterrotto o privo di errori. Non sono ottimizzati in termini di velocit\u00e0 o di dimensioni. L&#8217;intero rischio in relazione ai risultati e alle prestazioni dell&#8217;utilizzo \u00e8 assunto dall&#8217;utente.<\/p>\n<ol start=\"6\">\n<li>Utilizzo di cookie e tracciamento<\/li>\n<\/ol>\n<p>Questo software pu\u00f2 utilizzare cookie innovativi e tecnologie di tracciamento all&#8217;avanguardia a seconda delle funzionalit\u00e0 offerte. Questo tipo di tecnologia \u00e8 utile per raccogliere informazioni come il tipo di client e il sistema operativo, tracciare il numero di utenti che utilizzano il software e capire come gli utenti interagiscono con il software. I dati personali non vengono raccolti attraverso i cookie e altri tipi di tecnologie di tracciamento. Le informazioni aggregate sui cookie e sul tracciamento non vengono mai trasmesse a terzi.<\/p>\n\t\t\t\t\t\t\t\t<\/div>\n\t\t\t\t<\/div>\n\t\t\t\t<div class=\"elementor-element elementor-element-bc86d6e elementor-widget-divider--view-line elementor-widget elementor-widget-divider\" data-id=\"bc86d6e\" data-element_type=\"widget\" data-e-type=\"widget\" data-widget_type=\"divider.default\">\n\t\t\t\t<div class=\"elementor-widget-container\">\n\t\t\t\t\t\t\t<div class=\"elementor-divider\">\n\t\t\t<span class=\"elementor-divider-separator\">\n\t\t\t\t\t\t<\/span>\n\t\t<\/div>\n\t\t\t\t\t\t<\/div>\n\t\t\t\t<\/div>\n\t\t\t\t<div class=\"elementor-element elementor-element-4faef94 elementor-widget elementor-widget-spacer\" data-id=\"4faef94\" data-element_type=\"widget\" data-e-type=\"widget\" data-widget_type=\"spacer.default\">\n\t\t\t\t<div class=\"elementor-widget-container\">\n\t\t\t\t\t\t\t<div class=\"elementor-spacer\">\n\t\t\t<div class=\"elementor-spacer-inner\"><\/div>\n\t\t<\/div>\n\t\t\t\t\t\t<\/div>\n\t\t\t\t<\/div>\n\t\t\t\t\t<\/div>\n\t\t<\/div>\n\t\t\t\t\t<\/div>\n\t\t<\/section>\n\t\t\t\t<\/div>\n\t\t","protected":false},"excerpt":{"rendered":"<p>Utente finale &#8211; Contratto di licenza IMPORTANTE: Il presente Contratto di licenza d&#8217;uso del software \u00e8 un accordo vincolante tra l&#8217;utente finale ed ebets GmbH in merito all&#8217;utilizzo del software oggetto del presente contratto, che [&hellip;]<\/p>\n","protected":false},"author":2,"featured_media":0,"parent":0,"menu_order":0,"comment_status":"closed","ping_status":"closed","template":"","meta":{"site-sidebar-layout":"no-sidebar","site-content-layout":"page-builder","ast-site-content-layout":"default","site-content-style":"default","site-sidebar-style":"default","ast-global-header-display":"","ast-banner-title-visibility":"","ast-main-header-display":"","ast-hfb-above-header-display":"","ast-hfb-below-header-display":"","ast-hfb-mobile-header-display":"","site-post-title":"disabled","ast-breadcrumbs-content":"","ast-featured-img":"disabled","footer-sml-layout":"","ast-disable-related-posts":"","theme-transparent-header-meta":"enabled","adv-header-id-meta":"","stick-header-meta":"default","header-above-stick-meta":"","header-main-stick-meta":"","header-below-stick-meta":"","astra-migrate-meta-layouts":"default","ast-page-background-enabled":"default","ast-page-background-meta":{"desktop":{"background-color":"","background-image":"","background-repeat":"repeat","background-position":"center center","background-size":"auto","background-attachment":"scroll","background-type":"","background-media":"","overlay-type":"","overlay-color":"","overlay-opacity":"","overlay-gradient":""},"tablet":{"background-color":"","background-image":"","background-repeat":"repeat","background-position":"center center","background-size":"auto","background-attachment":"scroll","background-type":"","background-media":"","overlay-type":"","overlay-color":"","overlay-opacity":"","overlay-gradient":""},"mobile":{"background-color":"","background-image":"","background-repeat":"repeat","background-position":"center center","background-size":"auto","background-attachment":"scroll","background-type":"","background-media":"","overlay-type":"","overlay-color":"","overlay-opacity":"","overlay-gradient":""}},"ast-content-background-meta":{"desktop":{"background-color":"var(--ast-global-color-5)","background-image":"","background-repeat":"repeat","background-position":"center center","background-size":"auto","background-attachment":"scroll","background-type":"","background-media":"","overlay-type":"","overlay-color":"","overlay-opacity":"","overlay-gradient":""},"tablet":{"background-color":"var(--ast-global-color-5)","background-image":"","background-repeat":"repeat","background-position":"center center","background-size":"auto","background-attachment":"scroll","background-type":"","background-media":"","overlay-type":"","overlay-color":"","overlay-opacity":"","overlay-gradient":""},"mobile":{"background-color":"var(--ast-global-color-5)","background-image":"","background-repeat":"repeat","background-position":"center center","background-size":"auto","background-attachment":"scroll","background-type":"","background-media":"","overlay-type":"","overlay-color":"","overlay-opacity":"","overlay-gradient":""}},"footnotes":""},"class_list":["post-29079","page","type-page","status-publish","hentry"],"_links":{"self":[{"href":"https:\/\/sinnup.com\/it\/wp-json\/wp\/v2\/pages\/29079","targetHints":{"allow":["GET"]}}],"collection":[{"href":"https:\/\/sinnup.com\/it\/wp-json\/wp\/v2\/pages"}],"about":[{"href":"https:\/\/sinnup.com\/it\/wp-json\/wp\/v2\/types\/page"}],"author":[{"embeddable":true,"href":"https:\/\/sinnup.com\/it\/wp-json\/wp\/v2\/users\/2"}],"replies":[{"embeddable":true,"href":"https:\/\/sinnup.com\/it\/wp-json\/wp\/v2\/comments?post=29079"}],"version-history":[{"count":2,"href":"https:\/\/sinnup.com\/it\/wp-json\/wp\/v2\/pages\/29079\/revisions"}],"predecessor-version":[{"id":32012,"href":"https:\/\/sinnup.com\/it\/wp-json\/wp\/v2\/pages\/29079\/revisions\/32012"}],"wp:attachment":[{"href":"https:\/\/sinnup.com\/it\/wp-json\/wp\/v2\/media?parent=29079"}],"curies":[{"name":"wp","href":"https:\/\/api.w.org\/{rel}","templated":true}]}}