{"id":31827,"date":"2025-02-05T09:59:07","date_gmt":"2025-02-05T08:59:07","guid":{"rendered":"https:\/\/sinnup.com\/accessibilita\/"},"modified":"2025-02-05T11:32:07","modified_gmt":"2025-02-05T10:32:07","slug":"accessibilita","status":"publish","type":"page","link":"https:\/\/sinnup.com\/it\/accessibilita\/","title":{"rendered":"Accessibilit\u00e0"},"content":{"rendered":"\t\t<div data-elementor-type=\"wp-page\" data-elementor-id=\"31827\" class=\"elementor elementor-31827 elementor-31814\" data-elementor-post-type=\"page\">\n\t\t\t\t\t\t<section class=\"elementor-section elementor-top-section elementor-element elementor-element-569ac551 elementor-section-height-min-height elementor-hidden-desktop elementor-hidden-tablet elementor-section-boxed elementor-section-height-default elementor-section-items-middle\" data-id=\"569ac551\" data-element_type=\"section\" data-e-type=\"section\" data-settings=\"{&quot;background_background&quot;:&quot;gradient&quot;}\">\n\t\t\t\t\t\t<div class=\"elementor-container elementor-column-gap-default\">\n\t\t\t\t\t<div class=\"elementor-column elementor-col-100 elementor-top-column elementor-element elementor-element-1e18d4cc\" data-id=\"1e18d4cc\" data-element_type=\"column\" data-e-type=\"column\">\n\t\t\t<div class=\"elementor-widget-wrap\">\n\t\t\t\t\t\t\t<\/div>\n\t\t<\/div>\n\t\t\t\t\t<\/div>\n\t\t<\/section>\n\t\t\t\t<section class=\"elementor-section elementor-top-section elementor-element elementor-element-8f6c949 elementor-section-height-min-height elementor-section-boxed elementor-section-height-default elementor-section-items-middle\" data-id=\"8f6c949\" data-element_type=\"section\" data-e-type=\"section\" data-settings=\"{&quot;background_background&quot;:&quot;gradient&quot;}\">\n\t\t\t\t\t\t<div class=\"elementor-container elementor-column-gap-default\">\n\t\t\t\t\t<div class=\"elementor-column elementor-col-100 elementor-top-column elementor-element elementor-element-37ca4ab\" data-id=\"37ca4ab\" data-element_type=\"column\" data-e-type=\"column\">\n\t\t\t<div class=\"elementor-widget-wrap elementor-element-populated\">\n\t\t\t\t\t\t<div class=\"elementor-element elementor-element-ec70421 elementor-widget elementor-widget-heading\" data-id=\"ec70421\" data-element_type=\"widget\" data-e-type=\"widget\" data-widget_type=\"heading.default\">\n\t\t\t\t<div class=\"elementor-widget-container\">\n\t\t\t\t\t<h1 class=\"elementor-heading-title elementor-size-xxl\">Accessibilit\u00e0<\/h1>\t\t\t\t<\/div>\n\t\t\t\t<\/div>\n\t\t\t\t<div class=\"elementor-element elementor-element-1f8d4dc elementor-widget elementor-widget-spacer\" data-id=\"1f8d4dc\" data-element_type=\"widget\" data-e-type=\"widget\" data-widget_type=\"spacer.default\">\n\t\t\t\t<div class=\"elementor-widget-container\">\n\t\t\t\t\t\t\t<div class=\"elementor-spacer\">\n\t\t\t<div class=\"elementor-spacer-inner\"><\/div>\n\t\t<\/div>\n\t\t\t\t\t\t<\/div>\n\t\t\t\t<\/div>\n\t\t\t\t<div class=\"elementor-element elementor-element-3914f87 elementor-widget elementor-widget-text-editor\" data-id=\"3914f87\" data-element_type=\"widget\" data-e-type=\"widget\" data-widget_type=\"text-editor.default\">\n\t\t\t\t<div class=\"elementor-widget-container\">\n\t\t\t\t\t\t\t\t\t<h1><b style=\"font-size: 16px; font-style: inherit;\"><span style=\"vertical-align: inherit;\">Dichiarazione sull&#8217;accessibilit\u00e0:<\/span><\/b><\/h1>\n<div id=\"content-modules-8026bd2d9bf3d57bd4d747a98c045edd\" class=\"content-modules\">\n<div id=\"module-cm_rtf_default\" class=\"module module-cm_rtf first-child last-child\">\n<div class=\"rtf\">\n<p align=\"justify\"><span style=\"vertical-align: inherit;\">ebets GmbH si impegna a rendere accessibili i propri siti web in conformit\u00e0 con la legge sull&#8217;accessibilit\u00e0 del web (Gazzetta Ufficiale Federale I n. 59\/2019).<\/span><\/p>\n<p align=\"justify\"><span style=\"vertical-align: inherit;\">Questa dichiarazione di accessibilit\u00e0 si applica a tutti i siti web da noi gestiti, se non diversamente specificato.<\/span><\/p>\n<p align=\"justify\"><span style=\"vertical-align: inherit;\"> <\/span><\/p>\n<p align=\"justify\"><b><span style=\"vertical-align: inherit;\">Stato di compatibilit\u00e0 con i requisiti:<\/span><\/b><\/p>\n<p><span style=\"vertical-align: inherit;\">ebets GmbH si impegna a rendere il proprio sito web il pi\u00f9 accessibile possibile ed \u00e8 guidata dalle linee guida per l&#8217;accessibilit\u00e0 dei contenuti web 2.1 (WCAG 2.1) WAI \/ W3C.<\/span><\/p>\n<p align=\"justify\"><span style=\"vertical-align: inherit;\">Ci impegniamo a migliorare costantemente l&#8217;accessibilit\u00e0 dei documenti PDF. L&#8217;accesso senza barriere al contenuto di tutti i documenti PDF non \u00e8 ancora completamente possibile con i mezzi attualmente disponibili. Ti invitiamo a segnalarci eventuali difficolt\u00e0.  <\/span><\/p>\n<p align=\"justify\"><span style=\"vertical-align: inherit;\"> <\/span><\/p>\n<p align=\"justify\"><b><span style=\"vertical-align: inherit;\">Preparazione della presente dichiarazione di accessibilit\u00e0:<\/span><\/b><\/p>\n<p align=\"justify\"><span style=\"vertical-align: inherit;\">Questa dichiarazione \u00e8 stata creata il 04 febbraio 2025.<\/span><\/p>\n<p align=\"justify\"><span style=\"vertical-align: inherit;\"> <\/span><\/p>\n<p align=\"justify\"><b><span style=\"vertical-align: inherit;\">Feedback e contatti:<\/span><\/b><\/p>\n<p align=\"justify\"><span style=\"vertical-align: inherit;\">Le offerte e i servizi di questo sito web vengono costantemente migliorati, scambiati e ampliati. La facilit\u00e0 d&#8217;uso e l&#8217;accessibilit\u00e0 sono molto importanti per noi. <\/span><\/p>\n<p align=\"justify\"><span style=\"vertical-align: inherit;\">Vogliamo che il nostro sito web sia completamente accessibile a tutti gli utenti, indipendentemente dalle loro limitazioni o capacit\u00e0 tecniche. Se desideri segnalare eventuali carenze in materia di accessibilit\u00e0, puoi farlo all&#8217;indirizzo   <\/span><a class=\"wga-urltype-int\" href=\"https:\/\/www.ebets.at\/kontakt\/\" target=\"_blank\" rel=\"noopener\"><span style=\"vertical-align: inherit;\">Modulo di contatto<\/span><\/a><span style=\"vertical-align: inherit;\">  utilizzo. Ci occuperemo della tua richiesta internamente e adotteremo le misure necessarie. <\/span><\/p>\n<p align=\"justify\"><span style=\"vertical-align: inherit;\"> <\/span><\/p>\n<p><b><span style=\"vertical-align: inherit;\">Procedura di applicazione \/ ufficio reclami:<\/span><\/b><\/p>\n<p align=\"justify\"><span style=\"vertical-align: inherit;\">Se non ricevi una risposta soddisfacente da questa opzione di contatto, puoi presentare un reclamo all&#8217;Agenzia austriaca per la promozione della ricerca (FFG). L&#8217;FFG accetta reclami per via elettronica tramite il modulo di contatto. <\/span><\/p>\n<p><a class=\"wga-urltype-exturl\" href=\"https:\/\/www.ffg.at\/form\/kontaktformular-beschwerdestelle\" target=\"_blank\" rel=\"noopener\" data-wga-urlinfo=\"exturl|https:\/\/www.ffg.at\/form\/kontaktformular-beschwerdestelle\"><span style=\"vertical-align: inherit;\">Modulo di contatto dell&#8217;ufficio reclami<\/span><\/a><\/p>\n<p><span style=\"vertical-align: inherit;\">Questi reclami vengono esaminati dal FFG per determinare se si riferiscono a violazioni delle disposizioni della Legge sull&#8217;accessibilit\u00e0 del web, in particolare a carenze nel rispetto dei requisiti di accessibilit\u00e0, da parte del governo federale o di un&#8217;organizzazione ad esso riconducibile.<\/span><\/p>\n<p><span style=\"vertical-align: inherit;\">Se il reclamo \u00e8 giustificato, il FFG deve formulare raccomandazioni per l&#8217;azione al governo federale o alle entit\u00e0 legali interessate e proporre misure per rimediare alle carenze esistenti.<\/span><\/p>\n<p><a class=\"wga-urltype-exturl\" href=\"https:\/\/www.ffg.at\/barrierefreiheit\/beschwerdestelle\" target=\"_blank\" rel=\"noopener\" data-wga-urlinfo=\"exturl|https:\/\/www.ffg.at\/barrierefreiheit\/beschwerdestelle\"><span style=\"vertical-align: inherit;\">Ulteriori informazioni sulla procedura di reclamo<\/span><\/a><\/p>\n<\/div>\n<\/div>\n<\/div>\n\t\t\t\t\t\t\t\t<\/div>\n\t\t\t\t<\/div>\n\t\t\t\t<div class=\"elementor-element elementor-element-73f7256 elementor-widget elementor-widget-spacer\" data-id=\"73f7256\" data-element_type=\"widget\" data-e-type=\"widget\" data-widget_type=\"spacer.default\">\n\t\t\t\t<div class=\"elementor-widget-container\">\n\t\t\t\t\t\t\t<div class=\"elementor-spacer\">\n\t\t\t<div class=\"elementor-spacer-inner\"><\/div>\n\t\t<\/div>\n\t\t\t\t\t\t<\/div>\n\t\t\t\t<\/div>\n\t\t\t\t\t<\/div>\n\t\t<\/div>\n\t\t\t\t\t<\/div>\n\t\t<\/section>\n\t\t\t\t<\/div>\n\t\t","protected":false},"excerpt":{"rendered":"<p>Accessibilit\u00e0 Dichiarazione sull&#8217;accessibilit\u00e0: ebets GmbH si impegna a rendere accessibili i propri siti web in conformit\u00e0 con la legge sull&#8217;accessibilit\u00e0 del web (Gazzetta Ufficiale Federale I n. 59\/2019). Questa dichiarazione di accessibilit\u00e0 si applica a [&hellip;]<\/p>\n","protected":false},"author":11,"featured_media":31847,"parent":0,"menu_order":0,"comment_status":"closed","ping_status":"closed","template":"","meta":{"site-sidebar-layout":"no-sidebar","site-content-layout":"page-builder","ast-site-content-layout":"full-width-container","site-content-style":"unboxed","site-sidebar-style":"unboxed","ast-global-header-display":"","ast-banner-title-visibility":"","ast-main-header-display":"","ast-hfb-above-header-display":"","ast-hfb-below-header-display":"","ast-hfb-mobile-header-display":"","site-post-title":"disabled","ast-breadcrumbs-content":"","ast-featured-img":"disabled","footer-sml-layout":"","ast-disable-related-posts":"","theme-transparent-header-meta":"enabled","adv-header-id-meta":"","stick-header-meta":"default","header-above-stick-meta":"","header-main-stick-meta":"","header-below-stick-meta":"","astra-migrate-meta-layouts":"set","ast-page-background-enabled":"default","ast-page-background-meta":{"desktop":{"background-color":"","background-image":"","background-repeat":"repeat","background-position":"center center","background-size":"auto","background-attachment":"scroll","background-type":"","background-media":"","overlay-type":"","overlay-color":"","overlay-opacity":"","overlay-gradient":""},"tablet":{"background-color":"","background-image":"","background-repeat":"repeat","background-position":"center center","background-size":"auto","background-attachment":"scroll","background-type":"","background-media":"","overlay-type":"","overlay-color":"","overlay-opacity":"","overlay-gradient":""},"mobile":{"background-color":"","background-image":"","background-repeat":"repeat","background-position":"center center","background-size":"auto","background-attachment":"scroll","background-type":"","background-media":"","overlay-type":"","overlay-color":"","overlay-opacity":"","overlay-gradient":""}},"ast-content-background-meta":{"desktop":{"background-color":"var(--ast-global-color-5)","background-image":"","background-repeat":"repeat","background-position":"center center","background-size":"auto","background-attachment":"scroll","background-type":"","background-media":"","overlay-type":"","overlay-color":"","overlay-opacity":"","overlay-gradient":""},"tablet":{"background-color":"var(--ast-global-color-5)","background-image":"","background-repeat":"repeat","background-position":"center center","background-size":"auto","background-attachment":"scroll","background-type":"","background-media":"","overlay-type":"","overlay-color":"","overlay-opacity":"","overlay-gradient":""},"mobile":{"background-color":"var(--ast-global-color-5)","background-image":"","background-repeat":"repeat","background-position":"center center","background-size":"auto","background-attachment":"scroll","background-type":"","background-media":"","overlay-type":"","overlay-color":"","overlay-opacity":"","overlay-gradient":""}},"footnotes":""},"class_list":["post-31827","page","type-page","status-publish","has-post-thumbnail","hentry"],"_links":{"self":[{"href":"https:\/\/sinnup.com\/it\/wp-json\/wp\/v2\/pages\/31827","targetHints":{"allow":["GET"]}}],"collection":[{"href":"https:\/\/sinnup.com\/it\/wp-json\/wp\/v2\/pages"}],"about":[{"href":"https:\/\/sinnup.com\/it\/wp-json\/wp\/v2\/types\/page"}],"author":[{"embeddable":true,"href":"https:\/\/sinnup.com\/it\/wp-json\/wp\/v2\/users\/11"}],"replies":[{"embeddable":true,"href":"https:\/\/sinnup.com\/it\/wp-json\/wp\/v2\/comments?post=31827"}],"version-history":[{"count":2,"href":"https:\/\/sinnup.com\/it\/wp-json\/wp\/v2\/pages\/31827\/revisions"}],"predecessor-version":[{"id":31840,"href":"https:\/\/sinnup.com\/it\/wp-json\/wp\/v2\/pages\/31827\/revisions\/31840"}],"wp:featuredmedia":[{"embeddable":true,"href":"https:\/\/sinnup.com\/it\/wp-json\/wp\/v2\/media\/31847"}],"wp:attachment":[{"href":"https:\/\/sinnup.com\/it\/wp-json\/wp\/v2\/media?parent=31827"}],"curies":[{"name":"wp","href":"https:\/\/api.w.org\/{rel}","templated":true}]}}