{"id":13349,"date":"2022-11-15T21:26:53","date_gmt":"2022-11-15T20:26:53","guid":{"rendered":"http:\/\/sinnup.com\/seo\/"},"modified":"2024-07-10T15:22:37","modified_gmt":"2024-07-10T13:22:37","slug":"seo","status":"publish","type":"page","link":"https:\/\/sinnup.com\/nl\/seo\/","title":{"rendered":"SEO"},"content":{"rendered":"\t\t<div data-elementor-type=\"wp-page\" data-elementor-id=\"13349\" class=\"elementor elementor-13349 elementor-5099\" data-elementor-post-type=\"page\">\n\t\t\t\t\t\t<section class=\"elementor-section elementor-top-section elementor-element elementor-element-6de40d3 elementor-section-height-min-height elementor-section-full_width elementor-section-stretched elementor-hidden-mobile elementor-section-height-default elementor-section-items-middle\" data-id=\"6de40d3\" data-element_type=\"section\" data-e-type=\"section\" data-settings=\"{&quot;background_background&quot;:&quot;gradient&quot;,&quot;stretch_section&quot;:&quot;section-stretched&quot;}\">\n\t\t\t\t\t\t<div class=\"elementor-container elementor-column-gap-no\">\n\t\t\t\t\t<div class=\"elementor-column elementor-col-100 elementor-top-column elementor-element elementor-element-c02dfd4\" data-id=\"c02dfd4\" data-element_type=\"column\" data-e-type=\"column\">\n\t\t\t<div class=\"elementor-widget-wrap elementor-element-populated\">\n\t\t\t\t\t\t<div class=\"elementor-element elementor-element-6aa2a6e elementor-widget elementor-widget-image\" data-id=\"6aa2a6e\" data-element_type=\"widget\" data-e-type=\"widget\" data-widget_type=\"image.default\">\n\t\t\t\t<div class=\"elementor-widget-container\">\n\t\t\t\t\t\t\t\t\t\t\t\t\t\t\t<img fetchpriority=\"high\" decoding=\"async\" width=\"2048\" height=\"1277\" src=\"https:\/\/sinnup.com\/wp-content\/uploads\/2023\/01\/SEO-von-Sinnup-damit-machen-wir-digitales-greifbar-das-Sinnup-Team-unterstuetzt-Sie-dabei-gerne-eine-Idee-weiter-gedacht-2048x1277.png\" class=\"attachment-2048x2048 size-2048x2048 wp-image-26738\" alt=\"SEO von Sinnup - damit machen wir digitales greifbar - das Sinnup Team unterst\u00fctzt Sie dabei gerne-eine Idee weiter gedacht\" srcset=\"https:\/\/sinnup.com\/wp-content\/uploads\/2023\/01\/SEO-von-Sinnup-damit-machen-wir-digitales-greifbar-das-Sinnup-Team-unterstuetzt-Sie-dabei-gerne-eine-Idee-weiter-gedacht-2048x1277.png 2048w, https:\/\/sinnup.com\/wp-content\/uploads\/2023\/01\/SEO-von-Sinnup-damit-machen-wir-digitales-greifbar-das-Sinnup-Team-unterstuetzt-Sie-dabei-gerne-eine-Idee-weiter-gedacht-300x187.png 300w, https:\/\/sinnup.com\/wp-content\/uploads\/2023\/01\/SEO-von-Sinnup-damit-machen-wir-digitales-greifbar-das-Sinnup-Team-unterstuetzt-Sie-dabei-gerne-eine-Idee-weiter-gedacht-1024x639.png 1024w, https:\/\/sinnup.com\/wp-content\/uploads\/2023\/01\/SEO-von-Sinnup-damit-machen-wir-digitales-greifbar-das-Sinnup-Team-unterstuetzt-Sie-dabei-gerne-eine-Idee-weiter-gedacht-768x479.png 768w, https:\/\/sinnup.com\/wp-content\/uploads\/2023\/01\/SEO-von-Sinnup-damit-machen-wir-digitales-greifbar-das-Sinnup-Team-unterstuetzt-Sie-dabei-gerne-eine-Idee-weiter-gedacht-1536x958.png 1536w, https:\/\/sinnup.com\/wp-content\/uploads\/2023\/01\/SEO-von-Sinnup-damit-machen-wir-digitales-greifbar-das-Sinnup-Team-unterstuetzt-Sie-dabei-gerne-eine-Idee-weiter-gedacht-600x374.png 600w\" sizes=\"(max-width: 2048px) 100vw, 2048px\" \/>\t\t\t\t\t\t\t\t\t\t\t\t\t\t\t<\/div>\n\t\t\t\t<\/div>\n\t\t\t\t<div class=\"elementor-element elementor-element-b1f8845 elementor-hidden-mobile elementor-widget elementor-widget-heading\" data-id=\"b1f8845\" data-element_type=\"widget\" data-e-type=\"widget\" data-widget_type=\"heading.default\">\n\t\t\t\t<div class=\"elementor-widget-container\">\n\t\t\t\t\t<h1 class=\"elementor-heading-title elementor-size-xl\">SEO - uw perfecte onpage optimalisatie.<\/h1>\t\t\t\t<\/div>\n\t\t\t\t<\/div>\n\t\t\t\t\t<\/div>\n\t\t<\/div>\n\t\t\t\t\t<\/div>\n\t\t<\/section>\n\t\t\t\t<section class=\"elementor-section elementor-top-section elementor-element elementor-element-c753f48 elementor-section-height-min-height elementor-hidden-desktop elementor-hidden-tablet elementor-section-boxed elementor-section-height-default elementor-section-items-middle\" data-id=\"c753f48\" data-element_type=\"section\" data-e-type=\"section\" data-settings=\"{&quot;background_background&quot;:&quot;gradient&quot;}\">\n\t\t\t\t\t\t<div class=\"elementor-container elementor-column-gap-default\">\n\t\t\t\t\t<div class=\"elementor-column elementor-col-100 elementor-top-column elementor-element elementor-element-f66e9ed\" data-id=\"f66e9ed\" data-element_type=\"column\" data-e-type=\"column\">\n\t\t\t<div class=\"elementor-widget-wrap\">\n\t\t\t\t\t\t\t<\/div>\n\t\t<\/div>\n\t\t\t\t\t<\/div>\n\t\t<\/section>\n\t\t\t\t<section class=\"elementor-section elementor-top-section elementor-element elementor-element-5edeb13 elementor-section-full_width elementor-section-height-min-height elementor-section-items-top elementor-hidden-desktop elementor-hidden-tablet elementor-section-stretched elementor-section-height-default\" data-id=\"5edeb13\" data-element_type=\"section\" data-e-type=\"section\" data-settings=\"{&quot;background_background&quot;:&quot;classic&quot;,&quot;stretch_section&quot;:&quot;section-stretched&quot;}\">\n\t\t\t\t\t\t<div class=\"elementor-container elementor-column-gap-no\">\n\t\t\t\t\t<div class=\"elementor-column elementor-col-100 elementor-top-column elementor-element elementor-element-e6a6e76\" data-id=\"e6a6e76\" data-element_type=\"column\" data-e-type=\"column\">\n\t\t\t<div class=\"elementor-widget-wrap\">\n\t\t\t\t\t\t\t<\/div>\n\t\t<\/div>\n\t\t\t\t\t<\/div>\n\t\t<\/section>\n\t\t\t\t<section class=\"elementor-section elementor-top-section elementor-element elementor-element-2e02333 elementor-section-boxed elementor-section-height-default elementor-section-height-default\" data-id=\"2e02333\" data-element_type=\"section\" data-e-type=\"section\" data-settings=\"{&quot;background_background&quot;:&quot;classic&quot;}\">\n\t\t\t\t\t\t<div class=\"elementor-container elementor-column-gap-default\">\n\t\t\t\t\t<div class=\"elementor-column elementor-col-100 elementor-top-column elementor-element elementor-element-12b5a82\" data-id=\"12b5a82\" data-element_type=\"column\" data-e-type=\"column\">\n\t\t\t<div class=\"elementor-widget-wrap elementor-element-populated\">\n\t\t\t\t\t\t<div class=\"elementor-element elementor-element-7dab1fb elementor-hidden-desktop elementor-hidden-tablet elementor-widget elementor-widget-heading\" data-id=\"7dab1fb\" data-element_type=\"widget\" data-e-type=\"widget\" data-widget_type=\"heading.default\">\n\t\t\t\t<div class=\"elementor-widget-container\">\n\t\t\t\t\t<p class=\"elementor-heading-title elementor-size-xl\">SEO - uw perfecte onpage optimalisatie.<\/p>\t\t\t\t<\/div>\n\t\t\t\t<\/div>\n\t\t\t\t\t<\/div>\n\t\t<\/div>\n\t\t\t\t\t<\/div>\n\t\t<\/section>\n\t\t\t\t<section class=\"elementor-section elementor-top-section elementor-element elementor-element-a24b7e6 elementor-section-boxed elementor-section-height-default elementor-section-height-default\" data-id=\"a24b7e6\" data-element_type=\"section\" data-e-type=\"section\" data-settings=\"{&quot;background_background&quot;:&quot;classic&quot;}\">\n\t\t\t\t\t\t<div class=\"elementor-container elementor-column-gap-default\">\n\t\t\t\t\t<div class=\"elementor-column elementor-col-100 elementor-top-column elementor-element elementor-element-8f8a5e3\" data-id=\"8f8a5e3\" data-element_type=\"column\" data-e-type=\"column\">\n\t\t\t<div class=\"elementor-widget-wrap elementor-element-populated\">\n\t\t\t\t\t\t<div class=\"elementor-element elementor-element-e8d6e87 elementor-widget elementor-widget-heading\" data-id=\"e8d6e87\" data-element_type=\"widget\" data-e-type=\"widget\" data-widget_type=\"heading.default\">\n\t\t\t\t<div class=\"elementor-widget-container\">\n\t\t\t\t\t<h2 class=\"elementor-heading-title elementor-size-xl\">De beste SEO-strategie voor uw bedrijf<\/h2>\t\t\t\t<\/div>\n\t\t\t\t<\/div>\n\t\t\t\t<div class=\"elementor-element elementor-element-6cfdf0b elementor-widget elementor-widget-spacer\" data-id=\"6cfdf0b\" data-element_type=\"widget\" data-e-type=\"widget\" data-widget_type=\"spacer.default\">\n\t\t\t\t<div class=\"elementor-widget-container\">\n\t\t\t\t\t\t\t<div class=\"elementor-spacer\">\n\t\t\t<div class=\"elementor-spacer-inner\"><\/div>\n\t\t<\/div>\n\t\t\t\t\t\t<\/div>\n\t\t\t\t<\/div>\n\t\t\t\t<div class=\"elementor-element elementor-element-3ae7d1f elementor-widget elementor-widget-heading\" data-id=\"3ae7d1f\" data-element_type=\"widget\" data-e-type=\"widget\" data-widget_type=\"heading.default\">\n\t\t\t\t<div class=\"elementor-widget-container\">\n\t\t\t\t\t<h3 class=\"elementor-heading-title elementor-size-large\">1. zoekmachineoptimalisatie<\/h3>\t\t\t\t<\/div>\n\t\t\t\t<\/div>\n\t\t\t\t<div class=\"elementor-element elementor-element-4254dd1 elementor-widget elementor-widget-text-editor\" data-id=\"4254dd1\" data-element_type=\"widget\" data-e-type=\"widget\" data-widget_type=\"text-editor.default\">\n\t\t\t\t<div class=\"elementor-widget-container\">\n\t\t\t\t\t\t\t\t\t<p>On-page optimalisatie is een belangrijk onderdeel van zoekmachineoptimalisatie (SEO). Het optimaliseren van uw eigen website kan uw kansen vergroten om hoog in de zoekresultaten van zoekmachines zoals Google te verschijnen.<\/p>\n\t\t\t\t\t\t\t\t<\/div>\n\t\t\t\t<\/div>\n\t\t\t\t<div class=\"elementor-element elementor-element-f074187 elementor-widget elementor-widget-heading\" data-id=\"f074187\" data-element_type=\"widget\" data-e-type=\"widget\" data-widget_type=\"heading.default\">\n\t\t\t\t<div class=\"elementor-widget-container\">\n\t\t\t\t\t<h3 class=\"elementor-heading-title elementor-size-large\">2. betere gebruikerservaring<\/h3>\t\t\t\t<\/div>\n\t\t\t\t<\/div>\n\t\t\t\t<div class=\"elementor-element elementor-element-dff0f31 elementor-widget elementor-widget-text-editor\" data-id=\"dff0f31\" data-element_type=\"widget\" data-e-type=\"widget\" data-widget_type=\"text-editor.default\">\n\t\t\t\t<div class=\"elementor-widget-container\">\n\t\t\t\t\t\t\t\t\t<p>Een goed geoptimaliseerde website met duidelijke navigatie-elementen, snelle laadtijden en leesbaar tekstontwerp heeft een positief effect op de gebruikerservaring. Gebruikers blijven langer op de website en bezoeken meestal meerdere pagina&#8217;s.<\/p>\n\t\t\t\t\t\t\t\t<\/div>\n\t\t\t\t<\/div>\n\t\t\t\t<div class=\"elementor-element elementor-element-8d53b6d elementor-widget elementor-widget-heading\" data-id=\"8d53b6d\" data-element_type=\"widget\" data-e-type=\"widget\" data-widget_type=\"heading.default\">\n\t\t\t\t<div class=\"elementor-widget-container\">\n\t\t\t\t\t<h3 class=\"elementor-heading-title elementor-size-large\">3. inhoud is gemakkelijker te vinden<\/h3>\t\t\t\t<\/div>\n\t\t\t\t<\/div>\n\t\t\t\t<div class=\"elementor-element elementor-element-433f1e2 elementor-widget elementor-widget-text-editor\" data-id=\"433f1e2\" data-element_type=\"widget\" data-e-type=\"widget\" data-widget_type=\"text-editor.default\">\n\t\t\t\t<div class=\"elementor-widget-container\">\n\t\t\t\t\t\t\t\t\t<p>Een heldere paginastructuur, geoptimaliseerde koppen en betekenisvolle URL&#8217;s maken het zoekmachines en gebruikers gemakkelijker om relevante inhoud op de website te vinden.<\/p>\n\t\t\t\t\t\t\t\t<\/div>\n\t\t\t\t<\/div>\n\t\t\t\t<div class=\"elementor-element elementor-element-8b548dd elementor-widget elementor-widget-heading\" data-id=\"8b548dd\" data-element_type=\"widget\" data-e-type=\"widget\" data-widget_type=\"heading.default\">\n\t\t\t\t<div class=\"elementor-widget-container\">\n\t\t\t\t\t<h3 class=\"elementor-heading-title elementor-size-large\">4. verlaagd bouncepercentage<\/h3>\t\t\t\t<\/div>\n\t\t\t\t<\/div>\n\t\t\t\t<div class=\"elementor-element elementor-element-81b2b2c elementor-widget elementor-widget-text-editor\" data-id=\"81b2b2c\" data-element_type=\"widget\" data-e-type=\"widget\" data-widget_type=\"text-editor.default\">\n\t\t\t\t<div class=\"elementor-widget-container\">\n\t\t\t\t\t\t\t\t\t<p>Een slechte onpage-optimalisatie kan leiden tot een hoog bouncepercentage, wat je kansen om te scoren in de zoekmachines kan be\u00efnvloeden. Een goede onpage-optimalisatie zorgt voor een betere gebruiksvriendelijkheid en een lager bouncepercentage.<\/p>\n\t\t\t\t\t\t\t\t<\/div>\n\t\t\t\t<\/div>\n\t\t\t\t<div class=\"elementor-element elementor-element-f8ed557 elementor-widget elementor-widget-heading\" data-id=\"f8ed557\" data-element_type=\"widget\" data-e-type=\"widget\" data-widget_type=\"heading.default\">\n\t\t\t\t<div class=\"elementor-widget-container\">\n\t\t\t\t\t<h3 class=\"elementor-heading-title elementor-size-large\">5. concurrentievermogen<\/h3>\t\t\t\t<\/div>\n\t\t\t\t<\/div>\n\t\t\t\t<div class=\"elementor-element elementor-element-10b4a32 elementor-widget elementor-widget-text-editor\" data-id=\"10b4a32\" data-element_type=\"widget\" data-e-type=\"widget\" data-widget_type=\"text-editor.default\">\n\t\t\t\t<div class=\"elementor-widget-container\">\n\t\t\t\t\t\t\t\t\t<p>Als je eigen website goed is geoptimaliseerd, kan deze zich beter onderscheiden van concurrenten. Een grotere zichtbaarheid in de zoekmachines kan het vertrouwen van de gebruiker vergroten en uiteindelijk leiden tot meer conversies.<\/p>\n\t\t\t\t\t\t\t\t<\/div>\n\t\t\t\t<\/div>\n\t\t\t\t<div class=\"elementor-element elementor-element-ffae4e1 elementor-widget elementor-widget-spacer\" data-id=\"ffae4e1\" data-element_type=\"widget\" data-e-type=\"widget\" data-widget_type=\"spacer.default\">\n\t\t\t\t<div class=\"elementor-widget-container\">\n\t\t\t\t\t\t\t<div class=\"elementor-spacer\">\n\t\t\t<div class=\"elementor-spacer-inner\"><\/div>\n\t\t<\/div>\n\t\t\t\t\t\t<\/div>\n\t\t\t\t<\/div>\n\t\t\t\t<div class=\"elementor-element elementor-element-1a2e669 elementor-widget elementor-widget-text-editor\" data-id=\"1a2e669\" data-element_type=\"widget\" data-e-type=\"widget\" data-widget_type=\"text-editor.default\">\n\t\t\t\t<div class=\"elementor-widget-container\">\n\t\t\t\t\t\t\t\t\t<p><span style=\"font-size: 12pt;\">Wilt u uw website naar een verkeersrecord brengen? Wilt u dat uw verkeer uw site permanent en gemakkelijk bezoekt? Dan bent u bij ons in de allerbeste handen. Wij zijn gespecialiseerd in SEO-Onpage en besteden al bij het aanmaken van uw pagina aandacht aan een SEO-geoptimaliseerde paginastructuur.<\/span><\/p>\n\t\t\t\t\t\t\t\t<\/div>\n\t\t\t\t<\/div>\n\t\t\t\t<div class=\"elementor-element elementor-element-7871db8 elementor-widget elementor-widget-text-editor\" data-id=\"7871db8\" data-element_type=\"widget\" data-e-type=\"widget\" data-widget_type=\"text-editor.default\">\n\t\t\t\t<div class=\"elementor-widget-container\">\n\t\t\t\t\t\t\t\t\t<p>Zoals u ongetwijfeld weet, houdt een goede SEO-strategie veel meer in dan alleen hier en daar de gewenste trefwoorden te gebruiken. Onze strategie voor uw site is dus altijd op maat gemaakt en aangepast aan de individuele behoeften van uw klanten. Om u zo goed mogelijk te helpen, analyseren we eerst uw site en zoeken we de beste oplossing voor zowel OnSite als Onpage optimalisatie.<\/p>\n\t\t\t\t\t\t\t\t<\/div>\n\t\t\t\t<\/div>\n\t\t\t\t<div class=\"elementor-element elementor-element-a97cdbb elementor-widget elementor-widget-spacer\" data-id=\"a97cdbb\" data-element_type=\"widget\" data-e-type=\"widget\" data-widget_type=\"spacer.default\">\n\t\t\t\t<div class=\"elementor-widget-container\">\n\t\t\t\t\t\t\t<div class=\"elementor-spacer\">\n\t\t\t<div class=\"elementor-spacer-inner\"><\/div>\n\t\t<\/div>\n\t\t\t\t\t\t<\/div>\n\t\t\t\t<\/div>\n\t\t\t\t<div class=\"elementor-element elementor-element-8d062e4 elementor-widget elementor-widget-heading\" data-id=\"8d062e4\" data-element_type=\"widget\" data-e-type=\"widget\" data-widget_type=\"heading.default\">\n\t\t\t\t<div class=\"elementor-widget-container\">\n\t\t\t\t\t<h2 class=\"elementor-heading-title elementor-size-xl\">De beste SEO-strategie voor uw bedrijf<\/h2>\t\t\t\t<\/div>\n\t\t\t\t<\/div>\n\t\t\t\t<div class=\"elementor-element elementor-element-458a1bb elementor-widget elementor-widget-text-editor\" data-id=\"458a1bb\" data-element_type=\"widget\" data-e-type=\"widget\" data-widget_type=\"text-editor.default\">\n\t\t\t\t<div class=\"elementor-widget-container\">\n\t\t\t\t\t\t\t\t\t<p>OnSite-optimalisatie richt zich op de algemene SEO-strategie van uw website, terwijl Onpage-oplossingen individuele URL&#8217;s, d.w.z. pagina&#8217;s, uitzoeken en verbeteren. Maar altijd geldt: het totaalconcept moet coherent zijn en bij u en uw klanten passen.<\/p>\n<p>Het belangrijkste principe is: als uw inhoud van hoge kwaliteit is en echt van nut is voor klanten, hebt u al een enorm voordeel behaald.<\/p>\n<p>Vervolgens worden de strategie\u00ebn effectief die het verkeer via de zoekmachine permanent naar uw site leiden en daar ook zo lang mogelijk houden. Dit omvat onder meer de juiste plaatsing van het hoofdzoekwoord en het secundaire zoekwoord, die de ranking op Google moeten bepalen. De regel is: veel helpt niet altijd veel. Ook hier gaat het om een verstandige integratie op de strategisch beste plaatsen, bijvoorbeeld in H1 en H2. Een integratie in de URL&#8217;s biedt ook voordelen.<\/p>\n\t\t\t\t\t\t\t\t<\/div>\n\t\t\t\t<\/div>\n\t\t\t\t<div class=\"elementor-element elementor-element-f4f56ba elementor-widget elementor-widget-text-editor\" data-id=\"f4f56ba\" data-element_type=\"widget\" data-e-type=\"widget\" data-widget_type=\"text-editor.default\">\n\t\t\t\t<div class=\"elementor-widget-container\">\n\t\t\t\t\t\t\t\t\t<p>Een blik op de vorige toppositie van uw trefwoorden in de zoekmachine laat ook zien welke verwachtingen uw potenti\u00eble klanten met bepaalde trefwoorden associ\u00ebren. U kunt dit gebruiken als leidraad om meer te weten te komen over uw potenti\u00eble nieuwe klanten. Naast de kwaliteit van de inhoud speelt ook de Google Snippet, d.w.z. het gedeelte dat klanten via Google over de website te weten komen, een belangrijke rol. Als de meta description die hier verschijnt uitstekend is geformuleerd qua toon en vorm, werkt hij als een aantrekkelijke reclame voor uw website.<\/p>\n\n<p>Dat brengt het volgende onderwerp ter sprake: foto&#8217;s en video&#8217;s. Ook hier zijn zowel kwaliteit als plaatsing van het grootste belang voor de beste SEO onpage optimalisatie. Om het best mogelijke resultaat voor uw site te bereiken, staan wij aan uw zijde om uw inhoud te perfectioneren met betrekking tot de SEO-vereisten.<\/p>\t\t\t\t\t\t\t\t<\/div>\n\t\t\t\t<\/div>\n\t\t\t\t<div class=\"elementor-element elementor-element-f192164 elementor-widget elementor-widget-spacer\" data-id=\"f192164\" data-element_type=\"widget\" data-e-type=\"widget\" data-widget_type=\"spacer.default\">\n\t\t\t\t<div class=\"elementor-widget-container\">\n\t\t\t\t\t\t\t<div class=\"elementor-spacer\">\n\t\t\t<div class=\"elementor-spacer-inner\"><\/div>\n\t\t<\/div>\n\t\t\t\t\t\t<\/div>\n\t\t\t\t<\/div>\n\t\t\t\t<div class=\"elementor-element elementor-element-c8267a3 elementor-widget elementor-widget-button\" data-id=\"c8267a3\" data-element_type=\"widget\" data-e-type=\"widget\" data-widget_type=\"button.default\">\n\t\t\t\t<div class=\"elementor-widget-container\">\n\t\t\t\t\t\t\t\t\t<div class=\"elementor-button-wrapper\">\n\t\t\t\t\t<a class=\"elementor-button elementor-button-link elementor-size-sm\" href=\"https:\/\/sinnup.com\/nl\/seo-prijzen\/\">\n\t\t\t\t\t\t<span class=\"elementor-button-content-wrapper\">\n\t\t\t\t\t\t\t\t\t<span class=\"elementor-button-text\">SEO PRIJZEN<\/span>\n\t\t\t\t\t<\/span>\n\t\t\t\t\t<\/a>\n\t\t\t\t<\/div>\n\t\t\t\t\t\t\t\t<\/div>\n\t\t\t\t<\/div>\n\t\t\t\t<div class=\"elementor-element elementor-element-9efbfd1 elementor-widget elementor-widget-spacer\" data-id=\"9efbfd1\" data-element_type=\"widget\" data-e-type=\"widget\" data-widget_type=\"spacer.default\">\n\t\t\t\t<div class=\"elementor-widget-container\">\n\t\t\t\t\t\t\t<div class=\"elementor-spacer\">\n\t\t\t<div class=\"elementor-spacer-inner\"><\/div>\n\t\t<\/div>\n\t\t\t\t\t\t<\/div>\n\t\t\t\t<\/div>\n\t\t\t\t\t<\/div>\n\t\t<\/div>\n\t\t\t\t\t<\/div>\n\t\t<\/section>\n\t\t\t\t<\/div>\n\t\t","protected":false},"excerpt":{"rendered":"<p>SEO &#8211; uw perfecte onpage optimalisatie. SEO &#8211; uw perfecte onpage optimalisatie. De beste SEO-strategie voor uw bedrijf 1. zoekmachineoptimalisatie On-page optimalisatie is een belangrijk onderdeel van zoekmachineoptimalisatie (SEO). Het optimaliseren van uw eigen website [&hellip;]<\/p>\n","protected":false},"author":2,"featured_media":19478,"parent":0,"menu_order":0,"comment_status":"closed","ping_status":"closed","template":"","meta":{"site-sidebar-layout":"no-sidebar","site-content-layout":"page-builder","ast-site-content-layout":"default","site-content-style":"default","site-sidebar-style":"default","ast-global-header-display":"","ast-banner-title-visibility":"","ast-main-header-display":"","ast-hfb-above-header-display":"","ast-hfb-below-header-display":"","ast-hfb-mobile-header-display":"","site-post-title":"disabled","ast-breadcrumbs-content":"","ast-featured-img":"disabled","footer-sml-layout":"","ast-disable-related-posts":"","theme-transparent-header-meta":"enabled","adv-header-id-meta":"","stick-header-meta":"default","header-above-stick-meta":"","header-main-stick-meta":"","header-below-stick-meta":"","astra-migrate-meta-layouts":"default","ast-page-background-enabled":"default","ast-page-background-meta":{"desktop":{"background-color":"","background-image":"","background-repeat":"repeat","background-position":"center center","background-size":"auto","background-attachment":"scroll","background-type":"","background-media":"","overlay-type":"","overlay-color":"","overlay-opacity":"","overlay-gradient":""},"tablet":{"background-color":"","background-image":"","background-repeat":"repeat","background-position":"center center","background-size":"auto","background-attachment":"scroll","background-type":"","background-media":"","overlay-type":"","overlay-color":"","overlay-opacity":"","overlay-gradient":""},"mobile":{"background-color":"","background-image":"","background-repeat":"repeat","background-position":"center center","background-size":"auto","background-attachment":"scroll","background-type":"","background-media":"","overlay-type":"","overlay-color":"","overlay-opacity":"","overlay-gradient":""}},"ast-content-background-meta":{"desktop":{"background-color":"var(--ast-global-color-5)","background-image":"","background-repeat":"repeat","background-position":"center center","background-size":"auto","background-attachment":"scroll","background-type":"","background-media":"","overlay-type":"","overlay-color":"","overlay-opacity":"","overlay-gradient":""},"tablet":{"background-color":"var(--ast-global-color-5)","background-image":"","background-repeat":"repeat","background-position":"center center","background-size":"auto","background-attachment":"scroll","background-type":"","background-media":"","overlay-type":"","overlay-color":"","overlay-opacity":"","overlay-gradient":""},"mobile":{"background-color":"var(--ast-global-color-5)","background-image":"","background-repeat":"repeat","background-position":"center center","background-size":"auto","background-attachment":"scroll","background-type":"","background-media":"","overlay-type":"","overlay-color":"","overlay-opacity":"","overlay-gradient":""}},"footnotes":""},"class_list":["post-13349","page","type-page","status-publish","has-post-thumbnail","hentry"],"_links":{"self":[{"href":"https:\/\/sinnup.com\/nl\/wp-json\/wp\/v2\/pages\/13349","targetHints":{"allow":["GET"]}}],"collection":[{"href":"https:\/\/sinnup.com\/nl\/wp-json\/wp\/v2\/pages"}],"about":[{"href":"https:\/\/sinnup.com\/nl\/wp-json\/wp\/v2\/types\/page"}],"author":[{"embeddable":true,"href":"https:\/\/sinnup.com\/nl\/wp-json\/wp\/v2\/users\/2"}],"replies":[{"embeddable":true,"href":"https:\/\/sinnup.com\/nl\/wp-json\/wp\/v2\/comments?post=13349"}],"version-history":[{"count":3,"href":"https:\/\/sinnup.com\/nl\/wp-json\/wp\/v2\/pages\/13349\/revisions"}],"predecessor-version":[{"id":31459,"href":"https:\/\/sinnup.com\/nl\/wp-json\/wp\/v2\/pages\/13349\/revisions\/31459"}],"wp:featuredmedia":[{"embeddable":true,"href":"https:\/\/sinnup.com\/nl\/wp-json\/wp\/v2\/media\/19478"}],"wp:attachment":[{"href":"https:\/\/sinnup.com\/nl\/wp-json\/wp\/v2\/media?parent=13349"}],"curies":[{"name":"wp","href":"https:\/\/api.w.org\/{rel}","templated":true}]}}